{"id":165,"date":"2024-02-28T15:42:54","date_gmt":"2024-02-28T15:42:54","guid":{"rendered":"https:\/\/startersites.io\/blocksy\/pottery\/?post_type=product&#038;p=165"},"modified":"2025-12-01T08:01:42","modified_gmt":"2025-12-01T08:01:42","slug":"fdj01l-laser-japanese-style-tribrach","status":"publish","type":"product","link":"https:\/\/mountlaser.com\/sq\/produkt\/fdj01l-laser-japanese-style-tribrach\/","title":{"rendered":"FDJ01L LASER Tribrach n\u00eb stilin japonez"},"content":{"rendered":"<p>Prezantimi i <a href=\"https:\/\/mountlaser.com\/sq\/\">Montimi i Lazerit FDJ01L<\/a>, nj\u00eb p\u00ebrshtat\u00ebs revolucionar i tribrakut me precizion t\u00eb lart\u00eb q\u00eb integron teknologjin\u00eb e p\u00ebrparuar t\u00eb plummet\u00ebs me lazer. Ky produkt vendos nj\u00eb standard t\u00eb ri si nj\u00eb Tribrak Optik Japonez, duke kombinuar cil\u00ebsin\u00eb e respektuar t\u00eb inxhinieris\u00eb japoneze me sakt\u00ebsin\u00eb moderne t\u00eb lazerit.<\/p>\n<p><img fetchpriority=\"high\" decoding=\"async\" class=\"wp-image-2141 aligncenter\" src=\"https:\/\/mountlaser.com\/wp-content\/uploads\/2024\/02\/1.webp\" alt=\"high precision tribrach adapter \" width=\"500\" height=\"500\" srcset=\"https:\/\/mountlaser.com\/wp-content\/uploads\/2024\/02\/1.webp 1000w, https:\/\/mountlaser.com\/wp-content\/uploads\/2024\/02\/1-300x300.webp 300w, https:\/\/mountlaser.com\/wp-content\/uploads\/2024\/02\/1-400x400.webp 400w, https:\/\/mountlaser.com\/wp-content\/uploads\/2024\/02\/1-800x800.webp 800w, https:\/\/mountlaser.com\/wp-content\/uploads\/2024\/02\/1-600x600.webp 600w, https:\/\/mountlaser.com\/wp-content\/uploads\/2024\/02\/1-150x150.webp 150w, https:\/\/mountlaser.com\/wp-content\/uploads\/2024\/02\/1-768x768.webp 768w, https:\/\/mountlaser.com\/wp-content\/uploads\/2024\/02\/1-12x12.webp 12w\" sizes=\"(max-width: 500px) 100vw, 500px\" \/><\/p>\n<p>I\/E\/T\u00eb\/T\u00eb <a href=\"https:\/\/mountlaser.com\/sq\/kategori-produkti\/surveying-accessory\/\"><strong>FDJ01L<\/strong><\/a> \u00cbsht\u00eb projektuar p\u00ebr gjeodet\u00ebt q\u00eb k\u00ebrkojn\u00eb konfigurimin m\u00eb t\u00eb shpejt\u00eb dhe m\u00eb t\u00eb sakt\u00eb n\u00eb kushte t\u00eb ndryshme ndri\u00e7imi.<\/p>\n<p>Si nj\u00eb Tribrak Optik Japonez superior, ai ofron leht\u00ebsi p\u00ebrdorimi t\u00eb pakrahasueshme. Zgjidhni nga e Verdha, Gri ose e Zeza p\u00ebr menaxhimin e pajisjeve. P\u00ebr nj\u00eb baz\u00eb optimale, kjo <a href=\"https:\/\/mountlaser.com\/sq\/contact-us\/\"><strong>p\u00ebrshtat\u00ebs tribraku me precizion t\u00eb lart\u00eb<\/strong><\/a> Ofron performanc\u00eb q\u00eb tejkalon pritjet, duke e b\u00ebr\u00eb at\u00eb zgjedhjen p\u00ebrfundimtare p\u00ebr profesionist\u00ebt.<\/p>","protected":false},"excerpt":{"rendered":"<ul>\n<li>Plummet i Integruar me Lazer: Ofron nj\u00eb pik\u00eb shum\u00eb t\u00eb dukshme dhe t\u00eb sakt\u00eb p\u00ebr qend\u00ebrzim t\u00eb shpejt\u00eb, dit\u00ebn ose nat\u00ebn.<\/li>\n<li>Sakt\u00ebsi e Jasht\u00ebzakonshme: I projektuar si nj\u00eb p\u00ebrshtat\u00ebs i v\u00ebrtet\u00eb tribraku me precizion t\u00eb lart\u00eb p\u00ebr t\u00eb siguruar qend\u00ebrzim t\u00eb p\u00ebrsosur t\u00eb detyruar p\u00ebr stacionin tuaj total.<\/li>\n<\/ul>","protected":false},"featured_media":2142,"comment_status":"open","ping_status":"closed","template":"","meta":[],"product_brand":[],"product_cat":[79,99],"product_tag":[],"class_list":{"0":"post-165","1":"product","2":"type-product","3":"status-publish","4":"has-post-thumbnail","6":"product_cat-surveying-accessory","7":"product_cat-japanese-style-tribrach","9":"first","10":"instock","11":"shipping-taxable","12":"product-type-simple"},"_links":{"self":[{"href":"https:\/\/mountlaser.com\/sq\/wp-json\/wp\/v2\/product\/165","targetHints":{"allow":["GET"]}}],"collection":[{"href":"https:\/\/mountlaser.com\/sq\/wp-json\/wp\/v2\/product"}],"about":[{"href":"https:\/\/mountlaser.com\/sq\/wp-json\/wp\/v2\/types\/product"}],"replies":[{"embeddable":true,"href":"https:\/\/mountlaser.com\/sq\/wp-json\/wp\/v2\/comments?post=165"}],"wp:featuredmedia":[{"embeddable":true,"href":"https:\/\/mountlaser.com\/sq\/wp-json\/wp\/v2\/media\/2142"}],"wp:attachment":[{"href":"https:\/\/mountlaser.com\/sq\/wp-json\/wp\/v2\/media?parent=165"}],"wp:term":[{"taxonomy":"product_brand","embeddable":true,"href":"https:\/\/mountlaser.com\/sq\/wp-json\/wp\/v2\/product_brand?post=165"},{"taxonomy":"product_cat","embeddable":true,"href":"https:\/\/mountlaser.com\/sq\/wp-json\/wp\/v2\/product_cat?post=165"},{"taxonomy":"product_tag","embeddable":true,"href":"https:\/\/mountlaser.com\/sq\/wp-json\/wp\/v2\/product_tag?post=165"}],"curies":[{"name":"wp","href":"https:\/\/api.w.org\/{rel}","templated":true}]}}