{"id":1599,"date":"2024-03-20T16:36:27","date_gmt":"2024-03-20T16:36:27","guid":{"rendered":"https:\/\/startersites.io\/blocksy\/pottery\/?post_type=product&#038;p=408"},"modified":"2025-12-01T06:57:05","modified_gmt":"2025-12-01T06:57:05","slug":"fdc01dg-japanese-style-tribrach-carrier-2","status":"publish","type":"product","link":"https:\/\/mountlaser.com\/sq\/produkt\/fdc01dg-japanese-style-tribrach-carrier-2\/","title":{"rendered":"FDC01DG Mbajt\u00ebse Tribrake n\u00eb Stilin Japonez"},"content":{"rendered":"<p>P\u00ebrmir\u00ebsoni konfigurimin tuaj t\u00eb matjeve me <a href=\"https:\/\/mountlaser.com\/sq\/kategori-produkti\/surveying-accessory\/\"><strong>Montimi i Lazerit FDJ01<\/strong><\/a>, nj\u00eb tribrah premium n\u00eb stilin japonez n\u00eb shitje q\u00eb mish\u00ebron inxhinierin\u00eb precize. Ky model \u00ebsht\u00eb projektuar p\u00ebr profesionist\u00eb q\u00eb k\u00ebrkojn\u00eb besueshm\u00ebri pa kompleksitetin e nj\u00eb plumbi optik.<\/p>\n<p>I nd\u00ebrtuar sipas standardeve t\u00eb sakta t\u00eb dizajnit japonez, FDJ01 ofron stabilitet dhe q\u00ebndrueshm\u00ebri t\u00eb jasht\u00ebzakonshme p\u00ebr p\u00ebrdorim me stacione totale dhe instrumente t\u00eb tjera t\u00eb matjes. N\u00ebse jeni duke k\u00ebrkuar p\u00ebr nj\u00eb cil\u00ebsi t\u00eb lart\u00eb<a href=\"https:\/\/mountlaser.com\/sq\/about-us\/\"> <strong>Tribrak n\u00eb stil japonez p\u00ebr shitje<\/strong><\/a>, FDJ01 ofron nj\u00eb ekuilib\u00ebr t\u00eb jasht\u00ebzakonsh\u00ebm t\u00eb performanc\u00ebs dhe vler\u00ebs.<\/p>\n<p><img fetchpriority=\"high\" decoding=\"async\" class=\"wp-image-2130 aligncenter\" src=\"https:\/\/mountlaser.com\/wp-content\/uploads\/2025\/09\/5-1.webp\" alt=\"Japanese style tribrach\u00a0for sale\" width=\"500\" height=\"500\" srcset=\"https:\/\/mountlaser.com\/wp-content\/uploads\/2025\/09\/5-1.webp 1000w, https:\/\/mountlaser.com\/wp-content\/uploads\/2025\/09\/5-1-300x300.webp 300w, https:\/\/mountlaser.com\/wp-content\/uploads\/2025\/09\/5-1-400x400.webp 400w, https:\/\/mountlaser.com\/wp-content\/uploads\/2025\/09\/5-1-800x800.webp 800w, https:\/\/mountlaser.com\/wp-content\/uploads\/2025\/09\/5-1-600x600.webp 600w, https:\/\/mountlaser.com\/wp-content\/uploads\/2025\/09\/5-1-150x150.webp 150w, https:\/\/mountlaser.com\/wp-content\/uploads\/2025\/09\/5-1-768x768.webp 768w, https:\/\/mountlaser.com\/wp-content\/uploads\/2025\/09\/5-1-12x12.webp 12w\" sizes=\"(max-width: 500px) 100vw, 500px\" \/><\/p>\n<p>Zgjidhni nga e verdha, gri ose e zeza p\u00ebr t\u00eb koduar ngjyrat e pajisjeve tuaja. Eksploroni p\u00ebrzgjedhjen ton\u00eb t\u00eb k\u00ebtij modeli t\u00eb fuqish\u00ebm. <a href=\"https:\/\/mountlaser.com\/sq\/contact-us\/\">Tribrak n\u00eb stilin japonez<\/a> n\u00eb shitje sot.<\/p>","protected":false},"excerpt":{"rendered":"<ul>\n<li>Tribrak n\u00eb stil japonez p\u00ebr shitje<\/li>\n<li>Dizajn me precizion t\u00eb lart\u00eb: Siguron qend\u00ebrzim t\u00eb detyruar t\u00eb sakt\u00eb dhe t\u00eb besuesh\u00ebm p\u00ebr instrumentet tuaja t\u00eb matjes, duke minimizuar gabimet.<\/li>\n<li>Pa r\u00ebnie optike (FDJ01): Thjeshton procesin e konfigurimit, duke ofruar nj\u00eb zgjidhje t\u00eb fuqishme dhe me kosto efektive p\u00ebr vende t\u00eb ndryshme pune.<\/li>\n<\/ul>","protected":false},"featured_media":2129,"comment_status":"open","ping_status":"closed","template":"","meta":[],"product_brand":[],"product_cat":[99,79],"product_tag":[],"class_list":{"0":"post-1599","1":"product","2":"type-product","3":"status-publish","4":"has-post-thumbnail","6":"product_cat-japanese-style-tribrach","7":"product_cat-surveying-accessory","9":"first","10":"instock","11":"shipping-taxable","12":"product-type-simple"},"_links":{"self":[{"href":"https:\/\/mountlaser.com\/sq\/wp-json\/wp\/v2\/product\/1599","targetHints":{"allow":["GET"]}}],"collection":[{"href":"https:\/\/mountlaser.com\/sq\/wp-json\/wp\/v2\/product"}],"about":[{"href":"https:\/\/mountlaser.com\/sq\/wp-json\/wp\/v2\/types\/product"}],"replies":[{"embeddable":true,"href":"https:\/\/mountlaser.com\/sq\/wp-json\/wp\/v2\/comments?post=1599"}],"wp:featuredmedia":[{"embeddable":true,"href":"https:\/\/mountlaser.com\/sq\/wp-json\/wp\/v2\/media\/2129"}],"wp:attachment":[{"href":"https:\/\/mountlaser.com\/sq\/wp-json\/wp\/v2\/media?parent=1599"}],"wp:term":[{"taxonomy":"product_brand","embeddable":true,"href":"https:\/\/mountlaser.com\/sq\/wp-json\/wp\/v2\/product_brand?post=1599"},{"taxonomy":"product_cat","embeddable":true,"href":"https:\/\/mountlaser.com\/sq\/wp-json\/wp\/v2\/product_cat?post=1599"},{"taxonomy":"product_tag","embeddable":true,"href":"https:\/\/mountlaser.com\/sq\/wp-json\/wp\/v2\/product_tag?post=1599"}],"curies":[{"name":"wp","href":"https:\/\/api.w.org\/{rel}","templated":true}]}}