{"id":1596,"date":"2024-12-06T08:59:37","date_gmt":"2024-12-06T08:59:37","guid":{"rendered":"https:\/\/startersites.io\/elementor\/pottery\/?page_id=3"},"modified":"2025-12-30T09:05:34","modified_gmt":"2025-12-30T09:05:34","slug":"privacy-policy","status":"publish","type":"page","link":"https:\/\/mountlaser.com\/sq\/privacy-policy\/","title":{"rendered":"Politika e Privat\u00ebsis\u00eb"},"content":{"rendered":"<h2 class=\"wp-block-heading\">Politika e Privat\u00ebsis\u00eb<\/h2>\n\n\n\n<p>Mount Laser operon k\u00ebt\u00eb dyqan dhe faqen e internetit, duke p\u00ebrfshir\u00eb t\u00eb gjitha informacionet, p\u00ebrmbajtjen, ve\u00e7orit\u00eb, mjetet, produktet dhe sh\u00ebrbimet p\u00ebrkat\u00ebse, me q\u00ebllim q\u00eb t&#039;ju ofroj\u00eb juve, klientit, nj\u00eb p\u00ebrvoj\u00eb blerjeje t\u00eb kuruar (&quot;Sh\u00ebrbimet&quot;).<\/p>\n\n\n\n<p>Kjo Politik\u00eb Privat\u00ebsie p\u00ebrshkruan se si ne mbledhim, p\u00ebrdorim dhe zbulojm\u00eb informacionin tuaj personal kur ju vizitoni, p\u00ebrdorni ose kryeni nj\u00eb blerje ose transaksion tjet\u00ebr duke p\u00ebrdorur Sh\u00ebrbimet ose komunikoni me ne n\u00eb ndonj\u00eb m\u00ebnyr\u00eb tjet\u00ebr. N\u00ebse ka nj\u00eb konflikt midis Kushteve tona t\u00eb Sh\u00ebrbimit dhe k\u00ebsaj Politike Privat\u00ebsie, kjo Politik\u00eb Privat\u00ebsie kontrollon n\u00eb lidhje me mbledhjen, p\u00ebrpunimin dhe zbulimin e informacionit tuaj personal.<\/p>\n\n\n\n<p>Ju lutemi lexoni me kujdes k\u00ebt\u00eb Politik\u00eb Privat\u00ebsie. Duke p\u00ebrdorur dhe duke hyr\u00eb n\u00eb cilindo nga Sh\u00ebrbimet, ju pranoni se e keni lexuar k\u00ebt\u00eb Politik\u00eb Privat\u00ebsie dhe e kuptoni mbledhjen, p\u00ebrdorimin dhe zbulimin e informacionit tuaj si\u00e7 p\u00ebrshkruhet n\u00eb k\u00ebt\u00eb Politik\u00eb Privat\u00ebsie.<\/p>\n\n\n\n<h2 class=\"wp-block-heading\"><strong>Informacione Personale q\u00eb Mbledhim ose P\u00ebrpunojm\u00eb<\/strong><strong><\/strong><\/h2>\n\n\n\n<p>Kur p\u00ebrdorim termin &quot;informacion personal&quot;, i referohemi informacionit q\u00eb ju identifikon ose mund t\u00eb lidhet n\u00eb m\u00ebnyr\u00eb t\u00eb arsyeshme me ju ose nj\u00eb person tjet\u00ebr. Informacioni personal nuk p\u00ebrfshin informacionin q\u00eb mblidhet n\u00eb m\u00ebnyr\u00eb anonime ose q\u00eb \u00ebsht\u00eb deidentifikuar, k\u00ebshtu q\u00eb nuk mund t&#039;ju identifikoj\u00eb ose t\u00eb lidhet n\u00eb m\u00ebnyr\u00eb t\u00eb arsyeshme me ju. Ne mund t\u00eb mbledhim ose p\u00ebrpunojm\u00eb kategorit\u00eb e m\u00ebposhtme t\u00eb informacionit personal, duke p\u00ebrfshir\u00eb p\u00ebrfundimet e nxjerra nga ky informacion personal, var\u00ebsisht nga m\u00ebnyra se si bashk\u00ebveproni me Sh\u00ebrbimet, vendi ku jetoni dhe si\u00e7 lejohet ose k\u00ebrkohet nga ligji n\u00eb fuqi:<\/p>\n\n\n\n<ul class=\"wp-block-list\">\n<li><strong>Detajet e kontaktit<\/strong>&nbsp;duke p\u00ebrfshir\u00eb emrin tuaj, adres\u00ebn, adres\u00ebn e faturimit, adres\u00ebn e d\u00ebrges\u00ebs, numrin e telefonit dhe adres\u00ebn e email-it.<\/li>\n\n\n\n<li><strong>Informacion financiar<\/strong>&nbsp;duke p\u00ebrfshir\u00eb numrat e kartave t\u00eb kreditit, kartave t\u00eb debitit dhe llogarive financiare, informacionin e kart\u00ebs s\u00eb pages\u00ebs, informacionin e llogaris\u00eb financiare, detajet e transaksionit, form\u00ebn e pages\u00ebs, konfirmimin e pages\u00ebs dhe detaje t\u00eb tjera t\u00eb pages\u00ebs.<\/li>\n\n\n\n<li><strong>Informacioni i llogaris\u00eb<\/strong>&nbsp;duke p\u00ebrfshir\u00eb emrin e p\u00ebrdoruesit, fjal\u00ebkalimin, pyetjet e siguris\u00eb, preferencat dhe cil\u00ebsimet.<\/li>\n\n\n\n<li><strong>Informacion mbi transaksionin<\/strong>&nbsp;duke p\u00ebrfshir\u00eb artikujt q\u00eb shikoni, vendosni n\u00eb shport\u00eb, shtoni n\u00eb list\u00ebn tuaj t\u00eb d\u00ebshirave ose blini, ktheni, shk\u00ebmbeni ose anuloni dhe transaksionet tuaja t\u00eb kaluara.<\/li>\n\n\n\n<li><strong>Komunikimet me ne<\/strong>&nbsp;duke p\u00ebrfshir\u00eb informacionin q\u00eb p\u00ebrfshini n\u00eb komunikimet me ne, p\u00ebr shembull, kur d\u00ebrgoni nj\u00eb k\u00ebrkes\u00eb p\u00ebr mb\u00ebshtetjen e klientit.<\/li>\n\n\n\n<li><strong>Informacion mbi pajisjen<\/strong>&nbsp;duke p\u00ebrfshir\u00eb informacion n\u00eb lidhje me pajisjen, shfletuesin ose lidhjen e rrjetit tuaj, adres\u00ebn tuaj IP dhe identifikues t\u00eb tjer\u00eb unik\u00eb.<\/li>\n\n\n\n<li><strong>Informacion p\u00ebrdorimi<\/strong>&nbsp;duke p\u00ebrfshir\u00eb informacionin n\u00eb lidhje me nd\u00ebrveprimin tuaj me Sh\u00ebrbimet, duke p\u00ebrfshir\u00eb m\u00ebnyr\u00ebn dhe koh\u00ebn kur nd\u00ebrveproni me ose lundroni n\u00eb Sh\u00ebrbime.<\/li>\n<\/ul>\n\n\n\n<h2 class=\"wp-block-heading\"><strong>Burimet e Informacionit Personal<\/strong><strong><\/strong><\/h2>\n\n\n\n<p>Ne mund t\u00eb mbledhim informacione personale nga burimet e m\u00ebposhtme:<\/p>\n\n\n\n<ul class=\"wp-block-list\">\n<li><strong>Direkt nga ju<\/strong>&nbsp;duke p\u00ebrfshir\u00eb kur krijoni nj\u00eb llogari, vizitoni ose p\u00ebrdorni Sh\u00ebrbimet, komunikoni me ne ose na jepni ndryshe informacionin tuaj personal;<\/li>\n\n\n\n<li><strong>Automatikisht p\u00ebrmes Sh\u00ebrbimeve<\/strong>&nbsp;duke p\u00ebrfshir\u00eb nga pajisja juaj kur p\u00ebrdorni produktet ose sh\u00ebrbimet tona ose vizitoni faqet tona t\u00eb internetit, dhe p\u00ebrmes p\u00ebrdorimit t\u00eb cookie-ve dhe teknologjive t\u00eb ngjashme;<\/li>\n\n\n\n<li><strong>Nga ofruesit tan\u00eb t\u00eb sh\u00ebrbimeve<\/strong>&nbsp;duke p\u00ebrfshir\u00eb kur i angazhojm\u00eb ata p\u00ebr t\u00eb mund\u00ebsuar teknologji t\u00eb caktuar dhe kur ata mbledhin ose p\u00ebrpunojn\u00eb informacionin tuaj personal n\u00eb emrin ton\u00eb;<\/li>\n\n\n\n<li><strong>Nga partner\u00ebt tan\u00eb ose pal\u00eb t\u00eb treta t\u00eb tjera.<\/strong><\/li>\n<\/ul>\n\n\n\n<h2 class=\"wp-block-heading\"><strong>Si i p\u00ebrdorim t\u00eb dh\u00ebnat tuaja personale<\/strong><strong><\/strong><\/h2>\n\n\n\n<p>N\u00eb var\u00ebsi t\u00eb m\u00ebnyr\u00ebs se si bashk\u00ebveproni me ne ose se cilin nga Sh\u00ebrbimet p\u00ebrdorni, ne mund t\u00eb p\u00ebrdorim informacionin personal p\u00ebr q\u00ebllimet e m\u00ebposhtme:<\/p>\n\n\n\n<ul class=\"wp-block-list\">\n<li><strong>Ofroni, P\u00ebrshtatni dhe P\u00ebrmir\u00ebsoni Sh\u00ebrbimet.<\/strong>&nbsp;Ne p\u00ebrdorim informacionin tuaj personal p\u00ebr t&#039;ju ofruar Sh\u00ebrbimet, duke p\u00ebrfshir\u00eb p\u00ebrmbushjen e kontrat\u00ebs son\u00eb me ju, p\u00ebrpunimin e pagesave tuaja, p\u00ebrmbushjen e porosive tuaja, mbajtjen mend t\u00eb preferencave dhe artikujve q\u00eb ju interesojn\u00eb, d\u00ebrgimin e njoftimeve n\u00eb lidhje me llogarin\u00eb tuaj, p\u00ebrpunimin e blerjeve, kthimeve, shk\u00ebmbimeve ose transaksioneve t\u00eb tjera, krijimin, mir\u00ebmbajtjen dhe menaxhimin e llogaris\u00eb suaj, organizimin e d\u00ebrgesave, leht\u00ebsimin e \u00e7do kthimi dhe shk\u00ebmbimi, p\u00ebr t&#039;ju mund\u00ebsuar t\u00eb postoni vler\u00ebsime dhe p\u00ebr t\u00eb krijuar nj\u00eb p\u00ebrvoj\u00eb blerjeje t\u00eb personalizuar p\u00ebr ju, si\u00e7 \u00ebsht\u00eb rekomandimi i produkteve q\u00eb lidhen me blerjet tuaja. Kjo mund t\u00eb p\u00ebrfshij\u00eb p\u00ebrdorimin e informacionit tuaj personal p\u00ebr t\u00eb p\u00ebrshtatur dhe p\u00ebrmir\u00ebsuar m\u00eb mir\u00eb Sh\u00ebrbimet.<\/li>\n\n\n\n<li><strong>Marketingu dhe Reklamimi.<\/strong>&nbsp;Ne i p\u00ebrdorim informacionet tuaja personale p\u00ebr q\u00ebllime marketingu dhe promovuese, si\u00e7 \u00ebsht\u00eb d\u00ebrgimi i komunikimeve t\u00eb marketingut, reklamave dhe promovimit me an\u00eb t\u00eb email-it, mesazheve me tekst ose post\u00ebs, dhe p\u00ebr t&#039;ju treguar reklama online p\u00ebr produkte ose sh\u00ebrbime n\u00eb Sh\u00ebrbime ose faqe t\u00eb tjera interneti, duke p\u00ebrfshir\u00eb edhe ato bazuar n\u00eb artikujt q\u00eb keni bler\u00eb ose shtuar m\u00eb par\u00eb n\u00eb shport\u00ebn tuaj dhe aktivitete t\u00eb tjera n\u00eb Sh\u00ebrbime.<\/li>\n\n\n\n<li><strong>Siguria dhe Parandalimi i Mashtrimit.<\/strong>&nbsp;Ne p\u00ebrdorim informacionin tuaj personal p\u00ebr t\u00eb v\u00ebrtetuar llogarin\u00eb tuaj, p\u00ebr t\u00eb ofruar nj\u00eb p\u00ebrvoj\u00eb t\u00eb sigurt pagese dhe blerjeje, p\u00ebr t\u00eb zbuluar, hetuar ose nd\u00ebrmarr\u00eb veprime n\u00eb lidhje me aktivitete t\u00eb mundshme mashtruese, t\u00eb paligjshme, t\u00eb pasigurta ose keqdash\u00ebse, p\u00ebr t\u00eb mbrojtur sigurin\u00eb publike dhe p\u00ebr t\u00eb siguruar sh\u00ebrbimet tona. N\u00ebse zgjidhni t\u00eb p\u00ebrdorni Sh\u00ebrbimet dhe t\u00eb regjistroni nj\u00eb llogari, ju jeni p\u00ebrgjegj\u00ebs p\u00ebr t\u00eb mbajtur t\u00eb sigurta kredencialet e llogaris\u00eb suaj. Ne ju rekomandojm\u00eb fuqimisht q\u00eb t\u00eb mos ndani emrin e p\u00ebrdoruesit, fjal\u00ebkalimin ose detaje t\u00eb tjera t\u00eb aksesit me ask\u00ebnd tjet\u00ebr.<\/li>\n\n\n\n<li><strong>Duke komunikuar me ju.<\/strong>&nbsp;Ne i p\u00ebrdorim informacionet tuaja personale p\u00ebr t&#039;ju ofruar mb\u00ebshtetje ndaj klientit, p\u00ebr t&#039;ju p\u00ebrgjigjur k\u00ebrkesave tuaja, p\u00ebr t&#039;ju ofruar sh\u00ebrbime efektive dhe p\u00ebr t\u00eb ruajtur marr\u00ebdh\u00ebnien ton\u00eb biznesi me ju.<\/li>\n\n\n\n<li><strong>Arsyet Ligjore.<\/strong>&nbsp;Ne i p\u00ebrdorim informacionet tuaja personale p\u00ebr t&#039;u p\u00ebrmbajtur ligjit n\u00eb fuqi ose p\u00ebr t&#039;iu p\u00ebrgjigjur proceseve t\u00eb vlefshme ligjore, duke p\u00ebrfshir\u00eb k\u00ebrkesat nga agjencit\u00eb ligjzbatuese ose qeveritare, p\u00ebr t\u00eb hetuar ose p\u00ebr t\u00eb marr\u00eb pjes\u00eb n\u00eb zbulime civile, padi t\u00eb mundshme ose aktuale, ose procedura t\u00eb tjera ligjore kund\u00ebrshtare, dhe p\u00ebr t\u00eb zbatuar ose hetuar shkeljet e mundshme t\u00eb kushteve ose politikave tona.<\/li>\n<\/ul>\n\n\n\n<h2 class=\"wp-block-heading\"><strong>Si i zbulojm\u00eb informacionet personale<\/strong><strong><\/strong><\/h2>\n\n\n\n<p>N\u00eb rrethana t\u00eb caktuara, ne mund t&#039;ua zbulojm\u00eb informacionin tuaj personal pal\u00ebve t\u00eb treta p\u00ebr q\u00ebllime legjitime, n\u00eb p\u00ebrputhje me k\u00ebt\u00eb Politik\u00eb Privat\u00ebsie. Rrethana t\u00eb tilla mund t\u00eb p\u00ebrfshijn\u00eb:<\/p>\n\n\n\n<ul class=\"wp-block-list\">\n<li>Me shit\u00ebsit dhe pal\u00ebt e treta t\u00eb tjera q\u00eb kryejn\u00eb sh\u00ebrbime n\u00eb emrin ton\u00eb (p.sh. menaxhimi i IT-s\u00eb, p\u00ebrpunimi i pagesave, analiza e t\u00eb dh\u00ebnave, mb\u00ebshtetja e klient\u00ebve, ruajtja n\u00eb cloud, p\u00ebrmbushja dhe d\u00ebrgesa).<\/li>\n\n\n\n<li>Me partner\u00eb biznesi dhe marketingu p\u00ebr t&#039;ju ofruar sh\u00ebrbime marketingu dhe p\u00ebr t&#039;ju reklamuar.<\/li>\n\n\n\n<li>Kur ju na udh\u00ebzoni, na k\u00ebrkoni ose na jepni p\u00eblqimin p\u00ebr zbulimin ton\u00eb t\u00eb informacioneve t\u00eb caktuara pal\u00ebve t\u00eb treta, si p\u00ebr shembull p\u00ebr t&#039;ju d\u00ebrguar produkte ose n\u00ebp\u00ebrmjet p\u00ebrdorimit tuaj t\u00eb veglave t\u00eb mediave sociale ose integrimeve t\u00eb hyrjes.<\/li>\n\n\n\n<li>Me bashk\u00ebpun\u00ebtor\u00ebt tan\u00eb ose ndryshe brenda grupit ton\u00eb t\u00eb korporat\u00ebs.<\/li>\n\n\n\n<li>N\u00eb lidhje me nj\u00eb transaksion biznesi, si\u00e7 \u00ebsht\u00eb nj\u00eb bashkim ose falimentim, p\u00ebr t\u00eb p\u00ebrmbushur \u00e7do detyrim ligjor t\u00eb zbatuesh\u00ebm (duke p\u00ebrfshir\u00eb p\u00ebrgjigjen ndaj thirrjeve n\u00eb gjyq, urdhrave t\u00eb k\u00ebrkimit dhe k\u00ebrkesave t\u00eb ngjashme), p\u00ebr t\u00eb zbatuar \u00e7do kusht sh\u00ebrbimi ose politik\u00eb t\u00eb zbatueshme dhe p\u00ebr t\u00eb mbrojtur ose mbrojtur Sh\u00ebrbimet, t\u00eb drejtat tona dhe t\u00eb drejtat e p\u00ebrdoruesve tan\u00eb ose t\u00eb t\u00eb tjer\u00ebve.<\/li>\n<\/ul>\n\n\n\n<h2 class=\"wp-block-heading\"><strong>Faqet e internetit dhe lidhjet e pal\u00ebve t\u00eb treta<\/strong><strong><\/strong><\/h2>\n\n\n\n<p>Sh\u00ebrbimet mund t\u00eb ofrojn\u00eb lidhje me faqet e internetit ose platforma t\u00eb tjera online t\u00eb operuara nga pal\u00eb t\u00eb treta. N\u00ebse ndiqni lidhje me faqe q\u00eb nuk jan\u00eb t\u00eb lidhura ose t\u00eb kontrolluara nga ne, duhet t\u00eb rishikoni politikat e tyre t\u00eb privat\u00ebsis\u00eb dhe siguris\u00eb, si dhe kushtet e tjera. Ne nuk garantojm\u00eb dhe nuk jemi p\u00ebrgjegj\u00ebs p\u00ebr privat\u00ebsin\u00eb ose sigurin\u00eb e faqeve t\u00eb tilla, duke p\u00ebrfshir\u00eb sakt\u00ebsin\u00eb, plot\u00ebsin\u00eb ose besueshm\u00ebrin\u00eb e informacionit t\u00eb gjetur n\u00eb k\u00ebto faqe. Informacioni q\u00eb jepni n\u00eb vende publike ose gjysm\u00eb-publike, duke p\u00ebrfshir\u00eb informacionin q\u00eb ndani n\u00eb platformat e rrjeteve sociale t\u00eb pal\u00ebve t\u00eb treta, mund t\u00eb jet\u00eb gjithashtu i shikuesh\u00ebm nga p\u00ebrdorues t\u00eb tjer\u00eb t\u00eb Sh\u00ebrbimeve dhe\/ose p\u00ebrdorues t\u00eb atyre platformave t\u00eb pal\u00ebve t\u00eb treta pa kufizim n\u00eb p\u00ebrdorimin e tij nga ne ose nga nj\u00eb pal\u00eb e tret\u00eb. P\u00ebrfshirja jon\u00eb e lidhjeve t\u00eb tilla, n\u00eb vetvete, nuk n\u00ebnkupton ndonj\u00eb miratim t\u00eb p\u00ebrmbajtjes n\u00eb platforma t\u00eb tilla ose t\u00eb pronar\u00ebve ose operator\u00ebve t\u00eb tyre, p\u00ebrve\u00e7 rasteve kur zbulohet n\u00eb Sh\u00ebrbime.<\/p>\n\n\n\n<h2 class=\"wp-block-heading\"><strong>T\u00eb dh\u00ebnat e f\u00ebmij\u00ebve<\/strong><strong><\/strong><\/h2>\n\n\n\n<p>Sh\u00ebrbimet nuk synojn\u00eb t\u00eb p\u00ebrdoren nga f\u00ebmij\u00ebt dhe ne nuk mbledhim me vet\u00ebdije asnj\u00eb informacion personal n\u00eb lidhje me f\u00ebmij\u00ebt n\u00ebn mosh\u00ebn madhore n\u00eb juridiksionin tuaj. N\u00ebse jeni prindi ose kujdestari i nj\u00eb f\u00ebmije q\u00eb na ka dh\u00ebn\u00eb informacionin e tij personal, mund t\u00eb na kontaktoni duke p\u00ebrdorur t\u00eb dh\u00ebnat e kontaktit t\u00eb p\u00ebrcaktuara m\u00eb posht\u00eb p\u00ebr t\u00eb k\u00ebrkuar q\u00eb ai t\u00eb fshihet. Q\u00eb nga data e hyrjes n\u00eb fuqi t\u00eb k\u00ebsaj Politike Privat\u00ebsie, ne nuk kemi dijeni aktuale se &quot;ndajm\u00eb&quot; ose &quot;shesim&quot; (si\u00e7 p\u00ebrcaktohen k\u00ebto terma n\u00eb ligjin n\u00eb fuqi) informacionin personal t\u00eb individ\u00ebve n\u00ebn 16 vje\u00e7.<\/p>\n\n\n\n<h2 class=\"wp-block-heading\"><strong>Siguria dhe Ruajtja e Informacionit Tuaj<\/strong><strong><\/strong><\/h2>\n\n\n\n<p>Ju lutemi t\u00eb keni parasysh se asnj\u00eb mas\u00eb sigurie nuk \u00ebsht\u00eb perfekte ose e padep\u00ebrtueshme, dhe ne nuk mund t\u00eb garantojm\u00eb &quot;siguri t\u00eb p\u00ebrsosur&quot;. P\u00ebrve\u00e7 k\u00ebsaj, \u00e7do informacion q\u00eb na d\u00ebrgoni mund t\u00eb mos jet\u00eb i sigurt gjat\u00eb transportit. Ne ju rekomandojm\u00eb t\u00eb mos p\u00ebrdorni kanale t\u00eb pasigurta p\u00ebr t\u00eb na komunikuar informacione t\u00eb ndjeshme ose konfidenciale.<\/p>\n\n\n\n<p>Koh\u00ebzgjatja e ruajtjes s\u00eb informacionit tuaj personal varet nga faktor\u00eb t\u00eb ndrysh\u00ebm, si\u00e7 \u00ebsht\u00eb n\u00ebse na nevojitet informacioni p\u00ebr t\u00eb mir\u00ebmbajtur llogarin\u00eb tuaj, p\u00ebr t&#039;ju ofruar Sh\u00ebrbime, p\u00ebr t&#039;u p\u00ebrmbajtur detyrimeve ligjore, p\u00ebr t\u00eb zgjidhur mosmarr\u00ebveshjet ose p\u00ebr t\u00eb zbatuar kontrata dhe politika t\u00eb tjera t\u00eb zbatueshme.<\/p>\n\n\n\n<h2 class=\"wp-block-heading\"><strong>T\u00eb drejtat dhe zgjedhjet tuaja<\/strong><strong><\/strong><\/h2>\n\n\n\n<p>N\u00eb var\u00ebsi t\u00eb vendit ku jetoni, mund t\u00eb keni disa ose t\u00eb gjitha t\u00eb drejtat e listuara m\u00eb posht\u00eb n\u00eb lidhje me informacionin tuaj personal. Megjithat\u00eb, k\u00ebto t\u00eb drejta nuk jan\u00eb absolute, mund t\u00eb zbatohen vet\u00ebm n\u00eb rrethana t\u00eb caktuara dhe, n\u00eb raste t\u00eb caktuara, ne mund ta refuzojm\u00eb k\u00ebrkes\u00ebn tuaj sipas ligjit.<\/p>\n\n\n\n<ul class=\"wp-block-list\">\n<li><strong>E drejta p\u00ebr akses \/ njohuri.<\/strong>&nbsp;Ju mund t\u00eb keni t\u00eb drejt\u00eb t\u00eb k\u00ebrkoni qasje n\u00eb informacionin personal q\u00eb ne mbajm\u00eb p\u00ebr ju.<\/li>\n\n\n\n<li><strong>E drejta p\u00ebr t\u00eb fshir\u00eb.<\/strong>&nbsp;Ju mund t\u00eb keni t\u00eb drejt\u00eb t\u00eb k\u00ebrkoni q\u00eb ne t\u00eb fshijm\u00eb informacionin personal q\u00eb ruajm\u00eb p\u00ebr ju.<\/li>\n\n\n\n<li><strong>E drejta p\u00ebr t\u00eb korrigjuar.<\/strong>&nbsp;Ju mund t\u00eb keni t\u00eb drejt\u00eb t\u00eb k\u00ebrkoni q\u00eb ne t\u00eb korrigjojm\u00eb informacionet personale t\u00eb pasakta q\u00eb mbajm\u00eb p\u00ebr ju.<\/li>\n\n\n\n<li><strong>E drejta e transportueshm\u00ebris\u00eb.<\/strong>&nbsp;Ju mund t\u00eb keni t\u00eb drejt\u00eb t\u00eb merrni nj\u00eb kopje t\u00eb informacionit personal q\u00eb ne mbajm\u00eb p\u00ebr ju dhe t\u00eb k\u00ebrkoni q\u00eb ne ta transferojm\u00eb at\u00eb te nj\u00eb pal\u00eb e tret\u00eb, n\u00eb rrethana t\u00eb caktuara dhe me p\u00ebrjashtime t\u00eb caktuara.<\/li>\n\n\n\n<li><strong>E drejta p\u00ebr t\u00eb zgjedhur t\u00eb mos merrni pjes\u00eb n\u00eb shitje ose ndarje p\u00ebr reklama t\u00eb synuara.<\/strong>&nbsp;N\u00eb var\u00ebsi t\u00eb vendit ku banoni, mund t\u00eb keni t\u00eb drejt\u00eb t\u00eb zgjidhni t\u00eb mos merrni pjes\u00eb n\u00eb \u201cshitje\u201d ose \u201cndarje\u201d t\u00eb informacionit tuaj personal ose t\u00eb zgjidhni t\u00eb mos merrni pjes\u00eb n\u00eb p\u00ebrpunimin e informacionit tuaj personal p\u00ebr q\u00ebllime q\u00eb konsiderohen \u201creklamim i synuar\u201d, si\u00e7 p\u00ebrcaktohet n\u00eb ligjet p\u00ebrkat\u00ebse t\u00eb privat\u00ebsis\u00eb.<\/li>\n\n\n\n<li><strong>Menaxhimi i preferencave t\u00eb komunikimit.<\/strong>&nbsp;Ne mund t&#039;ju d\u00ebrgojm\u00eb email-e promocionale dhe ju mund t\u00eb zgjidhni t\u00eb mos i merrni k\u00ebto n\u00eb \u00e7do koh\u00eb duke p\u00ebrdorur opsionin e \u00e7regjistrimit q\u00eb shfaqet n\u00eb email-et tona p\u00ebr ju. N\u00ebse zgjidhni t\u00eb mos abonoheni, ne mund t&#039;ju d\u00ebrgojm\u00eb ende email-e jo-promocionale, t\u00eb tilla si ato n\u00eb lidhje me llogarin\u00eb tuaj ose porosit\u00eb q\u00eb keni b\u00ebr\u00eb.<\/li>\n<\/ul>\n\n\n\n<p><strong>N\u00ebse banoni n\u00eb Mbret\u00ebrin\u00eb e Bashkuar ose n\u00eb Zon\u00ebn Ekonomike Evropiane,<\/strong>&nbsp;dhe n\u00eb var\u00ebsi t\u00eb p\u00ebrjashtimeve dhe kufizimeve t\u00eb parashikuara nga ligji vendas, ju mund t\u00eb ushtroni t\u00eb drejtat e m\u00ebposhtme p\u00ebrve\u00e7 t\u00eb drejtave t\u00eb p\u00ebrshkruara m\u00eb sip\u00ebr:<\/p>\n\n\n\n<ul class=\"wp-block-list\">\n<li><strong>Kund\u00ebrshtim ndaj P\u00ebrpunimit dhe Kufizimit t\u00eb P\u00ebrpunimit:<\/strong>&nbsp;Ju mund t\u00eb keni t\u00eb drejt\u00eb t\u00eb na k\u00ebrkoni t\u00eb ndalojm\u00eb ose kufizojm\u00eb p\u00ebrpunimin e informacionit personal p\u00ebr q\u00ebllime t\u00eb caktuara.<\/li>\n\n\n\n<li><strong>T\u00ebrheqja e P\u00eblqimit:<\/strong>&nbsp;Kur ne mb\u00ebshtetemi n\u00eb p\u00eblqimin p\u00ebr t\u00eb p\u00ebrpunuar informacionin tuaj personal, ju keni t\u00eb drejt\u00eb ta t\u00ebrhiqni k\u00ebt\u00eb p\u00eblqim. N\u00ebse e t\u00ebrhiqni p\u00eblqimin tuaj, kjo nuk do t\u00eb ndikoj\u00eb n\u00eb ligjshm\u00ebrin\u00eb e \u00e7do p\u00ebrpunimi t\u00eb bazuar n\u00eb p\u00eblqimin tuaj para t\u00ebrheqjes s\u00eb tij.<\/li>\n<\/ul>\n\n\n\n<p>Ju mund t\u00eb ushtroni cil\u00ebndo nga k\u00ebto t\u00eb drejta aty ku tregohet n\u00eb Sh\u00ebrbime ose duke na kontaktuar duke p\u00ebrdorur t\u00eb dh\u00ebnat e kontaktit t\u00eb dh\u00ebna m\u00eb posht\u00eb.<\/p>\n\n\n\n<p>Ne nuk do t&#039;ju diskriminojm\u00eb p\u00ebr ushtrimin e ndonj\u00eb prej k\u00ebtyre t\u00eb drejtave. Mund t\u00eb na duhet t\u00eb verifikojm\u00eb identitetin tuaj p\u00ebrpara se t\u00eb p\u00ebrpunojm\u00eb k\u00ebrkesat tuaja, si\u00e7 lejohet ose k\u00ebrkohet sipas ligjit n\u00eb fuqi. N\u00eb p\u00ebrputhje me ligjet n\u00eb fuqi, ju mund t\u00eb caktoni nj\u00eb agjent t\u00eb autorizuar p\u00ebr t\u00eb b\u00ebr\u00eb k\u00ebrkesa n\u00eb emrin tuaj p\u00ebr t\u00eb ushtruar t\u00eb drejtat tuaja. Para se t\u00eb pranojm\u00eb nj\u00eb k\u00ebrkes\u00eb t\u00eb till\u00eb nga nj\u00eb agjent, ne do t\u00eb k\u00ebrkojm\u00eb q\u00eb agjenti t\u00eb paraqes\u00eb prova se ju e keni autorizuar at\u00eb t\u00eb veproj\u00eb n\u00eb emrin tuaj, dhe mund t\u00eb na duhet q\u00eb ju t\u00eb verifikoni identitetin tuaj direkt me ne. Ne do t&#039;i p\u00ebrgjigjemi k\u00ebrkes\u00ebs suaj n\u00eb koh\u00ebn e duhur, si\u00e7 k\u00ebrkohet sipas ligjit n\u00eb fuqi.<\/p>\n\n\n\n<h2 class=\"wp-block-heading\"><strong>Ankesat<\/strong><strong><\/strong><\/h2>\n\n\n\n<p>N\u00ebse keni ankesa n\u00eb lidhje me m\u00ebnyr\u00ebn se si i p\u00ebrpunojm\u00eb t\u00eb dh\u00ebnat tuaja personale, ju lutemi na kontaktoni duke p\u00ebrdorur t\u00eb dh\u00ebnat e kontaktit t\u00eb dh\u00ebna m\u00eb posht\u00eb. N\u00eb var\u00ebsi t\u00eb vendit ku jetoni, mund t\u00eb keni t\u00eb drejt\u00eb t\u00eb apeloni vendimin ton\u00eb duke na kontaktuar duke p\u00ebrdorur t\u00eb dh\u00ebnat e kontaktit t\u00eb p\u00ebrcaktuara m\u00eb posht\u00eb ose t\u00eb paraqisni ankes\u00ebn tuaj pran\u00eb autoritetit tuaj lokal t\u00eb mbrojtjes s\u00eb t\u00eb dh\u00ebnave. P\u00ebr EEA-n\u00eb, mund t\u00eb gjeni nj\u00eb list\u00eb t\u00eb autoriteteve mbik\u00ebqyr\u00ebse p\u00ebrgjegj\u00ebse p\u00ebr mbrojtjen e t\u00eb dh\u00ebnave. <a href=\"https:\/\/edpb.europa.eu\/about-edpb\/about-edpb\/members\" target=\"_blank\" rel=\"noopener\"><u>k\u00ebtu<\/u><\/a>.<\/p>\n\n\n\n<h2 class=\"wp-block-heading\"><strong>Transferta Nd\u00ebrkomb\u00ebtare<\/strong><strong><\/strong><\/h2>\n\n\n\n<p>Ju lutemi vini re se ne mund t\u00eb transferojm\u00eb, ruajm\u00eb dhe p\u00ebrpunojm\u00eb informacionin tuaj personal jasht\u00eb vendit ku jetoni.<\/p>\n\n\n\n<p>N\u00ebse transferojm\u00eb informacionin tuaj personal jasht\u00eb Zon\u00ebs Ekonomike Evropiane ose Mbret\u00ebris\u00eb s\u00eb Bashkuar, ne do t\u00eb mb\u00ebshtetemi n\u00eb mekanizma t\u00eb njohur transferimi, si Klauzolat Standarde Kontraktuale t\u00eb Komisionit Evropian, ose \u00e7do kontrat\u00eb ekuivalente t\u00eb l\u00ebshuar nga autoriteti kompetent p\u00ebrkat\u00ebs i Mbret\u00ebris\u00eb s\u00eb Bashkuar, sipas rastit, p\u00ebrve\u00e7 n\u00ebse transferimi i t\u00eb dh\u00ebnave b\u00ebhet n\u00eb nj\u00eb vend q\u00eb \u00ebsht\u00eb p\u00ebrcaktuar se ofron nj\u00eb nivel t\u00eb mjaftuesh\u00ebm mbrojtjeje.<\/p>\n\n\n\n<h2 class=\"wp-block-heading\"><strong>Ndryshime n\u00eb k\u00ebt\u00eb Politik\u00eb Privat\u00ebsie<\/strong><strong><\/strong><\/h2>\n\n\n\n<p>Ne mund ta p\u00ebrdit\u00ebsojm\u00eb k\u00ebt\u00eb Politik\u00eb Privat\u00ebsie her\u00eb pas here, duke p\u00ebrfshir\u00eb edhe p\u00ebr t\u00eb reflektuar ndryshimet n\u00eb praktikat tona ose p\u00ebr arsye t\u00eb tjera operative, ligjore ose rregullatore. Ne do ta postojm\u00eb Politik\u00ebn e Privat\u00ebsis\u00eb t\u00eb rishikuar n\u00eb k\u00ebt\u00eb faqe interneti, do t\u00eb p\u00ebrdit\u00ebsojm\u00eb dat\u00ebn e &quot;P\u00ebrdit\u00ebsimit t\u00eb fundit&quot; dhe do t\u00eb japim njoftim sipas k\u00ebrkes\u00ebs s\u00eb ligjit n\u00eb fuqi.<\/p>\n\n\n\n<h2 class=\"wp-block-heading\"><strong>Kontakti<\/strong><strong><\/strong><\/h2>\n\n\n\n<p>N\u00ebse keni ndonj\u00eb pyetje n\u00eb lidhje me praktikat tona t\u00eb privat\u00ebsis\u00eb ose k\u00ebt\u00eb Politik\u00eb Privat\u00ebsie, ose n\u00ebse d\u00ebshironi t\u00eb ushtroni ndonj\u00eb nga t\u00eb drejtat q\u00eb keni n\u00eb dispozicion, ju lutemi na telefononi ose na d\u00ebrgoni nj\u00eb email n\u00eb Info@MountLaser.COM ose na kontaktoni n\u00eb Lijia Town, Wujin District, Changzhou, 213165, CN. P\u00ebr q\u00ebllime t\u00eb ligjeve n\u00eb fuqi p\u00ebr mbrojtjen e t\u00eb dh\u00ebnave, ne jemi kontrolluesi i t\u00eb dh\u00ebnave t\u00eb informacionit tuaj personal.<\/p>\n\n\n\n<p>P\u00ebrdit\u00ebsuar p\u00ebr her\u00eb t\u00eb fundit: 23 shtator 2025<\/p>\n\n\n\n<p><\/p>","protected":false},"excerpt":{"rendered":"<p>Privacy Policy Mount Laser operates this store and website, including all related information, content, features, tools, products and services, in order to provide you, the customer, with a curated shopping experience (the &#8220;Services&#8221;). This Privacy Policy describes how we collect, use, and disclose your personal information when you visit, use, or make a purchase or [&hellip;]<\/p>\n","protected":false},"author":1,"featured_media":0,"parent":0,"menu_order":0,"comment_status":"closed","ping_status":"open","template":"","meta":{"footnotes":""},"class_list":["post-1596","page","type-page","status-publish","hentry"],"blocksy_meta":[],"_links":{"self":[{"href":"https:\/\/mountlaser.com\/sq\/wp-json\/wp\/v2\/pages\/1596","targetHints":{"allow":["GET"]}}],"collection":[{"href":"https:\/\/mountlaser.com\/sq\/wp-json\/wp\/v2\/pages"}],"about":[{"href":"https:\/\/mountlaser.com\/sq\/wp-json\/wp\/v2\/types\/page"}],"author":[{"embeddable":true,"href":"https:\/\/mountlaser.com\/sq\/wp-json\/wp\/v2\/users\/1"}],"replies":[{"embeddable":true,"href":"https:\/\/mountlaser.com\/sq\/wp-json\/wp\/v2\/comments?post=1596"}],"version-history":[{"count":1,"href":"https:\/\/mountlaser.com\/sq\/wp-json\/wp\/v2\/pages\/1596\/revisions"}],"predecessor-version":[{"id":2048,"href":"https:\/\/mountlaser.com\/sq\/wp-json\/wp\/v2\/pages\/1596\/revisions\/2048"}],"wp:attachment":[{"href":"https:\/\/mountlaser.com\/sq\/wp-json\/wp\/v2\/media?parent=1596"}],"curies":[{"name":"wp","href":"https:\/\/api.w.org\/{rel}","templated":true}]}}