{"id":608,"date":"2024-03-28T10:15:24","date_gmt":"2024-03-28T10:15:24","guid":{"rendered":"https:\/\/startersites.io\/blocksy\/pottery\/?post_type=product&#038;p=608"},"modified":"2025-12-01T01:52:03","modified_gmt":"2025-12-01T01:52:03","slug":"ma-g32-auto-level","status":"publish","type":"product","link":"https:\/\/mountlaser.com\/pl\/produkt\/ma-g32-auto-level\/","title":{"rendered":"MA-G32 Autopoziomowanie"},"content":{"rendered":"<p>Ten <a href=\"https:\/\/mountlaser.com\/pl\/\"><strong>MA-G32 Autopoziomowanie<\/strong><\/a> firmy Mountlaser to wysoce precyzyjny, profesjonalny instrument optyczny zaprojektowany do szerokiego zakresu zastosowa\u0144 <a href=\"https:\/\/mountlaser.com\/pl\/kategoria-produktu\/surveying-instrument\/automatic-level\/\"><strong>poziomice automatyczne do pomiar\u00f3w geodezyjnych<\/strong><\/a> Zastosowania. Niwelator automatyczny do geodezji. Zaprojektowany z my\u015bl\u0105 o niezawodno\u015bci i \u0142atwo\u015bci obs\u0142ugi, zapewnia dok\u0142adno\u015b\u0107 wymagan\u0105 do niwelacji plac\u00f3w budowy, zagospodarowania terenu i innych niezb\u0119dnych zada\u0144. Ten model to doskona\u0142y wyb\u00f3r w\u015br\u00f3d nowoczesnych niwelator\u00f3w geodezyjnych, oferuj\u0105c wyj\u0105tkow\u0105 przejrzysto\u015b\u0107 i stabilno\u015b\u0107, gwarantuj\u0105c bezb\u0142\u0119dno\u015b\u0107 danych bazowych projektu.<\/p>\n<p>Wyposa\u017cony w teleskop o powi\u0119kszeniu 32X i niezwykle czu\u0142y kompensator t\u0142umienia drga\u0144 MA-G32 zapewnia wyra\u017any obraz skierowany w praw\u0105 stron\u0119 i automatycznie utrzymuje poziom\u0105 lini\u0119 widzenia nawet w niestabilnym terenie.<\/p>\n<p>Solidna klasa ochrony IP54 chroni przed py\u0142em i zachlapaniem, dzi\u0119ki czemu niwelator automatyczny do geodezji jest trwa\u0142ym narz\u0119dziem na wymagaj\u0105cych budowach. Dla profesjonalist\u00f3w poszukuj\u0105cych niezawodnych i dok\u0142adnych niwelator\u00f3w geodezyjnych, MA-G32 jest przyk\u0142adem zaanga\u017cowania firmy Mountlaser w jako\u015b\u0107 i wydajno\u015b\u0107 wszystkich naszych niwelator\u00f3w automatycznych do geodezji.<\/p>\n<p><img fetchpriority=\"high\" decoding=\"async\" class=\"aligncenter wp-image-1883\" src=\"https:\/\/mountlaser.com\/wp-content\/uploads\/2024\/03\/MA-G323.webp\" alt=\"Auto Levels For Surveying\" width=\"500\" height=\"500\" srcset=\"https:\/\/mountlaser.com\/wp-content\/uploads\/2024\/03\/MA-G323.webp 1000w, https:\/\/mountlaser.com\/wp-content\/uploads\/2024\/03\/MA-G323-300x300.webp 300w, https:\/\/mountlaser.com\/wp-content\/uploads\/2024\/03\/MA-G323-400x400.webp 400w, https:\/\/mountlaser.com\/wp-content\/uploads\/2024\/03\/MA-G323-800x800.webp 800w, https:\/\/mountlaser.com\/wp-content\/uploads\/2024\/03\/MA-G323-600x600.webp 600w, https:\/\/mountlaser.com\/wp-content\/uploads\/2024\/03\/MA-G323-150x150.webp 150w, https:\/\/mountlaser.com\/wp-content\/uploads\/2024\/03\/MA-G323-768x768.webp 768w, https:\/\/mountlaser.com\/wp-content\/uploads\/2024\/03\/MA-G323-12x12.webp 12w\" sizes=\"(max-width: 500px) 100vw, 500px\" \/><\/p>\n<p><strong><a href=\"https:\/\/mountlaser.com\/pl\/about-us\/\">MA-G32 Autopoziomowanie<\/a> Specyfikacje<\/strong><\/p>\n<table style=\"border-collapse: collapse; width: 552.02pt;\" border=\"0\" width=\"736\" cellspacing=\"0\" cellpadding=\"0\">\n<tbody>\n<tr style=\"height: 14.25pt;\">\n<td class=\"et2\" style=\"height: 14.25pt; width: 255.75pt;\" width=\"341\" height=\"19\">Numer modelu.<\/td>\n<td class=\"et3\" style=\"width: 296.25pt;\" width=\"395\">MA-G32<\/td>\n<\/tr>\n<tr style=\"height: 14.25pt;\">\n<td class=\"et4\" style=\"height: 14.25pt;\" height=\"19\">Odleg\u0142o\u015b\u0107 robocza<\/td>\n<td class=\"et5\">50m<\/td>\n<\/tr>\n<tr style=\"height: 14.25pt;\">\n<td class=\"et4\" style=\"height: 14.25pt;\" height=\"19\">Odchylenie standardowe dla biegu podw\u00f3jnego na dystansie 1 km<\/td>\n<td class=\"et5\">1,5 mm<\/td>\n<\/tr>\n<tr style=\"height: 14.25pt;\">\n<td class=\"et4\" style=\"height: 14.25pt;\" height=\"19\">Powi\u0119kszenie teleskopu<\/td>\n<td class=\"et5\">32X<\/td>\n<\/tr>\n<tr style=\"height: 14.25pt;\">\n<td class=\"et4\" style=\"height: 14.25pt;\" height=\"19\">Obraz teleskopu<\/td>\n<td class=\"et5\">Wyprostowany<\/td>\n<\/tr>\n<tr style=\"height: 14.25pt;\">\n<td class=\"et4\" style=\"height: 14.25pt;\" height=\"19\">Najkr\u00f3tsza odleg\u0142o\u015b\u0107 widzenia<\/td>\n<td class=\"et5\">0,5 m<\/td>\n<\/tr>\n<tr style=\"height: 14.25pt;\">\n<td class=\"et4\" style=\"height: 14.25pt;\" height=\"19\">Wy\u015bwietl b\u0142\u0105d odleg\u0142o\u015bci<\/td>\n<td class=\"et5\">\u2264\u00b10,5%<\/td>\n<\/tr>\n<tr style=\"height: 14.25pt;\">\n<td class=\"et4\" style=\"height: 14.25pt;\" height=\"19\">Efektywny rozmiar apertury obiektywu<\/td>\n<td class=\"et5\">40 mm<\/td>\n<\/tr>\n<tr style=\"height: 14.25pt;\">\n<td class=\"et4\" style=\"height: 14.25pt;\" height=\"19\">B\u0142\u0105d ustawiania ostro\u015bci<\/td>\n<td class=\"et5\">\u22641,0 mm<\/td>\n<\/tr>\n<tr style=\"height: 14.25pt;\">\n<td class=\"et4\" style=\"height: 14.25pt;\" height=\"19\">Typ kompensatora<\/td>\n<td class=\"et5\">T\u0142umienie powietrza<\/td>\n<\/tr>\n<tr style=\"height: 14.25pt;\">\n<td class=\"et4\" style=\"height: 14.25pt;\" height=\"19\">Kompensacja b\u0142\u0119du<\/td>\n<td class=\"et5\">&lt;0,5\u2032<\/td>\n<\/tr>\n<tr style=\"height: 14.25pt;\">\n<td class=\"et4\" style=\"height: 14.25pt;\" height=\"19\">Siatka przyrz\u0105du<\/td>\n<td class=\"et5\">Siatka krzy\u017cowa<\/td>\n<\/tr>\n<tr style=\"height: 14.25pt;\">\n<td class=\"et4\" style=\"height: 14.25pt;\" height=\"19\">Dok\u0142adno\u015b\u0107 ustawie\u0144<\/td>\n<td class=\"et5\">+0,4\u2032<\/td>\n<\/tr>\n<tr style=\"height: 14.25pt;\">\n<td class=\"et4\" style=\"height: 14.25pt;\" height=\"19\">Wodoodporny i py\u0142oszczelny<\/td>\n<td class=\"et5\">IP54<\/td>\n<\/tr>\n<tr style=\"height: 14.25pt;\">\n<td class=\"et4\" style=\"height: 14.25pt;\" height=\"19\">Stand Accassony<\/td>\n<td class=\"et5\">Plumb Bob,Manual ,Adjusting Pin,Plastic casa<\/td>\n<\/tr>\n<tr style=\"height: 14.25pt;\">\n<td class=\"et6\" style=\"height: 14.25pt;\" height=\"19\">Wy\u015blij wag\u0119<\/td>\n<td class=\"et7\">1,35 kg<\/td>\n<\/tr>\n<\/tbody>\n<\/table>\n<p>&nbsp;<\/p>","protected":false},"excerpt":{"rendered":"<ul>\n<li>Wysoka precyzja: Osi\u0105ga odchylenie standardowe na poziomie 1,5 mm na km podw\u00f3jnego przebiegu, co pozwala na uzyskanie wiarygodnych wynik\u00f3w.<\/li>\n<li>\u00a0automatyczna poziomica do pomiar\u00f3w geodezyjnych. Powi\u0119kszenie 32X zapewnia wyra\u017any widok z prawej strony, upraszczaj\u0105c obs\u0142ug\u0119 i redukuj\u0105c liczb\u0119 b\u0142\u0119d\u00f3w.<\/li>\n<li>Automatyczna kompensacja: Kompensator t\u0142umienia powietrza automatycznie stabilizuje lini\u0119.<\/li>\n<li>Trwa\u0142a konstrukcja: klasa wodoodporno\u015bci i py\u0142oszczelno\u015bci IP54 gwarantuje wydajno\u015b\u0107 w trudnych warunkach terenowych.<\/li>\n<\/ul>","protected":false},"featured_media":1882,"comment_status":"open","ping_status":"closed","template":"","meta":[],"product_brand":[],"product_cat":[15,140],"product_tag":[],"class_list":{"0":"post-608","1":"product","2":"type-product","3":"status-publish","4":"has-post-thumbnail","6":"product_cat-surveying-instrument","7":"product_cat-automatic-level","9":"first","10":"instock","11":"shipping-taxable","12":"product-type-simple"},"_links":{"self":[{"href":"https:\/\/mountlaser.com\/pl\/wp-json\/wp\/v2\/product\/608","targetHints":{"allow":["GET"]}}],"collection":[{"href":"https:\/\/mountlaser.com\/pl\/wp-json\/wp\/v2\/product"}],"about":[{"href":"https:\/\/mountlaser.com\/pl\/wp-json\/wp\/v2\/types\/product"}],"replies":[{"embeddable":true,"href":"https:\/\/mountlaser.com\/pl\/wp-json\/wp\/v2\/comments?post=608"}],"wp:featuredmedia":[{"embeddable":true,"href":"https:\/\/mountlaser.com\/pl\/wp-json\/wp\/v2\/media\/1882"}],"wp:attachment":[{"href":"https:\/\/mountlaser.com\/pl\/wp-json\/wp\/v2\/media?parent=608"}],"wp:term":[{"taxonomy":"product_brand","embeddable":true,"href":"https:\/\/mountlaser.com\/pl\/wp-json\/wp\/v2\/product_brand?post=608"},{"taxonomy":"product_cat","embeddable":true,"href":"https:\/\/mountlaser.com\/pl\/wp-json\/wp\/v2\/product_cat?post=608"},{"taxonomy":"product_tag","embeddable":true,"href":"https:\/\/mountlaser.com\/pl\/wp-json\/wp\/v2\/product_tag?post=608"}],"curies":[{"name":"wp","href":"https:\/\/api.w.org\/{rel}","templated":true}]}}