{"id":6003,"date":"2025-12-19T02:59:24","date_gmt":"2025-12-19T02:59:24","guid":{"rendered":"https:\/\/mountlaser.com\/?post_type=product&#038;p=6003"},"modified":"2025-12-19T02:59:24","modified_gmt":"2025-12-19T02:59:24","slug":"etj30a-325-heavy-duty-elevator-tripod","status":"publish","type":"product","link":"https:\/\/mountlaser.com\/pl\/produkt\/etj30a-325-heavy-duty-elevator-tripod\/","title":{"rendered":"ETJ30A-325 wytrzyma\u0142y statyw do podno\u015bnika"},"content":{"rendered":"<p data-start=\"229\" data-end=\"772\">Ten<a href=\"https:\/\/mountlaser.com\/pl\/\"> <strong data-start=\"233\" data-end=\"274\">ETJ30A-325 wytrzyma\u0142y statyw do podno\u015bnika<\/strong><\/a> jest przeznaczony dla profesjonalist\u00f3w, kt\u00f3rzy potrzebuj\u0105 solidnego wsparcia, precyzyjnej regulacji wysoko\u015bci i d\u0142ugotrwa\u0142ej wytrzyma\u0142o\u015bci w wymagaj\u0105cych warunkach na placu budowy. <a href=\"https:\/\/mountlaser.com\/pl\/products\/\"><strong data-start=\"423\" data-end=\"454\">Regulowany statyw podnosz\u0105cy<\/strong><\/a>, Wykonany jest z wysokiej jako\u015bci stopu aluminium, oferuj\u0105c doskona\u0142\u0105 odporno\u015b\u0107 na uderzenia przy jednoczesnym zachowaniu stabilnej i niezawodnej konstrukcji. Wytrzyma\u0142y statyw podno\u015bnikowy ETJ30A-325 to idealne rozwi\u0105zanie do zastosowa\u0144 w budownictwie, geodezji i niwelacji laserowej, gdzie dok\u0142adno\u015b\u0107 i ud\u017awig s\u0105 kluczowe.<\/p>\n<p data-start=\"774\" data-end=\"1388\">Wyposa\u017cony w standardow\u0105 \u015brub\u0119 jarzmow\u0105 5\/8\u2033-11, wytrzyma\u0142y statyw podnoszony ETJ30A-325 zapewnia szerok\u0105 kompatybilno\u015b\u0107 z niwelatorami laserowymi, tachimetrami i innymi instrumentami geodezyjnymi. System szybkiego blokowania zacisku umo\u017cliwia szybk\u0105 i bezwysi\u0142kow\u0105 regulacj\u0119 wysoko\u015bci, dzi\u0119ki czemu ten regulowany statyw podnoszony jest niezwykle wydajny w pracach terenowych. Dzi\u0119ki zakresowi wysoko\u015bci statywu od 125 do 350 cm i wysoko\u015bci roboczej od 114 do 325 cm, wytrzyma\u0142y statyw podnoszony ETJ30A-325 zapewnia wyj\u0105tkow\u0105 elastyczno\u015b\u0107 zar\u00f3wno w pracach na ma\u0142ych, jak i du\u017cych wysoko\u015bciach, co umacnia jego reputacj\u0119 niezawodnego, regulowanego statywu podnoszonego.<\/p>\n<p data-start=\"1390\" data-end=\"1903\">Zaprojektowany jako ekonomiczne, a zarazem wytrzyma\u0142e rozwi\u0105zanie, wytrzyma\u0142y statyw podnosz\u0105cy ETJ30A-325 \u0142\u0105czy w sobie wydajno\u015b\u0107 i warto\u015b\u0107. Na \u017cyczenie dost\u0119pne s\u0105 niestandardowe kolory i opcje wysoko\u015bci, co pozwala u\u017cytkownikom dostosowa\u0107 ten regulowany statyw podnosz\u0105cy do konkretnych wymaga\u0144 projektu. Solidna konstrukcja i p\u0142ynny mechanizm regulacji sprawiaj\u0105, \u017ce wytrzyma\u0142y statyw podnosz\u0105cy ETJ30A-325 to sprawdzony wyb\u00f3r dla profesjonalist\u00f3w, kt\u00f3rzy oczekuj\u0105 niezawodno\u015bci od swoich maszyn. <a href=\"https:\/\/mountlaser.com\/pl\/contact-us\/\">Regulowany statyw podnosz\u0105cy<\/a> w ka\u017cdych warunkach pracy.<\/p>\n<p data-start=\"1390\" data-end=\"1903\"><img fetchpriority=\"high\" decoding=\"async\" class=\"aligncenter wp-image-6009\" src=\"https:\/\/mountlaser.com\/wp-content\/uploads\/2025\/12\/ETJ30A\uff084\uff09.webp\" alt=\"ETJ30A-325 heavy-duty elevator tripod\" width=\"500\" height=\"500\" srcset=\"https:\/\/mountlaser.com\/wp-content\/uploads\/2025\/12\/ETJ30A\uff084\uff09.webp 1000w, https:\/\/mountlaser.com\/wp-content\/uploads\/2025\/12\/ETJ30A\uff084\uff09-300x300.webp 300w, https:\/\/mountlaser.com\/wp-content\/uploads\/2025\/12\/ETJ30A\uff084\uff09-150x150.webp 150w, https:\/\/mountlaser.com\/wp-content\/uploads\/2025\/12\/ETJ30A\uff084\uff09-768x768.webp 768w, https:\/\/mountlaser.com\/wp-content\/uploads\/2025\/12\/ETJ30A\uff084\uff09-12x12.webp 12w, https:\/\/mountlaser.com\/wp-content\/uploads\/2025\/12\/ETJ30A\uff084\uff09-600x600.webp 600w, https:\/\/mountlaser.com\/wp-content\/uploads\/2025\/12\/ETJ30A\uff084\uff09-800x800.webp 800w, https:\/\/mountlaser.com\/wp-content\/uploads\/2025\/12\/ETJ30A\uff084\uff09-400x400.webp 400w\" sizes=\"(max-width: 500px) 100vw, 500px\" \/><\/p>\n<p data-start=\"1390\" data-end=\"1903\"><strong>Specyfikacja wytrzyma\u0142ego statywu do podno\u015bnika ETJ30A-325<\/strong><\/p>\n<div>\n<table style=\"border-collapse: collapse; width: 743.27pt;\" border=\"0\" width=\"991\" cellspacing=\"0\" cellpadding=\"0\">\n<tbody>\n<tr style=\"height: 14.25pt;\">\n<td class=\"et2\" style=\"height: 14.25pt; width: 127.50pt;\" width=\"170\" height=\"19\">NUMER<\/td>\n<td class=\"et3\" style=\"width: 92.25pt;\" width=\"123\">NOGI<\/td>\n<td class=\"et3\" style=\"width: 77.25pt;\" width=\"103\">TYP ZAMKA<\/td>\n<td class=\"et3\" style=\"width: 96.75pt;\" width=\"129\">SPRZ\u0118T KOMPUTEROWY<\/td>\n<td class=\"et4\" style=\"width: 141.00pt;\" width=\"188\">WYSOKO\u015a\u0106 STATYWU<\/td>\n<td class=\"et4\" style=\"width: 96.00pt;\" width=\"128\">WYSOKO\u015a\u0106 ROBOCZA<\/td>\n<td class=\"et3\" style=\"width: 112.50pt;\" width=\"150\">P\u00f3\u0142nocny zach\u00f3d.<\/td>\n<\/tr>\n<tr style=\"height: 18.75pt;\">\n<td class=\"et5\" style=\"height: 18.75pt;\" height=\"25\">ETJ30A-225<\/td>\n<td class=\"et5\">Aluminium<\/td>\n<td class=\"et5\">Szybki zacisk<\/td>\n<td class=\"et5\">Czarny<\/td>\n<td class=\"et5\">112-244 cm<\/td>\n<td class=\"et5\">100-225 cm<\/td>\n<td class=\"et5\">5,15 kg<\/td>\n<\/tr>\n<tr style=\"height: 17.25pt;\">\n<td class=\"et5\" style=\"height: 17.25pt;\" height=\"23\">ETJ30A-310<\/td>\n<td class=\"et5\">Aluminium<\/td>\n<td class=\"et5\">Szybki zacisk<\/td>\n<td class=\"et5\">Czarny<\/td>\n<td class=\"et5\">115-330 cm<\/td>\n<td class=\"et5\">105-310 cm<\/td>\n<td class=\"et5\">5,40 kg<\/td>\n<\/tr>\n<tr style=\"height: 14.25pt;\">\n<td class=\"et5\" style=\"height: 14.25pt;\" height=\"19\">ETJ30A-325<\/td>\n<td class=\"et5\">Aluminium<\/td>\n<td class=\"et5\">Szybki zacisk<\/td>\n<td class=\"et5\">Czarny<\/td>\n<td class=\"et5\">125-350 cm<\/td>\n<td class=\"et5\">114-325 cm<\/td>\n<td class=\"et5\">5,55 kg<\/td>\n<\/tr>\n<\/tbody>\n<\/table>\n<\/div>","protected":false},"excerpt":{"rendered":"<ul>\n<li>Zapewnia stabilne i bezpieczne podparcie dla poziomic laserowych i instrument\u00f3w geodezyjnych<\/li>\n<li>Regulacja wysoko\u015bci na wz\u00f3r windy, umo\u017cliwiaj\u0105ca precyzyjne ustawienie w pionie<\/li>\n<li>Szybkie zaciski blokuj\u0105ce umo\u017cliwiaj\u0105 szybkie i \u0142atwe rozstawianie statywu<\/li>\n<li>Nogi ze stopu aluminium zapewniaj\u0105 doskona\u0142\u0105 odporno\u015b\u0107 na uderzenia i trwa\u0142o\u015b\u0107<\/li>\n<li>Standardowa \u015bruba jarzma 5\/8\u2033-11 zapewnia szerok\u0105 kompatybilno\u015b\u0107 z instrumentami<\/li>\n<\/ul>","protected":false},"featured_media":6009,"comment_status":"open","ping_status":"closed","template":"","meta":[],"product_brand":[],"product_cat":[122,94],"product_tag":[],"class_list":{"0":"post-6003","1":"product","2":"type-product","3":"status-publish","4":"has-post-thumbnail","6":"product_cat-laser-level-tripod","7":"product_cat-laser-level-accessory","9":"first","10":"instock","11":"shipping-taxable","12":"product-type-simple"},"_links":{"self":[{"href":"https:\/\/mountlaser.com\/pl\/wp-json\/wp\/v2\/product\/6003","targetHints":{"allow":["GET"]}}],"collection":[{"href":"https:\/\/mountlaser.com\/pl\/wp-json\/wp\/v2\/product"}],"about":[{"href":"https:\/\/mountlaser.com\/pl\/wp-json\/wp\/v2\/types\/product"}],"replies":[{"embeddable":true,"href":"https:\/\/mountlaser.com\/pl\/wp-json\/wp\/v2\/comments?post=6003"}],"wp:featuredmedia":[{"embeddable":true,"href":"https:\/\/mountlaser.com\/pl\/wp-json\/wp\/v2\/media\/6009"}],"wp:attachment":[{"href":"https:\/\/mountlaser.com\/pl\/wp-json\/wp\/v2\/media?parent=6003"}],"wp:term":[{"taxonomy":"product_brand","embeddable":true,"href":"https:\/\/mountlaser.com\/pl\/wp-json\/wp\/v2\/product_brand?post=6003"},{"taxonomy":"product_cat","embeddable":true,"href":"https:\/\/mountlaser.com\/pl\/wp-json\/wp\/v2\/product_cat?post=6003"},{"taxonomy":"product_tag","embeddable":true,"href":"https:\/\/mountlaser.com\/pl\/wp-json\/wp\/v2\/product_tag?post=6003"}],"curies":[{"name":"wp","href":"https:\/\/api.w.org\/{rel}","templated":true}]}}