{"id":5993,"date":"2025-12-19T01:50:19","date_gmt":"2025-12-19T01:50:19","guid":{"rendered":"https:\/\/mountlaser.com\/?post_type=product&#038;p=5993"},"modified":"2025-12-19T01:50:19","modified_gmt":"2025-12-19T01:50:19","slug":"bt150-s3-black-elevator-tripod","status":"publish","type":"product","link":"https:\/\/mountlaser.com\/pl\/produkt\/bt150-s3-black-elevator-tripod\/","title":{"rendered":"BT150-S3 Czarny statyw podnosz\u0105cy"},"content":{"rendered":"<p data-start=\"180\" data-end=\"621\">Ten<a href=\"https:\/\/mountlaser.com\/pl\/\"> <strong data-start=\"184\" data-end=\"218\">BT150-S3 Czarny statyw podnosz\u0105cy<\/strong> <\/a>To niezawodne i profesjonalne rozwi\u0105zanie wspomagaj\u0105ce, przeznaczone do zastosowa\u0144 w niwelacji laserowej i geodezji. Wykonany z wytrzyma\u0142ego aluminium oksydowanego, statyw ten charakteryzuje si\u0119 doskona\u0142\u0105 wytrzyma\u0142o\u015bci\u0105, a jednocze\u015bnie jest lekki, co u\u0142atwia transport. Jako wysokiej jako\u015bci\u2026<a href=\"https:\/\/mountlaser.com\/pl\/about-us\/\"> <strong data-start=\"471\" data-end=\"497\">Statyw pomiarowy aluminiowy<\/strong><\/a>, Czarny statyw podno\u015bny BT150-S3 zapewnia wyj\u0105tkow\u0105 stabilno\u015b\u0107 i precyzj\u0119 zar\u00f3wno podczas pracy wewn\u0105trz, jak i na zewn\u0105trz budynk\u00f3w.<\/p>\n<p data-start=\"623\" data-end=\"1155\">Dzi\u0119ki solidnej konstrukcji stopy w kszta\u0142cie podkowy, czarny statyw podnosz\u0105cy BT150-S3 zapewnia pewny kontakt z pod\u0142o\u017cem i lepsz\u0105 r\u00f3wnowag\u0119 na nier\u00f3wnych powierzchniach. Dzi\u0119ki temu jest to idealny aluminiowy statyw geodezyjny do planowania budowy, przenoszenia wysoko\u015bci i wyr\u00f3wnywania. Dzi\u0119ki regulowanemu zakresowi wysoko\u015bci statywu od 54 do 162 cm i wysoko\u015bci roboczej od 50 do 153 cm, czarny statyw podnosz\u0105cy BT150-S3 z \u0142atwo\u015bci\u0105 dostosowuje si\u0119 do r\u00f3\u017cnych wymaga\u0144 roboczych, spe\u0142niaj\u0105c standardy wydajno\u015bci oczekiwane od profesjonalnego aluminiowego statywu geodezyjnego.<\/p>\n<p data-start=\"1157\" data-end=\"1649\">Statyw BT150-S3 Black Elevator jest wyposa\u017cony w aluminiow\u0105 g\u0142owic\u0119 ze standardowym gwintem 5\/8\u2033-11, co zapewnia kompatybilno\u015b\u0107 z wi\u0119kszo\u015bci\u0105 niwelator\u00f3w laserowych i instrument\u00f3w geodezyjnych. Dla wi\u0119kszej elastyczno\u015bci, wersja BT150R-S3 posiada zdejmowan\u0105, uchyln\u0105 g\u0142owic\u0119 z gwintem 1\/4\u2033-20. Ta wszechstronno\u015b\u0107 dodatkowo zwi\u0119ksza warto\u015b\u0107 statywu BT150-S3 Black Elevator, pozycjonuj\u0105c go jako niezawodnego <a href=\"https:\/\/mountlaser.com\/pl\/products\/\">Statyw pomiarowy aluminiowy<\/a> dla geodet\u00f3w, in\u017cynier\u00f3w i specjalist\u00f3w z bran\u017cy budowlanej.<\/p>\n<p data-start=\"1157\" data-end=\"1649\"><img fetchpriority=\"high\" decoding=\"async\" class=\"aligncenter wp-image-5995\" src=\"https:\/\/mountlaser.com\/wp-content\/uploads\/2025\/12\/BT150P2.webp\" alt=\"BT150-S3 Black Elevator Tripod\" width=\"500\" height=\"500\" srcset=\"https:\/\/mountlaser.com\/wp-content\/uploads\/2025\/12\/BT150P2.webp 1000w, https:\/\/mountlaser.com\/wp-content\/uploads\/2025\/12\/BT150P2-300x300.webp 300w, https:\/\/mountlaser.com\/wp-content\/uploads\/2025\/12\/BT150P2-150x150.webp 150w, https:\/\/mountlaser.com\/wp-content\/uploads\/2025\/12\/BT150P2-768x768.webp 768w, https:\/\/mountlaser.com\/wp-content\/uploads\/2025\/12\/BT150P2-12x12.webp 12w, https:\/\/mountlaser.com\/wp-content\/uploads\/2025\/12\/BT150P2-600x600.webp 600w, https:\/\/mountlaser.com\/wp-content\/uploads\/2025\/12\/BT150P2-800x800.webp 800w, https:\/\/mountlaser.com\/wp-content\/uploads\/2025\/12\/BT150P2-400x400.webp 400w\" sizes=\"(max-width: 500px) 100vw, 500px\" \/><\/p>\n<p data-start=\"1157\" data-end=\"1649\">Specyfikacja czarnego statywu podnosz\u0105cego BT150-S3<\/p>\n<div>\n<table style=\"border-collapse: collapse; width: 735.77pt;\" border=\"0\" width=\"981\" cellspacing=\"0\" cellpadding=\"0\">\n<tbody>\n<tr style=\"height: 14.25pt;\">\n<td class=\"et2\" style=\"height: 14.25pt; width: 127.50pt;\" width=\"170\" height=\"19\">NUMER<\/td>\n<td class=\"et3\" style=\"width: 92.25pt;\" width=\"123\">KOLOR<\/td>\n<td class=\"et3\" style=\"width: 77.25pt;\" width=\"103\">TWORZYWO<\/td>\n<td class=\"et3\" style=\"width: 96.75pt;\" width=\"129\">WYSOKO\u015a\u0106 STATYWU<\/td>\n<td class=\"et4\" style=\"width: 141.00pt;\" width=\"188\">WYSOKO\u015a\u0106 ROBOCZA<\/td>\n<td class=\"et3\" style=\"width: 201.00pt;\" width=\"268\">NITKA<\/td>\n<\/tr>\n<tr style=\"height: 18.75pt;\">\n<td class=\"et5\" style=\"height: 18.75pt; width: 127.50pt;\" width=\"170\" height=\"25\">BT150-S3<\/td>\n<td class=\"et6\">Czarny<\/td>\n<td class=\"et7\">Aluminium<\/td>\n<td class=\"et6\">54-162 cm<\/td>\n<td class=\"et6\">50-153 cm<\/td>\n<td class=\"et6\">G\u0142owica aluminiowa 5\/8\u2033-11<\/td>\n<\/tr>\n<tr style=\"height: 17.25pt;\">\n<td class=\"et8\" style=\"height: 17.25pt;\" height=\"23\">BT150R-S3<\/td>\n<td class=\"et6\">Czarny<\/td>\n<td class=\"et7\">Aluminium<\/td>\n<td class=\"et6\">61-169 cm<\/td>\n<td class=\"et6\">57-160 cm<\/td>\n<td class=\"et6\">Aluminium 5\/8\u2033-11 + zdejmowany uchylny 1\/4\u2033-20<\/td>\n<\/tr>\n<\/tbody>\n<\/table>\n<\/div>","protected":false},"excerpt":{"rendered":"<ul>\n<li>Zapewnia stabilne podparcie dla poziomic laserowych i instrument\u00f3w geodezyjnych<\/li>\n<li>Regulacja wysoko\u015bci na wz\u00f3r windy, umo\u017cliwiaj\u0105ca precyzyjne pozycjonowanie<\/li>\n<li>Stopy podkowiaste poprawiaj\u0105 stabilno\u015b\u0107 na nier\u00f3wnym lub mi\u0119kkim pod\u0142o\u017cu<\/li>\n<li>Kompatybilny ze standardowymi instrumentami 5\/8\u2033-11 i opcjonalnymi 1\/4\u2033-20<\/li>\n<li>Lekka aluminiowa konstrukcja zapewniaj\u0105ca \u0142atwy transport i trwa\u0142o\u015b\u0107<\/li>\n<\/ul>","protected":false},"featured_media":5997,"comment_status":"open","ping_status":"closed","template":"","meta":[],"product_brand":[],"product_cat":[122,94],"product_tag":[],"class_list":{"0":"post-5993","1":"product","2":"type-product","3":"status-publish","4":"has-post-thumbnail","6":"product_cat-laser-level-tripod","7":"product_cat-laser-level-accessory","9":"first","10":"instock","11":"shipping-taxable","12":"product-type-simple"},"_links":{"self":[{"href":"https:\/\/mountlaser.com\/pl\/wp-json\/wp\/v2\/product\/5993","targetHints":{"allow":["GET"]}}],"collection":[{"href":"https:\/\/mountlaser.com\/pl\/wp-json\/wp\/v2\/product"}],"about":[{"href":"https:\/\/mountlaser.com\/pl\/wp-json\/wp\/v2\/types\/product"}],"replies":[{"embeddable":true,"href":"https:\/\/mountlaser.com\/pl\/wp-json\/wp\/v2\/comments?post=5993"}],"wp:featuredmedia":[{"embeddable":true,"href":"https:\/\/mountlaser.com\/pl\/wp-json\/wp\/v2\/media\/5997"}],"wp:attachment":[{"href":"https:\/\/mountlaser.com\/pl\/wp-json\/wp\/v2\/media?parent=5993"}],"wp:term":[{"taxonomy":"product_brand","embeddable":true,"href":"https:\/\/mountlaser.com\/pl\/wp-json\/wp\/v2\/product_brand?post=5993"},{"taxonomy":"product_cat","embeddable":true,"href":"https:\/\/mountlaser.com\/pl\/wp-json\/wp\/v2\/product_cat?post=5993"},{"taxonomy":"product_tag","embeddable":true,"href":"https:\/\/mountlaser.com\/pl\/wp-json\/wp\/v2\/product_tag?post=5993"}],"curies":[{"name":"wp","href":"https:\/\/api.w.org\/{rel}","templated":true}]}}