{"id":5978,"date":"2025-12-18T06:49:45","date_gmt":"2025-12-18T06:49:45","guid":{"rendered":"https:\/\/mountlaser.com\/?post_type=product&#038;p=5978"},"modified":"2025-12-18T06:49:45","modified_gmt":"2025-12-18T06:49:45","slug":"ys1-120h-laser-level-tripod","status":"publish","type":"product","link":"https:\/\/mountlaser.com\/pl\/produkt\/ys1-120h-laser-level-tripod\/","title":{"rendered":"Statyw do poziomicy laserowej YS1-120H"},"content":{"rendered":"<p data-start=\"285\" data-end=\"798\">Ten <a href=\"https:\/\/mountlaser.com\/pl\/\"><strong data-start=\"289\" data-end=\"320\">Statyw do poziomicy laserowej YS1-120H<\/strong><\/a> to trwa\u0142e i profesjonalne rozwi\u0105zanie wspomagaj\u0105ce, zaprojektowane do precyzyjnego pozycjonowania laserowego na placach budowy i prac geodezyjnych. Zaprojektowane jako <a href=\"https:\/\/mountlaser.com\/pl\/products\/\"><strong data-start=\"468\" data-end=\"500\">\u017b\u00f3\u0142ty stalowy statyw windowy<\/strong><\/a>, \u0141\u0105czy w sobie wytrzyma\u0142\u0105 stalow\u0105 konstrukcj\u0119 ze stabilnymi stopami w kszta\u0142cie podkowy, zapewniaj\u0105c niezawodn\u0105 prac\u0119 na nier\u00f3wnym pod\u0142o\u017cu. YS1-120H, wszechstronny statyw do poziomowania poziomego z \u017c\u00f3\u0142tej stali, zapewnia doskona\u0142\u0105 stabilno\u015b\u0107 i d\u0142ug\u0105 \u017cywotno\u015b\u0107 w wymagaj\u0105cych zastosowaniach terenowych.<\/p>\n<p data-start=\"800\" data-end=\"1338\">Wykonany z wytrzyma\u0142ej stali i wyko\u0144czony w jaskrawym \u017c\u00f3\u0142tym kolorze, statyw laserowy YS1-120H zosta\u0142 zaprojektowany z my\u015bl\u0105 o trudnych warunkach na placu budowy. Ten \u017c\u00f3\u0142ty stalowy statyw do wind posiada zdejmowan\u0105, uchyln\u0105 g\u0142owic\u0119 ze standardowym, wymiennym gwintem 1\/4\u2033-20, dzi\u0119ki czemu jest kompatybilny z szerok\u0105 gam\u0105 poziomic laserowych i przyrz\u0105d\u00f3w pomiarowych. Niezale\u017cnie od tego, czy u\u017cywany jest wewn\u0105trz, czy na zewn\u0105trz, statyw laserowy YS1-120H zapewnia p\u0142ynn\u0105 regulacj\u0119 wysoko\u015bci i niezawodne wsparcie, niczym profesjonalny \u017c\u00f3\u0142ty stalowy statyw do wind.<\/p>\n<p data-start=\"1340\" data-end=\"1795\">Dost\u0119pny w wersjach o wysoko\u015bci 120 cm i 150 cm, statyw laserowy YS1-120H idealnie nadaje si\u0119 dla u\u017cytkownik\u00f3w wymagaj\u0105cych elastyczno\u015bci i precyzji. Konstrukcja stopy w kszta\u0142cie podkowy poprawia przyczepno\u015b\u0107 i stabilno\u015b\u0107 na r\u00f3\u017cnych powierzchniach, a zdejmowana, uchylna g\u0142owica umo\u017cliwia precyzyjn\u0105 regulacj\u0119 k\u0105ta. Zaprojektowany do prac zwi\u0105zanych z uk\u0142adaniem, wyr\u00f3wnywaniem i poziomowaniem konstrukcji, statyw ten jest idealny dla u\u017cytkownik\u00f3w ceni\u0105cych sobie elastyczno\u015b\u0107 i precyzj\u0119. <a href=\"https:\/\/mountlaser.com\/pl\/contact-us\/\">\u017b\u00f3\u0142ty stalowy statyw windowy<\/a> zapewnia sp\u00f3jne wyniki w r\u00f3\u017cnych \u015brodowiskach pracy.<\/p>\n<div>\n<table style=\"border-collapse: collapse; width: 1002.02pt;\" border=\"0\" width=\"1336\" cellspacing=\"0\" cellpadding=\"0\">\n<tbody>\n<tr style=\"height: 14.25pt;\">\n<td class=\"et2\" style=\"height: 14.25pt; width: 127.50pt;\" width=\"170\" height=\"19\">NUMER<\/td>\n<td class=\"et3\" style=\"width: 196.50pt;\" width=\"262\">KOLOR<\/td>\n<td class=\"et3\" style=\"width: 213.00pt;\" width=\"284\">TWORZYWO<\/td>\n<td class=\"et3\" style=\"width: 93.75pt;\" width=\"125\">WYSOKO\u015a\u0106<\/td>\n<td class=\"et3\" style=\"width: 170.25pt;\" width=\"227\">NITKA<\/td>\n<td class=\"et4\" style=\"width: 201.00pt;\" width=\"268\">ZDJ\u0118CIE<\/td>\n<\/tr>\n<tr style=\"height: 14.25pt;\">\n<td class=\"et5\" style=\"height: 14.25pt;\" height=\"19\">YS1-120H<\/td>\n<td class=\"et5\">\u017b\u00f3\u0142ty<\/td>\n<td class=\"et5\">Stal<\/td>\n<td class=\"et5\">120 cm<\/td>\n<td class=\"et5\">5\/8\u2033-11<\/td>\n<td class=\"et6\"><img fetchpriority=\"high\" decoding=\"async\" class=\"aligncenter wp-image-5981\" src=\"https:\/\/mountlaser.com\/wp-content\/uploads\/2025\/12\/YS1150H3.webp\" alt=\"YS1-120H Laser Level Tripod\" width=\"500\" height=\"500\" srcset=\"https:\/\/mountlaser.com\/wp-content\/uploads\/2025\/12\/YS1150H3.webp 1000w, https:\/\/mountlaser.com\/wp-content\/uploads\/2025\/12\/YS1150H3-300x300.webp 300w, https:\/\/mountlaser.com\/wp-content\/uploads\/2025\/12\/YS1150H3-150x150.webp 150w, https:\/\/mountlaser.com\/wp-content\/uploads\/2025\/12\/YS1150H3-768x768.webp 768w, https:\/\/mountlaser.com\/wp-content\/uploads\/2025\/12\/YS1150H3-12x12.webp 12w, https:\/\/mountlaser.com\/wp-content\/uploads\/2025\/12\/YS1150H3-600x600.webp 600w, https:\/\/mountlaser.com\/wp-content\/uploads\/2025\/12\/YS1150H3-800x800.webp 800w, https:\/\/mountlaser.com\/wp-content\/uploads\/2025\/12\/YS1150H3-400x400.webp 400w\" sizes=\"(max-width: 500px) 100vw, 500px\" \/><\/td>\n<\/tr>\n<tr style=\"height: 14.25pt;\">\n<td class=\"et5\" style=\"height: 14.25pt;\" height=\"19\">YS1-150H<\/td>\n<td class=\"et5\">\u017b\u00f3\u0142ty<\/td>\n<td class=\"et5\">Stal<\/td>\n<td class=\"et5\">150 cm<\/td>\n<td class=\"et5\">5\/8\u2033-11<\/td>\n<td class=\"et6\"><img decoding=\"async\" class=\"alignnone wp-image-5983\" src=\"https:\/\/mountlaser.com\/wp-content\/uploads\/2025\/12\/YS1150H5.webp\" alt=\"YS1-120H Laser Level Tripod\" width=\"500\" height=\"500\" srcset=\"https:\/\/mountlaser.com\/wp-content\/uploads\/2025\/12\/YS1150H5.webp 1000w, https:\/\/mountlaser.com\/wp-content\/uploads\/2025\/12\/YS1150H5-300x300.webp 300w, https:\/\/mountlaser.com\/wp-content\/uploads\/2025\/12\/YS1150H5-150x150.webp 150w, https:\/\/mountlaser.com\/wp-content\/uploads\/2025\/12\/YS1150H5-768x768.webp 768w, https:\/\/mountlaser.com\/wp-content\/uploads\/2025\/12\/YS1150H5-12x12.webp 12w, https:\/\/mountlaser.com\/wp-content\/uploads\/2025\/12\/YS1150H5-600x600.webp 600w, https:\/\/mountlaser.com\/wp-content\/uploads\/2025\/12\/YS1150H5-800x800.webp 800w, https:\/\/mountlaser.com\/wp-content\/uploads\/2025\/12\/YS1150H5-400x400.webp 400w\" sizes=\"(max-width: 500px) 100vw, 500px\" \/><\/td>\n<\/tr>\n<\/tbody>\n<\/table>\n<\/div>","protected":false},"excerpt":{"rendered":"<ul>\n<li>Zapewnia stabilne i bezpieczne podparcie poziomnic laserowych podczas zada\u0144 pomiarowych i wyr\u00f3wnywania.<\/li>\n<li>Regulowana konstrukcja windy umo\u017cliwia precyzyjne ustawienie wysoko\u015bci w celu uzyskania dok\u0142adnej projekcji laserowej<\/li>\n<li>Zdejmowana, odchylana g\u0142owica umo\u017cliwia elastyczn\u0105 regulacj\u0119 k\u0105ta, co zwi\u0119ksza u\u017cyteczno\u015b\u0107<\/li>\n<li>Stopy w kszta\u0142cie podkowy poprawiaj\u0105 stabilno\u015b\u0107 na nier\u00f3wnych lub mi\u0119kkich powierzchniach gruntowych<\/li>\n<li>Wyko\u0144czenie w kolorze \u017c\u00f3\u0142tym o wysokiej widoczno\u015bci zwi\u0119ksza bezpiecze\u0144stwo na placu budowy i rozpoznawalno\u015b\u0107 narz\u0119dzi<\/li>\n<\/ul>","protected":false},"featured_media":5980,"comment_status":"open","ping_status":"closed","template":"","meta":[],"product_brand":[],"product_cat":[122,94],"product_tag":[],"class_list":{"0":"post-5978","1":"product","2":"type-product","3":"status-publish","4":"has-post-thumbnail","6":"product_cat-laser-level-tripod","7":"product_cat-laser-level-accessory","9":"first","10":"instock","11":"shipping-taxable","12":"product-type-simple"},"_links":{"self":[{"href":"https:\/\/mountlaser.com\/pl\/wp-json\/wp\/v2\/product\/5978","targetHints":{"allow":["GET"]}}],"collection":[{"href":"https:\/\/mountlaser.com\/pl\/wp-json\/wp\/v2\/product"}],"about":[{"href":"https:\/\/mountlaser.com\/pl\/wp-json\/wp\/v2\/types\/product"}],"replies":[{"embeddable":true,"href":"https:\/\/mountlaser.com\/pl\/wp-json\/wp\/v2\/comments?post=5978"}],"wp:featuredmedia":[{"embeddable":true,"href":"https:\/\/mountlaser.com\/pl\/wp-json\/wp\/v2\/media\/5980"}],"wp:attachment":[{"href":"https:\/\/mountlaser.com\/pl\/wp-json\/wp\/v2\/media?parent=5978"}],"wp:term":[{"taxonomy":"product_brand","embeddable":true,"href":"https:\/\/mountlaser.com\/pl\/wp-json\/wp\/v2\/product_brand?post=5978"},{"taxonomy":"product_cat","embeddable":true,"href":"https:\/\/mountlaser.com\/pl\/wp-json\/wp\/v2\/product_cat?post=5978"},{"taxonomy":"product_tag","embeddable":true,"href":"https:\/\/mountlaser.com\/pl\/wp-json\/wp\/v2\/product_tag?post=5978"}],"curies":[{"name":"wp","href":"https:\/\/api.w.org\/{rel}","templated":true}]}}