{"id":5956,"date":"2025-12-16T05:31:56","date_gmt":"2025-12-16T05:31:56","guid":{"rendered":"https:\/\/mountlaser.com\/?post_type=product&#038;p=5956"},"modified":"2025-12-16T05:31:57","modified_gmt":"2025-12-16T05:31:57","slug":"sc85002-soft-case","status":"publish","type":"product","link":"https:\/\/mountlaser.com\/pl\/produkt\/sc85002-soft-case\/","title":{"rendered":"SC85002 Mi\u0119kki futera\u0142"},"content":{"rendered":"<p>Ten <a href=\"https:\/\/mountlaser.com\/pl\/\"><strong data-start=\"87\" data-end=\"108\">SC85002 Mi\u0119kkie etui<\/strong><\/a> To wytrzyma\u0142a i profesjonalna walizka na tachimetr, zaprojektowana do ochrony instrument\u00f3w geodezyjnych w trudnych warunkach terenowych. Zaprojektowana z my\u015bl\u0105 o niezawodno\u015bci, mi\u0119kka walizka SC85002 zapewnia bezpieczne przechowywanie wi\u0119kszo\u015bci tachimetr\u00f3w, zachowuj\u0105c jednocze\u015bnie mobilno\u015b\u0107 i \u0142atwo\u015b\u0107 u\u017cytkowania. Wykonana z wodoodpornego nylonu ze wzmocnionym, odpornym na \u015bcieranie spodem, ta walizka na tachimetr gwarantuje niezawodn\u0105 prac\u0119 na placach budowy i w projektach geodezyjnych. Dzi\u0119ki 5-centymetrowej piankowej wy\u015bci\u00f3\u0142ce ze wszystkich stron, mi\u0119kka walizka SC85002 poch\u0142ania wstrz\u0105sy i wibracje podczas transportu, chroni\u0105c delikatny sprz\u0119t. Wytrzyma\u0142e paski plecakowe zapewniaj\u0105 wygodne noszenie, dzi\u0119ki czemu walizka tachimetru idealnie nadaje si\u0119 do d\u0142ugich prac w terenie. Zintegrowana przegroda na akcesoria w pokrywie dodatkowo zwi\u0119ksza praktyczno\u015b\u0107 SC85002, zapewniaj\u0105c porz\u0105dek i \u0142atwy dost\u0119p do niezb\u0119dnych narz\u0119dzi wewn\u0105trz tej niezawodnej walizki. <a href=\"https:\/\/mountlaser.com\/pl\/kategoria-produktu\/surveying-accessory\/\"><strong data-start=\"1000\" data-end=\"1022\">Obudowa tachimetru<\/strong><\/a>.<\/p>\n<p><img fetchpriority=\"high\" decoding=\"async\" class=\"aligncenter wp-image-5957\" src=\"https:\/\/mountlaser.com\/wp-content\/uploads\/2025\/12\/SC85002.webp\" alt=\"SC85002 Soft Case\" width=\"500\" height=\"500\" srcset=\"https:\/\/mountlaser.com\/wp-content\/uploads\/2025\/12\/SC85002.webp 800w, https:\/\/mountlaser.com\/wp-content\/uploads\/2025\/12\/SC85002-300x300.webp 300w, https:\/\/mountlaser.com\/wp-content\/uploads\/2025\/12\/SC85002-150x150.webp 150w, https:\/\/mountlaser.com\/wp-content\/uploads\/2025\/12\/SC85002-768x768.webp 768w, https:\/\/mountlaser.com\/wp-content\/uploads\/2025\/12\/SC85002-12x12.webp 12w, https:\/\/mountlaser.com\/wp-content\/uploads\/2025\/12\/SC85002-600x600.webp 600w, https:\/\/mountlaser.com\/wp-content\/uploads\/2025\/12\/SC85002-400x400.webp 400w\" sizes=\"(max-width: 500px) 100vw, 500px\" \/><\/p>\n<p>Ten <a href=\"https:\/\/mountlaser.com\/pl\/about-us\/\"><strong data-start=\"1533\" data-end=\"1554\">SC85002 Mi\u0119kkie etui<\/strong><\/a> to niezawodna walizka na tachimetr \u0142\u0105cz\u0105ca w sobie ochron\u0119, wygod\u0119 i trwa\u0142o\u015b\u0107, co czyni j\u0105 niezb\u0119dnym rozwi\u0105zaniem transportowym dla profesjonalnych geodet\u00f3w.<\/p>","protected":false},"excerpt":{"rendered":"<ul>\n<li>Pe\u0142ni funkcj\u0119 wytrzyma\u0142ej obudowy tachimetru w trudnych warunkach terenowych<\/li>\n<li>Wodoodporna pow\u0142oka nylonowa chroni przed wilgoci\u0105 i kurzem<\/li>\n<li>2-calowa piankowa wy\u015bci\u00f3\u0142ka ze wszystkich stron zapewniaj\u0105ca doskona\u0142\u0105 ochron\u0119 przed wstrz\u0105sami<\/li>\n<li>Wytrzyma\u0142e paski plecakowe zapewniaj\u0105ce wygodne noszenie<\/li>\n<li>Nadaje si\u0119 do wi\u0119kszo\u015bci tachimetr\u00f3w<\/li>\n<li>Wymiary zewn\u0119trzne: 30 \u00d7 28 \u00d7 50 cm<\/li>\n<\/ul>","protected":false},"featured_media":5957,"comment_status":"open","ping_status":"closed","template":"","meta":[],"product_brand":[],"product_cat":[164,79],"product_tag":[],"class_list":{"0":"post-5956","1":"product","2":"type-product","3":"status-publish","4":"has-post-thumbnail","6":"product_cat-soft-case","7":"product_cat-surveying-accessory","9":"first","10":"instock","11":"shipping-taxable","12":"product-type-simple"},"_links":{"self":[{"href":"https:\/\/mountlaser.com\/pl\/wp-json\/wp\/v2\/product\/5956","targetHints":{"allow":["GET"]}}],"collection":[{"href":"https:\/\/mountlaser.com\/pl\/wp-json\/wp\/v2\/product"}],"about":[{"href":"https:\/\/mountlaser.com\/pl\/wp-json\/wp\/v2\/types\/product"}],"replies":[{"embeddable":true,"href":"https:\/\/mountlaser.com\/pl\/wp-json\/wp\/v2\/comments?post=5956"}],"wp:featuredmedia":[{"embeddable":true,"href":"https:\/\/mountlaser.com\/pl\/wp-json\/wp\/v2\/media\/5957"}],"wp:attachment":[{"href":"https:\/\/mountlaser.com\/pl\/wp-json\/wp\/v2\/media?parent=5956"}],"wp:term":[{"taxonomy":"product_brand","embeddable":true,"href":"https:\/\/mountlaser.com\/pl\/wp-json\/wp\/v2\/product_brand?post=5956"},{"taxonomy":"product_cat","embeddable":true,"href":"https:\/\/mountlaser.com\/pl\/wp-json\/wp\/v2\/product_cat?post=5956"},{"taxonomy":"product_tag","embeddable":true,"href":"https:\/\/mountlaser.com\/pl\/wp-json\/wp\/v2\/product_tag?post=5956"}],"curies":[{"name":"wp","href":"https:\/\/api.w.org\/{rel}","templated":true}]}}