{"id":5952,"date":"2025-12-16T03:15:21","date_gmt":"2025-12-16T03:15:21","guid":{"rendered":"https:\/\/mountlaser.com\/?post_type=product&#038;p=5952"},"modified":"2025-12-16T03:15:22","modified_gmt":"2025-12-16T03:15:22","slug":"sc82001-82002-soft-case","status":"publish","type":"product","link":"https:\/\/mountlaser.com\/pl\/produkt\/sc82001-82002-soft-case\/","title":{"rendered":"SC82001 Mi\u0119kki futera\u0142"},"content":{"rendered":"<p>Ten <a href=\"https:\/\/mountlaser.com\/pl\/\"><strong>SC82001\/82002 Mi\u0119kki futera\u0142<\/strong><\/a> To profesjonalny uchwyt na spray z kieszeniami i klipsem, zaprojektowany specjalnie dla geodet\u00f3w i specjalist\u00f3w budowlanych, kt\u00f3rzy potrzebuj\u0105 szybkiego i zorganizowanego dost\u0119pu do narz\u0119dzi do znakowania w terenie. Wykonany z wytrzyma\u0142ego nylonu Cordura 1000D, mi\u0119kki futera\u0142 SC82001\/82002 zapewnia doskona\u0142\u0105 odporno\u015b\u0107 na rozdarcia i \u015bcieranie, co umo\u017cliwia d\u0142ugotrwa\u0142e u\u017cytkowanie na zewn\u0105trz. Jako wszechstronny <a href=\"https:\/\/mountlaser.com\/pl\/kategoria-produktu\/surveying-accessory\/\"><strong>Uchwyt na spray z kieszeniami i klipsem<\/strong><\/a>, Bezpiecznie pomie\u015bci standardow\u0105 puszk\u0119 z farb\u0105 lub dwie puszki po napojach o pojemno\u015bci 12 uncji (ok. 350 ml), a tak\u017ce niezb\u0119dne akcesoria, takie jak d\u0142ugopisy, o\u0142\u00f3wki i linijki. Mi\u0119kki futera\u0142 SC82001\/82002 wyposa\u017cony jest w paski zabezpieczaj\u0105ce na rzepy i usztywnion\u0105 kiesze\u0144 na puszk\u0119, co zapewnia szybki dost\u0119p, a uchwyt na spray z kieszeniami i klipsem gwarantuje, \u017ce wszystko pozostanie na swoim miejscu podczas transportu. Dla dodatkowej przestrzeni do przechowywania, wersja SC82002 mi\u0119kkiego futera\u0142u SC82001\/82002 posiada poziom\u0105 kiesze\u0144 zapinan\u0105 na zamek u do\u0142u, co zwi\u0119ksza funkcjonalno\u015b\u0107 tego uchwytu na spray z kieszeniami i klipsem w wymagaj\u0105cych miejscach pracy.<\/p>\n<p><img fetchpriority=\"high\" decoding=\"async\" class=\"aligncenter wp-image-5953\" src=\"https:\/\/mountlaser.com\/wp-content\/uploads\/2025\/12\/SC82001.webp\" alt=\"SC82001\/82002 Soft case\" width=\"500\" height=\"500\" srcset=\"https:\/\/mountlaser.com\/wp-content\/uploads\/2025\/12\/SC82001.webp 1000w, https:\/\/mountlaser.com\/wp-content\/uploads\/2025\/12\/SC82001-300x300.webp 300w, https:\/\/mountlaser.com\/wp-content\/uploads\/2025\/12\/SC82001-150x150.webp 150w, https:\/\/mountlaser.com\/wp-content\/uploads\/2025\/12\/SC82001-768x768.webp 768w, https:\/\/mountlaser.com\/wp-content\/uploads\/2025\/12\/SC82001-12x12.webp 12w, https:\/\/mountlaser.com\/wp-content\/uploads\/2025\/12\/SC82001-600x600.webp 600w, https:\/\/mountlaser.com\/wp-content\/uploads\/2025\/12\/SC82001-800x800.webp 800w, https:\/\/mountlaser.com\/wp-content\/uploads\/2025\/12\/SC82001-400x400.webp 400w\" sizes=\"(max-width: 500px) 100vw, 500px\" \/><\/p>\n<p>Ten <a href=\"https:\/\/mountlaser.com\/pl\/contact-us\/\">SC82001\/82002 Mi\u0119kki futera\u0142<\/a> to wytrzyma\u0142y i praktyczny uchwyt na pojemnik z aerozolem, wyposa\u017cony w kieszenie i klips, zapewniaj\u0105cy trwa\u0142o\u015b\u0107, porz\u0105dek i wygod\u0119 podczas profesjonalnych prac geodezyjnych i znakowania obiekt\u00f3w budowlanych.<\/p>","protected":false},"excerpt":{"rendered":"<ul>\n<li>Pe\u0142ni funkcj\u0119 wytrzyma\u0142ego uchwytu na pojemnik z aerozolem, z kieszeniami i klipsem do znakowania w terenie<\/li>\n<li>Wiele kieszeni na d\u0142ugopisy, o\u0142\u00f3wki i linijki sk\u0142adane<\/li>\n<li>Paski bezpiecze\u0144stwa z rzepem zapewniaj\u0105 stabilno\u015b\u0107 narz\u0119dzi podczas przemieszczania<\/li>\n<li>Szlufka na pasek o szeroko\u015bci 2 cali z wzmocnion\u0105 ta\u015bm\u0105 nylonow\u0105<\/li>\n<li>Wytrzyma\u0142y plastikowy klips zapewniaj\u0105cy bezpieczne mocowanie do paska<\/li>\n<li>Model SC82002 posiada doln\u0105 kiesze\u0144 zapinan\u0105 na zamek, zapewniaj\u0105c\u0105 dodatkow\u0105 przestrze\u0144 do przechowywania<\/li>\n<\/ul>","protected":false},"featured_media":5953,"comment_status":"open","ping_status":"closed","template":"","meta":[],"product_brand":[],"product_cat":[164,79],"product_tag":[],"class_list":{"0":"post-5952","1":"product","2":"type-product","3":"status-publish","4":"has-post-thumbnail","6":"product_cat-soft-case","7":"product_cat-surveying-accessory","9":"first","10":"instock","11":"shipping-taxable","12":"product-type-simple"},"_links":{"self":[{"href":"https:\/\/mountlaser.com\/pl\/wp-json\/wp\/v2\/product\/5952","targetHints":{"allow":["GET"]}}],"collection":[{"href":"https:\/\/mountlaser.com\/pl\/wp-json\/wp\/v2\/product"}],"about":[{"href":"https:\/\/mountlaser.com\/pl\/wp-json\/wp\/v2\/types\/product"}],"replies":[{"embeddable":true,"href":"https:\/\/mountlaser.com\/pl\/wp-json\/wp\/v2\/comments?post=5952"}],"wp:featuredmedia":[{"embeddable":true,"href":"https:\/\/mountlaser.com\/pl\/wp-json\/wp\/v2\/media\/5953"}],"wp:attachment":[{"href":"https:\/\/mountlaser.com\/pl\/wp-json\/wp\/v2\/media?parent=5952"}],"wp:term":[{"taxonomy":"product_brand","embeddable":true,"href":"https:\/\/mountlaser.com\/pl\/wp-json\/wp\/v2\/product_brand?post=5952"},{"taxonomy":"product_cat","embeddable":true,"href":"https:\/\/mountlaser.com\/pl\/wp-json\/wp\/v2\/product_cat?post=5952"},{"taxonomy":"product_tag","embeddable":true,"href":"https:\/\/mountlaser.com\/pl\/wp-json\/wp\/v2\/product_tag?post=5952"}],"curies":[{"name":"wp","href":"https:\/\/api.w.org\/{rel}","templated":true}]}}