{"id":5944,"date":"2025-12-16T01:55:33","date_gmt":"2025-12-16T01:55:33","guid":{"rendered":"https:\/\/mountlaser.com\/?post_type=product&#038;p=5944"},"modified":"2025-12-16T01:55:33","modified_gmt":"2025-12-16T01:55:33","slug":"bl30-bubble-level","status":"publish","type":"product","link":"https:\/\/mountlaser.com\/pl\/produkt\/bl30-bubble-level\/","title":{"rendered":"Poziomica p\u0119cherzykowa BL30"},"content":{"rendered":"<p>Ten <a href=\"https:\/\/mountlaser.com\/pl\/\"><strong>Poziomica p\u0119cherzykowa BL30<\/strong><\/a> to precyzyjny instrument geodezyjny, poziomnica p\u0119cherzykowa, zaprojektowana specjalnie do cyfrowych niwelator\u00f3w szwajcarskich. Jako poziomnica p\u0119cherzykowa o wysokiej dok\u0142adno\u015bci do DNA03, zapewnia szybkie i niezawodne poziomowanie podczas monta\u017cu, pomagaj\u0105c geodetom wykonywa\u0107 precyzyjne pomiary z pewno\u015bci\u0105 siebie. Poziomnica p\u0119cherzykowa BL30 zosta\u0142a zaprojektowana zgodnie z oryginaln\u0105 specyfikacj\u0105 DNA03, co czyni j\u0105 idealnym zamiennikiem lub akcesorium dla profesjonalist\u00f3w pracuj\u0105cych w terenie. Zaprojektowana jako niezawodny <a href=\"https:\/\/mountlaser.com\/pl\/kategoria-produktu\/surveying-accessory\/\"><strong>poziomica do DNA03<\/strong><\/a>, Poziomnica BL30 zapewnia doskona\u0142\u0105 widoczno\u015b\u0107 i stabiln\u0105 prac\u0119 w wymagaj\u0105cych warunkach geodezyjnych. Niezale\u017cnie od tego, czy jest u\u017cywana do rutynowych kontroli, czy profesjonalnych zada\u0144 niwelacyjnych, ta poziomnica do DNA03 gwarantuje sta\u0142\u0105 dok\u0142adno\u015b\u0107 i d\u0142ugotrwa\u0142\u0105 niezawodno\u015b\u0107.<\/p>\n<p><img fetchpriority=\"high\" decoding=\"async\" class=\"aligncenter wp-image-5945\" src=\"https:\/\/mountlaser.com\/wp-content\/uploads\/2025\/12\/BL301.webp\" alt=\"BL30 Bubble Level\" width=\"500\" height=\"500\" srcset=\"https:\/\/mountlaser.com\/wp-content\/uploads\/2025\/12\/BL301.webp 1000w, https:\/\/mountlaser.com\/wp-content\/uploads\/2025\/12\/BL301-300x300.webp 300w, https:\/\/mountlaser.com\/wp-content\/uploads\/2025\/12\/BL301-150x150.webp 150w, https:\/\/mountlaser.com\/wp-content\/uploads\/2025\/12\/BL301-768x768.webp 768w, https:\/\/mountlaser.com\/wp-content\/uploads\/2025\/12\/BL301-12x12.webp 12w, https:\/\/mountlaser.com\/wp-content\/uploads\/2025\/12\/BL301-600x600.webp 600w, https:\/\/mountlaser.com\/wp-content\/uploads\/2025\/12\/BL301-800x800.webp 800w, https:\/\/mountlaser.com\/wp-content\/uploads\/2025\/12\/BL301-400x400.webp 400w\" sizes=\"(max-width: 500px) 100vw, 500px\" \/><\/p>\n<p>Poziomica b\u0105belkowa BL30 to niezawodna i precyzyjna <a href=\"https:\/\/mountlaser.com\/pl\/contact-us\/\">poziomica do DNA03<\/a>, oferuj\u0105c doskona\u0142\u0105 widoczno\u015b\u0107, dok\u0142adne poziomowanie i niezawodn\u0105 prac\u0119 w profesjonalnych zastosowaniach geodezyjnych.<\/p>","protected":false},"excerpt":{"rendered":"<ul>\n<li>Zapewnia dok\u0142adne poziomowanie instrument\u00f3w w cyfrowych niwelatorach DNA03 typu szwajcarskiego<\/li>\n<li>Zaprojektowana specjalnie jako poziomnica p\u0119cherzykowa, zapewniaj\u0105ca zgodno\u015b\u0107 z DNA03<\/li>\n<li>Zwi\u0119ksza szybko\u015b\u0107 konfiguracji i niezawodno\u015b\u0107 pomiaru<\/li>\n<li>Dobrze widoczna ba\u0144ka u\u0142atwiaj\u0105ca odczyt w warunkach terenowych<\/li>\n<li>Trwa\u0142a konstrukcja do d\u0142ugotrwa\u0142ego u\u017cytkowania geodezyjnego<\/li>\n<\/ul>","protected":false},"featured_media":5946,"comment_status":"open","ping_status":"closed","template":"","meta":[],"product_brand":[],"product_cat":[153,79],"product_tag":[],"class_list":{"0":"post-5944","1":"product","2":"type-product","3":"status-publish","4":"has-post-thumbnail","6":"product_cat-bubble-for-tribrach-carrier-prism","7":"product_cat-surveying-accessory","9":"first","10":"instock","11":"shipping-taxable","12":"product-type-simple"},"_links":{"self":[{"href":"https:\/\/mountlaser.com\/pl\/wp-json\/wp\/v2\/product\/5944","targetHints":{"allow":["GET"]}}],"collection":[{"href":"https:\/\/mountlaser.com\/pl\/wp-json\/wp\/v2\/product"}],"about":[{"href":"https:\/\/mountlaser.com\/pl\/wp-json\/wp\/v2\/types\/product"}],"replies":[{"embeddable":true,"href":"https:\/\/mountlaser.com\/pl\/wp-json\/wp\/v2\/comments?post=5944"}],"wp:featuredmedia":[{"embeddable":true,"href":"https:\/\/mountlaser.com\/pl\/wp-json\/wp\/v2\/media\/5946"}],"wp:attachment":[{"href":"https:\/\/mountlaser.com\/pl\/wp-json\/wp\/v2\/media?parent=5944"}],"wp:term":[{"taxonomy":"product_brand","embeddable":true,"href":"https:\/\/mountlaser.com\/pl\/wp-json\/wp\/v2\/product_brand?post=5944"},{"taxonomy":"product_cat","embeddable":true,"href":"https:\/\/mountlaser.com\/pl\/wp-json\/wp\/v2\/product_cat?post=5944"},{"taxonomy":"product_tag","embeddable":true,"href":"https:\/\/mountlaser.com\/pl\/wp-json\/wp\/v2\/product_tag?post=5944"}],"curies":[{"name":"wp","href":"https:\/\/api.w.org\/{rel}","templated":true}]}}