{"id":5935,"date":"2025-12-16T01:16:22","date_gmt":"2025-12-16T01:16:22","guid":{"rendered":"https:\/\/mountlaser.com\/?post_type=product&#038;p=5935"},"modified":"2025-12-16T01:16:22","modified_gmt":"2025-12-16T01:16:22","slug":"gfz3-diagonal-eyepiece","status":"publish","type":"product","link":"https:\/\/mountlaser.com\/pl\/produkt\/gfz3-diagonal-eyepiece\/","title":{"rendered":"Okular diagonalny GFZ3"},"content":{"rendered":"<p>Ten <a href=\"https:\/\/mountlaser.com\/pl\/\"><strong data-start=\"104\" data-end=\"130\">Okular diagonalny GFZ3<\/strong><\/a> to precyzyjne akcesorium optyczne zaprojektowane w celu poprawy komfortu obserwacji i wydajno\u015bci pracy podczas obs\u0142ugi tachimetr\u00f3w typu szwajcarskiego. Jako profesjonalista <a href=\"https:\/\/mountlaser.com\/pl\/kategoria-produktu\/surveying-accessory\/\"><strong data-start=\"283\" data-end=\"319\">okular diagonalny do typu szwajcarskiego<\/strong><\/a> W przypadku instrument\u00f3w zastosowano niezawodne z\u0142\u0105cze bagnetowe, kt\u00f3re zapewnia szybk\u0105 instalacj\u0119 i bezpieczne dopasowanie. Okular diagonalny GFZ3 pozwala geodetom obserwowa\u0107 cele pod bardziej ergonomicznym k\u0105tem, zmniejszaj\u0105c obci\u0105\u017cenie szyi podczas d\u0142ugich sesji pomiarowych lub pracy w pozycji nisko po\u0142o\u017conej.<\/p>\n<p><img fetchpriority=\"high\" decoding=\"async\" class=\"aligncenter wp-image-5936\" src=\"https:\/\/mountlaser.com\/wp-content\/uploads\/2025\/12\/GFZ31.webp\" alt=\"GFZ3 Diagonal Eyepiece\" width=\"500\" height=\"500\" srcset=\"https:\/\/mountlaser.com\/wp-content\/uploads\/2025\/12\/GFZ31.webp 800w, https:\/\/mountlaser.com\/wp-content\/uploads\/2025\/12\/GFZ31-300x300.webp 300w, https:\/\/mountlaser.com\/wp-content\/uploads\/2025\/12\/GFZ31-150x150.webp 150w, https:\/\/mountlaser.com\/wp-content\/uploads\/2025\/12\/GFZ31-768x768.webp 768w, https:\/\/mountlaser.com\/wp-content\/uploads\/2025\/12\/GFZ31-12x12.webp 12w, https:\/\/mountlaser.com\/wp-content\/uploads\/2025\/12\/GFZ31-600x600.webp 600w, https:\/\/mountlaser.com\/wp-content\/uploads\/2025\/12\/GFZ31-400x400.webp 400w\" sizes=\"(max-width: 500px) 100vw, 500px\" \/><\/p>\n<p>Zaprojektowany specjalnie jako okular diagonalny do tachimetr\u00f3w typu szwajcarskiego, okular diagonalny GFZ3 zapewnia stabilne ustawienie optyczne i sp\u00f3jn\u0105 jako\u015b\u0107 obrazu. Dost\u0119pny w wyko\u0144czeniu zielonym i czarnym. <a href=\"https:\/\/mountlaser.com\/pl\/contact-us\/\">okular diagonalny do typu szwajcarskiego<\/a> Tachimetry \u0142\u0105cz\u0105 w sobie trwa\u0142o\u015b\u0107, wygod\u0119 i profesjonaln\u0105 wydajno\u015b\u0107 w wymagaj\u0105cych warunkach terenowych.<\/p>","protected":false},"excerpt":{"rendered":"<ul>\n<li>Zwi\u0119ksza komfort operatora poprzez zmian\u0119 k\u0105ta widzenia<\/li>\n<li>Mocowanie bagnetowe zapewniaj\u0105ce szybkie i bezpieczne mocowanie<\/li>\n<li>Zaprojektowany specjalnie jako okular diagonalny do tachimetr\u00f3w typu szwajcarskiego<\/li>\n<li>Zmniejsza zm\u0119czenie podczas d\u0142ugotrwa\u0142ych prac geodezyjnych<\/li>\n<li>Dost\u0119pne w kolorze zielonym i czarnym<\/li>\n<\/ul>","protected":false},"featured_media":5936,"comment_status":"open","ping_status":"closed","template":"","meta":[],"product_brand":[],"product_cat":[166,79],"product_tag":[],"class_list":{"0":"post-5935","1":"product","2":"type-product","3":"status-publish","4":"has-post-thumbnail","6":"product_cat-diagonal-eyepiece","7":"product_cat-surveying-accessory","9":"first","10":"instock","11":"shipping-taxable","12":"product-type-simple"},"_links":{"self":[{"href":"https:\/\/mountlaser.com\/pl\/wp-json\/wp\/v2\/product\/5935","targetHints":{"allow":["GET"]}}],"collection":[{"href":"https:\/\/mountlaser.com\/pl\/wp-json\/wp\/v2\/product"}],"about":[{"href":"https:\/\/mountlaser.com\/pl\/wp-json\/wp\/v2\/types\/product"}],"replies":[{"embeddable":true,"href":"https:\/\/mountlaser.com\/pl\/wp-json\/wp\/v2\/comments?post=5935"}],"wp:featuredmedia":[{"embeddable":true,"href":"https:\/\/mountlaser.com\/pl\/wp-json\/wp\/v2\/media\/5936"}],"wp:attachment":[{"href":"https:\/\/mountlaser.com\/pl\/wp-json\/wp\/v2\/media?parent=5935"}],"wp:term":[{"taxonomy":"product_brand","embeddable":true,"href":"https:\/\/mountlaser.com\/pl\/wp-json\/wp\/v2\/product_brand?post=5935"},{"taxonomy":"product_cat","embeddable":true,"href":"https:\/\/mountlaser.com\/pl\/wp-json\/wp\/v2\/product_cat?post=5935"},{"taxonomy":"product_tag","embeddable":true,"href":"https:\/\/mountlaser.com\/pl\/wp-json\/wp\/v2\/product_tag?post=5935"}],"curies":[{"name":"wp","href":"https:\/\/api.w.org\/{rel}","templated":true}]}}