{"id":5934,"date":"2025-12-15T09:26:34","date_gmt":"2025-12-15T09:26:34","guid":{"rendered":"https:\/\/mountlaser.com\/?post_type=product&#038;p=5934"},"modified":"2025-12-15T09:26:34","modified_gmt":"2025-12-15T09:26:34","slug":"gfz4-diagonal-eyepiece","status":"publish","type":"product","link":"https:\/\/mountlaser.com\/pl\/produkt\/gfz4-diagonal-eyepiece\/","title":{"rendered":"Okular diagonalny GFZ4"},"content":{"rendered":"<p>Ten <strong data-start=\"139\" data-end=\"165\"><a href=\"https:\/\/mountlaser.com\/pl\/\">Okular diagonalny GFZ4<\/a>e<\/strong> To wysokiej jako\u015bci akcesorium optyczne zaprojektowane w celu zwi\u0119kszenia komfortu obserwacji i wydajno\u015bci pracy z tachimetrami. Jako okular diagonalny do tachimetr\u00f3w, zmienia k\u0105t widzenia, aby zmniejszy\u0107 obci\u0105\u017cenie szyi i oczu podczas d\u0142ugotrwa\u0142ych obserwacji, szczeg\u00f3lnie w niskich lub niewygodnych pozycjach instrumentu. Okular diagonalny GFZ4 charakteryzuje si\u0119 \u015brubow\u0105 konstrukcj\u0105, specjalnie kompatybiln\u0105 z tachimetrami szwajcarskimi, zapewniaj\u0105c\u0105 bezpieczn\u0105 instalacj\u0119 i stabiln\u0105 prac\u0119. Dost\u0119pny w wyko\u0144czeniu zielonym i czarnym, ten okular diagonalny jest dost\u0119pny w kolorze zielonym i czarnym. <a href=\"https:\/\/mountlaser.com\/pl\/kategoria-produktu\/surveying-accessory\/\"><strong data-start=\"702\" data-end=\"741\">okular diagonalny do tachimetru<\/strong><\/a> \u0142\u0105czy trwa\u0142o\u015b\u0107 z precyzyjnym ustawieniem optycznym.<\/p>\n<p><img fetchpriority=\"high\" decoding=\"async\" class=\"aligncenter wp-image-5926\" src=\"https:\/\/mountlaser.com\/wp-content\/uploads\/2025\/12\/GFZ4\u9ed1.webp\" alt=\"GFZ4 Diagonal Eyepiece\" width=\"500\" height=\"500\" srcset=\"https:\/\/mountlaser.com\/wp-content\/uploads\/2025\/12\/GFZ4\u9ed1.webp 1000w, https:\/\/mountlaser.com\/wp-content\/uploads\/2025\/12\/GFZ4\u9ed1-300x300.webp 300w, https:\/\/mountlaser.com\/wp-content\/uploads\/2025\/12\/GFZ4\u9ed1-150x150.webp 150w, https:\/\/mountlaser.com\/wp-content\/uploads\/2025\/12\/GFZ4\u9ed1-768x768.webp 768w, https:\/\/mountlaser.com\/wp-content\/uploads\/2025\/12\/GFZ4\u9ed1-12x12.webp 12w, https:\/\/mountlaser.com\/wp-content\/uploads\/2025\/12\/GFZ4\u9ed1-600x600.webp 600w, https:\/\/mountlaser.com\/wp-content\/uploads\/2025\/12\/GFZ4\u9ed1-800x800.webp 800w, https:\/\/mountlaser.com\/wp-content\/uploads\/2025\/12\/GFZ4\u9ed1-400x400.webp 400w\" sizes=\"(max-width: 500px) 100vw, 500px\" \/><\/p>\n<p>Niezale\u017cnie od tego, czy jest u\u017cywany do rutynowych pomiar\u00f3w, czy do rozszerzonych zada\u0144 geodezyjnych, <a href=\"https:\/\/mountlaser.com\/pl\/contact-us\/\"><strong data-start=\"865\" data-end=\"891\">Okular diagonalny GFZ4<\/strong><\/a> zapewnia niezawodne i ergonomiczne rozwi\u0105zanie, dzi\u0119ki czemu jest niezb\u0119dnym okularem diagonalnym do zastosowa\u0144 w tachimetrach.<\/p>","protected":false},"excerpt":{"rendered":"<ul>\n<li>Poprawia ergonomi\u0119 ogl\u0105dania poprzez zmian\u0119 k\u0105ta obserwacji<\/li>\n<li>Zmniejsza zm\u0119czenie operatora podczas d\u0142ugich sesji pomiarowych<\/li>\n<li>Po\u0142\u0105czenie \u015brubowe zapewnia solidny i dok\u0142adny monta\u017c<\/li>\n<li>Kompatybilny ze szwajcarskimi tachimetrami<\/li>\n<li>Dost\u0119pne w kolorze zielonym i czarnym<\/li>\n<\/ul>","protected":false},"featured_media":5931,"comment_status":"open","ping_status":"closed","template":"","meta":[],"product_brand":[],"product_cat":[166,79],"product_tag":[],"class_list":{"0":"post-5934","1":"product","2":"type-product","3":"status-publish","4":"has-post-thumbnail","6":"product_cat-diagonal-eyepiece","7":"product_cat-surveying-accessory","9":"first","10":"instock","11":"shipping-taxable","12":"product-type-simple"},"_links":{"self":[{"href":"https:\/\/mountlaser.com\/pl\/wp-json\/wp\/v2\/product\/5934","targetHints":{"allow":["GET"]}}],"collection":[{"href":"https:\/\/mountlaser.com\/pl\/wp-json\/wp\/v2\/product"}],"about":[{"href":"https:\/\/mountlaser.com\/pl\/wp-json\/wp\/v2\/types\/product"}],"replies":[{"embeddable":true,"href":"https:\/\/mountlaser.com\/pl\/wp-json\/wp\/v2\/comments?post=5934"}],"wp:featuredmedia":[{"embeddable":true,"href":"https:\/\/mountlaser.com\/pl\/wp-json\/wp\/v2\/media\/5931"}],"wp:attachment":[{"href":"https:\/\/mountlaser.com\/pl\/wp-json\/wp\/v2\/media?parent=5934"}],"wp:term":[{"taxonomy":"product_brand","embeddable":true,"href":"https:\/\/mountlaser.com\/pl\/wp-json\/wp\/v2\/product_brand?post=5934"},{"taxonomy":"product_cat","embeddable":true,"href":"https:\/\/mountlaser.com\/pl\/wp-json\/wp\/v2\/product_cat?post=5934"},{"taxonomy":"product_tag","embeddable":true,"href":"https:\/\/mountlaser.com\/pl\/wp-json\/wp\/v2\/product_tag?post=5934"}],"curies":[{"name":"wp","href":"https:\/\/api.w.org\/{rel}","templated":true}]}}