{"id":5918,"date":"2025-12-15T09:06:43","date_gmt":"2025-12-15T09:06:43","guid":{"rendered":"https:\/\/mountlaser.com\/?post_type=product&#038;p=5918"},"modified":"2025-12-15T09:09:10","modified_gmt":"2025-12-15T09:09:10","slug":"de20-diagonal-eyepiece","status":"publish","type":"product","link":"https:\/\/mountlaser.com\/pl\/produkt\/de20-diagonal-eyepiece\/","title":{"rendered":"Okular diagonalny DE20"},"content":{"rendered":"<p>Zwi\u0119ksz komfort i precyzj\u0119 pracy w terenie dzi\u0119ki Mountlaser <a href=\"https:\/\/mountlaser.com\/pl\/\">Okular diagonalny DE20<\/a>. To niezb\u0119dne akcesorium zosta\u0142o zaprojektowane tak, aby bezproblemowo integrowa\u0107 si\u0119 z tachimetrem, oferuj\u0105c doskona\u0142e rozwi\u0105zanie do przegl\u0105dania danych w przypadku trudnych pomiar\u00f3w. Jako dedykowane <strong><a href=\"https:\/\/mountlaser.com\/pl\/\">Okular diagonalny do tachimetru<\/a><\/strong>, Model DE20 zmienia Tw\u00f3j tok pracy, umo\u017cliwiaj\u0105c przyj\u0119cie bardziej ergonomicznej postawy podczas obserwacji.<\/p>\n<p>Podstawow\u0105 funkcj\u0105 tego wysokiej jako\u015bci k\u0105towego okularu tachimetrycznego jest zmniejszenie obci\u0105\u017cenia szyi i plec\u00f3w operatora. Zapewniaj\u0105c k\u0105t widzenia 45 stopni, eliminuje konieczno\u015b\u0107 schylania si\u0119 lub kucania w niewygodnej pozycji podczas celowania przez lunet\u0119. Ta ergonomiczna konstrukcja bezpo\u015brednio przyczynia si\u0119 do lepszej ostro\u015bci i mniejszego zm\u0119czenia podczas d\u0142ugich sesji geodezyjnych, co przek\u0142ada si\u0119 na bardziej wiarygodny i sp\u00f3jny zbi\u00f3r danych.<\/p>\n<p><img fetchpriority=\"high\" decoding=\"async\" class=\"aligncenter wp-image-5920\" src=\"https:\/\/mountlaser.com\/wp-content\/uploads\/2025\/12\/DE202.webp\" alt=\"Total Station Angled Eyepiece\" width=\"500\" height=\"500\" srcset=\"https:\/\/mountlaser.com\/wp-content\/uploads\/2025\/12\/DE202.webp 1000w, https:\/\/mountlaser.com\/wp-content\/uploads\/2025\/12\/DE202-300x300.webp 300w, https:\/\/mountlaser.com\/wp-content\/uploads\/2025\/12\/DE202-150x150.webp 150w, https:\/\/mountlaser.com\/wp-content\/uploads\/2025\/12\/DE202-768x768.webp 768w, https:\/\/mountlaser.com\/wp-content\/uploads\/2025\/12\/DE202-12x12.webp 12w, https:\/\/mountlaser.com\/wp-content\/uploads\/2025\/12\/DE202-600x600.webp 600w, https:\/\/mountlaser.com\/wp-content\/uploads\/2025\/12\/DE202-800x800.webp 800w, https:\/\/mountlaser.com\/wp-content\/uploads\/2025\/12\/DE202-400x400.webp 400w\" sizes=\"(max-width: 500px) 100vw, 500px\" \/><\/p>\n<p>Zaprojektowany specjalnie z my\u015bl\u0105 o kompatybilno\u015bci, ten okular diagonalny do tachimetr\u00f3w idealnie pasuje do modeli LDT, takich jak 302, 302L, 402E, 402EL, 402A i 402AL. Jego precyzyjna konstrukcja gwarantuje bezpieczne dopasowanie i zachowuje integralno\u015b\u0107 optyczn\u0105 instrumentu.<\/p>\n<p>&nbsp;<\/p>\n<p>&nbsp;<\/p>","protected":false},"excerpt":{"rendered":"<ul>\n<li>Okular diagonalny Mountlaser DE20 to niezb\u0119dne ulepszenie dla ka\u017cdego geodety.<\/li>\n<li>Okular k\u0105towy tachimetru mistrzowsko \u0142\u0105czy ergonomiczny komfort z precyzj\u0105 optyczn\u0105, bezpo\u015brednio podejmuj\u0105c cz\u0119ste wyzwania fizyczne wyst\u0119puj\u0105ce w terenie.<\/li>\n<li>Umo\u017cliwiaj\u0105c ogl\u0105danie pod bardziej naturalnym k\u0105tem, pomaga zapobiega\u0107 przeci\u0105\u017ceniom, minimalizowa\u0107 b\u0142\u0119dy i zwi\u0119ksza\u0107 og\u00f3ln\u0105 produktywno\u015b\u0107<\/li>\n<\/ul>","protected":false},"featured_media":5919,"comment_status":"open","ping_status":"closed","template":"","meta":[],"product_brand":[],"product_cat":[144,166,79,95],"product_tag":[],"class_list":{"0":"post-5918","1":"product","2":"type-product","3":"status-publish","4":"has-post-thumbnail","6":"product_cat-theodoliteagent-sales","7":"product_cat-diagonal-eyepiece","8":"product_cat-surveying-accessory","9":"product_cat-agent-sales","11":"first","12":"instock","13":"shipping-taxable","14":"product-type-simple"},"_links":{"self":[{"href":"https:\/\/mountlaser.com\/pl\/wp-json\/wp\/v2\/product\/5918","targetHints":{"allow":["GET"]}}],"collection":[{"href":"https:\/\/mountlaser.com\/pl\/wp-json\/wp\/v2\/product"}],"about":[{"href":"https:\/\/mountlaser.com\/pl\/wp-json\/wp\/v2\/types\/product"}],"replies":[{"embeddable":true,"href":"https:\/\/mountlaser.com\/pl\/wp-json\/wp\/v2\/comments?post=5918"}],"wp:featuredmedia":[{"embeddable":true,"href":"https:\/\/mountlaser.com\/pl\/wp-json\/wp\/v2\/media\/5919"}],"wp:attachment":[{"href":"https:\/\/mountlaser.com\/pl\/wp-json\/wp\/v2\/media?parent=5918"}],"wp:term":[{"taxonomy":"product_brand","embeddable":true,"href":"https:\/\/mountlaser.com\/pl\/wp-json\/wp\/v2\/product_brand?post=5918"},{"taxonomy":"product_cat","embeddable":true,"href":"https:\/\/mountlaser.com\/pl\/wp-json\/wp\/v2\/product_cat?post=5918"},{"taxonomy":"product_tag","embeddable":true,"href":"https:\/\/mountlaser.com\/pl\/wp-json\/wp\/v2\/product_tag?post=5918"}],"curies":[{"name":"wp","href":"https:\/\/api.w.org\/{rel}","templated":true}]}}