{"id":5916,"date":"2025-12-15T08:42:46","date_gmt":"2025-12-15T08:42:46","guid":{"rendered":"https:\/\/mountlaser.com\/?post_type=product&#038;p=5916"},"modified":"2025-12-15T08:42:46","modified_gmt":"2025-12-15T08:42:46","slug":"sc85014-soft-case","status":"publish","type":"product","link":"https:\/\/mountlaser.com\/pl\/produkt\/sc85014-soft-case\/","title":{"rendered":"SC85014 Mi\u0119kki futera\u0142"},"content":{"rendered":"<p data-start=\"114\" data-end=\"603\">Ten <a href=\"https:\/\/mountlaser.com\/pl\/\"><strong data-start=\"118\" data-end=\"139\">SC85014 Mi\u0119kki futera\u0142<\/strong><\/a> jest kompaktowy i niezawodny <a href=\"https:\/\/mountlaser.com\/pl\/kategoria-produktu\/surveying-accessory\/\"><strong data-start=\"166\" data-end=\"180\">Torba na statyw<\/strong><\/a> Zaprojektowany do bezpiecznego przenoszenia i przechowywania statyw\u00f3w geodezyjnych. Kompatybilny z wi\u0119kszo\u015bci\u0105 statyw\u00f3w wiod\u0105cych marek, mi\u0119kki pokrowiec SC85014 jest wykonany z wytrzyma\u0142ego materia\u0142u w\u0142\u00f3knistego i posiada wodoodporne, odporne na \u015bcieranie, wzmocnione dno, zapewniaj\u0105c niezawodn\u0105 ochron\u0119 podczas codziennego u\u017cytkowania w terenie. Ta praktyczna torba na statyw jest idealna dla geodet\u00f3w i specjalist\u00f3w budowlanych, kt\u00f3rzy potrzebuj\u0105 lekkiego, a jednocze\u015bnie bezpiecznego rozwi\u0105zania transportowego.<\/p>\n<p data-start=\"114\" data-end=\"603\"><img fetchpriority=\"high\" decoding=\"async\" class=\"aligncenter wp-image-5914\" src=\"https:\/\/mountlaser.com\/wp-content\/uploads\/2025\/12\/SC85013-14.webp\" alt=\"SC85014 Soft Case\" width=\"500\" height=\"500\" srcset=\"https:\/\/mountlaser.com\/wp-content\/uploads\/2025\/12\/SC85013-14.webp 1000w, https:\/\/mountlaser.com\/wp-content\/uploads\/2025\/12\/SC85013-14-300x300.webp 300w, https:\/\/mountlaser.com\/wp-content\/uploads\/2025\/12\/SC85013-14-150x150.webp 150w, https:\/\/mountlaser.com\/wp-content\/uploads\/2025\/12\/SC85013-14-768x768.webp 768w, https:\/\/mountlaser.com\/wp-content\/uploads\/2025\/12\/SC85013-14-12x12.webp 12w, https:\/\/mountlaser.com\/wp-content\/uploads\/2025\/12\/SC85013-14-600x600.webp 600w, https:\/\/mountlaser.com\/wp-content\/uploads\/2025\/12\/SC85013-14-800x800.webp 800w, https:\/\/mountlaser.com\/wp-content\/uploads\/2025\/12\/SC85013-14-400x400.webp 400w\" sizes=\"(max-width: 500px) 100vw, 500px\" \/><\/p>\n<p data-start=\"605\" data-end=\"1003\">Zaprojektowany z bezpiecznym zamkni\u0119ciem na sznurek, mi\u0119kki pokrowiec SC85014 umo\u017cliwia szybki dost\u0119p, jednocze\u015bnie chroni\u0105c statyw przed kurzem, wilgoci\u0105 i drobnymi uderzeniami. Ta torba na statyw o d\u0142ugo\u015bci 90 cm idealnie nadaje si\u0119 do kr\u00f3tszych lub kompaktowych statyw\u00f3w. Niezale\u017cnie od tego, czy jest u\u017cywana do transportu, czy przechowywania, <a href=\"https:\/\/mountlaser.com\/pl\/about-us\/\"><strong data-start=\"913\" data-end=\"934\">SC85014 Mi\u0119kki futera\u0142<\/strong><\/a> zapewnia trwa\u0142o\u015b\u0107, wygod\u0119 i ochron\u0119 klasy profesjonalnej.<\/p>","protected":false},"excerpt":{"rendered":"<ul>\n<li>Materia\u0142: Trwa\u0142e w\u0142\u00f3kno ze wzmocnionym dnem<\/li>\n<li>D\u0142ugo\u015b\u0107: 90 cm<\/li>\n<li>Zastosowanie: Bezpieczny transport i przechowywanie statyw\u00f3w do instrument\u00f3w<\/li>\n<li>Zapi\u0119cie na sznurek zapewniaj\u0105ce szybki dost\u0119p i bezpieczne przechowywanie<\/li>\n<li>Chroni statywy przed kurzem, wilgoci\u0105 i \u015bcieraniem<\/li>\n<li>Wzmocnione, wodoodporne dno zapewniaj\u0105ce d\u0142u\u017csz\u0105 trwa\u0142o\u015b\u0107<\/li>\n<\/ul>","protected":false},"featured_media":5914,"comment_status":"open","ping_status":"closed","template":"","meta":[],"product_brand":[],"product_cat":[164,79],"product_tag":[],"class_list":{"0":"post-5916","1":"product","2":"type-product","3":"status-publish","4":"has-post-thumbnail","6":"product_cat-soft-case","7":"product_cat-surveying-accessory","9":"first","10":"instock","11":"shipping-taxable","12":"product-type-simple"},"_links":{"self":[{"href":"https:\/\/mountlaser.com\/pl\/wp-json\/wp\/v2\/product\/5916","targetHints":{"allow":["GET"]}}],"collection":[{"href":"https:\/\/mountlaser.com\/pl\/wp-json\/wp\/v2\/product"}],"about":[{"href":"https:\/\/mountlaser.com\/pl\/wp-json\/wp\/v2\/types\/product"}],"replies":[{"embeddable":true,"href":"https:\/\/mountlaser.com\/pl\/wp-json\/wp\/v2\/comments?post=5916"}],"wp:featuredmedia":[{"embeddable":true,"href":"https:\/\/mountlaser.com\/pl\/wp-json\/wp\/v2\/media\/5914"}],"wp:attachment":[{"href":"https:\/\/mountlaser.com\/pl\/wp-json\/wp\/v2\/media?parent=5916"}],"wp:term":[{"taxonomy":"product_brand","embeddable":true,"href":"https:\/\/mountlaser.com\/pl\/wp-json\/wp\/v2\/product_brand?post=5916"},{"taxonomy":"product_cat","embeddable":true,"href":"https:\/\/mountlaser.com\/pl\/wp-json\/wp\/v2\/product_cat?post=5916"},{"taxonomy":"product_tag","embeddable":true,"href":"https:\/\/mountlaser.com\/pl\/wp-json\/wp\/v2\/product_tag?post=5916"}],"curies":[{"name":"wp","href":"https:\/\/api.w.org\/{rel}","templated":true}]}}