{"id":5913,"date":"2025-12-15T08:35:54","date_gmt":"2025-12-15T08:35:54","guid":{"rendered":"https:\/\/mountlaser.com\/?post_type=product&#038;p=5913"},"modified":"2025-12-15T08:35:54","modified_gmt":"2025-12-15T08:35:54","slug":"sc85013-soft-case","status":"publish","type":"product","link":"https:\/\/mountlaser.com\/pl\/produkt\/sc85013-soft-case\/","title":{"rendered":"SC85013 Mi\u0119kki futera\u0142"},"content":{"rendered":"<p data-start=\"111\" data-end=\"599\">Ten <a href=\"https:\/\/mountlaser.com\/pl\/\"><strong data-start=\"115\" data-end=\"136\">SC85013 Mi\u0119kki futera\u0142<\/strong><\/a> To profesjonalna torba na statywy zaprojektowana do bezpiecznego przenoszenia i przechowywania statyw\u00f3w geodezyjnych w wymagaj\u0105cych warunkach terenowych. Kompatybilna z wi\u0119kszo\u015bci\u0105 statyw\u00f3w wiod\u0105cych marek, mi\u0119kka torba SC85013 jest wykonana z wytrzyma\u0142ego materia\u0142u w\u0142\u00f3knistego i posiada wodoodporne, odporne na \u015bcieranie, wzmocnione dno, zapewniaj\u0105ce d\u0142ugotrwa\u0142\u0105 ochron\u0119. Ta niezawodna torba <a href=\"https:\/\/mountlaser.com\/pl\/kategoria-produktu\/surveying-accessory\/\"><strong data-start=\"475\" data-end=\"489\">Torba na statyw<\/strong> <\/a>jest idealnym rozwi\u0105zaniem dla geodet\u00f3w, in\u017cynier\u00f3w i profesjonalist\u00f3w z bran\u017cy budowlanej, kt\u00f3rzy potrzebuj\u0105 niezawodnego transportu sprz\u0119tu.<\/p>\n<p data-start=\"111\" data-end=\"599\"><img fetchpriority=\"high\" decoding=\"async\" class=\"aligncenter wp-image-5914\" src=\"https:\/\/mountlaser.com\/wp-content\/uploads\/2025\/12\/SC85013-14.webp\" alt=\"SC85013 Soft Case\" width=\"500\" height=\"500\" srcset=\"https:\/\/mountlaser.com\/wp-content\/uploads\/2025\/12\/SC85013-14.webp 1000w, https:\/\/mountlaser.com\/wp-content\/uploads\/2025\/12\/SC85013-14-300x300.webp 300w, https:\/\/mountlaser.com\/wp-content\/uploads\/2025\/12\/SC85013-14-150x150.webp 150w, https:\/\/mountlaser.com\/wp-content\/uploads\/2025\/12\/SC85013-14-768x768.webp 768w, https:\/\/mountlaser.com\/wp-content\/uploads\/2025\/12\/SC85013-14-12x12.webp 12w, https:\/\/mountlaser.com\/wp-content\/uploads\/2025\/12\/SC85013-14-600x600.webp 600w, https:\/\/mountlaser.com\/wp-content\/uploads\/2025\/12\/SC85013-14-800x800.webp 800w, https:\/\/mountlaser.com\/wp-content\/uploads\/2025\/12\/SC85013-14-400x400.webp 400w\" sizes=\"(max-width: 500px) 100vw, 500px\" \/><\/p>\n<p data-start=\"601\" data-end=\"1053\">Dzi\u0119ki bezpiecznemu zamkni\u0119ciu na sznurek, mi\u0119kki pokrowiec SC85013 umo\u017cliwia szybki dost\u0119p, chroni\u0105c jednocze\u015bnie statyw przed kurzem, wilgoci\u0105 i uderzeniami. Jako wszechstronny pokrowiec na statyw, dost\u0119pny jest w d\u0142ugo\u015bci 120 cm (SC85013), dzi\u0119ki czemu nadaje si\u0119 do d\u0142u\u017cszych statyw\u00f3w u\u017cywanych w profesjonalnych zastosowaniach geodezyjnych. Niezale\u017cnie od tego, czy chodzi o przechowywanie, czy transport, ten pokrowiec\u2026 <a href=\"https:\/\/mountlaser.com\/pl\/about-us\/\">Torba na statyw<\/a> oferuje skuteczne rozwi\u0105zanie wyd\u0142u\u017caj\u0105ce \u017cywotno\u015b\u0107 statywu i poprawiaj\u0105ce wydajno\u015b\u0107 na miejscu pracy.<\/p>","protected":false},"excerpt":{"rendered":"<ul>\n<li>Materia\u0142: Trwa\u0142y korpus z w\u0142\u00f3kna ze wzmocnionym dnem<\/li>\n<li>Zapi\u0119cie: \u015bci\u0105gacz u g\u00f3ry<\/li>\n<li>D\u0142ugo\u015b\u0107: 120 cm<\/li>\n<li>Zastosowanie: Bezpieczne przenoszenie i przechowywanie statyw\u00f3w do instrument\u00f3w<\/li>\n<li>Chroni statywy przed kurzem, wilgoci\u0105 i \u015bcieraniem<\/li>\n<li>Wzmocnione, wodoodporne dno do trudnych warunk\u00f3w terenowych<\/li>\n<\/ul>","protected":false},"featured_media":5915,"comment_status":"open","ping_status":"closed","template":"","meta":[],"product_brand":[],"product_cat":[164,79],"product_tag":[],"class_list":{"0":"post-5913","1":"product","2":"type-product","3":"status-publish","4":"has-post-thumbnail","6":"product_cat-soft-case","7":"product_cat-surveying-accessory","9":"first","10":"instock","11":"shipping-taxable","12":"product-type-simple"},"_links":{"self":[{"href":"https:\/\/mountlaser.com\/pl\/wp-json\/wp\/v2\/product\/5913","targetHints":{"allow":["GET"]}}],"collection":[{"href":"https:\/\/mountlaser.com\/pl\/wp-json\/wp\/v2\/product"}],"about":[{"href":"https:\/\/mountlaser.com\/pl\/wp-json\/wp\/v2\/types\/product"}],"replies":[{"embeddable":true,"href":"https:\/\/mountlaser.com\/pl\/wp-json\/wp\/v2\/comments?post=5913"}],"wp:featuredmedia":[{"embeddable":true,"href":"https:\/\/mountlaser.com\/pl\/wp-json\/wp\/v2\/media\/5915"}],"wp:attachment":[{"href":"https:\/\/mountlaser.com\/pl\/wp-json\/wp\/v2\/media?parent=5913"}],"wp:term":[{"taxonomy":"product_brand","embeddable":true,"href":"https:\/\/mountlaser.com\/pl\/wp-json\/wp\/v2\/product_brand?post=5913"},{"taxonomy":"product_cat","embeddable":true,"href":"https:\/\/mountlaser.com\/pl\/wp-json\/wp\/v2\/product_cat?post=5913"},{"taxonomy":"product_tag","embeddable":true,"href":"https:\/\/mountlaser.com\/pl\/wp-json\/wp\/v2\/product_tag?post=5913"}],"curies":[{"name":"wp","href":"https:\/\/api.w.org\/{rel}","templated":true}]}}