{"id":5912,"date":"2025-12-15T08:11:11","date_gmt":"2025-12-15T08:11:11","guid":{"rendered":"https:\/\/mountlaser.com\/?post_type=product&#038;p=5912"},"modified":"2025-12-15T08:11:12","modified_gmt":"2025-12-15T08:11:12","slug":"sc-ta02-soft-case","status":"publish","type":"product","link":"https:\/\/mountlaser.com\/pl\/produkt\/sc-ta02-soft-case\/","title":{"rendered":"Mi\u0119kki futera\u0142 SC-TA02"},"content":{"rendered":"<p data-start=\"111\" data-end=\"598\">Ten <a href=\"https:\/\/mountlaser.com\/pl\/\"><strong data-start=\"115\" data-end=\"136\">Mi\u0119kki futera\u0142 SC-TA02<\/strong><\/a> jest trwa\u0142y i praktyczny <a href=\"https:\/\/mountlaser.com\/pl\/kategoria-produktu\/surveying-accessory\/\"><strong data-start=\"164\" data-end=\"209\">kwadratowy mi\u0119kki pokrowiec na spodark\u0119 i adapter<\/strong><\/a>, specjalnie zaprojektowany do ochrony precyzyjnych akcesori\u00f3w geodezyjnych podczas transportu i przechowywania. Dzi\u0119ki \u017c\u00f3\u0142tej, dobrze widocznej powierzchni zewn\u0119trznej, czarnym paskom i ochronnemu czarnemu wn\u0119trzu, mi\u0119kki futera\u0142 SC-TA02 \u0142\u0105czy w sobie bezpiecze\u0144stwo, trwa\u0142o\u015b\u0107 i profesjonalny wygl\u0105d, idealny do codziennego u\u017cytku w terenie. Kwadratowy kszta\u0142t zapewnia precyzyjne dopasowanie spodarek i adapter\u00f3w, minimalizuj\u0105c ich przemieszczanie si\u0119 wewn\u0105trz futera\u0142u.<\/p>\n<p data-start=\"111\" data-end=\"598\"><img fetchpriority=\"high\" decoding=\"async\" class=\"aligncenter wp-image-5767\" src=\"https:\/\/mountlaser.com\/wp-content\/uploads\/2025\/12\/SC-TA026.webp\" alt=\"SC-TA02 soft case\" width=\"500\" height=\"500\" srcset=\"https:\/\/mountlaser.com\/wp-content\/uploads\/2025\/12\/SC-TA026.webp 1000w, https:\/\/mountlaser.com\/wp-content\/uploads\/2025\/12\/SC-TA026-300x300.webp 300w, https:\/\/mountlaser.com\/wp-content\/uploads\/2025\/12\/SC-TA026-150x150.webp 150w, https:\/\/mountlaser.com\/wp-content\/uploads\/2025\/12\/SC-TA026-768x768.webp 768w, https:\/\/mountlaser.com\/wp-content\/uploads\/2025\/12\/SC-TA026-12x12.webp 12w, https:\/\/mountlaser.com\/wp-content\/uploads\/2025\/12\/SC-TA026-600x600.webp 600w, https:\/\/mountlaser.com\/wp-content\/uploads\/2025\/12\/SC-TA026-800x800.webp 800w, https:\/\/mountlaser.com\/wp-content\/uploads\/2025\/12\/SC-TA026-400x400.webp 400w\" sizes=\"(max-width: 500px) 100vw, 500px\" \/><\/p>\n<p data-start=\"600\" data-end=\"1053\">Mi\u0119kki pokrowiec SC-TA02, wyposa\u017cony w g\u0142adki zamek b\u0142yskawiczny od g\u00f3ry, umo\u017cliwia szybki i \u0142atwy dost\u0119p do sprz\u0119tu, zachowuj\u0105c jednocze\u015bnie bezpieczne zamkni\u0119cie. Jako niezawodny, kwadratowy pokrowiec na spodark\u0119 i adapter, chroni przed kurzem, zarysowaniami i lekkimi uderzeniami. Niezale\u017cnie od tego, czy jest u\u017cywany na placu budowy, czy podczas transportu, <a href=\"https:\/\/mountlaser.com\/pl\/contact-us\/\">kwadratowy mi\u0119kki pokrowiec na spodark\u0119 i adapter<\/a> zapewnia niezawodn\u0105 ochron\u0119 i wyd\u0142u\u017ca \u017cywotno\u015b\u0107 narz\u0119dzi geodezyjnych.<\/p>","protected":false},"excerpt":{"rendered":"<ul>\n<li>Typ: Mi\u0119kki futera\u0142 kwadratowy na spodark\u0119 i adapter<\/li>\n<li>Projekt: Kwadratowy kszta\u0142t umo\u017cliwiaj\u0105cy stabilne rozmieszczenie sprz\u0119tu<\/li>\n<li>Zewn\u0119trzna cz\u0119\u015b\u0107: \u017b\u00f3\u0142ta skorupa z czarnymi paskami zapewniaj\u0105cymi dobr\u0105 widoczno\u015b\u0107<\/li>\n<li>Chroni spodarki i adaptery przed kurzem, zarysowaniami i drobnymi uderzeniami<\/li>\n<li>Utrzymuje porz\u0105dek i bezpiecze\u0144stwo sprz\u0119tu podczas transportu<\/li>\n<li>Umo\u017cliwia szybki dost\u0119p dzi\u0119ki trwa\u0142emu zamkowi b\u0142yskawicznemu na g\u00f3rze<\/li>\n<\/ul>","protected":false},"featured_media":5767,"comment_status":"open","ping_status":"closed","template":"","meta":[],"product_brand":[],"product_cat":[164,79],"product_tag":[],"class_list":{"0":"post-5912","1":"product","2":"type-product","3":"status-publish","4":"has-post-thumbnail","6":"product_cat-soft-case","7":"product_cat-surveying-accessory","9":"first","10":"instock","11":"shipping-taxable","12":"product-type-simple"},"_links":{"self":[{"href":"https:\/\/mountlaser.com\/pl\/wp-json\/wp\/v2\/product\/5912","targetHints":{"allow":["GET"]}}],"collection":[{"href":"https:\/\/mountlaser.com\/pl\/wp-json\/wp\/v2\/product"}],"about":[{"href":"https:\/\/mountlaser.com\/pl\/wp-json\/wp\/v2\/types\/product"}],"replies":[{"embeddable":true,"href":"https:\/\/mountlaser.com\/pl\/wp-json\/wp\/v2\/comments?post=5912"}],"wp:featuredmedia":[{"embeddable":true,"href":"https:\/\/mountlaser.com\/pl\/wp-json\/wp\/v2\/media\/5767"}],"wp:attachment":[{"href":"https:\/\/mountlaser.com\/pl\/wp-json\/wp\/v2\/media?parent=5912"}],"wp:term":[{"taxonomy":"product_brand","embeddable":true,"href":"https:\/\/mountlaser.com\/pl\/wp-json\/wp\/v2\/product_brand?post=5912"},{"taxonomy":"product_cat","embeddable":true,"href":"https:\/\/mountlaser.com\/pl\/wp-json\/wp\/v2\/product_cat?post=5912"},{"taxonomy":"product_tag","embeddable":true,"href":"https:\/\/mountlaser.com\/pl\/wp-json\/wp\/v2\/product_tag?post=5912"}],"curies":[{"name":"wp","href":"https:\/\/api.w.org\/{rel}","templated":true}]}}