{"id":5905,"date":"2025-12-15T07:34:40","date_gmt":"2025-12-15T07:34:40","guid":{"rendered":"https:\/\/mountlaser.com\/?post_type=product&#038;p=5905"},"modified":"2025-12-15T07:34:40","modified_gmt":"2025-12-15T07:34:40","slug":"hc-tm30-hard-case","status":"publish","type":"product","link":"https:\/\/mountlaser.com\/pl\/produkt\/hc-tm30-hard-case\/","title":{"rendered":"Twardy futera\u0142 HC-TM30"},"content":{"rendered":"<p>Ten <!--StartFragment --><a href=\"https:\/\/mountlaser.com\/pl\/\"><strong><span class=\"cf0\">Twardy futera\u0142 HC-TM30<\/span><\/strong><\/a><!--EndFragment -->\u00a0jest solidny i profesjonalny <a href=\"https:\/\/mountlaser.com\/pl\/kategoria-produktu\/surveying-accessory\/\"><strong>Plastikowe etui transportowe<\/strong><\/a> Zaprojektowany specjalnie do ochrony tachimetr\u00f3w Swiss TM30 i TM50 podczas transportu i przechowywania. Wyposa\u017cony w wytrzyma\u0142\u0105 czerwon\u0105 obudow\u0119 zewn\u0119trzn\u0105 i amortyzuj\u0105ce czarne wn\u0119trze, twardy futera\u0142 HC-TM30 zapewnia bezpiecze\u0144stwo i dobr\u0105 ochron\u0119 Twojego precyzyjnego instrumentu w trudnych warunkach terenowych. Wytrzyma\u0142a plastikowa konstrukcja w po\u0142\u0105czeniu ze srebrn\u0105 metalow\u0105 blokad\u0105 zapewnia trwa\u0142o\u015b\u0107 i niezawodne bezpiecze\u0144stwo.<\/p>\n<p><img fetchpriority=\"high\" decoding=\"async\" class=\"aligncenter wp-image-5910\" src=\"https:\/\/mountlaser.com\/wp-content\/uploads\/2025\/12\/HC-TM305.webp\" alt=\"HC-TM30 Hard Case\" width=\"500\" height=\"500\" srcset=\"https:\/\/mountlaser.com\/wp-content\/uploads\/2025\/12\/HC-TM305.webp 1000w, https:\/\/mountlaser.com\/wp-content\/uploads\/2025\/12\/HC-TM305-300x300.webp 300w, https:\/\/mountlaser.com\/wp-content\/uploads\/2025\/12\/HC-TM305-150x150.webp 150w, https:\/\/mountlaser.com\/wp-content\/uploads\/2025\/12\/HC-TM305-768x768.webp 768w, https:\/\/mountlaser.com\/wp-content\/uploads\/2025\/12\/HC-TM305-12x12.webp 12w, https:\/\/mountlaser.com\/wp-content\/uploads\/2025\/12\/HC-TM305-600x600.webp 600w, https:\/\/mountlaser.com\/wp-content\/uploads\/2025\/12\/HC-TM305-800x800.webp 800w, https:\/\/mountlaser.com\/wp-content\/uploads\/2025\/12\/HC-TM305-400x400.webp 400w\" sizes=\"(max-width: 500px) 100vw, 500px\" \/><\/p>\n<p>Zaprojektowana dla profesjonalnych geodet\u00f3w, twarda obudowa HC-TM30 zapewnia doskona\u0142\u0105 odporno\u015b\u0107 na uderzenia, kurz i codzienne zu\u017cycie. Wysokiej jako\u015bci plastikowa obudowa utrzymuje tachimetr stabilnie na miejscu, ograniczaj\u0105c jego przesuwanie i zapobiegaj\u0105c uszkodzeniom. Niezale\u017cnie od tego, czy jeste\u015b na miejscu, czy w transporcie, ta walizka\u2026 <a href=\"https:\/\/mountlaser.com\/pl\/contact-us\/\">Plastikowe etui transportowe<\/a> zapewnia niezawodn\u0105 ochron\u0119 i wyd\u0142u\u017ca \u017cywotno\u015b\u0107 Twojego cennego sprz\u0119tu.<\/p>","protected":false},"excerpt":{"rendered":"<ul>\n<li>Chroni szwajcarskie tachimetry TM30 i TM50 podczas transportu i przechowywania<\/li>\n<li>Zapobiega uderzeniom, zarysowaniom i przypadkowym uszkodzeniom<\/li>\n<li>Zapewnia stabilno\u015b\u0107 i bezpiecze\u0144stwo sprz\u0119tu dzi\u0119ki wzmocnionemu systemowi blokowania<\/li>\n<li>Kompatybilno\u015b\u0107: Szwajcarska stacja tachimetryczna TM30 \/ TM50<\/li>\n<li>Zewn\u0119trzna cz\u0119\u015b\u0107: Czerwona twarda skorupa zapewniaj\u0105ca widoczno\u015b\u0107 i trwa\u0142o\u015b\u0107<\/li>\n<li>Wn\u0119trze: Czarna wy\u015bci\u00f3\u0142ka ochronna z precyzyjnym dopasowaniem<\/li>\n<li>Zamek: Srebrny metalowy zatrzask zapewniaj\u0105cy bezpieczne zamkni\u0119cie<\/li>\n<\/ul>","protected":false},"featured_media":5909,"comment_status":"open","ping_status":"closed","template":"","meta":[],"product_brand":[],"product_cat":[163,79],"product_tag":[],"class_list":{"0":"post-5905","1":"product","2":"type-product","3":"status-publish","4":"has-post-thumbnail","6":"product_cat-hard-case","7":"product_cat-surveying-accessory","9":"first","10":"instock","11":"shipping-taxable","12":"product-type-simple"},"_links":{"self":[{"href":"https:\/\/mountlaser.com\/pl\/wp-json\/wp\/v2\/product\/5905","targetHints":{"allow":["GET"]}}],"collection":[{"href":"https:\/\/mountlaser.com\/pl\/wp-json\/wp\/v2\/product"}],"about":[{"href":"https:\/\/mountlaser.com\/pl\/wp-json\/wp\/v2\/types\/product"}],"replies":[{"embeddable":true,"href":"https:\/\/mountlaser.com\/pl\/wp-json\/wp\/v2\/comments?post=5905"}],"wp:featuredmedia":[{"embeddable":true,"href":"https:\/\/mountlaser.com\/pl\/wp-json\/wp\/v2\/media\/5909"}],"wp:attachment":[{"href":"https:\/\/mountlaser.com\/pl\/wp-json\/wp\/v2\/media?parent=5905"}],"wp:term":[{"taxonomy":"product_brand","embeddable":true,"href":"https:\/\/mountlaser.com\/pl\/wp-json\/wp\/v2\/product_brand?post=5905"},{"taxonomy":"product_cat","embeddable":true,"href":"https:\/\/mountlaser.com\/pl\/wp-json\/wp\/v2\/product_cat?post=5905"},{"taxonomy":"product_tag","embeddable":true,"href":"https:\/\/mountlaser.com\/pl\/wp-json\/wp\/v2\/product_tag?post=5905"}],"curies":[{"name":"wp","href":"https:\/\/api.w.org\/{rel}","templated":true}]}}