{"id":5901,"date":"2025-12-15T07:01:26","date_gmt":"2025-12-15T07:01:26","guid":{"rendered":"https:\/\/mountlaser.com\/?post_type=product&#038;p=5901"},"modified":"2025-12-15T07:10:17","modified_gmt":"2025-12-15T07:10:17","slug":"sn06-surveying-nail","status":"publish","type":"product","link":"https:\/\/mountlaser.com\/pl\/produkt\/sn06-surveying-nail\/","title":{"rendered":"SN06 Gw\u00f3\u017ad\u017a geodezyjny"},"content":{"rendered":"<div>\n<p data-start=\"114\" data-end=\"619\">Ten<a href=\"https:\/\/mountlaser.com\/pl\/\"> <strong data-start=\"118\" data-end=\"141\">SN06 Gw\u00f3\u017ad\u017a geodezyjny<\/strong><\/a> To trwa\u0142y i profesjonalny znacznik geodezyjny, zaprojektowany do wyznaczania i identyfikacji precyzyjnych punkt\u00f3w odniesienia w terenie z wysok\u0105 dok\u0142adno\u015bci\u0105 i niezawodno\u015bci\u0105. Wykonany z wysokiej jako\u015bci ocynkowanego \u017celaza, gw\u00f3\u017ad\u017a geodezyjny SN06 zapewnia doskona\u0142\u0105 odporno\u015b\u0107 na korozj\u0119 i d\u0142ugotrwa\u0142\u0105 wydajno\u015b\u0107 w wymagaj\u0105cych warunkach zewn\u0119trznych. Jego p\u0142aska, okr\u0105g\u0142a g\u0142\u00f3wka sprawia, \u017ce jest niezawodny. <a href=\"https:\/\/mountlaser.com\/pl\/kategoria-produktu\/surveying-accessory\/\"><strong data-start=\"510\" data-end=\"546\">Gw\u00f3\u017ad\u017a pomiarowy z p\u0142ask\u0105, okr\u0105g\u0142\u0105 g\u0142\u00f3wk\u0105<\/strong><\/a>, zapewniaj\u0105c wyra\u017an\u0105 widoczno\u015b\u0107 i stabilne umiejscowienie podczas operacji w terenie.<\/p>\n<p data-start=\"621\" data-end=\"1151\">Gw\u00f3\u017ad\u017a geodezyjny SN06, szeroko stosowany w pomiarach in\u017cynieryjnych, projektach budowlanych i mapach katastralnych, zapewnia stabilny i trwa\u0142y punkt odniesienia do pomiar\u00f3w krytycznych. Dost\u0119pny w \u015brednicy 8,8 mm i d\u0142ugo\u015bciach 55 mm i 100 mm. <a href=\"https:\/\/mountlaser.com\/pl\/contact-us\/\">SN06 Gw\u00f3\u017ad\u017a geodezyjny<\/a> \u0141atwo dostosowuje si\u0119 do r\u00f3\u017cnych warunk\u00f3w gruntowych. Jako profesjonalny gw\u00f3\u017ad\u017a geodezyjny z p\u0142ask\u0105, okr\u0105g\u0142\u0105 g\u0142\u00f3wk\u0105, oferuje \u0142atw\u0105 instalacj\u0119, solidne zakotwiczenie i sp\u00f3jne pozycjonowanie, co czyni go niezb\u0119dnym narz\u0119dziem dla geodet\u00f3w, kt\u00f3rzy stawiaj\u0105 na dok\u0142adno\u015b\u0107 i trwa\u0142o\u015b\u0107.<\/p>\n<table style=\"border-collapse: collapse; width: 1002.02pt;\" border=\"0\" width=\"1336\" cellspacing=\"0\" cellpadding=\"0\">\n<tbody>\n<tr style=\"height: 14.25pt;\">\n<td class=\"et2\" style=\"height: 14.25pt; width: 127.50pt;\" width=\"170\" height=\"19\">NUMER<\/td>\n<td class=\"et3\" style=\"width: 196.50pt;\" width=\"262\">MEATRIAL<\/td>\n<td class=\"et3\" style=\"width: 213.00pt;\" width=\"284\">\u015aREDNICA D<\/td>\n<td class=\"et3\" style=\"width: 93.75pt;\" width=\"125\">ROZMIAR L<\/td>\n<td class=\"et3\" style=\"width: 170.25pt;\" width=\"227\">MOQ (szt.)<\/td>\n<td class=\"et4\" style=\"width: 201.00pt;\" width=\"268\">ZDJ\u0118CIE<\/td>\n<\/tr>\n<tr style=\"height: 14.25pt;\">\n<td class=\"et5\" style=\"height: 14.25pt;\" height=\"19\">SN06-88055\/88100<\/td>\n<td class=\"et5\">Ocynkowane \u017celazo<\/td>\n<td class=\"et5\">8,8 mm<\/td>\n<td class=\"et5\">55\/100 mm<\/td>\n<td class=\"et6\">1000<\/td>\n<td class=\"et7\"><img fetchpriority=\"high\" decoding=\"async\" class=\"alignnone wp-image-5904\" src=\"https:\/\/mountlaser.com\/wp-content\/uploads\/2025\/12\/SN063.webp\" alt=\"SN06 Surveying Nail\" width=\"500\" height=\"500\" srcset=\"https:\/\/mountlaser.com\/wp-content\/uploads\/2025\/12\/SN063.webp 1000w, https:\/\/mountlaser.com\/wp-content\/uploads\/2025\/12\/SN063-300x300.webp 300w, https:\/\/mountlaser.com\/wp-content\/uploads\/2025\/12\/SN063-150x150.webp 150w, https:\/\/mountlaser.com\/wp-content\/uploads\/2025\/12\/SN063-768x768.webp 768w, https:\/\/mountlaser.com\/wp-content\/uploads\/2025\/12\/SN063-12x12.webp 12w, https:\/\/mountlaser.com\/wp-content\/uploads\/2025\/12\/SN063-600x600.webp 600w, https:\/\/mountlaser.com\/wp-content\/uploads\/2025\/12\/SN063-800x800.webp 800w, https:\/\/mountlaser.com\/wp-content\/uploads\/2025\/12\/SN063-400x400.webp 400w\" sizes=\"(max-width: 500px) 100vw, 500px\" \/><\/td>\n<\/tr>\n<\/tbody>\n<\/table>\n<\/div>","protected":false},"excerpt":{"rendered":"<ul>\n<li>Materia\u0142: Ocynkowane \u017celazo zapewniaj\u0105ce wytrzyma\u0142o\u015b\u0107 i odporno\u015b\u0107 na korozj\u0119<\/li>\n<li>P\u0142aska, okr\u0105g\u0142a konstrukcja g\u0142\u00f3wki zapewniaj\u0105ca widoczno\u015b\u0107 i stabilno\u015b\u0107<\/li>\n<li>Niezawodny gw\u00f3\u017ad\u017a geodezyjny z p\u0142ask\u0105, okr\u0105g\u0142\u0105 g\u0142\u00f3wk\u0105 do profesjonalnych zastosowa\u0144 geodezyjnych<\/li>\n<\/ul>","protected":false},"featured_media":5902,"comment_status":"open","ping_status":"closed","template":"","meta":[],"product_brand":[],"product_cat":[152,79],"product_tag":[],"class_list":{"0":"post-5901","1":"product","2":"type-product","3":"status-publish","4":"has-post-thumbnail","6":"product_cat-surveying-marker","7":"product_cat-surveying-accessory","9":"first","10":"instock","11":"shipping-taxable","12":"product-type-simple"},"_links":{"self":[{"href":"https:\/\/mountlaser.com\/pl\/wp-json\/wp\/v2\/product\/5901","targetHints":{"allow":["GET"]}}],"collection":[{"href":"https:\/\/mountlaser.com\/pl\/wp-json\/wp\/v2\/product"}],"about":[{"href":"https:\/\/mountlaser.com\/pl\/wp-json\/wp\/v2\/types\/product"}],"replies":[{"embeddable":true,"href":"https:\/\/mountlaser.com\/pl\/wp-json\/wp\/v2\/comments?post=5901"}],"wp:featuredmedia":[{"embeddable":true,"href":"https:\/\/mountlaser.com\/pl\/wp-json\/wp\/v2\/media\/5902"}],"wp:attachment":[{"href":"https:\/\/mountlaser.com\/pl\/wp-json\/wp\/v2\/media?parent=5901"}],"wp:term":[{"taxonomy":"product_brand","embeddable":true,"href":"https:\/\/mountlaser.com\/pl\/wp-json\/wp\/v2\/product_brand?post=5901"},{"taxonomy":"product_cat","embeddable":true,"href":"https:\/\/mountlaser.com\/pl\/wp-json\/wp\/v2\/product_cat?post=5901"},{"taxonomy":"product_tag","embeddable":true,"href":"https:\/\/mountlaser.com\/pl\/wp-json\/wp\/v2\/product_tag?post=5901"}],"curies":[{"name":"wp","href":"https:\/\/api.w.org\/{rel}","templated":true}]}}