{"id":5898,"date":"2025-12-15T06:23:18","date_gmt":"2025-12-15T06:23:18","guid":{"rendered":"https:\/\/mountlaser.com\/?post_type=product&#038;p=5898"},"modified":"2025-12-15T06:23:18","modified_gmt":"2025-12-15T06:23:18","slug":"sn05-surveying-nail","status":"publish","type":"product","link":"https:\/\/mountlaser.com\/pl\/produkt\/sn05-surveying-nail\/","title":{"rendered":"SN05 Gw\u00f3\u017ad\u017a geodezyjny"},"content":{"rendered":"<p data-start=\"117\" data-end=\"621\">Ten <a href=\"https:\/\/mountlaser.com\/pl\/\"><strong data-start=\"121\" data-end=\"144\">SN05 Gw\u00f3\u017ad\u017a geodezyjny<\/strong><\/a> To trwa\u0142y i niezawodny znacznik geodezyjny, zaprojektowany do wyznaczania i identyfikacji precyzyjnych punkt\u00f3w odniesienia z dok\u0142adno\u015bci\u0105 i d\u0142ugotrwa\u0142\u0105 stabilno\u015bci\u0105. Wykonany z wysokiej jako\u015bci ocynkowanego \u017celaza, gw\u00f3\u017ad\u017a geodezyjny SN05 oferuje doskona\u0142\u0105 odporno\u015b\u0107 na korozj\u0119 i wytrzyma\u0142o\u015b\u0107, dzi\u0119ki czemu idealnie nadaje si\u0119 do wymagaj\u0105cych warunk\u00f3w terenowych. Pier\u015bcieniowa konstrukcja trzonu zapewnia doskona\u0142\u0105 si\u0142\u0119 mocowania, co czyni go godnym zaufania rozwi\u0105zaniem w\u015br\u00f3d profesjonalist\u00f3w. <a href=\"https:\/\/mountlaser.com\/pl\/kategoria-produktu\/surveying-accessory\/\"><strong data-start=\"582\" data-end=\"602\">gwo\u017adzie pier\u015bcieniowe<\/strong><\/a> stosowane w geodezji.<\/p>\n<p data-start=\"623\" data-end=\"1084\">Gw\u00f3\u017ad\u017a geodezyjny SN05, szeroko stosowany w pomiarach in\u017cynieryjnych, projektowaniu konstrukcji i kartografii katastralnej, zapewnia stabilny i trwa\u0142y punkt odniesienia dla kluczowych pomiar\u00f3w. Dzi\u0119ki \u015brednicy 6,0 mm i d\u0142ugo\u015bci 45 mm, gw\u00f3\u017ad\u017a geodezyjny SN05 jest \u0142atwy w monta\u017cu, a jednocze\u015bnie zapewnia niezawodn\u0105 prac\u0119. Jako produkt klasy profesjonalnej. <a href=\"https:\/\/mountlaser.com\/pl\/about-us\/\">gwo\u017adzie pier\u015bcieniowe<\/a>, znaczniki te zmniejszaj\u0105 poluzowanie si\u0119 pod\u0142o\u017ca w miar\u0119 up\u0142ywu czasu i zapewniaj\u0105 precyzyjne umiejscowienie w ka\u017cdych warunkach gruntowych.<\/p>\n<div>\n<table style=\"border-collapse: collapse; width: 1002.02pt;\" border=\"0\" width=\"1336\" cellspacing=\"0\" cellpadding=\"0\">\n<tbody>\n<tr style=\"height: 14.25pt;\">\n<td class=\"et2\" style=\"height: 14.25pt; width: 127.50pt;\" width=\"170\" height=\"19\">NUMER<\/td>\n<td class=\"et3\" style=\"width: 196.50pt;\" width=\"262\">MEATRIAL<\/td>\n<td class=\"et3\" style=\"width: 213.00pt;\" width=\"284\">\u015aREDNICA D<\/td>\n<td class=\"et3\" style=\"width: 93.75pt;\" width=\"125\">ROZMIAR L<\/td>\n<td class=\"et3\" style=\"width: 170.25pt;\" width=\"227\">MOQ (szt.)<\/td>\n<td class=\"et4\" style=\"width: 201.00pt;\" width=\"268\">ZDJ\u0118CIE<\/td>\n<\/tr>\n<tr style=\"height: 14.25pt;\">\n<td class=\"et5\" style=\"height: 14.25pt;\" height=\"19\">SN05-60045<\/td>\n<td class=\"et5\">Ocynkowane \u017celazo<\/td>\n<td class=\"et5\">6,0 mm<\/td>\n<td class=\"et5\">45 mm<\/td>\n<td class=\"et6\">1000<\/td>\n<td class=\"et7\"><img fetchpriority=\"high\" decoding=\"async\" class=\"alignnone wp-image-5899\" src=\"https:\/\/mountlaser.com\/wp-content\/uploads\/2025\/12\/SN051.webp\" alt=\"SN05 Surveying Nail\" width=\"500\" height=\"500\" srcset=\"https:\/\/mountlaser.com\/wp-content\/uploads\/2025\/12\/SN051.webp 1000w, https:\/\/mountlaser.com\/wp-content\/uploads\/2025\/12\/SN051-300x300.webp 300w, https:\/\/mountlaser.com\/wp-content\/uploads\/2025\/12\/SN051-150x150.webp 150w, https:\/\/mountlaser.com\/wp-content\/uploads\/2025\/12\/SN051-768x768.webp 768w, https:\/\/mountlaser.com\/wp-content\/uploads\/2025\/12\/SN051-12x12.webp 12w, https:\/\/mountlaser.com\/wp-content\/uploads\/2025\/12\/SN051-600x600.webp 600w, https:\/\/mountlaser.com\/wp-content\/uploads\/2025\/12\/SN051-800x800.webp 800w, https:\/\/mountlaser.com\/wp-content\/uploads\/2025\/12\/SN051-400x400.webp 400w\" sizes=\"(max-width: 500px) 100vw, 500px\" \/><\/td>\n<\/tr>\n<\/tbody>\n<\/table>\n<\/div>","protected":false},"excerpt":{"rendered":"<ul>\n<li>Materia\u0142: Ocynkowane \u017celazo zapewniaj\u0105ce trwa\u0142o\u015b\u0107 i odporno\u015b\u0107 na korozj\u0119<\/li>\n<li>Konstrukcja trzonu pier\u015bcienia zapewniaj\u0105ca zwi\u0119kszon\u0105 si\u0142\u0119 trzymania<\/li>\n<li>Zapewnia stabilne punkty odniesienia dla dok\u0142adnych pomiar\u00f3w<\/li>\n<\/ul>","protected":false},"featured_media":5900,"comment_status":"open","ping_status":"closed","template":"","meta":[],"product_brand":[],"product_cat":[152,79],"product_tag":[],"class_list":{"0":"post-5898","1":"product","2":"type-product","3":"status-publish","4":"has-post-thumbnail","6":"product_cat-surveying-marker","7":"product_cat-surveying-accessory","9":"first","10":"instock","11":"shipping-taxable","12":"product-type-simple"},"_links":{"self":[{"href":"https:\/\/mountlaser.com\/pl\/wp-json\/wp\/v2\/product\/5898","targetHints":{"allow":["GET"]}}],"collection":[{"href":"https:\/\/mountlaser.com\/pl\/wp-json\/wp\/v2\/product"}],"about":[{"href":"https:\/\/mountlaser.com\/pl\/wp-json\/wp\/v2\/types\/product"}],"replies":[{"embeddable":true,"href":"https:\/\/mountlaser.com\/pl\/wp-json\/wp\/v2\/comments?post=5898"}],"wp:featuredmedia":[{"embeddable":true,"href":"https:\/\/mountlaser.com\/pl\/wp-json\/wp\/v2\/media\/5900"}],"wp:attachment":[{"href":"https:\/\/mountlaser.com\/pl\/wp-json\/wp\/v2\/media?parent=5898"}],"wp:term":[{"taxonomy":"product_brand","embeddable":true,"href":"https:\/\/mountlaser.com\/pl\/wp-json\/wp\/v2\/product_brand?post=5898"},{"taxonomy":"product_cat","embeddable":true,"href":"https:\/\/mountlaser.com\/pl\/wp-json\/wp\/v2\/product_cat?post=5898"},{"taxonomy":"product_tag","embeddable":true,"href":"https:\/\/mountlaser.com\/pl\/wp-json\/wp\/v2\/product_tag?post=5898"}],"curies":[{"name":"wp","href":"https:\/\/api.w.org\/{rel}","templated":true}]}}