{"id":5895,"date":"2025-12-15T06:07:41","date_gmt":"2025-12-15T06:07:41","guid":{"rendered":"https:\/\/mountlaser.com\/?post_type=product&#038;p=5895"},"modified":"2025-12-15T06:07:41","modified_gmt":"2025-12-15T06:07:41","slug":"sn04-surveying-nail","status":"publish","type":"product","link":"https:\/\/mountlaser.com\/pl\/produkt\/sn04-surveying-nail\/","title":{"rendered":"SN04 Gw\u00f3\u017ad\u017a geodezyjny"},"content":{"rendered":"<p data-start=\"120\" data-end=\"577\">Gw\u00f3\u017ad\u017a geodezyjny SN04 to trwa\u0142y i niezawodny znacznik geodezyjny przeznaczony do wyznaczania i identyfikacji precyzyjnych punkt\u00f3w odniesienia w terenie z d\u0142ugoterminow\u0105 dok\u0142adno\u015bci\u0105. Wykonany z wysokiej jako\u015bci ocynkowanego \u017celaza, <a href=\"https:\/\/mountlaser.com\/pl\/\"><strong data-start=\"327\" data-end=\"350\">SN04 Gw\u00f3\u017ad\u017a geodezyjny<\/strong><\/a> Oferuje doskona\u0142\u0105 wytrzyma\u0142o\u015b\u0107 i odporno\u015b\u0107 na korozj\u0119, gwarantuj\u0105c niezawodn\u0105 prac\u0119 w ka\u017cdych warunkach terenowych. Jako profesjonalista <a href=\"https:\/\/mountlaser.com\/pl\/kategoria-produktu\/surveying-accessory\/\"><strong data-start=\"476\" data-end=\"499\">Pomiary Mag Nails<\/strong><\/a> rozwi\u0105zania, znaczniki te s\u0105 godne zaufania, je\u015bli chodzi o wyra\u017an\u0105 i stabiln\u0105 identyfikacj\u0119 pod\u0142o\u017ca.<\/p>\n<p data-start=\"579\" data-end=\"1031\">Gw\u00f3\u017ad\u017a geodezyjny SN04, szeroko stosowany w pomiarach in\u017cynieryjnych, projektowaniu konstrukcji i kartografii katastralnej, zapewnia stabilny i trwa\u0142y punkt odniesienia do kluczowych pomiar\u00f3w. Dzi\u0119ki \u015brednicy 8,8 mm i d\u0142ugo\u015bci 55 mm, <a href=\"https:\/\/mountlaser.com\/pl\/about-us\/\">SN04 Gw\u00f3\u017ad\u017a geodezyjny<\/a> s\u0105 \u0142atwe w monta\u017cu i doskonale widoczne na miejscu. Zaprojektowane z my\u015bl\u0105 o profesjonalnych wymaganiach, te gwo\u017adzie geodezyjne Mag Nails zapewniaj\u0105 sta\u0142\u0105 dok\u0142adno\u015b\u0107 tam, gdzie niezawodne oznakowanie gruntu jest niezb\u0119dne.<\/p>\n<div>\n<table style=\"border-collapse: collapse; width: 1002.02pt;\" border=\"0\" width=\"1336\" cellspacing=\"0\" cellpadding=\"0\">\n<tbody>\n<tr style=\"height: 14.25pt;\">\n<td class=\"et2\" style=\"height: 14.25pt; width: 127.50pt;\" width=\"170\" height=\"19\">NUMER<\/td>\n<td class=\"et3\" style=\"width: 196.50pt;\" width=\"262\">MEATRIAL<\/td>\n<td class=\"et3\" style=\"width: 213.00pt;\" width=\"284\">\u015aREDNICA D<\/td>\n<td class=\"et3\" style=\"width: 93.75pt;\" width=\"125\">ROZMIAR L<\/td>\n<td class=\"et3\" style=\"width: 170.25pt;\" width=\"227\">MOQ (szt.)<\/td>\n<td class=\"et4\" style=\"width: 201.00pt;\" width=\"268\">ZDJ\u0118CIE<\/td>\n<\/tr>\n<tr style=\"height: 14.25pt;\">\n<td class=\"et5\" style=\"height: 14.25pt;\" height=\"19\">SN04-88055<\/td>\n<td class=\"et5\">Ocynkowane \u017celazo<\/td>\n<td class=\"et5\">8,8 mm<\/td>\n<td class=\"et5\">55 mm<\/td>\n<td class=\"et6\">1000<\/td>\n<td class=\"et7\"><img fetchpriority=\"high\" decoding=\"async\" class=\"alignnone wp-image-5896\" src=\"https:\/\/mountlaser.com\/wp-content\/uploads\/2025\/12\/SN041.webp\" alt=\"SN04 Surveying Nail\" width=\"500\" height=\"500\" srcset=\"https:\/\/mountlaser.com\/wp-content\/uploads\/2025\/12\/SN041.webp 1000w, https:\/\/mountlaser.com\/wp-content\/uploads\/2025\/12\/SN041-300x300.webp 300w, https:\/\/mountlaser.com\/wp-content\/uploads\/2025\/12\/SN041-150x150.webp 150w, https:\/\/mountlaser.com\/wp-content\/uploads\/2025\/12\/SN041-768x768.webp 768w, https:\/\/mountlaser.com\/wp-content\/uploads\/2025\/12\/SN041-12x12.webp 12w, https:\/\/mountlaser.com\/wp-content\/uploads\/2025\/12\/SN041-600x600.webp 600w, https:\/\/mountlaser.com\/wp-content\/uploads\/2025\/12\/SN041-800x800.webp 800w, https:\/\/mountlaser.com\/wp-content\/uploads\/2025\/12\/SN041-400x400.webp 400w\" sizes=\"(max-width: 500px) 100vw, 500px\" \/><\/td>\n<\/tr>\n<\/tbody>\n<\/table>\n<\/div>","protected":false},"excerpt":{"rendered":"<ul>\n<li>Materia\u0142: Ocynkowane \u017celazo zapewniaj\u0105ce trwa\u0142o\u015b\u0107 i odporno\u015b\u0107 na korozj\u0119<\/li>\n<li>Zapewnia stabilne punkty odniesienia na gruncie, co umo\u017cliwia dok\u0142adne pomiary<\/li>\n<li>Nadaje si\u0119 do pomiar\u00f3w in\u017cynieryjnych, planowania budowy i mapowania katastralnego<\/li>\n<\/ul>","protected":false},"featured_media":5896,"comment_status":"open","ping_status":"closed","template":"","meta":[],"product_brand":[],"product_cat":[152,79],"product_tag":[],"class_list":{"0":"post-5895","1":"product","2":"type-product","3":"status-publish","4":"has-post-thumbnail","6":"product_cat-surveying-marker","7":"product_cat-surveying-accessory","9":"first","10":"instock","11":"shipping-taxable","12":"product-type-simple"},"_links":{"self":[{"href":"https:\/\/mountlaser.com\/pl\/wp-json\/wp\/v2\/product\/5895","targetHints":{"allow":["GET"]}}],"collection":[{"href":"https:\/\/mountlaser.com\/pl\/wp-json\/wp\/v2\/product"}],"about":[{"href":"https:\/\/mountlaser.com\/pl\/wp-json\/wp\/v2\/types\/product"}],"replies":[{"embeddable":true,"href":"https:\/\/mountlaser.com\/pl\/wp-json\/wp\/v2\/comments?post=5895"}],"wp:featuredmedia":[{"embeddable":true,"href":"https:\/\/mountlaser.com\/pl\/wp-json\/wp\/v2\/media\/5896"}],"wp:attachment":[{"href":"https:\/\/mountlaser.com\/pl\/wp-json\/wp\/v2\/media?parent=5895"}],"wp:term":[{"taxonomy":"product_brand","embeddable":true,"href":"https:\/\/mountlaser.com\/pl\/wp-json\/wp\/v2\/product_brand?post=5895"},{"taxonomy":"product_cat","embeddable":true,"href":"https:\/\/mountlaser.com\/pl\/wp-json\/wp\/v2\/product_cat?post=5895"},{"taxonomy":"product_tag","embeddable":true,"href":"https:\/\/mountlaser.com\/pl\/wp-json\/wp\/v2\/product_tag?post=5895"}],"curies":[{"name":"wp","href":"https:\/\/api.w.org\/{rel}","templated":true}]}}