{"id":5887,"date":"2025-12-15T05:18:34","date_gmt":"2025-12-15T05:18:34","guid":{"rendered":"https:\/\/mountlaser.com\/?post_type=product&#038;p=5887"},"modified":"2025-12-15T05:18:34","modified_gmt":"2025-12-15T05:18:34","slug":"sn03-surveying-nail","status":"publish","type":"product","link":"https:\/\/mountlaser.com\/pl\/produkt\/sn03-surveying-nail\/","title":{"rendered":"SN03 Gw\u00f3\u017ad\u017a geodezyjny"},"content":{"rendered":"<p>Ten <a href=\"https:\/\/mountlaser.com\/pl\/\"><strong>SN03 Gw\u00f3\u017ad\u017a geodezyjny<\/strong><\/a> to trwa\u0142y i niezawodny znacznik geodezyjny, zaprojektowany do precyzyjnego wyznaczania i identyfikacji punkt\u00f3w odniesienia w terenie z dok\u0142adno\u015bci\u0105 i powtarzalno\u015bci\u0105. Wykonany z ocynkowanego \u017celaza, gw\u00f3\u017ad\u017a geodezyjny SN03 charakteryzuje si\u0119 doskona\u0142\u0105 wytrzyma\u0142o\u015bci\u0105 i odporno\u015bci\u0105 na korozj\u0119, dzi\u0119ki czemu idealnie nadaje si\u0119 do d\u0142ugotrwa\u0142ego u\u017cytkowania na zewn\u0105trz. <a href=\"https:\/\/mountlaser.com\/pl\/kategoria-produktu\/surveying-accessory\/\"><strong>Gwo\u017adzie punktowe<\/strong><\/a> ciesz\u0105 si\u0119 du\u017cym zaufaniem w\u015br\u00f3d profesjonalist\u00f3w, kt\u00f3rzy potrzebuj\u0105 stabilnych i widocznych znacznik\u00f3w w wymagaj\u0105cych warunkach terenowych.<\/p>\n<p>Powszechnie stosowany w pomiarach in\u017cynieryjnych, planowaniu budowy i mapowaniu katastralnym, <a href=\"https:\/\/mountlaser.com\/pl\/contact-us\/\">SN03 Gw\u00f3\u017ad\u017a geodezyjny<\/a> Zapewnia solidny i trwa\u0142y punkt odniesienia do krytycznych pomiar\u00f3w. Dzi\u0119ki \u015brednicy 8,8 mm i wielu opcjom d\u0142ugo\u015bci, gw\u00f3\u017ad\u017a geodezyjny SN03 \u0142atwo dostosowuje si\u0119 do r\u00f3\u017cnych wymaga\u0144 terenowych. Te niezawodne gwo\u017adzie geodezyjne zapewniaj\u0105 dok\u0142adno\u015b\u0107 pomiaru, zachowuj\u0105c jednocze\u015bnie trwa\u0142o\u015b\u0107 w r\u00f3\u017cnych warunkach.<\/p>\n<div>\n<table style=\"border-collapse: collapse; width: 1002.02pt;\" border=\"0\" width=\"1336\" cellspacing=\"0\" cellpadding=\"0\">\n<tbody>\n<tr style=\"height: 14.25pt;\">\n<td class=\"et2\" style=\"height: 14.25pt; width: 127.50pt;\" width=\"170\" height=\"19\">NUMER<\/td>\n<td class=\"et3\" style=\"width: 196.50pt;\" width=\"262\">MEATRIAL<\/td>\n<td class=\"et3\" style=\"width: 213.00pt;\" width=\"284\">\u015aREDNICA D<\/td>\n<td class=\"et3\" style=\"width: 93.75pt;\" width=\"125\">ROZMIAR L<\/td>\n<td class=\"et3\" style=\"width: 170.25pt;\" width=\"227\">MOQ (szt.)<\/td>\n<td class=\"et4\" style=\"width: 201.00pt;\" width=\"268\">ZDJ\u0118CIE<\/td>\n<\/tr>\n<tr style=\"height: 14.25pt;\">\n<td class=\"et5\" style=\"height: 14.25pt;\" height=\"19\">SN03-88030\/88050\/88070\/88080\/88100<\/td>\n<td class=\"et5\">Ocynkowane \u017celazo<\/td>\n<td class=\"et5\">8,8 mm<\/td>\n<td class=\"et5\">30\/50\/80\/100 mm<\/td>\n<td class=\"et6\">1000<\/td>\n<td class=\"et7\"><img fetchpriority=\"high\" decoding=\"async\" class=\"alignnone wp-image-5892\" src=\"https:\/\/mountlaser.com\/wp-content\/uploads\/2025\/12\/SN035.webp\" alt=\"SN03 Surveying Nail\" width=\"500\" height=\"500\" srcset=\"https:\/\/mountlaser.com\/wp-content\/uploads\/2025\/12\/SN035.webp 1000w, https:\/\/mountlaser.com\/wp-content\/uploads\/2025\/12\/SN035-300x300.webp 300w, https:\/\/mountlaser.com\/wp-content\/uploads\/2025\/12\/SN035-150x150.webp 150w, https:\/\/mountlaser.com\/wp-content\/uploads\/2025\/12\/SN035-768x768.webp 768w, https:\/\/mountlaser.com\/wp-content\/uploads\/2025\/12\/SN035-12x12.webp 12w, https:\/\/mountlaser.com\/wp-content\/uploads\/2025\/12\/SN035-600x600.webp 600w, https:\/\/mountlaser.com\/wp-content\/uploads\/2025\/12\/SN035-800x800.webp 800w, https:\/\/mountlaser.com\/wp-content\/uploads\/2025\/12\/SN035-400x400.webp 400w\" sizes=\"(max-width: 500px) 100vw, 500px\" \/><\/td>\n<\/tr>\n<\/tbody>\n<\/table>\n<\/div>","protected":false},"excerpt":{"rendered":"<ul>\n<li>Wykonane z ocynkowanego \u017celaza, co zapewnia trwa\u0142o\u015b\u0107 i odporno\u015b\u0107 na korozj\u0119<\/li>\n<li>\u015arednica: 8,8 mm; Dost\u0119pne d\u0142ugo\u015bci: 30 \/ 50 \/ 80 \/ 100 mm<\/li>\n<li>Niezawodne i trwa\u0142e gwo\u017adzie punktowe do zastosowa\u0144 profesjonalnych<\/li>\n<li>Ustala precyzyjne i sta\u0142e punkty pomiarowe<\/li>\n<li>Nadaje si\u0119 do pomiar\u00f3w in\u017cynieryjnych, planowania budowy i mapowania katastralnego<\/li>\n<\/ul>","protected":false},"featured_media":5888,"comment_status":"open","ping_status":"closed","template":"","meta":[],"product_brand":[],"product_cat":[152,79],"product_tag":[],"class_list":{"0":"post-5887","1":"product","2":"type-product","3":"status-publish","4":"has-post-thumbnail","6":"product_cat-surveying-marker","7":"product_cat-surveying-accessory","9":"first","10":"instock","11":"shipping-taxable","12":"product-type-simple"},"_links":{"self":[{"href":"https:\/\/mountlaser.com\/pl\/wp-json\/wp\/v2\/product\/5887","targetHints":{"allow":["GET"]}}],"collection":[{"href":"https:\/\/mountlaser.com\/pl\/wp-json\/wp\/v2\/product"}],"about":[{"href":"https:\/\/mountlaser.com\/pl\/wp-json\/wp\/v2\/types\/product"}],"replies":[{"embeddable":true,"href":"https:\/\/mountlaser.com\/pl\/wp-json\/wp\/v2\/comments?post=5887"}],"wp:featuredmedia":[{"embeddable":true,"href":"https:\/\/mountlaser.com\/pl\/wp-json\/wp\/v2\/media\/5888"}],"wp:attachment":[{"href":"https:\/\/mountlaser.com\/pl\/wp-json\/wp\/v2\/media?parent=5887"}],"wp:term":[{"taxonomy":"product_brand","embeddable":true,"href":"https:\/\/mountlaser.com\/pl\/wp-json\/wp\/v2\/product_brand?post=5887"},{"taxonomy":"product_cat","embeddable":true,"href":"https:\/\/mountlaser.com\/pl\/wp-json\/wp\/v2\/product_cat?post=5887"},{"taxonomy":"product_tag","embeddable":true,"href":"https:\/\/mountlaser.com\/pl\/wp-json\/wp\/v2\/product_tag?post=5887"}],"curies":[{"name":"wp","href":"https:\/\/api.w.org\/{rel}","templated":true}]}}