{"id":5880,"date":"2025-12-15T04:53:55","date_gmt":"2025-12-15T04:53:55","guid":{"rendered":"https:\/\/mountlaser.com\/?post_type=product&#038;p=5880"},"modified":"2025-12-15T04:53:55","modified_gmt":"2025-12-15T04:53:55","slug":"sn02-surveying-nail","status":"publish","type":"product","link":"https:\/\/mountlaser.com\/pl\/produkt\/sn02-surveying-nail\/","title":{"rendered":"SN02 Gw\u00f3\u017ad\u017a geodezyjny"},"content":{"rendered":"<p>Ten <a href=\"https:\/\/mountlaser.com\/pl\/\"><strong>SN02 Gw\u00f3\u017ad\u017a geodezyjny<\/strong><\/a> to wysokiej jako\u015bci znacznik geodezyjny zaprojektowany do wyznaczania precyzyjnych i trwa\u0142ych punkt\u00f3w odniesienia w terenie. Wykonany z najwy\u017cszej jako\u015bci <a href=\"https:\/\/mountlaser.com\/pl\/kategoria-produktu\/surveying-accessory\/\"><strong>gwo\u017adzie ze stali nierdzewnej<\/strong><\/a>, SN02 zapewnia doskona\u0142\u0105 odporno\u015b\u0107 na korozj\u0119, wytrzyma\u0142o\u015b\u0107 i d\u0142ugotrwa\u0142\u0105 trwa\u0142o\u015b\u0107 w ka\u017cdych warunkach terenowych. Te gwo\u017adzie ze stali nierdzewnej s\u0105 idealne dla profesjonalist\u00f3w, kt\u00f3rzy wymagaj\u0105 dok\u0142adnego i niezawodnego znakowania w wymagaj\u0105cych warunkach zewn\u0119trznych.<\/p>\n<p>Szeroko stosowany w pomiarach in\u017cynieryjnych, projektowaniu konstrukcji budowlanych i kartografii katastralnej, SN02 pe\u0142ni funkcj\u0119 stabilnego punktu odniesienia dla pomiar\u00f3w o krytycznym znaczeniu. Dzi\u0119ki solidnej konstrukcji, gw\u00f3\u017ad\u017a geodezyjny SN02 przewy\u017csza standardowe znaczniki gruntowe, a gwo\u017adzie ze stali nierdzewnej zapewniaj\u0105 odporno\u015b\u0107 na rdz\u0119, wilgo\u0107 i zu\u017cycie. Dost\u0119pne w r\u00f3\u017cnych d\u0142ugo\u015bciach. <a href=\"https:\/\/mountlaser.com\/pl\/contact-us\/\">gwo\u017adzie ze stali nierdzewnej<\/a> zapewniaj\u0105 elastyczno\u015b\u0107 w r\u00f3\u017cnych zastosowaniach geodezyjnych.<\/p>\n<div>\n<table style=\"border-collapse: collapse; width: 1002.02pt;\" border=\"0\" width=\"1336\" cellspacing=\"0\" cellpadding=\"0\">\n<tbody>\n<tr style=\"height: 14.25pt;\">\n<td class=\"et2\" style=\"height: 14.25pt; width: 127.50pt;\" width=\"170\" height=\"19\">NUMER<\/td>\n<td class=\"et3\" style=\"width: 196.50pt;\" width=\"262\">MEATRIAL<\/td>\n<td class=\"et3\" style=\"width: 213.00pt;\" width=\"284\">\u015aREDNICA D<\/td>\n<td class=\"et3\" style=\"width: 93.75pt;\" width=\"125\">ROZMIAR L<\/td>\n<td class=\"et3\" style=\"width: 170.25pt;\" width=\"227\">MOQ (szt.)<\/td>\n<td class=\"et4\" style=\"width: 201.00pt;\" width=\"268\">ZDJ\u0118CIE<\/td>\n<\/tr>\n<tr style=\"height: 14.25pt;\">\n<td class=\"et5\" style=\"height: 14.25pt;\" height=\"19\">SN02-78030\/78050\/78070\/78100<\/td>\n<td class=\"et5\">Stal nierdzewna<\/td>\n<td class=\"et5\">7,8 mm<\/td>\n<td class=\"et5\">30\/50\/70\/100 mm<\/td>\n<td class=\"et6\">1000<\/td>\n<td class=\"et7\"><img fetchpriority=\"high\" decoding=\"async\" class=\"alignnone wp-image-5886\" src=\"https:\/\/mountlaser.com\/wp-content\/uploads\/2025\/12\/SN026.webp\" alt=\"SN02 Surveying Nail\" width=\"500\" height=\"500\" srcset=\"https:\/\/mountlaser.com\/wp-content\/uploads\/2025\/12\/SN026.webp 1000w, https:\/\/mountlaser.com\/wp-content\/uploads\/2025\/12\/SN026-300x300.webp 300w, https:\/\/mountlaser.com\/wp-content\/uploads\/2025\/12\/SN026-150x150.webp 150w, https:\/\/mountlaser.com\/wp-content\/uploads\/2025\/12\/SN026-768x768.webp 768w, https:\/\/mountlaser.com\/wp-content\/uploads\/2025\/12\/SN026-12x12.webp 12w, https:\/\/mountlaser.com\/wp-content\/uploads\/2025\/12\/SN026-600x600.webp 600w, https:\/\/mountlaser.com\/wp-content\/uploads\/2025\/12\/SN026-800x800.webp 800w, https:\/\/mountlaser.com\/wp-content\/uploads\/2025\/12\/SN026-400x400.webp 400w\" sizes=\"(max-width: 500px) 100vw, 500px\" \/><\/td>\n<\/tr>\n<\/tbody>\n<\/table>\n<\/div>","protected":false},"excerpt":{"rendered":"<ul>\n<li>Wykonane z wysokiej jako\u015bci gwo\u017adzi ze stali nierdzewnej, zapewniaj\u0105cych maksymaln\u0105 trwa\u0142o\u015b\u0107<\/li>\n<li>\u015arednica: 7,8 mm; Dost\u0119pne d\u0142ugo\u015bci: 30 \/ 50 \/ 70 \/ 100 mm<\/li>\n<li>Trwa\u0142y i odporny na korozj\u0119 roztw\u00f3r do gwo\u017adzi geodezyjnych SN02<\/li>\n<li>Niezb\u0119dne narz\u0119dzie do oznaczania terenu dla profesjonalnych geodet\u00f3w<\/li>\n<\/ul>","protected":false},"featured_media":5881,"comment_status":"open","ping_status":"closed","template":"","meta":[],"product_brand":[],"product_cat":[152,79],"product_tag":[],"class_list":{"0":"post-5880","1":"product","2":"type-product","3":"status-publish","4":"has-post-thumbnail","6":"product_cat-surveying-marker","7":"product_cat-surveying-accessory","9":"first","10":"instock","11":"shipping-taxable","12":"product-type-simple"},"_links":{"self":[{"href":"https:\/\/mountlaser.com\/pl\/wp-json\/wp\/v2\/product\/5880","targetHints":{"allow":["GET"]}}],"collection":[{"href":"https:\/\/mountlaser.com\/pl\/wp-json\/wp\/v2\/product"}],"about":[{"href":"https:\/\/mountlaser.com\/pl\/wp-json\/wp\/v2\/types\/product"}],"replies":[{"embeddable":true,"href":"https:\/\/mountlaser.com\/pl\/wp-json\/wp\/v2\/comments?post=5880"}],"wp:featuredmedia":[{"embeddable":true,"href":"https:\/\/mountlaser.com\/pl\/wp-json\/wp\/v2\/media\/5881"}],"wp:attachment":[{"href":"https:\/\/mountlaser.com\/pl\/wp-json\/wp\/v2\/media?parent=5880"}],"wp:term":[{"taxonomy":"product_brand","embeddable":true,"href":"https:\/\/mountlaser.com\/pl\/wp-json\/wp\/v2\/product_brand?post=5880"},{"taxonomy":"product_cat","embeddable":true,"href":"https:\/\/mountlaser.com\/pl\/wp-json\/wp\/v2\/product_cat?post=5880"},{"taxonomy":"product_tag","embeddable":true,"href":"https:\/\/mountlaser.com\/pl\/wp-json\/wp\/v2\/product_tag?post=5880"}],"curies":[{"name":"wp","href":"https:\/\/api.w.org\/{rel}","templated":true}]}}