{"id":5878,"date":"2025-12-15T02:12:05","date_gmt":"2025-12-15T02:12:05","guid":{"rendered":"https:\/\/mountlaser.com\/?post_type=product&#038;p=5878"},"modified":"2025-12-15T02:12:05","modified_gmt":"2025-12-15T02:12:05","slug":"cm05-crack-monitor","status":"publish","type":"product","link":"https:\/\/mountlaser.com\/pl\/produkt\/cm05-crack-monitor\/","title":{"rendered":"Monitor p\u0119kni\u0119\u0107 CM05"},"content":{"rendered":"<p>Ten <a href=\"https:\/\/mountlaser.com\/pl\/\"><strong>Monitor p\u0119kni\u0119\u0107 CM05<\/strong><\/a> jest wysoce precyzyjny <a href=\"https:\/\/mountlaser.com\/pl\/kategoria-produktu\/surveying-accessory\/\"><strong>Monitor p\u0119kni\u0119\u0107 do pomiaru \u015bcian<\/strong><\/a> Zaprojektowany do precyzyjnego \u015bledzenia ruchu p\u0119kni\u0119\u0107 strukturalnych w czasie. Jako standardowy wska\u017anik stanu p\u0119kni\u0119\u0107 Mountlaser, CM05 Crack Monitor sk\u0142ada si\u0119 z dw\u00f3ch nak\u0142adaj\u0105cych si\u0119 na siebie p\u0142yt: jednej przezroczystej z precyzyjnym kursorem krzy\u017cowym i jednej skalibrowanej, oznaczonej w milimetrach, co zapewnia wyra\u017ane i wiarygodne odczyty.<\/p>\n<p><img fetchpriority=\"high\" decoding=\"async\" class=\"aligncenter wp-image-5392\" src=\"https:\/\/mountlaser.com\/wp-content\/uploads\/2025\/12\/\u4e3b\u56fe2-3.webp\" alt=\"CM05 Crack Monitor\" width=\"500\" height=\"500\" srcset=\"https:\/\/mountlaser.com\/wp-content\/uploads\/2025\/12\/\u4e3b\u56fe2-3.webp 1000w, https:\/\/mountlaser.com\/wp-content\/uploads\/2025\/12\/\u4e3b\u56fe2-3-300x300.webp 300w, https:\/\/mountlaser.com\/wp-content\/uploads\/2025\/12\/\u4e3b\u56fe2-3-150x150.webp 150w, https:\/\/mountlaser.com\/wp-content\/uploads\/2025\/12\/\u4e3b\u56fe2-3-768x768.webp 768w, https:\/\/mountlaser.com\/wp-content\/uploads\/2025\/12\/\u4e3b\u56fe2-3-12x12.webp 12w, https:\/\/mountlaser.com\/wp-content\/uploads\/2025\/12\/\u4e3b\u56fe2-3-600x600.webp 600w, https:\/\/mountlaser.com\/wp-content\/uploads\/2025\/12\/\u4e3b\u56fe2-3-800x800.webp 800w, https:\/\/mountlaser.com\/wp-content\/uploads\/2025\/12\/\u4e3b\u56fe2-3-400x400.webp 400w\" sizes=\"(max-width: 500px) 100vw, 500px\" \/><\/p>\n<p>Zaprojektowany specjalnie jako monitor p\u0119kni\u0119\u0107 do pomiaru \u015bcian, CM05 idealnie nadaje si\u0119 do monitorowania p\u0119kni\u0119\u0107 w \u015bcianach, murze, betonie i innych konstrukcjach budowlanych. Monta\u017c jest prosty za pomoc\u0105 do\u0142\u0105czonych \u015brub, z opcjonalnym klejem w razie potrzeby. Ka\u017cdy monitor p\u0119kni\u0119\u0107 CM05 jest dostarczany ze szczeg\u00f3\u0142ow\u0105 instrukcj\u0105 monta\u017cu i kart\u0105 rejestruj\u0105c\u0105 p\u0119kni\u0119cia, co czyni go idealnym. <a href=\"https:\/\/mountlaser.com\/pl\/about-us\/\">Monitor p\u0119kni\u0119\u0107 do pomiaru \u015bcian<\/a> niezawodne rozwi\u0105zanie do d\u0142ugoterminowej oceny konstrukcji.<\/p>","protected":false},"excerpt":{"rendered":"<ul>\n<li>Dok\u0142adnie mierzy ruch p\u0119kni\u0119\u0107 w \u015bcianie w milimetrach<\/li>\n<li>Umo\u017cliwia d\u0142ugoterminowe monitorowanie i por\u00f3wnywanie zmian p\u0119kni\u0119\u0107<\/li>\n<li>Zapewnia wyra\u017ane odczyty wizualne dzi\u0119ki wyr\u00f3wnaniu krzy\u017ca<\/li>\n<\/ul>","protected":false},"featured_media":5393,"comment_status":"open","ping_status":"closed","template":"","meta":[],"product_brand":[],"product_cat":[151,79],"product_tag":[],"class_list":{"0":"post-5878","1":"product","2":"type-product","3":"status-publish","4":"has-post-thumbnail","6":"product_cat-crack-monitor","7":"product_cat-surveying-accessory","9":"first","10":"instock","11":"shipping-taxable","12":"product-type-simple"},"_links":{"self":[{"href":"https:\/\/mountlaser.com\/pl\/wp-json\/wp\/v2\/product\/5878","targetHints":{"allow":["GET"]}}],"collection":[{"href":"https:\/\/mountlaser.com\/pl\/wp-json\/wp\/v2\/product"}],"about":[{"href":"https:\/\/mountlaser.com\/pl\/wp-json\/wp\/v2\/types\/product"}],"replies":[{"embeddable":true,"href":"https:\/\/mountlaser.com\/pl\/wp-json\/wp\/v2\/comments?post=5878"}],"wp:featuredmedia":[{"embeddable":true,"href":"https:\/\/mountlaser.com\/pl\/wp-json\/wp\/v2\/media\/5393"}],"wp:attachment":[{"href":"https:\/\/mountlaser.com\/pl\/wp-json\/wp\/v2\/media?parent=5878"}],"wp:term":[{"taxonomy":"product_brand","embeddable":true,"href":"https:\/\/mountlaser.com\/pl\/wp-json\/wp\/v2\/product_brand?post=5878"},{"taxonomy":"product_cat","embeddable":true,"href":"https:\/\/mountlaser.com\/pl\/wp-json\/wp\/v2\/product_cat?post=5878"},{"taxonomy":"product_tag","embeddable":true,"href":"https:\/\/mountlaser.com\/pl\/wp-json\/wp\/v2\/product_tag?post=5878"}],"curies":[{"name":"wp","href":"https:\/\/api.w.org\/{rel}","templated":true}]}}