{"id":5877,"date":"2025-12-15T01:38:15","date_gmt":"2025-12-15T01:38:15","guid":{"rendered":"https:\/\/mountlaser.com\/?post_type=product&#038;p=5877"},"modified":"2025-12-15T01:38:15","modified_gmt":"2025-12-15T01:38:15","slug":"cm04-crack-monitor","status":"publish","type":"product","link":"https:\/\/mountlaser.com\/pl\/produkt\/cm04-crack-monitor\/","title":{"rendered":"Monitor p\u0119kni\u0119\u0107 CM04"},"content":{"rendered":"<p>Ten <a href=\"https:\/\/mountlaser.com\/pl\/\"><strong>Monitor p\u0119kni\u0119\u0107 CM04<\/strong><\/a> jest klasy profesjonalnej <a href=\"https:\/\/mountlaser.com\/pl\/kategoria-produktu\/surveying-accessory\/\"><strong>Monitor wska\u017anika p\u0119kni\u0119\u0107<\/strong><\/a> Zaprojektowany do dok\u0142adnej, d\u0142ugoterminowej obserwacji ruchu p\u0119kni\u0119\u0107 strukturalnych. Zaprojektowany jako standardowy wska\u017anik Mountlaser, monitor p\u0119kni\u0119\u0107 CM04 wykorzystuje dwie nak\u0142adaj\u0105ce si\u0119 na siebie p\u0142ytki: przezroczyst\u0105 p\u0142ytk\u0119 z precyzyjnym kursorem krzy\u017cowym oraz drug\u0105 p\u0142ytk\u0119 skalibrowan\u0105 w milimetrach, co umo\u017cliwia precyzyjne odczyty wizualne.<\/p>\n<p><img fetchpriority=\"high\" decoding=\"async\" class=\"aligncenter wp-image-5385\" src=\"https:\/\/mountlaser.com\/wp-content\/uploads\/2025\/12\/CM043.webp\" alt=\"CM04 Crack Monitor\" width=\"500\" height=\"500\" srcset=\"https:\/\/mountlaser.com\/wp-content\/uploads\/2025\/12\/CM043.webp 1200w, https:\/\/mountlaser.com\/wp-content\/uploads\/2025\/12\/CM043-300x300.webp 300w, https:\/\/mountlaser.com\/wp-content\/uploads\/2025\/12\/CM043-1024x1024.webp 1024w, https:\/\/mountlaser.com\/wp-content\/uploads\/2025\/12\/CM043-150x150.webp 150w, https:\/\/mountlaser.com\/wp-content\/uploads\/2025\/12\/CM043-768x768.webp 768w, https:\/\/mountlaser.com\/wp-content\/uploads\/2025\/12\/CM043-12x12.webp 12w, https:\/\/mountlaser.com\/wp-content\/uploads\/2025\/12\/CM043-600x600.webp 600w, https:\/\/mountlaser.com\/wp-content\/uploads\/2025\/12\/CM043-800x800.webp 800w, https:\/\/mountlaser.com\/wp-content\/uploads\/2025\/12\/CM043-400x400.webp 400w\" sizes=\"(max-width: 500px) 100vw, 500px\" \/><\/p>\n<p>Zaprojektowany z my\u015bl\u0105 o niezawodnym monitorowaniu p\u0119kni\u0119\u0107, monitor p\u0119kni\u0119\u0107 CM04 idealnie nadaje si\u0119 do budynk\u00f3w, most\u00f3w, tuneli i konstrukcji betonowych. Monta\u017c jest szybki i bezpieczny za pomoc\u0105 do\u0142\u0105czonych \u015brub, z opcjonalnym klejem (brak w zestawie). Ka\u017cdy<a href=\"https:\/\/mountlaser.com\/pl\/contact-us\/\"> Monitor wska\u017anika p\u0119kni\u0119\u0107<\/a>\u00a0zawiera pe\u0142n\u0105 instrukcj\u0119 instalacji i kart\u0119 rejestru p\u0119kni\u0119\u0107, dzi\u0119ki czemu jest niezawodnym rozwi\u0105zaniem Crack Gauge Monitor do bie\u017c\u0105cego monitorowania konstrukcji.<\/p>","protected":false},"excerpt":{"rendered":"<ul>\n<li>Dok\u0142adnie monitoruje poziomy i pionowy ruch p\u0119kni\u0119\u0107<\/li>\n<li>Zapewnia wyra\u017ane odczyty skali milimetrowej, co pozwala na precyzyjny pomiar<\/li>\n<li>Wspiera d\u0142ugoterminow\u0105 analiz\u0119 i dokumentacj\u0119 trend\u00f3w p\u0119kni\u0119\u0107<\/li>\n<\/ul>","protected":false},"featured_media":5383,"comment_status":"open","ping_status":"closed","template":"","meta":[],"product_brand":[],"product_cat":[151,79],"product_tag":[],"class_list":{"0":"post-5877","1":"product","2":"type-product","3":"status-publish","4":"has-post-thumbnail","6":"product_cat-crack-monitor","7":"product_cat-surveying-accessory","9":"first","10":"instock","11":"shipping-taxable","12":"product-type-simple"},"_links":{"self":[{"href":"https:\/\/mountlaser.com\/pl\/wp-json\/wp\/v2\/product\/5877","targetHints":{"allow":["GET"]}}],"collection":[{"href":"https:\/\/mountlaser.com\/pl\/wp-json\/wp\/v2\/product"}],"about":[{"href":"https:\/\/mountlaser.com\/pl\/wp-json\/wp\/v2\/types\/product"}],"replies":[{"embeddable":true,"href":"https:\/\/mountlaser.com\/pl\/wp-json\/wp\/v2\/comments?post=5877"}],"wp:featuredmedia":[{"embeddable":true,"href":"https:\/\/mountlaser.com\/pl\/wp-json\/wp\/v2\/media\/5383"}],"wp:attachment":[{"href":"https:\/\/mountlaser.com\/pl\/wp-json\/wp\/v2\/media?parent=5877"}],"wp:term":[{"taxonomy":"product_brand","embeddable":true,"href":"https:\/\/mountlaser.com\/pl\/wp-json\/wp\/v2\/product_brand?post=5877"},{"taxonomy":"product_cat","embeddable":true,"href":"https:\/\/mountlaser.com\/pl\/wp-json\/wp\/v2\/product_cat?post=5877"},{"taxonomy":"product_tag","embeddable":true,"href":"https:\/\/mountlaser.com\/pl\/wp-json\/wp\/v2\/product_tag?post=5877"}],"curies":[{"name":"wp","href":"https:\/\/api.w.org\/{rel}","templated":true}]}}