{"id":5875,"date":"2025-12-12T09:27:22","date_gmt":"2025-12-12T09:27:22","guid":{"rendered":"https:\/\/mountlaser.com\/?post_type=product&#038;p=5875"},"modified":"2025-12-12T09:27:22","modified_gmt":"2025-12-12T09:27:22","slug":"cm03-crack-monitor","status":"publish","type":"product","link":"https:\/\/mountlaser.com\/pl\/produkt\/cm03-crack-monitor\/","title":{"rendered":"Monitor p\u0119kni\u0119\u0107 CM03"},"content":{"rendered":"<p data-start=\"185\" data-end=\"585\">Ten <a href=\"https:\/\/mountlaser.com\/pl\/\"><strong data-start=\"189\" data-end=\"211\">Monitor p\u0119kni\u0119\u0107 CM03<\/strong><\/a> to precyzyjnie zaprojektowane narz\u0119dzie przeznaczone dla profesjonalist\u00f3w, kt\u00f3rzy wymagaj\u0105 dok\u0142adno\u015bci i niezawodno\u015bci <a href=\"https:\/\/mountlaser.com\/pl\/products\/\"><strong data-start=\"306\" data-end=\"340\">monitorowanie wska\u017anika p\u0119kni\u0119\u0107<\/strong><\/a> w ocenie konstrukcji. Dzi\u0119ki dw\u00f3m nak\u0142adaj\u0105cym si\u0119 p\u0142ytom \u2013 jednej przezroczystej z precyzyjnym kursorem krzy\u017cowym i drugiej z nadrukowan\u0105 kalibracj\u0105 milimetrow\u0105 \u2013 monitor p\u0119kni\u0119\u0107 CM03 zapewnia wyra\u017ane i sp\u00f3jne odczyty przesuwania si\u0119 p\u0119kni\u0119\u0107 w czasie.<\/p>\n<p><img fetchpriority=\"high\" decoding=\"async\" class=\"aligncenter wp-image-5376\" src=\"https:\/\/mountlaser.com\/wp-content\/uploads\/2025\/12\/\u4e3b\u56fe2-2.webp\" alt=\"CM03 Crack Monitor\" width=\"500\" height=\"500\" srcset=\"https:\/\/mountlaser.com\/wp-content\/uploads\/2025\/12\/\u4e3b\u56fe2-2.webp 1000w, https:\/\/mountlaser.com\/wp-content\/uploads\/2025\/12\/\u4e3b\u56fe2-2-300x300.webp 300w, https:\/\/mountlaser.com\/wp-content\/uploads\/2025\/12\/\u4e3b\u56fe2-2-150x150.webp 150w, https:\/\/mountlaser.com\/wp-content\/uploads\/2025\/12\/\u4e3b\u56fe2-2-768x768.webp 768w, https:\/\/mountlaser.com\/wp-content\/uploads\/2025\/12\/\u4e3b\u56fe2-2-12x12.webp 12w, https:\/\/mountlaser.com\/wp-content\/uploads\/2025\/12\/\u4e3b\u56fe2-2-600x600.webp 600w, https:\/\/mountlaser.com\/wp-content\/uploads\/2025\/12\/\u4e3b\u56fe2-2-800x800.webp 800w, https:\/\/mountlaser.com\/wp-content\/uploads\/2025\/12\/\u4e3b\u56fe2-2-400x400.webp 400w\" sizes=\"(max-width: 500px) 100vw, 500px\" \/><\/p>\n<p>To niezawodne rozwi\u0105zanie do monitorowania p\u0119kni\u0119\u0107, kt\u00f3re mo\u017cna \u0142atwo zamontowa\u0107 za pomoc\u0105 do\u0142\u0105czonych \u015brub i w razie potrzeby wzmocni\u0107 klejem (brak w zestawie). <a href=\"https:\/\/mountlaser.com\/pl\/contact-us\/\">Monitor p\u0119kni\u0119\u0107 CM03<\/a> W zestawie znajduj\u0105 si\u0119 r\u00f3wnie\u017c szczeg\u00f3\u0142owe instrukcje instalacji oraz karta rejestru p\u0119kni\u0119\u0107, co zapewnia kompletne i przyjazne u\u017cytkownikowi rozwi\u0105zanie do d\u0142ugoterminowego monitorowania wska\u017anika p\u0119kni\u0119\u0107 w budynkach, mostach i innych konstrukcjach.<\/p>","protected":false},"excerpt":{"rendered":"<ul>\n<li>Pomiar poziomego i pionowego przemieszczenia p\u0119kni\u0119\u0107<\/li>\n<li>Zapewnia odczyty wizualne z dok\u0142adno\u015bci\u0105 do milimetra<\/li>\n<li>Wspiera ci\u0105g\u0142y monitoring stanu zdrowia i bezpiecze\u0144stwa konstrukcji<\/li>\n<\/ul>","protected":false},"featured_media":5375,"comment_status":"open","ping_status":"closed","template":"","meta":[],"product_brand":[],"product_cat":[151,79],"product_tag":[],"class_list":{"0":"post-5875","1":"product","2":"type-product","3":"status-publish","4":"has-post-thumbnail","6":"product_cat-crack-monitor","7":"product_cat-surveying-accessory","9":"first","10":"instock","11":"shipping-taxable","12":"product-type-simple"},"_links":{"self":[{"href":"https:\/\/mountlaser.com\/pl\/wp-json\/wp\/v2\/product\/5875","targetHints":{"allow":["GET"]}}],"collection":[{"href":"https:\/\/mountlaser.com\/pl\/wp-json\/wp\/v2\/product"}],"about":[{"href":"https:\/\/mountlaser.com\/pl\/wp-json\/wp\/v2\/types\/product"}],"replies":[{"embeddable":true,"href":"https:\/\/mountlaser.com\/pl\/wp-json\/wp\/v2\/comments?post=5875"}],"wp:featuredmedia":[{"embeddable":true,"href":"https:\/\/mountlaser.com\/pl\/wp-json\/wp\/v2\/media\/5375"}],"wp:attachment":[{"href":"https:\/\/mountlaser.com\/pl\/wp-json\/wp\/v2\/media?parent=5875"}],"wp:term":[{"taxonomy":"product_brand","embeddable":true,"href":"https:\/\/mountlaser.com\/pl\/wp-json\/wp\/v2\/product_brand?post=5875"},{"taxonomy":"product_cat","embeddable":true,"href":"https:\/\/mountlaser.com\/pl\/wp-json\/wp\/v2\/product_cat?post=5875"},{"taxonomy":"product_tag","embeddable":true,"href":"https:\/\/mountlaser.com\/pl\/wp-json\/wp\/v2\/product_tag?post=5875"}],"curies":[{"name":"wp","href":"https:\/\/api.w.org\/{rel}","templated":true}]}}