{"id":5874,"date":"2025-12-12T08:54:30","date_gmt":"2025-12-12T08:54:30","guid":{"rendered":"https:\/\/mountlaser.com\/?post_type=product&#038;p=5874"},"modified":"2025-12-12T08:54:30","modified_gmt":"2025-12-12T08:54:30","slug":"cm02-crack-monitor","status":"publish","type":"product","link":"https:\/\/mountlaser.com\/pl\/produkt\/cm02-crack-monitor\/","title":{"rendered":"Monitor p\u0119kni\u0119\u0107 CM02"},"content":{"rendered":"<p data-start=\"200\" data-end=\"653\">Ten<a href=\"https:\/\/mountlaser.com\/pl\/\"> <strong data-start=\"204\" data-end=\"226\">Monitor p\u0119kni\u0119\u0107 CM02<\/strong><\/a> jest precyzyjnym miernikiem zaprojektowanym do niezawodnego pomiaru ruch\u00f3w konstrukcyjnych w budynkach, co czyni go niezb\u0119dnym <a href=\"https:\/\/mountlaser.com\/pl\/kategoria-produktu\/surveying-accessory\/\"><strong data-start=\"349\" data-end=\"375\">monitor p\u0119kni\u0119\u0107 w budynku<\/strong><\/a> Dla in\u017cynier\u00f3w i inspektor\u00f3w. Zaprojektowany z dwiema nak\u0142adaj\u0105cymi si\u0119 p\u0142ytkami \u2013 jedn\u0105 przezroczyst\u0105 z precyzyjnym kursorem krzy\u017cowym i drug\u0105 skalibrowan\u0105 w milimetrach \u2013 monitor p\u0119kni\u0119\u0107 CM02 pozwala profesjonalistom wykry\u0107 nawet najmniejsze przemieszczenia z wyj\u0105tkow\u0105 przejrzysto\u015bci\u0105 i dok\u0142adno\u015bci\u0105.<\/p>\n<p data-start=\"200\" data-end=\"653\"><img fetchpriority=\"high\" decoding=\"async\" class=\"aligncenter wp-image-5369\" src=\"https:\/\/mountlaser.com\/wp-content\/uploads\/2025\/12\/\u4e3b\u56fe3-1.webp\" alt=\"CM02 Crack Monitor\" width=\"500\" height=\"500\" srcset=\"https:\/\/mountlaser.com\/wp-content\/uploads\/2025\/12\/\u4e3b\u56fe3-1.webp 1000w, https:\/\/mountlaser.com\/wp-content\/uploads\/2025\/12\/\u4e3b\u56fe3-1-300x300.webp 300w, https:\/\/mountlaser.com\/wp-content\/uploads\/2025\/12\/\u4e3b\u56fe3-1-150x150.webp 150w, https:\/\/mountlaser.com\/wp-content\/uploads\/2025\/12\/\u4e3b\u56fe3-1-768x768.webp 768w, https:\/\/mountlaser.com\/wp-content\/uploads\/2025\/12\/\u4e3b\u56fe3-1-12x12.webp 12w, https:\/\/mountlaser.com\/wp-content\/uploads\/2025\/12\/\u4e3b\u56fe3-1-600x600.webp 600w, https:\/\/mountlaser.com\/wp-content\/uploads\/2025\/12\/\u4e3b\u56fe3-1-800x800.webp 800w, https:\/\/mountlaser.com\/wp-content\/uploads\/2025\/12\/\u4e3b\u56fe3-1-400x400.webp 400w\" sizes=\"(max-width: 500px) 100vw, 500px\" \/><\/p>\n<p data-start=\"655\" data-end=\"1145\">Jako trwa\u0142y i \u0142atwy w monta\u017cu monitor p\u0119kni\u0119\u0107 w budynkach, montuje si\u0119 go bezpiecznie za pomoc\u0105 do\u0142\u0105czonych \u015brub i mo\u017cna go po\u0142\u0105czy\u0107 z klejem (brak w zestawie) dla dodatkowej stabilno\u015bci. Monitor p\u0119kni\u0119\u0107 CM02 zawiera szczeg\u00f3\u0142ow\u0105 instrukcj\u0119 monta\u017cu oraz kart\u0119 rejestracyjn\u0105 p\u0119kni\u0119\u0107, oferuj\u0105c kompletne rozwi\u0105zanie do monitorowania bie\u017c\u0105cych ocen konstrukcyjnych. Dla ka\u017cdego, kto potrzebuje niezawodnego\u2026 <a href=\"https:\/\/mountlaser.com\/pl\/about-us\/\">monitor p\u0119kni\u0119\u0107 w budynku<\/a>, Ten model gwarantuje sta\u0142\u0105 wydajno\u015b\u0107 zar\u00f3wno w warunkach wewn\u0119trznych, jak i zewn\u0119trznych.<\/p>","protected":false},"excerpt":{"rendered":"<ul>\n<li>Zapewnia precyzyjne odczyty w skali milimetrowej<\/li>\n<li>Wspiera d\u0142ugoterminowe monitorowanie stanu konstrukcji<\/li>\n<li>Wykorzystuje nak\u0142adaj\u0105ce si\u0119 na siebie przezroczyste i skalibrowane p\u0142ytki, aby zapewni\u0107 dok\u0142adny pomiar<\/li>\n<li>Monta\u017c za pomoc\u0105 \u015brub (w zestawie) i opcjonalnego kleju<\/li>\n<li>Zawiera pe\u0142n\u0105 instrukcj\u0119 instalacji i arkusz rejestracyjny monitorowania<\/li>\n<\/ul>","protected":false},"featured_media":5367,"comment_status":"open","ping_status":"closed","template":"","meta":[],"product_brand":[],"product_cat":[151,79],"product_tag":[],"class_list":{"0":"post-5874","1":"product","2":"type-product","3":"status-publish","4":"has-post-thumbnail","6":"product_cat-crack-monitor","7":"product_cat-surveying-accessory","9":"first","10":"instock","11":"shipping-taxable","12":"product-type-simple"},"_links":{"self":[{"href":"https:\/\/mountlaser.com\/pl\/wp-json\/wp\/v2\/product\/5874","targetHints":{"allow":["GET"]}}],"collection":[{"href":"https:\/\/mountlaser.com\/pl\/wp-json\/wp\/v2\/product"}],"about":[{"href":"https:\/\/mountlaser.com\/pl\/wp-json\/wp\/v2\/types\/product"}],"replies":[{"embeddable":true,"href":"https:\/\/mountlaser.com\/pl\/wp-json\/wp\/v2\/comments?post=5874"}],"wp:featuredmedia":[{"embeddable":true,"href":"https:\/\/mountlaser.com\/pl\/wp-json\/wp\/v2\/media\/5367"}],"wp:attachment":[{"href":"https:\/\/mountlaser.com\/pl\/wp-json\/wp\/v2\/media?parent=5874"}],"wp:term":[{"taxonomy":"product_brand","embeddable":true,"href":"https:\/\/mountlaser.com\/pl\/wp-json\/wp\/v2\/product_brand?post=5874"},{"taxonomy":"product_cat","embeddable":true,"href":"https:\/\/mountlaser.com\/pl\/wp-json\/wp\/v2\/product_cat?post=5874"},{"taxonomy":"product_tag","embeddable":true,"href":"https:\/\/mountlaser.com\/pl\/wp-json\/wp\/v2\/product_tag?post=5874"}],"curies":[{"name":"wp","href":"https:\/\/api.w.org\/{rel}","templated":true}]}}