{"id":5872,"date":"2025-12-12T07:44:07","date_gmt":"2025-12-12T07:44:07","guid":{"rendered":"https:\/\/mountlaser.com\/?post_type=product&#038;p=5872"},"modified":"2025-12-12T07:44:08","modified_gmt":"2025-12-12T07:44:08","slug":"sm01-rd-surveying-marker","status":"publish","type":"product","link":"https:\/\/mountlaser.com\/pl\/produkt\/sm01-rd-surveying-marker\/","title":{"rendered":"Znacznik geodezyjny SM01-RD"},"content":{"rendered":"<p data-start=\"215\" data-end=\"735\">Ten <a href=\"https:\/\/mountlaser.com\/pl\/\"><strong data-start=\"219\" data-end=\"247\">Znacznik geodezyjny SM01-RD<\/strong><\/a> To trwa\u0142y i doskonale widoczny znacznik terenowy, zaprojektowany do precyzyjnego wyznaczania punkt\u00f3w odniesienia w zastosowaniach geodezyjnych i budowlanych. Wykonany z wysokiej jako\u015bci tworzywa sztucznego formowanego wtryskowo, znacznik geodezyjny SM01-RD zapewnia wyj\u0105tkow\u0105 wytrzyma\u0142o\u015b\u0107 i d\u0142ugotrwa\u0142\u0105 niezawodno\u015b\u0107, co czyni go idealnym wyborem dla profesjonalist\u00f3w, kt\u00f3rym zale\u017cy na precyzyjnym oznakowaniu terenu. Jako jeden z najbardziej niezawodnych <a href=\"https:\/\/mountlaser.com\/pl\/kategoria-produktu\/surveying-accessory\/\"><strong data-start=\"629\" data-end=\"664\">Plastikowe znaczniki graniczne<\/strong><\/a>, zapewnia sta\u0142\u0105 wydajno\u015b\u0107 nawet w trudnych warunkach zewn\u0119trznych.<\/p>\n<p data-start=\"737\" data-end=\"1276\">Dzi\u0119ki jaskrawoczerwonemu kolorowi i kompaktowym rozmiarom (g\u0142. 46 \u00d7 g\u0142. 10 \u00d7 wys. 6 mm) znacznik geodezyjny SM01-RD umo\u017cliwia szybk\u0105 identyfikacj\u0119 linii uk\u0142adu, punkt\u00f3w kontrolnych i oznacze\u0144 granicznych. Geodeci regularnie korzystaj\u0105cy z plastikowych znacznik\u00f3w geodezyjnych doceni\u0105 trwa\u0142o\u015b\u0107, widoczno\u015b\u0107 i odporno\u015b\u0107 na zu\u017cycie tego znacznika. <a href=\"https:\/\/mountlaser.com\/pl\/contact-us\/\">Znacznik geodezyjny SM01-RD <\/a>nadaje si\u0119 r\u00f3wnie\u017c do projekt\u00f3w na du\u017c\u0105 skal\u0119 dzi\u0119ki konkurencyjnej minimalnej ilo\u015bci zam\u00f3wienia wynosz\u0105cej 1000 sztuk, co czyni go ekonomicznym rozwi\u0105zaniem w\u015br\u00f3d profesjonalnych plastikowych znacznik\u00f3w geodezyjnych.<\/p>\n<div>\n<table style=\"border-collapse: collapse; width: 801.02pt;\" border=\"0\" width=\"1068\" cellspacing=\"0\" cellpadding=\"0\">\n<tbody>\n<tr style=\"height: 14.25pt;\">\n<td class=\"et2\" style=\"height: 14.25pt; width: 127.50pt;\" width=\"170\" height=\"19\">NUMER<\/td>\n<td class=\"et2\" style=\"width: 196.50pt;\" width=\"262\">KOLOR<\/td>\n<td class=\"et2\" style=\"width: 213.00pt;\" width=\"284\">ROZMIAR D xdx H<\/td>\n<td class=\"et3\" style=\"width: 93.75pt;\" width=\"125\">MOQ (szt.)<\/td>\n<td class=\"et3\" style=\"width: 170.25pt;\" width=\"227\">ZDJ\u0118CIE<\/td>\n<\/tr>\n<tr style=\"height: 14.25pt;\">\n<td class=\"et4\" style=\"height: 14.25pt;\" height=\"19\">SM01-RD<\/td>\n<td class=\"et5\">CZERWONY<\/td>\n<td class=\"et6\">D46 \u00d7 d10 \u00d7 H6 mm<\/td>\n<td class=\"et7\" align=\"right\">1000<\/td>\n<td class=\"et7\"><img fetchpriority=\"high\" decoding=\"async\" class=\"aligncenter wp-image-5348\" src=\"https:\/\/mountlaser.com\/wp-content\/uploads\/2025\/12\/SM01-Surveying-Marker6-300x300.webp\" alt=\"SM01-RD Surveying Marker\" width=\"500\" height=\"500\" srcset=\"https:\/\/mountlaser.com\/wp-content\/uploads\/2025\/12\/SM01-Surveying-Marker6-300x300.webp 300w, https:\/\/mountlaser.com\/wp-content\/uploads\/2025\/12\/SM01-Surveying-Marker6-150x150.webp 150w, https:\/\/mountlaser.com\/wp-content\/uploads\/2025\/12\/SM01-Surveying-Marker6-768x768.webp 768w, https:\/\/mountlaser.com\/wp-content\/uploads\/2025\/12\/SM01-Surveying-Marker6-12x12.webp 12w, https:\/\/mountlaser.com\/wp-content\/uploads\/2025\/12\/SM01-Surveying-Marker6-600x600.webp 600w, https:\/\/mountlaser.com\/wp-content\/uploads\/2025\/12\/SM01-Surveying-Marker6-800x800.webp 800w, https:\/\/mountlaser.com\/wp-content\/uploads\/2025\/12\/SM01-Surveying-Marker6-400x400.webp 400w, https:\/\/mountlaser.com\/wp-content\/uploads\/2025\/12\/SM01-Surveying-Marker6.webp 1000w\" sizes=\"(max-width: 500px) 100vw, 500px\" \/><\/td>\n<\/tr>\n<\/tbody>\n<\/table>\n<\/div>","protected":false},"excerpt":{"rendered":"<ul>\n<li>Zapewnia jasn\u0105 i \u0142atw\u0105 do zobaczenia widoczno\u015b\u0107 w terenie<\/li>\n<li>Wykonane z mocnego tworzywa sztucznego formowanego wtryskowo<\/li>\n<li>Jaskrawoczerwony kolor zapewniaj\u0105cy dobr\u0105 widoczno\u015b\u0107<\/li>\n<li>Trwa\u0142a, odporna na warunki atmosferyczne konstrukcja<\/li>\n<\/ul>","protected":false},"featured_media":5352,"comment_status":"open","ping_status":"closed","template":"","meta":[],"product_brand":[],"product_cat":[152,79],"product_tag":[],"class_list":{"0":"post-5872","1":"product","2":"type-product","3":"status-publish","4":"has-post-thumbnail","6":"product_cat-surveying-marker","7":"product_cat-surveying-accessory","9":"first","10":"instock","11":"shipping-taxable","12":"product-type-simple"},"_links":{"self":[{"href":"https:\/\/mountlaser.com\/pl\/wp-json\/wp\/v2\/product\/5872","targetHints":{"allow":["GET"]}}],"collection":[{"href":"https:\/\/mountlaser.com\/pl\/wp-json\/wp\/v2\/product"}],"about":[{"href":"https:\/\/mountlaser.com\/pl\/wp-json\/wp\/v2\/types\/product"}],"replies":[{"embeddable":true,"href":"https:\/\/mountlaser.com\/pl\/wp-json\/wp\/v2\/comments?post=5872"}],"wp:featuredmedia":[{"embeddable":true,"href":"https:\/\/mountlaser.com\/pl\/wp-json\/wp\/v2\/media\/5352"}],"wp:attachment":[{"href":"https:\/\/mountlaser.com\/pl\/wp-json\/wp\/v2\/media?parent=5872"}],"wp:term":[{"taxonomy":"product_brand","embeddable":true,"href":"https:\/\/mountlaser.com\/pl\/wp-json\/wp\/v2\/product_brand?post=5872"},{"taxonomy":"product_cat","embeddable":true,"href":"https:\/\/mountlaser.com\/pl\/wp-json\/wp\/v2\/product_cat?post=5872"},{"taxonomy":"product_tag","embeddable":true,"href":"https:\/\/mountlaser.com\/pl\/wp-json\/wp\/v2\/product_tag?post=5872"}],"curies":[{"name":"wp","href":"https:\/\/api.w.org\/{rel}","templated":true}]}}