{"id":5871,"date":"2025-12-12T06:55:30","date_gmt":"2025-12-12T06:55:30","guid":{"rendered":"https:\/\/mountlaser.com\/?post_type=product&#038;p=5871"},"modified":"2025-12-12T07:27:36","modified_gmt":"2025-12-12T07:27:36","slug":"sm01-yl-surveying-marker","status":"publish","type":"product","link":"https:\/\/mountlaser.com\/pl\/produkt\/sm01-yl-surveying-marker\/","title":{"rendered":"Znacznik geodezyjny SM01-YL"},"content":{"rendered":"<p data-start=\"169\" data-end=\"642\">Ten <a href=\"https:\/\/mountlaser.com\/pl\/\"><strong data-start=\"173\" data-end=\"201\">Znacznik geodezyjny SM01-YL<\/strong><\/a> To niezawodny i trwa\u0142y znacznik terenowy zaprojektowany z my\u015bl\u0105 o precyzyjnym wyznaczaniu punkt\u00f3w odniesienia w profesjonalnych pracach geodezyjnych. Wykonany z wysokiej jako\u015bci tworzywa sztucznego formowanego wtryskowo, znacznik geodezyjny SM01-YL zapewnia d\u0142ugotrwa\u0142\u0105 wydajno\u015b\u0107 nawet w wymagaj\u0105cych warunkach zewn\u0119trznych. Jako bardzo widoczny <a href=\"https:\/\/mountlaser.com\/pl\/kategoria-produktu\/surveying-accessory\/\"><strong data-start=\"493\" data-end=\"518\">plastikowy znacznik geodezyjny<\/strong><\/a>, umo\u017cliwia wyra\u017an\u0105 identyfikacj\u0119 linii uk\u0142adu, punkt\u00f3w kontrolnych i oznacze\u0144 granicznych na placach budowy i placach pomiar\u00f3w.<\/p>\n<p data-start=\"644\" data-end=\"1006\">Zaprojektowany z my\u015bl\u0105 o precyzji i niezawodno\u015bci, <a href=\"https:\/\/mountlaser.com\/pl\/contact-us\/\">Znacznik geodezyjny SM01-YL<\/a> Wyr\u00f3\u017cnia si\u0119 w\u015br\u00f3d nowoczesnych plastikowych znacznik\u00f3w geodezyjnych, oferuj\u0105c jaskrawe kolory, kt\u00f3re zapewniaj\u0105 \u0142atw\u0105 identyfikacj\u0119 z daleka. Geodeci, kt\u00f3rzy wykorzystuj\u0105 plastikowe znaczniki geodezyjne w codziennych pracach terenowych, doceni\u0105 ich wytrzyma\u0142o\u015b\u0107, odporno\u015b\u0107 na warunki atmosferyczne i sta\u0142\u0105 dok\u0142adno\u015b\u0107.<\/p>\n<div>\n<table style=\"border-collapse: collapse; width: 801.02pt;\" border=\"0\" width=\"1068\" cellspacing=\"0\" cellpadding=\"0\">\n<tbody>\n<tr style=\"height: 14.25pt;\">\n<td class=\"et2\" style=\"height: 14.25pt; width: 127.50pt;\" width=\"170\" height=\"19\">NUMER<\/td>\n<td class=\"et2\" style=\"width: 196.50pt;\" width=\"262\">KOLOR<\/td>\n<td class=\"et2\" style=\"width: 213.00pt;\" width=\"284\">ROZMIAR D xdx H<\/td>\n<td class=\"et3\" style=\"width: 93.75pt;\" width=\"125\">MOQ (szt.)<\/td>\n<td class=\"et3\" style=\"width: 170.25pt;\" width=\"227\">ZDJ\u0118CIE<\/td>\n<\/tr>\n<tr style=\"height: 14.25pt;\">\n<td class=\"et4\" style=\"height: 14.25pt;\" height=\"19\">SM01-YL<\/td>\n<td class=\"et5\">\u017b\u00f3\u0142ty<\/td>\n<td class=\"et6\">D46 \u00d7 d10 \u00d7 H6 mm<\/td>\n<td class=\"et7\" align=\"right\">1000<\/td>\n<td class=\"et7\"><img fetchpriority=\"high\" decoding=\"async\" class=\"alignnone wp-image-5350 size-medium\" src=\"https:\/\/mountlaser.com\/wp-content\/uploads\/2025\/12\/SM01-Surveying-Marker5-300x300.webp\" alt=\"SM01-YL Surveying Marker\" width=\"300\" height=\"300\" srcset=\"https:\/\/mountlaser.com\/wp-content\/uploads\/2025\/12\/SM01-Surveying-Marker5-300x300.webp 300w, https:\/\/mountlaser.com\/wp-content\/uploads\/2025\/12\/SM01-Surveying-Marker5-150x150.webp 150w, https:\/\/mountlaser.com\/wp-content\/uploads\/2025\/12\/SM01-Surveying-Marker5-768x768.webp 768w, https:\/\/mountlaser.com\/wp-content\/uploads\/2025\/12\/SM01-Surveying-Marker5-12x12.webp 12w, https:\/\/mountlaser.com\/wp-content\/uploads\/2025\/12\/SM01-Surveying-Marker5-600x600.webp 600w, https:\/\/mountlaser.com\/wp-content\/uploads\/2025\/12\/SM01-Surveying-Marker5-800x800.webp 800w, https:\/\/mountlaser.com\/wp-content\/uploads\/2025\/12\/SM01-Surveying-Marker5-400x400.webp 400w, https:\/\/mountlaser.com\/wp-content\/uploads\/2025\/12\/SM01-Surveying-Marker5.webp 1000w\" sizes=\"(max-width: 300px) 100vw, 300px\" \/><\/td>\n<\/tr>\n<\/tbody>\n<\/table>\n<\/div>","protected":false},"excerpt":{"rendered":"<ul>\n<li>Zapewnia dok\u0142adne oznaczanie punkt\u00f3w kontrolnych, granic i linii uk\u0142adu<\/li>\n<li>Wykonane z wysokiej jako\u015bci formowanego wtryskowo tworzywa sztucznego zapewniaj\u0105cego wyj\u0105tkow\u0105 trwa\u0142o\u015b\u0107<\/li>\n<li>Dost\u0119pne w jasnych, dobrze widocznych kolorach, umo\u017cliwiaj\u0105cych \u0142atw\u0105 identyfikacj\u0119 w terenie<\/li>\n<li>Idealne na place budowy, pomiary topograficzne i d\u0142ugoterminowe oznaczanie punkt\u00f3w odniesienia<\/li>\n<li>Zapewnia niezawodn\u0105 wydajno\u015b\u0107 jako profesjonalny znacznik geodezyjny<\/li>\n<\/ul>","protected":false},"featured_media":5352,"comment_status":"open","ping_status":"closed","template":"","meta":[],"product_brand":[],"product_cat":[152,79],"product_tag":[],"class_list":{"0":"post-5871","1":"product","2":"type-product","3":"status-publish","4":"has-post-thumbnail","6":"product_cat-surveying-marker","7":"product_cat-surveying-accessory","9":"first","10":"instock","11":"shipping-taxable","12":"product-type-simple"},"_links":{"self":[{"href":"https:\/\/mountlaser.com\/pl\/wp-json\/wp\/v2\/product\/5871","targetHints":{"allow":["GET"]}}],"collection":[{"href":"https:\/\/mountlaser.com\/pl\/wp-json\/wp\/v2\/product"}],"about":[{"href":"https:\/\/mountlaser.com\/pl\/wp-json\/wp\/v2\/types\/product"}],"replies":[{"embeddable":true,"href":"https:\/\/mountlaser.com\/pl\/wp-json\/wp\/v2\/comments?post=5871"}],"wp:featuredmedia":[{"embeddable":true,"href":"https:\/\/mountlaser.com\/pl\/wp-json\/wp\/v2\/media\/5352"}],"wp:attachment":[{"href":"https:\/\/mountlaser.com\/pl\/wp-json\/wp\/v2\/media?parent=5871"}],"wp:term":[{"taxonomy":"product_brand","embeddable":true,"href":"https:\/\/mountlaser.com\/pl\/wp-json\/wp\/v2\/product_brand?post=5871"},{"taxonomy":"product_cat","embeddable":true,"href":"https:\/\/mountlaser.com\/pl\/wp-json\/wp\/v2\/product_cat?post=5871"},{"taxonomy":"product_tag","embeddable":true,"href":"https:\/\/mountlaser.com\/pl\/wp-json\/wp\/v2\/product_tag?post=5871"}],"curies":[{"name":"wp","href":"https:\/\/api.w.org\/{rel}","templated":true}]}}