{"id":5869,"date":"2025-12-12T05:45:46","date_gmt":"2025-12-12T05:45:46","guid":{"rendered":"https:\/\/mountlaser.com\/?post_type=product&#038;p=5869"},"modified":"2025-12-12T05:45:46","modified_gmt":"2025-12-12T05:45:46","slug":"al03-abney-level","status":"publish","type":"product","link":"https:\/\/mountlaser.com\/pl\/produkt\/al03-abney-level\/","title":{"rendered":"AL03 Poziom Abney"},"content":{"rendered":"<p>Ten <a href=\"https:\/\/mountlaser.com\/pl\/\"><strong>AL03 Poziom Abney<\/strong><\/a> To precyzyjnie wykonany instrument przeznaczony dla profesjonalist\u00f3w, kt\u00f3rzy potrzebuj\u0105 szybkich i niezawodnych pomiar\u00f3w nachylenia i wysoko\u015bci w terenie. Wyposa\u017cony w kwadratowy tubus celowniczy i teleskop z wewn\u0119trznym ogniskowaniem, niwelator AL03 Abney zapewnia wysok\u0105 dok\u0142adno\u015b\u0107 odczyt\u00f3w rz\u0119du 20&#039;\/2 mm, co czyni go sprawdzonym wyborem do oceny terenu, planowania budowy i pomiar\u00f3w topograficznych. Jako kompaktowe i wytrzyma\u0142e narz\u0119dzie, szeroko stosowane w pomiarach geodezyjnych z u\u017cyciem niwelatora, pozwala geodetom na wykonywanie pomiar\u00f3w k\u0105t\u00f3w, nachylenia i wysoko\u015bci z pewno\u015bci\u0105 i wydajno\u015bci\u0105.<\/p>\n<p>Wyposa\u017cony w wymienne \u0142uki, g\u0142\u00f3wn\u0105 skal\u0119 1\u00b0 z noniuszem 10\u2032 i zintegrowane skale nachylenia 1:1 i 1:10, <a href=\"https:\/\/mountlaser.com\/pl\/kategoria-produktu\/surveying-accessory\/\">AL03 Poziom Abney<\/a> Z \u0142atwo\u015bci\u0105 dostosowuje si\u0119 do szerokiego zakresu zastosowa\u0144 terenowych. Tarcza o \u015brednicy 90 mm oferuje wyra\u017any zakres pomiarowy od 0\u00b0 do 90\u00b0, umo\u017cliwiaj\u0105c obserwacj\u0119 zar\u00f3wno pod k\u0105tem standardowym, jak i stromym. Zaprojektowany z my\u015bl\u0105 o rzeczywistych warunkach geodezyjnych, ten instrument jest niezawodnym towarzyszem podczas pomiar\u00f3w z u\u017cyciem poziomicy r\u0119cznej. Jest dostarczany z wygodnym futera\u0142em z p\u0119tl\u0105 na pasek, u\u0142atwiaj\u0105cym transport w terenie.<\/p>\n<p><img fetchpriority=\"high\" decoding=\"async\" class=\"aligncenter wp-image-5550\" src=\"https:\/\/mountlaser.com\/wp-content\/uploads\/2025\/12\/AL035.webp\" alt=\"AL03 Abney Level\" width=\"500\" height=\"500\" srcset=\"https:\/\/mountlaser.com\/wp-content\/uploads\/2025\/12\/AL035.webp 1000w, https:\/\/mountlaser.com\/wp-content\/uploads\/2025\/12\/AL035-300x300.webp 300w, https:\/\/mountlaser.com\/wp-content\/uploads\/2025\/12\/AL035-150x150.webp 150w, https:\/\/mountlaser.com\/wp-content\/uploads\/2025\/12\/AL035-768x768.webp 768w, https:\/\/mountlaser.com\/wp-content\/uploads\/2025\/12\/AL035-12x12.webp 12w, https:\/\/mountlaser.com\/wp-content\/uploads\/2025\/12\/AL035-600x600.webp 600w, https:\/\/mountlaser.com\/wp-content\/uploads\/2025\/12\/AL035-800x800.webp 800w, https:\/\/mountlaser.com\/wp-content\/uploads\/2025\/12\/AL035-400x400.webp 400w\" sizes=\"(max-width: 500px) 100vw, 500px\" \/><\/p>\n<p>Zaprojektowany z my\u015bl\u0105 o wszechstronno\u015bci, przeno\u015bno\u015bci i niezawodnej precyzji, poziomnica Abney AL03 pozostaje rozwi\u0105zaniem idealnym dla profesjonalist\u00f3w, kt\u00f3rzy regularnie wykonuj\u0105 <a href=\"https:\/\/mountlaser.com\/pl\/about-us\/\"><strong>pomiary r\u0119czne na poziomie abney<\/strong><\/a> i wymagaj\u0105 dok\u0142adnego narz\u0119dzia do pomiaru nachylenia, k\u0105t\u00f3w i zmian wysoko\u015bci.<\/p>","protected":false},"excerpt":{"rendered":"<ul>\n<li>Precyzyjny pomiar nachyle\u0144, k\u0105t\u00f3w i zmian wysoko\u015bci<\/li>\n<li>Kwadratowa tubus celowniczy z wewn\u0119trznym teleskopem ogniskuj\u0105cym (dok\u0142adno\u015b\u0107 20&#039;\/2 mm)<\/li>\n<li>Wymienne \u0142uki pomiarowe zapewniaj\u0105ce elastyczno\u015b\u0107 u\u017cytkowania<\/li>\n<li>Skala 1\u00b0 z noniuszem 10\u2032 do precyzyjnych odczyt\u00f3w<\/li>\n<li>Zintegrowane skale nachylenia 1:1 i 1:10<\/li>\n<li>Tarcza 90 mm, zakres pomiaru od 0\u00b0 do 90\u00b0<\/li>\n<li>W zestawie futera\u0142 z szlufk\u0105 na pasek, umo\u017cliwiaj\u0105cy \u0142atwe przenoszenie w terenie<\/li>\n<li>Idealny do szybkich i niezawodnych zada\u0144 zwi\u0105zanych z pomiarem poziomu przy u\u017cyciu r\u0105k<\/li>\n<\/ul>","protected":false},"featured_media":5546,"comment_status":"open","ping_status":"closed","template":"","meta":[],"product_brand":[],"product_cat":[156,79],"product_tag":[],"class_list":{"0":"post-5869","1":"product","2":"type-product","3":"status-publish","4":"has-post-thumbnail","6":"product_cat-abney-level","7":"product_cat-surveying-accessory","9":"first","10":"instock","11":"shipping-taxable","12":"product-type-simple"},"_links":{"self":[{"href":"https:\/\/mountlaser.com\/pl\/wp-json\/wp\/v2\/product\/5869","targetHints":{"allow":["GET"]}}],"collection":[{"href":"https:\/\/mountlaser.com\/pl\/wp-json\/wp\/v2\/product"}],"about":[{"href":"https:\/\/mountlaser.com\/pl\/wp-json\/wp\/v2\/types\/product"}],"replies":[{"embeddable":true,"href":"https:\/\/mountlaser.com\/pl\/wp-json\/wp\/v2\/comments?post=5869"}],"wp:featuredmedia":[{"embeddable":true,"href":"https:\/\/mountlaser.com\/pl\/wp-json\/wp\/v2\/media\/5546"}],"wp:attachment":[{"href":"https:\/\/mountlaser.com\/pl\/wp-json\/wp\/v2\/media?parent=5869"}],"wp:term":[{"taxonomy":"product_brand","embeddable":true,"href":"https:\/\/mountlaser.com\/pl\/wp-json\/wp\/v2\/product_brand?post=5869"},{"taxonomy":"product_cat","embeddable":true,"href":"https:\/\/mountlaser.com\/pl\/wp-json\/wp\/v2\/product_cat?post=5869"},{"taxonomy":"product_tag","embeddable":true,"href":"https:\/\/mountlaser.com\/pl\/wp-json\/wp\/v2\/product_tag?post=5869"}],"curies":[{"name":"wp","href":"https:\/\/api.w.org\/{rel}","templated":true}]}}