{"id":5867,"date":"2025-12-12T03:13:33","date_gmt":"2025-12-12T03:13:33","guid":{"rendered":"https:\/\/mountlaser.com\/?post_type=product&#038;p=5867"},"modified":"2025-12-12T03:13:33","modified_gmt":"2025-12-12T03:13:33","slug":"ps4a-pocket-stereo-viewer","status":"publish","type":"product","link":"https:\/\/mountlaser.com\/pl\/produkt\/ps4a-pocket-stereo-viewer\/","title":{"rendered":"Przegl\u0105darka kieszonkowego stereo PS4A"},"content":{"rendered":"<p>Ten <a href=\"https:\/\/mountlaser.com\/pl\/\"><strong>Przegl\u0105darka kieszonkowego stereo PS4A<\/strong><\/a> to kompaktowy, gotowy do pracy w terenie stereoskop przeznaczony dla profesjonalnych geodet\u00f3w i kartograf\u00f3w, kt\u00f3rzy polegaj\u0105 na wyra\u017anej interpretacji obrazu stereoskopowego. Zaprojektowany z trwa\u0142ymi uchwytami ze stopu metalu, PS4A Pocket Stereo Viewer zapewnia niezawodne 4-krotne powi\u0119kszenie, co czyni go wydajn\u0105 i przeno\u015bn\u0105 alternatyw\u0105 dla wi\u0119kszych instrument\u00f3w stereoskopowych. Jego parametry optyczne i solidna konstrukcja sprawiaj\u0105, \u017ce doskonale nadaje si\u0119 dla u\u017cytkownik\u00f3w poszukuj\u0105cych niezawodnego rozwi\u0105zania. <a href=\"https:\/\/mountlaser.com\/pl\/kategoria-produktu\/surveying-accessory\/\"><strong>4X kieszonkowy stereoskopowy podgl\u0105d<\/strong><\/a> zar\u00f3wno w \u015brodowisku biurowym jak i zewn\u0119trznym.<\/p>\n<p>Zaprojektowany z my\u015bl\u0105 o komforcie i przejrzysto\u015bci, <a href=\"https:\/\/mountlaser.com\/pl\/about-us\/\">Przegl\u0105darka kieszonkowego stereo PS4A<\/a> Posiada regulowany rozstaw \u017arenic w zakresie od 56 mm do 75 mm, co pozwala u\u017cytkownikom na dopasowanie do d\u0142u\u017cszych sesji obserwacji. Dzi\u0119ki szerokiemu polu widzenia 125 mm \u00d7 125 mm u\u017cytkownicy mog\u0105 z \u0142atwo\u015bci\u0105 przeprowadza\u0107 szczeg\u00f3\u0142ow\u0105 analiz\u0119 stereoskopow\u0105 bez konieczno\u015bci stosowania du\u017cych gabaryt\u00f3w i ogranicze\u0144 tradycyjnych stereoskop\u00f3w. Jako wszechstronny kieszonkowy stereoskop 4X, doskonale sprawdza si\u0119 w analizie terenu, fotogrametrii i og\u00f3lnej interpretacji obraz\u00f3w stereoskopowych.<\/p>\n<p><img fetchpriority=\"high\" decoding=\"async\" class=\"aligncenter wp-image-5562\" src=\"https:\/\/mountlaser.com\/wp-content\/uploads\/2025\/12\/\u4e3b\u56fe2-4.webp\" alt=\"PS4A Pocket Stereo Viewer\" width=\"500\" height=\"500\" srcset=\"https:\/\/mountlaser.com\/wp-content\/uploads\/2025\/12\/\u4e3b\u56fe2-4.webp 1000w, https:\/\/mountlaser.com\/wp-content\/uploads\/2025\/12\/\u4e3b\u56fe2-4-300x300.webp 300w, https:\/\/mountlaser.com\/wp-content\/uploads\/2025\/12\/\u4e3b\u56fe2-4-150x150.webp 150w, https:\/\/mountlaser.com\/wp-content\/uploads\/2025\/12\/\u4e3b\u56fe2-4-768x768.webp 768w, https:\/\/mountlaser.com\/wp-content\/uploads\/2025\/12\/\u4e3b\u56fe2-4-12x12.webp 12w, https:\/\/mountlaser.com\/wp-content\/uploads\/2025\/12\/\u4e3b\u56fe2-4-600x600.webp 600w, https:\/\/mountlaser.com\/wp-content\/uploads\/2025\/12\/\u4e3b\u56fe2-4-800x800.webp 800w, https:\/\/mountlaser.com\/wp-content\/uploads\/2025\/12\/\u4e3b\u56fe2-4-400x400.webp 400w\" sizes=\"(max-width: 500px) 100vw, 500px\" \/><\/p>\n<p>Niezale\u017cnie od tego, czy mapujesz w terenie, czy analizujesz zdj\u0119cia lotnicze w biurze, kieszonkowy stereoskop PS4A zapewnia stabilno\u015b\u0107, przejrzysto\u015b\u0107 i precyzj\u0119 optyczn\u0105 niezb\u0119dn\u0105 w nowoczesnych procesach geodezyjnych. Czterokrotnie wi\u0119ksza moc optyczna i kompaktowa obudowa sprawiaj\u0105, \u017ce jest to idealne rozwi\u0105zanie. <a href=\"https:\/\/mountlaser.com\/pl\/contact-us\/\">4X kieszonkowy stereoskopowy podgl\u0105d<\/a> dla profesjonalist\u00f3w, kt\u00f3rym zale\u017cy na dok\u0142adno\u015bci, ale nie na mobilno\u015bci.<\/p>","protected":false},"excerpt":{"rendered":"<ul>\n<li>4-krotne powi\u0119kszenie zapewniaj\u0105ce wyra\u017an\u0105 interpretacj\u0119 obrazu stereoskopowego<\/li>\n<li>Regulowana odleg\u0142o\u015b\u0107 mi\u0119dzy \u017arenicami (56\u201375 mm) zapewnia wygod\u0119 u\u017cytkowania<\/li>\n<li>Pole widzenia 125 mm \u00d7 125 mm do szerokok\u0105tnej obserwacji stereoskopowej<\/li>\n<li>Trwa\u0142a konstrukcja ze stopu metalu zapewniaj\u0105ca niezawodno\u015b\u0107 w terenie<\/li>\n<li>Idealny do zastosowa\u0144 fotogrametrycznych, analizy terenu i geodezji<\/li>\n<li>Dzia\u0142a jako niezwykle przeno\u015bny kieszonkowy stereoskop 4X<\/li>\n<\/ul>","protected":false},"featured_media":5564,"comment_status":"open","ping_status":"closed","template":"","meta":[],"product_brand":[],"product_cat":[158,79],"product_tag":[],"class_list":{"0":"post-5867","1":"product","2":"type-product","3":"status-publish","4":"has-post-thumbnail","6":"product_cat-pocket-stereo-viewer","7":"product_cat-surveying-accessory","9":"first","10":"instock","11":"shipping-taxable","12":"product-type-simple"},"_links":{"self":[{"href":"https:\/\/mountlaser.com\/pl\/wp-json\/wp\/v2\/product\/5867","targetHints":{"allow":["GET"]}}],"collection":[{"href":"https:\/\/mountlaser.com\/pl\/wp-json\/wp\/v2\/product"}],"about":[{"href":"https:\/\/mountlaser.com\/pl\/wp-json\/wp\/v2\/types\/product"}],"replies":[{"embeddable":true,"href":"https:\/\/mountlaser.com\/pl\/wp-json\/wp\/v2\/comments?post=5867"}],"wp:featuredmedia":[{"embeddable":true,"href":"https:\/\/mountlaser.com\/pl\/wp-json\/wp\/v2\/media\/5564"}],"wp:attachment":[{"href":"https:\/\/mountlaser.com\/pl\/wp-json\/wp\/v2\/media?parent=5867"}],"wp:term":[{"taxonomy":"product_brand","embeddable":true,"href":"https:\/\/mountlaser.com\/pl\/wp-json\/wp\/v2\/product_brand?post=5867"},{"taxonomy":"product_cat","embeddable":true,"href":"https:\/\/mountlaser.com\/pl\/wp-json\/wp\/v2\/product_cat?post=5867"},{"taxonomy":"product_tag","embeddable":true,"href":"https:\/\/mountlaser.com\/pl\/wp-json\/wp\/v2\/product_tag?post=5867"}],"curies":[{"name":"wp","href":"https:\/\/api.w.org\/{rel}","templated":true}]}}