{"id":5858,"date":"2025-12-12T02:40:46","date_gmt":"2025-12-12T02:40:46","guid":{"rendered":"https:\/\/mountlaser.com\/?post_type=product&#038;p=5858"},"modified":"2025-12-12T02:40:46","modified_gmt":"2025-12-12T02:40:46","slug":"dql-8-geology-compass","status":"publish","type":"product","link":"https:\/\/mountlaser.com\/pl\/produkt\/dql-8-geology-compass\/","title":{"rendered":"Kompas geologiczny DQL-8"},"content":{"rendered":"<p>Ten <a href=\"https:\/\/mountlaser.com\/pl\/\"><strong>Kompas geologiczny DQL-8<\/strong><\/a> to precyzyjny instrument terenowy przeznaczony do geologii strukturalnej, kartografii i pomiar\u00f3w in\u017cynieryjnych. Zaprojektowany tak, aby dzia\u0142a\u0107 jak wysokiej jako\u015bci <a href=\"https:\/\/mountlaser.com\/pl\/kategoria-produktu\/surveying-accessory\/\"><strong>kompas klinometr Brunton<\/strong><\/a>, DQL-8 oferuje niezawodn\u0105 dok\u0142adno\u015b\u0107 pomiaru nachylenia, upadu, azymutu i nachylenia. Niezale\u017cnie od tego, czy jest u\u017cywany do bada\u0144 naukowych, czy profesjonalnych poszukiwa\u0144 geologicznych, model ten zapewnia niezawodn\u0105 wydajno\u015b\u0107 w wymagaj\u0105cych warunkach terenowych.<\/p>\n<p>Kompas geologiczny DQL-8 wyposa\u017cony jest w d\u0142ug\u0105 poziomic\u0119 o czu\u0142o\u015bci 15&#039;\u00b13&#039;\/2 mm oraz okr\u0105g\u0142\u0105 poziomic\u0119 o precyzji 30&#039;\u00b18&#039;\/2 mm, co zapewnia stabilne i dok\u0142adne odczyty. Zintegrowany klinometr \u2013 zbudowany z b\u0142\u0119dem odczytu \u22640,5\u00b0 \u2013 zwi\u0119ksza u\u017cyteczno\u015b\u0107 podczas pomiaru k\u0105t\u00f3w nachylenia, czyni\u0105c go doskona\u0142\u0105 alternatyw\u0105 dla tradycyjnych kompas\u00f3w. <a href=\"https:\/\/mountlaser.com\/pl\/about-us\/\"><strong>kompas klinometr Brunton<\/strong><\/a>. Skala co 1\u00b0 oferuje wyra\u017ane podzia\u0142ki, co pozwala na szybkie i precyzyjne pomiary konstrukcyjne.<\/p>\n<p><img fetchpriority=\"high\" decoding=\"async\" class=\"aligncenter wp-image-5863\" src=\"https:\/\/mountlaser.com\/wp-content\/uploads\/2025\/12\/DQL-8\uff085\uff09.webp\" alt=\"DQL-8 geology compass\" width=\"500\" height=\"500\" srcset=\"https:\/\/mountlaser.com\/wp-content\/uploads\/2025\/12\/DQL-8\uff085\uff09.webp 1000w, https:\/\/mountlaser.com\/wp-content\/uploads\/2025\/12\/DQL-8\uff085\uff09-300x300.webp 300w, https:\/\/mountlaser.com\/wp-content\/uploads\/2025\/12\/DQL-8\uff085\uff09-150x150.webp 150w, https:\/\/mountlaser.com\/wp-content\/uploads\/2025\/12\/DQL-8\uff085\uff09-768x768.webp 768w, https:\/\/mountlaser.com\/wp-content\/uploads\/2025\/12\/DQL-8\uff085\uff09-12x12.webp 12w, https:\/\/mountlaser.com\/wp-content\/uploads\/2025\/12\/DQL-8\uff085\uff09-600x600.webp 600w, https:\/\/mountlaser.com\/wp-content\/uploads\/2025\/12\/DQL-8\uff085\uff09-800x800.webp 800w, https:\/\/mountlaser.com\/wp-content\/uploads\/2025\/12\/DQL-8\uff085\uff09-400x400.webp 400w\" sizes=\"(max-width: 500px) 100vw, 500px\" \/><\/p>\n<p>Bardzo wytrzyma\u0142y i \u0142atwy w obs\u0142udze, <a href=\"https:\/\/mountlaser.com\/pl\/contact-us\/\">Kompas geologiczny DQL-8<\/a> Wspiera geolog\u00f3w, kt\u00f3rzy potrzebuj\u0105 wytrzyma\u0142ego i niezawodnego narz\u0119dzia do bada\u0144 minera\u0142\u00f3w, bada\u0144 orientacji ska\u0142 i bada\u0144 \u015brodowiskowych w terenie. \u0141\u0105cz\u0105c w sobie kompas geologiczny i klinometr kompasu Bruntona, \u0142\u0105czy precyzj\u0119 dzia\u0142ania i wygodn\u0105 funkcjonalno\u015b\u0107 w jednym urz\u0105dzeniu.<\/p>","protected":false},"excerpt":{"rendered":"<ul>\n<li>Pomiary nachylenia, upadu, azymutu i nachylenia na potrzeby analiz geologicznych i strukturalnych<\/li>\n<li>D\u0142uga poziomica pneumatyczna (15&#039;\u00b13&#039;\/2mm) i okr\u0105g\u0142a poziomica pneumatyczna (30&#039;\u00b18&#039;\/2mm) do stabilnego poziomowania<\/li>\n<li>B\u0142\u0105d odczytu klinometru \u22640,5\u00b0 dla precyzyjnego pomiaru k\u0105ta<\/li>\n<li>Skala tarczy 1\u00b0 zapewnia wyra\u017ane i wiarygodne odczyty<\/li>\n<li>Pe\u0142ni funkcj\u0119 zar\u00f3wno kompasu geologicznego, jak i alternatywnego klinometru kompasu Bruntona<\/li>\n<li>Trwa\u0142e, przeno\u015bne i idealne dla profesjonalist\u00f3w terenowych<\/li>\n<\/ul>","protected":false},"featured_media":5859,"comment_status":"open","ping_status":"closed","template":"","meta":[],"product_brand":[],"product_cat":[165,79],"product_tag":[],"class_list":{"0":"post-5858","1":"product","2":"type-product","3":"status-publish","4":"has-post-thumbnail","6":"product_cat-geology-compass","7":"product_cat-surveying-accessory","9":"first","10":"instock","11":"shipping-taxable","12":"product-type-simple"},"_links":{"self":[{"href":"https:\/\/mountlaser.com\/pl\/wp-json\/wp\/v2\/product\/5858","targetHints":{"allow":["GET"]}}],"collection":[{"href":"https:\/\/mountlaser.com\/pl\/wp-json\/wp\/v2\/product"}],"about":[{"href":"https:\/\/mountlaser.com\/pl\/wp-json\/wp\/v2\/types\/product"}],"replies":[{"embeddable":true,"href":"https:\/\/mountlaser.com\/pl\/wp-json\/wp\/v2\/comments?post=5858"}],"wp:featuredmedia":[{"embeddable":true,"href":"https:\/\/mountlaser.com\/pl\/wp-json\/wp\/v2\/media\/5859"}],"wp:attachment":[{"href":"https:\/\/mountlaser.com\/pl\/wp-json\/wp\/v2\/media?parent=5858"}],"wp:term":[{"taxonomy":"product_brand","embeddable":true,"href":"https:\/\/mountlaser.com\/pl\/wp-json\/wp\/v2\/product_brand?post=5858"},{"taxonomy":"product_cat","embeddable":true,"href":"https:\/\/mountlaser.com\/pl\/wp-json\/wp\/v2\/product_cat?post=5858"},{"taxonomy":"product_tag","embeddable":true,"href":"https:\/\/mountlaser.com\/pl\/wp-json\/wp\/v2\/product_tag?post=5858"}],"curies":[{"name":"wp","href":"https:\/\/api.w.org\/{rel}","templated":true}]}}