{"id":5851,"date":"2025-12-12T01:30:53","date_gmt":"2025-12-12T01:30:53","guid":{"rendered":"https:\/\/mountlaser.com\/?post_type=product&#038;p=5851"},"modified":"2025-12-12T01:30:53","modified_gmt":"2025-12-12T01:30:53","slug":"tsfg02-tripod-floor-guide","status":"publish","type":"product","link":"https:\/\/mountlaser.com\/pl\/produkt\/tsfg02-tripod-floor-guide\/","title":{"rendered":"Prowadnica pod\u0142ogowa statywu TSFG02"},"content":{"rendered":"<p data-start=\"145\" data-end=\"641\">Ten <a href=\"https:\/\/mountlaser.com\/pl\/\"><strong data-start=\"149\" data-end=\"178\">Prowadnica pod\u0142ogowa statywu TSFG02<\/strong><\/a> to precyzyjnie zaprojektowany element stabilizuj\u0105cy, kt\u00f3ry zapewnia stabilno\u015b\u0107 i prawid\u0142owe ustawienie statyw\u00f3w geodezyjnych na g\u0142adkich lub twardych powierzchniach. Wykonany z wytrzyma\u0142ego aluminium, prowadnik pod\u0142ogowy TSFG02 wyd\u0142u\u017ca nogi statywu do 23,6 cala, zapewniaj\u0105c szersze i bezpieczniejsze ustawienie. Jako niezawodny <a href=\"https:\/\/mountlaser.com\/pl\/kategoria-produktu\/surveying-accessory\/\"><strong data-start=\"473\" data-end=\"494\">Stabilizator statywu<\/strong><\/a>, Zawiera dodatkowe gniazda co 36 cm, 47 cm i 58 cm, dzi\u0119ki czemu geodeci mog\u0105 szybko ustawi\u0107 i zablokowa\u0107 statyw, aby uzyska\u0107 dok\u0142adne ustawienie.<\/p>\n<p><img fetchpriority=\"high\" decoding=\"async\" class=\"aligncenter wp-image-5579\" src=\"https:\/\/mountlaser.com\/wp-content\/uploads\/2025\/12\/TSFG02.webp\" alt=\"TSFG02 Tripod Floor Guide\" width=\"500\" height=\"500\" srcset=\"https:\/\/mountlaser.com\/wp-content\/uploads\/2025\/12\/TSFG02.webp 1000w, https:\/\/mountlaser.com\/wp-content\/uploads\/2025\/12\/TSFG02-300x300.webp 300w, https:\/\/mountlaser.com\/wp-content\/uploads\/2025\/12\/TSFG02-150x150.webp 150w, https:\/\/mountlaser.com\/wp-content\/uploads\/2025\/12\/TSFG02-768x768.webp 768w, https:\/\/mountlaser.com\/wp-content\/uploads\/2025\/12\/TSFG02-12x12.webp 12w, https:\/\/mountlaser.com\/wp-content\/uploads\/2025\/12\/TSFG02-600x600.webp 600w, https:\/\/mountlaser.com\/wp-content\/uploads\/2025\/12\/TSFG02-800x800.webp 800w, https:\/\/mountlaser.com\/wp-content\/uploads\/2025\/12\/TSFG02-400x400.webp 400w\" sizes=\"(max-width: 500px) 100vw, 500px\" \/><\/p>\n<p>Dzi\u0119ki specjalnym otworom i gumowym paskom, kt\u00f3re pewnie mocuj\u0105 punkty statywu, ten stabilizator statywu zapewnia sta\u0142\u0105 stabilno\u015b\u0107 podczas pracy z tachimetrem, niwelatorem laserowym lub skanerem. Niezale\u017cnie od tego, czy pracujesz na polerowanych pod\u0142ogach, betonie, czy na budowach wewn\u0105trz budynk\u00f3w, prowadnica pod\u0142ogowa do statywu TSFG02 zapewnia szybsze ustawianie, minimalizuje po\u015blizg i zwi\u0119ksza dok\u0142adno\u015b\u0107 pomiaru \u2013 co czyni go niezb\u0119dnym elementem. <a href=\"https:\/\/mountlaser.com\/pl\/about-us\/\">Stabilizator statywu<\/a> dla profesjonalnych geodet\u00f3w.<\/p>","protected":false},"excerpt":{"rendered":"<ul>\n<li>Wyd\u0142u\u017ca nogi statywu do 23,6 cala, zapewniaj\u0105c wi\u0119ksz\u0105 stabilno\u015b\u0107<\/li>\n<li>Wiele pozycji gniazd (36 cm \/ 47 cm \/ 58 cm) umo\u017cliwiaj\u0105cych wszechstronne konfiguracje<\/li>\n<li>Otwory na gumowe paski pewnie utrzymuj\u0105 punkty statywu na miejscu<\/li>\n<li>Zapobiega przesuwaniu si\u0119 statywu na \u015bliskich lub twardych powierzchniach wewn\u0105trz pomieszcze\u0144<\/li>\n<li>Zwi\u0119ksza precyzj\u0119 podczas ustawiania instrument\u00f3w<\/li>\n<\/ul>","protected":false},"featured_media":5579,"comment_status":"open","ping_status":"closed","template":"","meta":[],"product_brand":[],"product_cat":[160,79],"product_tag":[],"class_list":{"0":"post-5851","1":"product","2":"type-product","3":"status-publish","4":"has-post-thumbnail","6":"product_cat-tripod-floor-guide","7":"product_cat-surveying-accessory","9":"first","10":"instock","11":"shipping-taxable","12":"product-type-simple"},"_links":{"self":[{"href":"https:\/\/mountlaser.com\/pl\/wp-json\/wp\/v2\/product\/5851","targetHints":{"allow":["GET"]}}],"collection":[{"href":"https:\/\/mountlaser.com\/pl\/wp-json\/wp\/v2\/product"}],"about":[{"href":"https:\/\/mountlaser.com\/pl\/wp-json\/wp\/v2\/types\/product"}],"replies":[{"embeddable":true,"href":"https:\/\/mountlaser.com\/pl\/wp-json\/wp\/v2\/comments?post=5851"}],"wp:featuredmedia":[{"embeddable":true,"href":"https:\/\/mountlaser.com\/pl\/wp-json\/wp\/v2\/media\/5579"}],"wp:attachment":[{"href":"https:\/\/mountlaser.com\/pl\/wp-json\/wp\/v2\/media?parent=5851"}],"wp:term":[{"taxonomy":"product_brand","embeddable":true,"href":"https:\/\/mountlaser.com\/pl\/wp-json\/wp\/v2\/product_brand?post=5851"},{"taxonomy":"product_cat","embeddable":true,"href":"https:\/\/mountlaser.com\/pl\/wp-json\/wp\/v2\/product_cat?post=5851"},{"taxonomy":"product_tag","embeddable":true,"href":"https:\/\/mountlaser.com\/pl\/wp-json\/wp\/v2\/product_tag?post=5851"}],"curies":[{"name":"wp","href":"https:\/\/api.w.org\/{rel}","templated":true}]}}