{"id":5843,"date":"2025-12-11T09:02:52","date_gmt":"2025-12-11T09:02:52","guid":{"rendered":"https:\/\/mountlaser.com\/?post_type=product&#038;p=5843"},"modified":"2025-12-11T09:02:52","modified_gmt":"2025-12-11T09:02:52","slug":"sc60012-soft-case","status":"publish","type":"product","link":"https:\/\/mountlaser.com\/pl\/produkt\/sc60012-soft-case\/","title":{"rendered":"SC60012 Mi\u0119kki futera\u0142"},"content":{"rendered":"<p data-start=\"161\" data-end=\"621\">Ten <a href=\"https:\/\/mountlaser.com\/pl\/\"><strong data-start=\"165\" data-end=\"186\">SC60012 Mi\u0119kki futera\u0142<\/strong><\/a> to trwa\u0142e, odporne na warunki atmosferyczne rozwi\u0105zanie ochronne, zaprojektowane z my\u015bl\u0105 o bezpiecze\u0144stwie Twoich urz\u0105dze\u0144 geodezyjnych w najtrudniejszych warunkach terenowych. Zaprojektowane specjalnie jako <a href=\"https:\/\/mountlaser.com\/pl\/kategoria-produktu\/surveying-accessory\/\"><strong data-start=\"342\" data-end=\"365\">Pokrowiec na tachimetr<\/strong><\/a>, Chroni sprz\u0119t przed deszczem, kurzem, wiatrem i s\u0142o\u0144cem, zapewniaj\u0105c d\u0142ugotrwa\u0142\u0105 niezawodno\u015b\u0107 i sta\u0142\u0105 wydajno\u015b\u0107. Dzi\u0119ki jaskrawemu, pomara\u0144czowemu materia\u0142owi o wysokiej widoczno\u015bci, mi\u0119kka obudowa SC60012 zwi\u0119ksza bezpiecze\u0144stwo na placu budowy, zachowuj\u0105c jednocze\u015bnie profesjonalny wygl\u0105d.<\/p>\n<p><img fetchpriority=\"high\" decoding=\"async\" class=\"aligncenter wp-image-5844\" src=\"https:\/\/mountlaser.com\/wp-content\/uploads\/2025\/12\/SC-TS041.webp\" alt=\"SC60012 Soft case\" width=\"500\" height=\"500\" srcset=\"https:\/\/mountlaser.com\/wp-content\/uploads\/2025\/12\/SC-TS041.webp 1000w, https:\/\/mountlaser.com\/wp-content\/uploads\/2025\/12\/SC-TS041-300x300.webp 300w, https:\/\/mountlaser.com\/wp-content\/uploads\/2025\/12\/SC-TS041-150x150.webp 150w, https:\/\/mountlaser.com\/wp-content\/uploads\/2025\/12\/SC-TS041-768x768.webp 768w, https:\/\/mountlaser.com\/wp-content\/uploads\/2025\/12\/SC-TS041-12x12.webp 12w, https:\/\/mountlaser.com\/wp-content\/uploads\/2025\/12\/SC-TS041-600x600.webp 600w, https:\/\/mountlaser.com\/wp-content\/uploads\/2025\/12\/SC-TS041-800x800.webp 800w, https:\/\/mountlaser.com\/wp-content\/uploads\/2025\/12\/SC-TS041-400x400.webp 400w\" sizes=\"(max-width: 500px) 100vw, 500px\" \/><\/p>\n<p>Zaprojektowana z my\u015bl\u0105 o pe\u0142nej dost\u0119pno\u015bci, ta os\u0142ona na tachimetr pozwala operatorom si\u0119ga\u0107 do stanowisk robotycznych i sterowa\u0107 nimi bez konieczno\u015bci zdejmowania zabezpieczenia. Wytrzyma\u0142y, wodoodporny materia\u0142 zapewnia odporno\u015b\u0107 na zarysowania i uderzenia, wyd\u0142u\u017caj\u0105c \u017cywotno\u015b\u0107 instrument\u00f3w. Kompatybilna z modelami Swiss TS12, TS15, TS16 i TRI S6\/S7. <a href=\"https:\/\/mountlaser.com\/pl\/about-us\/\">SC60012 Mi\u0119kki futera\u0142<\/a> to prosty, ale niezb\u0119dny pokrowiec na tachimetr dla ka\u017cdego profesjonalisty zajmuj\u0105cego si\u0119 geodezj\u0105.<\/p>","protected":false},"excerpt":{"rendered":"<ul>\n<li>Ochrona przed deszczem, kurzem, s\u0142o\u0144cem i wiatrem w ka\u017cdych warunkach pogodowych<\/li>\n<li>Dost\u0119pna konstrukcja umo\u017cliwia pe\u0142ne wykorzystanie sterowania tachimetrem robota<\/li>\n<li>Wytrzyma\u0142a, wodoodporna tkanina zapobiega uszkodzeniom spowodowanym uderzeniami i otarciami<\/li>\n<li>Pomara\u0144czowy kolor o wysokiej widoczno\u015bci zapewniaj\u0105cy wi\u0119ksze bezpiecze\u0144stwo na placu budowy<\/li>\n<li>Kompatybilny ze szwajcarskimi TS12\/TS15\/TS16 i TRI S6\/S7<\/li>\n<\/ul>","protected":false},"featured_media":5848,"comment_status":"open","ping_status":"closed","template":"","meta":[],"product_brand":[],"product_cat":[164,79],"product_tag":[],"class_list":{"0":"post-5843","1":"product","2":"type-product","3":"status-publish","4":"has-post-thumbnail","6":"product_cat-soft-case","7":"product_cat-surveying-accessory","9":"first","10":"instock","11":"shipping-taxable","12":"product-type-simple"},"_links":{"self":[{"href":"https:\/\/mountlaser.com\/pl\/wp-json\/wp\/v2\/product\/5843","targetHints":{"allow":["GET"]}}],"collection":[{"href":"https:\/\/mountlaser.com\/pl\/wp-json\/wp\/v2\/product"}],"about":[{"href":"https:\/\/mountlaser.com\/pl\/wp-json\/wp\/v2\/types\/product"}],"replies":[{"embeddable":true,"href":"https:\/\/mountlaser.com\/pl\/wp-json\/wp\/v2\/comments?post=5843"}],"wp:featuredmedia":[{"embeddable":true,"href":"https:\/\/mountlaser.com\/pl\/wp-json\/wp\/v2\/media\/5848"}],"wp:attachment":[{"href":"https:\/\/mountlaser.com\/pl\/wp-json\/wp\/v2\/media?parent=5843"}],"wp:term":[{"taxonomy":"product_brand","embeddable":true,"href":"https:\/\/mountlaser.com\/pl\/wp-json\/wp\/v2\/product_brand?post=5843"},{"taxonomy":"product_cat","embeddable":true,"href":"https:\/\/mountlaser.com\/pl\/wp-json\/wp\/v2\/product_cat?post=5843"},{"taxonomy":"product_tag","embeddable":true,"href":"https:\/\/mountlaser.com\/pl\/wp-json\/wp\/v2\/product_tag?post=5843"}],"curies":[{"name":"wp","href":"https:\/\/api.w.org\/{rel}","templated":true}]}}