{"id":5842,"date":"2025-12-11T08:18:33","date_gmt":"2025-12-11T08:18:33","guid":{"rendered":"https:\/\/mountlaser.com\/?post_type=product&#038;p=5842"},"modified":"2025-12-11T08:18:33","modified_gmt":"2025-12-11T08:18:33","slug":"pb01-36-brass-plumb-bob","status":"publish","type":"product","link":"https:\/\/mountlaser.com\/pl\/produkt\/pb01-36-brass-plumb-bob\/","title":{"rendered":"PB01-36 Mosi\u0119\u017cny pion"},"content":{"rendered":"<p data-start=\"265\" data-end=\"744\">Ten <a href=\"https:\/\/mountlaser.com\/pl\/\"><strong data-start=\"269\" data-end=\"296\">PB01-36 Mosi\u0119\u017cny pion<\/strong><\/a> to wytrzyma\u0142e, precyzyjnie obrobione narz\u0119dzie przeznaczone dla profesjonalist\u00f3w, kt\u00f3rzy wymagaj\u0105 absolutnej dok\u0142adno\u015bci w ka\u017cdym zadaniu. Dzi\u0119ki znacznej wadze i idealnie wywa\u017conej konstrukcji, <a href=\"https:\/\/mountlaser.com\/pl\/kategoria-produktu\/surveying-accessory\/\"><strong data-start=\"477\" data-end=\"503\">36-uncjowy mosi\u0119\u017cny pion<\/strong><\/a> Zapewnia wyj\u0105tkow\u0105 stabilno\u015b\u0107 pionow\u0105, nawet w trudnych warunkach terenowych. Wyko\u0144czony trwa\u0142ym lakierem ochronnym, mosi\u0119\u017cny pion PB01-36 jest odporny na korozj\u0119 i zachowuje p\u0142ynn\u0105, niezawodn\u0105 prac\u0119 podczas d\u0142ugotrwa\u0142ego u\u017cytkowania w terenie.<\/p>\n<p><img fetchpriority=\"high\" decoding=\"async\" class=\"aligncenter wp-image-5449\" src=\"https:\/\/mountlaser.com\/wp-content\/uploads\/2025\/12\/PB01.webp\" alt=\"PB01-36 Brass Plumb Bob\" width=\"500\" height=\"500\" srcset=\"https:\/\/mountlaser.com\/wp-content\/uploads\/2025\/12\/PB01.webp 1000w, https:\/\/mountlaser.com\/wp-content\/uploads\/2025\/12\/PB01-300x300.webp 300w, https:\/\/mountlaser.com\/wp-content\/uploads\/2025\/12\/PB01-150x150.webp 150w, https:\/\/mountlaser.com\/wp-content\/uploads\/2025\/12\/PB01-768x768.webp 768w, https:\/\/mountlaser.com\/wp-content\/uploads\/2025\/12\/PB01-12x12.webp 12w, https:\/\/mountlaser.com\/wp-content\/uploads\/2025\/12\/PB01-600x600.webp 600w, https:\/\/mountlaser.com\/wp-content\/uploads\/2025\/12\/PB01-800x800.webp 800w, https:\/\/mountlaser.com\/wp-content\/uploads\/2025\/12\/PB01-400x400.webp 400w\" sizes=\"(max-width: 500px) 100vw, 500px\" \/><\/p>\n<p>Wykonany z litego mosi\u0105dzu i wyposa\u017cony w hartowany stalowy grot, mosi\u0119\u017cny pion o wadze 36 uncji (ok. 940 g) zapewnia precyzyjne znakowanie i doskona\u0142\u0105 odporno\u015b\u0107 na zu\u017cycie. Standardowy gwint ASA zwi\u0119ksza kompatybilno\u015b\u0107 z popularnymi sznurkami i akcesoriami, a stalowa nakr\u0119tka ASA posiada wewn\u0119trzne miejsce na dodatkowy grot, co zwi\u0119ksza wydajno\u015b\u0107 i wygod\u0119. <a href=\"https:\/\/mountlaser.com\/pl\/contact-us\/\">PB01-36 Mosi\u0119\u017cny pion<\/a> podczas codziennej eksploatacji.<\/p>","protected":false},"excerpt":{"rendered":"<ul>\n<li>Zapewnia stabilne i bardzo dok\u0142adne odniesienie pionowe<\/li>\n<li>Precyzyjnie obrobiony korpus z litego mosi\u0105dzu zapewnia optymalne roz\u0142o\u017cenie ci\u0119\u017caru<\/li>\n<li>Utwardzona stalowa ko\u0144c\u00f3wka zapewnia ostre i niezawodne znakowanie<\/li>\n<li>Standardowy gwint ASA gwarantuje szerok\u0105 kompatybilno\u015b\u0107 z przewodami i akcesoriami<\/li>\n<li>Stalowa nakr\u0119tka ASA zawiera wewn\u0119trzne miejsce na zapasowy grot<\/li>\n<\/ul>","protected":false},"featured_media":5449,"comment_status":"open","ping_status":"closed","template":"","meta":[],"product_brand":[],"product_cat":[154,79],"product_tag":[],"class_list":{"0":"post-5842","1":"product","2":"type-product","3":"status-publish","4":"has-post-thumbnail","6":"product_cat-brass-plumb-bob","7":"product_cat-surveying-accessory","9":"first","10":"instock","11":"shipping-taxable","12":"product-type-simple"},"_links":{"self":[{"href":"https:\/\/mountlaser.com\/pl\/wp-json\/wp\/v2\/product\/5842","targetHints":{"allow":["GET"]}}],"collection":[{"href":"https:\/\/mountlaser.com\/pl\/wp-json\/wp\/v2\/product"}],"about":[{"href":"https:\/\/mountlaser.com\/pl\/wp-json\/wp\/v2\/types\/product"}],"replies":[{"embeddable":true,"href":"https:\/\/mountlaser.com\/pl\/wp-json\/wp\/v2\/comments?post=5842"}],"wp:featuredmedia":[{"embeddable":true,"href":"https:\/\/mountlaser.com\/pl\/wp-json\/wp\/v2\/media\/5449"}],"wp:attachment":[{"href":"https:\/\/mountlaser.com\/pl\/wp-json\/wp\/v2\/media?parent=5842"}],"wp:term":[{"taxonomy":"product_brand","embeddable":true,"href":"https:\/\/mountlaser.com\/pl\/wp-json\/wp\/v2\/product_brand?post=5842"},{"taxonomy":"product_cat","embeddable":true,"href":"https:\/\/mountlaser.com\/pl\/wp-json\/wp\/v2\/product_cat?post=5842"},{"taxonomy":"product_tag","embeddable":true,"href":"https:\/\/mountlaser.com\/pl\/wp-json\/wp\/v2\/product_tag?post=5842"}],"curies":[{"name":"wp","href":"https:\/\/api.w.org\/{rel}","templated":true}]}}