{"id":5840,"date":"2025-12-11T07:27:09","date_gmt":"2025-12-11T07:27:09","guid":{"rendered":"https:\/\/mountlaser.com\/?post_type=product&#038;p=5840"},"modified":"2025-12-11T07:27:09","modified_gmt":"2025-12-11T07:27:09","slug":"pb01-24-brass-plumb-bob","status":"publish","type":"product","link":"https:\/\/mountlaser.com\/pl\/produkt\/pb01-24-brass-plumb-bob\/","title":{"rendered":"PB01-24 Mosi\u0119\u017cny pion"},"content":{"rendered":"<p data-start=\"256\" data-end=\"736\">Ten <a href=\"https:\/\/mountlaser.com\/pl\/\"><strong data-start=\"260\" data-end=\"287\">PB01-24 Mosi\u0119\u017cny pion<\/strong><\/a> Stworzony dla profesjonalist\u00f3w, kt\u00f3rzy wymagaj\u0105 maksymalnej stabilno\u015bci i bezkompromisowej dok\u0142adno\u015bci w terenie. Wykonany z litego mosi\u0105dzu i precyzyjnie obrobiony dla idealnego wywa\u017cenia, ten <a href=\"https:\/\/mountlaser.com\/pl\/kategoria-produktu\/surveying-accessory\/\"><strong data-start=\"460\" data-end=\"486\">24-uncjowy mosi\u0119\u017cny pion<\/strong><\/a> Zapewnia niezawodne odniesienie pionowe nawet w trudnych warunkach na placu budowy. Wyko\u0144czony ochronn\u0105 pow\u0142ok\u0105 lakiernicz\u0105, mosi\u0119\u017cny pion PB01-24 gwarantuje d\u0142ugotrwa\u0142\u0105 wytrzyma\u0142o\u015b\u0107 i zachowuje sw\u00f3j elegancki wygl\u0105d pomimo ci\u0105g\u0142ego u\u017cytkowania.<\/p>\n<p><img fetchpriority=\"high\" decoding=\"async\" class=\"aligncenter wp-image-5449\" src=\"https:\/\/mountlaser.com\/wp-content\/uploads\/2025\/12\/PB01.webp\" alt=\"PB01-24 Brass Plumb Bob\" width=\"500\" height=\"500\" srcset=\"https:\/\/mountlaser.com\/wp-content\/uploads\/2025\/12\/PB01.webp 1000w, https:\/\/mountlaser.com\/wp-content\/uploads\/2025\/12\/PB01-300x300.webp 300w, https:\/\/mountlaser.com\/wp-content\/uploads\/2025\/12\/PB01-150x150.webp 150w, https:\/\/mountlaser.com\/wp-content\/uploads\/2025\/12\/PB01-768x768.webp 768w, https:\/\/mountlaser.com\/wp-content\/uploads\/2025\/12\/PB01-12x12.webp 12w, https:\/\/mountlaser.com\/wp-content\/uploads\/2025\/12\/PB01-600x600.webp 600w, https:\/\/mountlaser.com\/wp-content\/uploads\/2025\/12\/PB01-800x800.webp 800w, https:\/\/mountlaser.com\/wp-content\/uploads\/2025\/12\/PB01-400x400.webp 400w\" sizes=\"(max-width: 500px) 100vw, 500px\" \/><\/p>\n<p>Zaprojektowany z hartowan\u0105 stalow\u0105 ko\u0144c\u00f3wk\u0105, <a href=\"https:\/\/mountlaser.com\/pl\/contact-us\/\">24-uncjowy mosi\u0119\u017cny pion<\/a> Zapewnia czyste i dok\u0142adne oznaczenia uk\u0142adu i osiowania. Standardowy gwint ASA zapewnia uniwersaln\u0105 kompatybilno\u015b\u0107, a stalowa nakr\u0119tka ASA umo\u017cliwia przechowywanie dodatkowego punktu, dzi\u0119ki czemu pion mosi\u0119\u017cny PB01-24 jest zawsze gotowy do pracy w terenie. To narz\u0119dzie, idealne dla geodet\u00f3w, budowla\u0144c\u00f3w i specjalist\u00f3w od osiowania, \u0142\u0105czy w sobie idealn\u0105 wag\u0119, solidn\u0105 konstrukcj\u0119 i precyzj\u0119 dzia\u0142ania.<\/p>","protected":false},"excerpt":{"rendered":"<ul>\n<li>Zapewnia stabilne i bardzo dok\u0142adne odniesienie pionowe<\/li>\n<li>Precyzyjnie obrobiony korpus z litego mosi\u0105dzu zapewnia optymalne roz\u0142o\u017cenie ci\u0119\u017caru<\/li>\n<li>Utwardzona stalowa ko\u0144c\u00f3wka zapewnia ostre i niezawodne znakowanie<\/li>\n<li>Standardowy gwint ASA gwarantuje szerok\u0105 kompatybilno\u015b\u0107 z przewodami i akcesoriami<\/li>\n<li>Stalowa nakr\u0119tka ASA zawiera wewn\u0119trzne miejsce na zapasowy grot<\/li>\n<\/ul>","protected":false},"featured_media":5449,"comment_status":"open","ping_status":"closed","template":"","meta":[],"product_brand":[],"product_cat":[154,79],"product_tag":[],"class_list":{"0":"post-5840","1":"product","2":"type-product","3":"status-publish","4":"has-post-thumbnail","6":"product_cat-brass-plumb-bob","7":"product_cat-surveying-accessory","9":"first","10":"instock","11":"shipping-taxable","12":"product-type-simple"},"_links":{"self":[{"href":"https:\/\/mountlaser.com\/pl\/wp-json\/wp\/v2\/product\/5840","targetHints":{"allow":["GET"]}}],"collection":[{"href":"https:\/\/mountlaser.com\/pl\/wp-json\/wp\/v2\/product"}],"about":[{"href":"https:\/\/mountlaser.com\/pl\/wp-json\/wp\/v2\/types\/product"}],"replies":[{"embeddable":true,"href":"https:\/\/mountlaser.com\/pl\/wp-json\/wp\/v2\/comments?post=5840"}],"wp:featuredmedia":[{"embeddable":true,"href":"https:\/\/mountlaser.com\/pl\/wp-json\/wp\/v2\/media\/5449"}],"wp:attachment":[{"href":"https:\/\/mountlaser.com\/pl\/wp-json\/wp\/v2\/media?parent=5840"}],"wp:term":[{"taxonomy":"product_brand","embeddable":true,"href":"https:\/\/mountlaser.com\/pl\/wp-json\/wp\/v2\/product_brand?post=5840"},{"taxonomy":"product_cat","embeddable":true,"href":"https:\/\/mountlaser.com\/pl\/wp-json\/wp\/v2\/product_cat?post=5840"},{"taxonomy":"product_tag","embeddable":true,"href":"https:\/\/mountlaser.com\/pl\/wp-json\/wp\/v2\/product_tag?post=5840"}],"curies":[{"name":"wp","href":"https:\/\/api.w.org\/{rel}","templated":true}]}}