{"id":5839,"date":"2025-12-11T07:17:37","date_gmt":"2025-12-11T07:17:37","guid":{"rendered":"https:\/\/mountlaser.com\/?post_type=product&#038;p=5839"},"modified":"2025-12-11T07:18:42","modified_gmt":"2025-12-11T07:18:42","slug":"pb01-18-brass-plumb-bob","status":"publish","type":"product","link":"https:\/\/mountlaser.com\/pl\/produkt\/pb01-18-brass-plumb-bob\/","title":{"rendered":"PB01-18 Mosi\u0119\u017cny pion"},"content":{"rendered":"<p data-start=\"263\" data-end=\"713\">Ten <a href=\"https:\/\/mountlaser.com\/pl\/\"><strong data-start=\"267\" data-end=\"294\">PB01-18 Mosi\u0119\u017cny pion<\/strong><\/a> Zosta\u0142 zaprojektowany z my\u015bl\u0105 o profesjonalistach, kt\u00f3rzy wymagaj\u0105 wysokiej precyzji i niezawodnej pracy w terenie. Wykonany z litego mosi\u0105dzu i zaprojektowany z my\u015bl\u0105 o idealnej r\u00f3wnowadze, <a href=\"https:\/\/mountlaser.com\/pl\/kategoria-produktu\/surveying-accessory\/\"><strong data-start=\"464\" data-end=\"490\">18-uncjowy mosi\u0119\u017cny pion<\/strong><\/a> Zapewnia sp\u00f3jne ustawienie w pionie nawet w trudnych warunkach na placu budowy. Ochronna pow\u0142oka lakiernicza zwi\u0119ksza trwa\u0142o\u015b\u0107, pomagaj\u0105c mosi\u0119\u017cnemu pionowi PB01-18 zachowa\u0107 wydajno\u015b\u0107 i wygl\u0105d przez lata u\u017cytkowania.<\/p>\n<p><img fetchpriority=\"high\" decoding=\"async\" class=\"aligncenter wp-image-5449\" src=\"https:\/\/mountlaser.com\/wp-content\/uploads\/2025\/12\/PB01.webp\" alt=\"PB01-18 Brass Plumb Bob\" width=\"500\" height=\"500\" srcset=\"https:\/\/mountlaser.com\/wp-content\/uploads\/2025\/12\/PB01.webp 1000w, https:\/\/mountlaser.com\/wp-content\/uploads\/2025\/12\/PB01-300x300.webp 300w, https:\/\/mountlaser.com\/wp-content\/uploads\/2025\/12\/PB01-150x150.webp 150w, https:\/\/mountlaser.com\/wp-content\/uploads\/2025\/12\/PB01-768x768.webp 768w, https:\/\/mountlaser.com\/wp-content\/uploads\/2025\/12\/PB01-12x12.webp 12w, https:\/\/mountlaser.com\/wp-content\/uploads\/2025\/12\/PB01-600x600.webp 600w, https:\/\/mountlaser.com\/wp-content\/uploads\/2025\/12\/PB01-800x800.webp 800w, https:\/\/mountlaser.com\/wp-content\/uploads\/2025\/12\/PB01-400x400.webp 400w\" sizes=\"(max-width: 500px) 100vw, 500px\" \/><\/p>\n<p>Wyposa\u017cony w hartowan\u0105 stalow\u0105 ko\u0144c\u00f3wk\u0119, <a href=\"https:\/\/mountlaser.com\/pl\/contact-us\/\">18-uncjowy mosi\u0119\u017cny pion<\/a> Zapewnia wyra\u017ane i precyzyjne oznaczenia do uk\u0142adania i wyr\u00f3wnywania. Standardowy gwint ASA gwarantuje uniwersaln\u0105 kompatybilno\u015b\u0107, a stalowa nakr\u0119tka ASA posiada wewn\u0119trzne miejsce na dodatkowy punkt, co zapewnia dodatkow\u0105 wygod\u0119 i gotowo\u015b\u0107 do pracy. Zaprojektowany dla wymagaj\u0105cych profesjonalist\u00f3w, mosi\u0119\u017cny pion PB01-18 \u0142\u0105czy w sobie wytrzyma\u0142o\u015b\u0107, precyzj\u0119 i praktyczn\u0105 konstrukcj\u0119 w jednym, niezawodnym narz\u0119dziu.<\/p>","protected":false},"excerpt":{"rendered":"<ul>\n<li>Zapewnia stabilne i precyzyjne odniesienie pionowe do uk\u0142adu i wyr\u00f3wnania<\/li>\n<li>Solidna obudowa z mosi\u0105dzu z optymalnym roz\u0142o\u017ceniem ci\u0119\u017caru, zapewniaj\u0105ca p\u0142ynn\u0105 i sp\u00f3jn\u0105 prac\u0119<\/li>\n<li>Utwardzona stalowa ko\u0144c\u00f3wka zapewnia ostre i dok\u0142adne znakowanie<\/li>\n<li>Standardowy gwint ASA zapewnia szerok\u0105 kompatybilno\u015b\u0107 z przewodami i akcesoriami<\/li>\n<li>Stalowa zakr\u0119tka ASA z wewn\u0119trznym schowkiem na zapasowe ko\u0144c\u00f3wki zwi\u0119ksza u\u017cyteczno\u015b\u0107 i trwa\u0142o\u015b\u0107<\/li>\n<\/ul>","protected":false},"featured_media":5449,"comment_status":"open","ping_status":"closed","template":"","meta":[],"product_brand":[],"product_cat":[154,79],"product_tag":[],"class_list":{"0":"post-5839","1":"product","2":"type-product","3":"status-publish","4":"has-post-thumbnail","6":"product_cat-brass-plumb-bob","7":"product_cat-surveying-accessory","9":"first","10":"instock","11":"shipping-taxable","12":"product-type-simple"},"_links":{"self":[{"href":"https:\/\/mountlaser.com\/pl\/wp-json\/wp\/v2\/product\/5839","targetHints":{"allow":["GET"]}}],"collection":[{"href":"https:\/\/mountlaser.com\/pl\/wp-json\/wp\/v2\/product"}],"about":[{"href":"https:\/\/mountlaser.com\/pl\/wp-json\/wp\/v2\/types\/product"}],"replies":[{"embeddable":true,"href":"https:\/\/mountlaser.com\/pl\/wp-json\/wp\/v2\/comments?post=5839"}],"wp:featuredmedia":[{"embeddable":true,"href":"https:\/\/mountlaser.com\/pl\/wp-json\/wp\/v2\/media\/5449"}],"wp:attachment":[{"href":"https:\/\/mountlaser.com\/pl\/wp-json\/wp\/v2\/media?parent=5839"}],"wp:term":[{"taxonomy":"product_brand","embeddable":true,"href":"https:\/\/mountlaser.com\/pl\/wp-json\/wp\/v2\/product_brand?post=5839"},{"taxonomy":"product_cat","embeddable":true,"href":"https:\/\/mountlaser.com\/pl\/wp-json\/wp\/v2\/product_cat?post=5839"},{"taxonomy":"product_tag","embeddable":true,"href":"https:\/\/mountlaser.com\/pl\/wp-json\/wp\/v2\/product_tag?post=5839"}],"curies":[{"name":"wp","href":"https:\/\/api.w.org\/{rel}","templated":true}]}}