{"id":5838,"date":"2025-12-11T06:37:34","date_gmt":"2025-12-11T06:37:34","guid":{"rendered":"https:\/\/mountlaser.com\/?post_type=product&#038;p=5838"},"modified":"2025-12-11T06:37:34","modified_gmt":"2025-12-11T06:37:34","slug":"pb01-16-brass-plumb-bob","status":"publish","type":"product","link":"https:\/\/mountlaser.com\/pl\/produkt\/pb01-16-brass-plumb-bob\/","title":{"rendered":"PB01-16 Mosi\u0119\u017cny pion"},"content":{"rendered":"<p data-start=\"264\" data-end=\"707\">Ten <a href=\"https:\/\/mountlaser.com\/pl\/\"><strong data-start=\"268\" data-end=\"295\">PB01-16 Mosi\u0119\u017cny pion<\/strong><\/a> Stworzony dla profesjonalist\u00f3w, kt\u00f3rzy oczekuj\u0105 bezkompromisowej precyzji i d\u0142ugotrwa\u0142ej trwa\u0142o\u015bci. Precyzyjnie obrobiony z litego mosi\u0105dzu i zaprojektowany z my\u015bl\u0105 o idealnej r\u00f3wnowadze, ten <a href=\"https:\/\/mountlaser.com\/pl\/kategoria-produktu\/surveying-accessory\/\"><strong data-start=\"461\" data-end=\"487\">16-uncjowy mosi\u0119\u017cny pion<\/strong><\/a> Zapewnia wyj\u0105tkowo stabilne ustawienie w pionie w ka\u017cdych warunkach pracy. Zabezpieczony trwa\u0142ym lakierem, mosi\u0119\u017cny pion PB01-16 zachowuje swoj\u0105 wydajno\u015b\u0107 i wygl\u0105d nawet po d\u0142ugotrwa\u0142ym u\u017cytkowaniu w terenie.<\/p>\n<p><img fetchpriority=\"high\" decoding=\"async\" class=\"aligncenter wp-image-5449\" src=\"https:\/\/mountlaser.com\/wp-content\/uploads\/2025\/12\/PB01.webp\" alt=\"PB01-16 Brass Plumb Bob\" width=\"500\" height=\"500\" srcset=\"https:\/\/mountlaser.com\/wp-content\/uploads\/2025\/12\/PB01.webp 1000w, https:\/\/mountlaser.com\/wp-content\/uploads\/2025\/12\/PB01-300x300.webp 300w, https:\/\/mountlaser.com\/wp-content\/uploads\/2025\/12\/PB01-150x150.webp 150w, https:\/\/mountlaser.com\/wp-content\/uploads\/2025\/12\/PB01-768x768.webp 768w, https:\/\/mountlaser.com\/wp-content\/uploads\/2025\/12\/PB01-12x12.webp 12w, https:\/\/mountlaser.com\/wp-content\/uploads\/2025\/12\/PB01-600x600.webp 600w, https:\/\/mountlaser.com\/wp-content\/uploads\/2025\/12\/PB01-800x800.webp 800w, https:\/\/mountlaser.com\/wp-content\/uploads\/2025\/12\/PB01-400x400.webp 400w\" sizes=\"(max-width: 500px) 100vw, 500px\" \/><\/p>\n<p>Wyposa\u017cony w hartowany stalowy grot, mosi\u0119\u017cny pionownik o wadze 16 uncji (ok. 470 g) zapewnia ostre i precyzyjne znakowanie podczas uk\u0142adania, wyr\u00f3wnywania i prac budowlanych. Standardowy gwint ASA gwarantuje kompatybilno\u015b\u0107 z szerok\u0105 gam\u0105 linek i akcesori\u00f3w. Stalowa nakr\u0119tka ASA posiada r\u00f3wnie\u017c wewn\u0119trzne miejsce na dodatkowy grot, co czyni go idealnym rozwi\u0105zaniem. <a href=\"https:\/\/mountlaser.com\/pl\/about-us\/\">PB01-16 Mosi\u0119\u017cny pion<\/a> wszechstronne, niezawodne i niezwykle wydajne narz\u0119dzie do codziennych zastosowa\u0144 profesjonalnych.<\/p>","protected":false},"excerpt":{"rendered":"<ul>\n<li>Zapewnia stabilne i dok\u0142adne odniesienie pionowe do uk\u0142adu i wyr\u00f3wnania<\/li>\n<li>Solidna obudowa z mosi\u0105dzu z idealnym roz\u0142o\u017ceniem ci\u0119\u017caru gwarantuje sta\u0142\u0105 wydajno\u015b\u0107<\/li>\n<li>Hartowana stalowa ko\u0144c\u00f3wka zapewnia czyste i precyzyjne znakowanie<\/li>\n<li>Standardowy gwint ASA zapewnia kompatybilno\u015b\u0107 z uniwersalnymi sznurkami i z\u0142\u0105czkami<\/li>\n<li>Stalowa nakr\u0119tka ASA z wewn\u0119trznym schowkiem na punkt zwi\u0119ksza wygod\u0119 i \u017cywotno\u015b\u0107 narz\u0119dzia<\/li>\n<\/ul>","protected":false},"featured_media":5449,"comment_status":"open","ping_status":"closed","template":"","meta":[],"product_brand":[],"product_cat":[154,79],"product_tag":[],"class_list":{"0":"post-5838","1":"product","2":"type-product","3":"status-publish","4":"has-post-thumbnail","6":"product_cat-brass-plumb-bob","7":"product_cat-surveying-accessory","9":"first","10":"instock","11":"shipping-taxable","12":"product-type-simple"},"_links":{"self":[{"href":"https:\/\/mountlaser.com\/pl\/wp-json\/wp\/v2\/product\/5838","targetHints":{"allow":["GET"]}}],"collection":[{"href":"https:\/\/mountlaser.com\/pl\/wp-json\/wp\/v2\/product"}],"about":[{"href":"https:\/\/mountlaser.com\/pl\/wp-json\/wp\/v2\/types\/product"}],"replies":[{"embeddable":true,"href":"https:\/\/mountlaser.com\/pl\/wp-json\/wp\/v2\/comments?post=5838"}],"wp:featuredmedia":[{"embeddable":true,"href":"https:\/\/mountlaser.com\/pl\/wp-json\/wp\/v2\/media\/5449"}],"wp:attachment":[{"href":"https:\/\/mountlaser.com\/pl\/wp-json\/wp\/v2\/media?parent=5838"}],"wp:term":[{"taxonomy":"product_brand","embeddable":true,"href":"https:\/\/mountlaser.com\/pl\/wp-json\/wp\/v2\/product_brand?post=5838"},{"taxonomy":"product_cat","embeddable":true,"href":"https:\/\/mountlaser.com\/pl\/wp-json\/wp\/v2\/product_cat?post=5838"},{"taxonomy":"product_tag","embeddable":true,"href":"https:\/\/mountlaser.com\/pl\/wp-json\/wp\/v2\/product_tag?post=5838"}],"curies":[{"name":"wp","href":"https:\/\/api.w.org\/{rel}","templated":true}]}}