{"id":5837,"date":"2025-12-11T06:16:23","date_gmt":"2025-12-11T06:16:23","guid":{"rendered":"https:\/\/mountlaser.com\/?post_type=product&#038;p=5837"},"modified":"2025-12-11T06:16:23","modified_gmt":"2025-12-11T06:16:23","slug":"pb01-14-brass-plumb-bob","status":"publish","type":"product","link":"https:\/\/mountlaser.com\/pl\/produkt\/pb01-14-brass-plumb-bob\/","title":{"rendered":"PB01-14 Mosi\u0119\u017cny pion"},"content":{"rendered":"<p data-start=\"271\" data-end=\"707\">Ten <a href=\"https:\/\/mountlaser.com\/pl\/\"><strong data-start=\"275\" data-end=\"302\">PB01-14 Mosi\u0119\u017cny pion<\/strong><\/a> To precyzyjnie obrobione narz\u0119dzie stworzone dla profesjonalist\u00f3w, kt\u00f3rzy wymagaj\u0105 niezawodnej dok\u0142adno\u015bci w pionie przy ka\u017cdym zadaniu. Wykonane z litego mosi\u0105dzu i zaprojektowane z my\u015bl\u0105 o idealnej r\u00f3wnowadze, <a href=\"https:\/\/mountlaser.com\/pl\/kategoria-produktu\/surveying-accessory\/\"><strong data-start=\"476\" data-end=\"502\">14-uncjowy mosi\u0119\u017cny pion<\/strong><\/a> Zapewnia stabilne i niezawodne ustawienie nawet w trudnych warunkach terenowych. Ochronna pow\u0142oka lakiernicza gwarantuje, \u017ce mosi\u0119\u017cny pion PB01-14 zachowuje swoje w\u0142a\u015bciwo\u015bci i wygl\u0105d przez d\u0142ugi czas u\u017cytkowania.<\/p>\n<p data-start=\"271\" data-end=\"707\"><img fetchpriority=\"high\" decoding=\"async\" class=\"aligncenter wp-image-5449\" src=\"https:\/\/mountlaser.com\/wp-content\/uploads\/2025\/12\/PB01.webp\" alt=\"PB01-14 Brass Plumb Bob\" width=\"500\" height=\"500\" srcset=\"https:\/\/mountlaser.com\/wp-content\/uploads\/2025\/12\/PB01.webp 1000w, https:\/\/mountlaser.com\/wp-content\/uploads\/2025\/12\/PB01-300x300.webp 300w, https:\/\/mountlaser.com\/wp-content\/uploads\/2025\/12\/PB01-150x150.webp 150w, https:\/\/mountlaser.com\/wp-content\/uploads\/2025\/12\/PB01-768x768.webp 768w, https:\/\/mountlaser.com\/wp-content\/uploads\/2025\/12\/PB01-12x12.webp 12w, https:\/\/mountlaser.com\/wp-content\/uploads\/2025\/12\/PB01-600x600.webp 600w, https:\/\/mountlaser.com\/wp-content\/uploads\/2025\/12\/PB01-800x800.webp 800w, https:\/\/mountlaser.com\/wp-content\/uploads\/2025\/12\/PB01-400x400.webp 400w\" sizes=\"(max-width: 500px) 100vw, 500px\" \/><\/p>\n<p data-start=\"709\" data-end=\"1118\">Zaprojektowany z hartowanym stalowym grotem, mosi\u0119\u017cny pionownik o wadze 14 uncji (ok. 415 g) zapewnia wyra\u017ane i precyzyjne oznaczenia podczas uk\u0142adania i prac konstrukcyjnych. Standardowy gwint ASA gwarantuje pe\u0142n\u0105 kompatybilno\u015b\u0107 z powszechnie u\u017cywanymi sznurami i akcesoriami pionu, a stalowa nakr\u0119tka ASA posiada wewn\u0119trzne miejsce na dodatkowy grot, co czyni go idealnym rozwi\u0105zaniem. <a href=\"https:\/\/mountlaser.com\/pl\/about-us\/\">PB01-14 Mosi\u0119\u017cny pion<\/a> trwa\u0142e i praktyczne do codziennej pracy zawodowej.<\/p>","protected":false},"excerpt":{"rendered":"<ul>\n<li>Zapewnia precyzyjne i stabilne odniesienie pionowe do uk\u0142adu i wyr\u00f3wnania<\/li>\n<li>Solidna konstrukcja z mosi\u0105dzu z idealnym roz\u0142o\u017ceniem ci\u0119\u017caru dla zapewnienia sta\u0142ej wydajno\u015bci<\/li>\n<li>Utwardzona stalowa ko\u0144c\u00f3wka zapewnia ostre i dok\u0142adne znakowanie<\/li>\n<li>Standardowy gwint ASA gwarantuje kompatybilno\u015b\u0107 z powszechnie u\u017cywanymi przewodami i akcesoriami<\/li>\n<li>Stalowa zakr\u0119tka ASA z wbudowanym schowkiem zapewnia trwa\u0142o\u015b\u0107 i wygod\u0119<\/li>\n<\/ul>","protected":false},"featured_media":5449,"comment_status":"open","ping_status":"closed","template":"","meta":[],"product_brand":[],"product_cat":[154,79],"product_tag":[],"class_list":{"0":"post-5837","1":"product","2":"type-product","3":"status-publish","4":"has-post-thumbnail","6":"product_cat-brass-plumb-bob","7":"product_cat-surveying-accessory","9":"first","10":"instock","11":"shipping-taxable","12":"product-type-simple"},"_links":{"self":[{"href":"https:\/\/mountlaser.com\/pl\/wp-json\/wp\/v2\/product\/5837","targetHints":{"allow":["GET"]}}],"collection":[{"href":"https:\/\/mountlaser.com\/pl\/wp-json\/wp\/v2\/product"}],"about":[{"href":"https:\/\/mountlaser.com\/pl\/wp-json\/wp\/v2\/types\/product"}],"replies":[{"embeddable":true,"href":"https:\/\/mountlaser.com\/pl\/wp-json\/wp\/v2\/comments?post=5837"}],"wp:featuredmedia":[{"embeddable":true,"href":"https:\/\/mountlaser.com\/pl\/wp-json\/wp\/v2\/media\/5449"}],"wp:attachment":[{"href":"https:\/\/mountlaser.com\/pl\/wp-json\/wp\/v2\/media?parent=5837"}],"wp:term":[{"taxonomy":"product_brand","embeddable":true,"href":"https:\/\/mountlaser.com\/pl\/wp-json\/wp\/v2\/product_brand?post=5837"},{"taxonomy":"product_cat","embeddable":true,"href":"https:\/\/mountlaser.com\/pl\/wp-json\/wp\/v2\/product_cat?post=5837"},{"taxonomy":"product_tag","embeddable":true,"href":"https:\/\/mountlaser.com\/pl\/wp-json\/wp\/v2\/product_tag?post=5837"}],"curies":[{"name":"wp","href":"https:\/\/api.w.org\/{rel}","templated":true}]}}