{"id":5836,"date":"2025-12-11T06:04:10","date_gmt":"2025-12-11T06:04:10","guid":{"rendered":"https:\/\/mountlaser.com\/?post_type=product&#038;p=5836"},"modified":"2025-12-11T06:10:21","modified_gmt":"2025-12-11T06:10:21","slug":"pb01-12-brass-plumb-bob","status":"publish","type":"product","link":"https:\/\/mountlaser.com\/pl\/produkt\/pb01-12-brass-plumb-bob\/","title":{"rendered":"PB01-12 Mosi\u0119\u017cny pion"},"content":{"rendered":"<p data-start=\"286\" data-end=\"717\">Ten <a href=\"https:\/\/mountlaser.com\/pl\/\"><strong data-start=\"290\" data-end=\"317\">PB01-12 Mosi\u0119\u017cny pion<\/strong><\/a> Zosta\u0142 zaprojektowany dla profesjonalist\u00f3w, kt\u00f3rzy wymagaj\u0105 absolutnej precyzji w ka\u017cdym zadaniu zwi\u0105zanym z ustawieniem. Wykonany z litego mosi\u0105dzu i precyzyjnie obrobiony dla zapewnienia idealnego wywa\u017cenia, ten <a href=\"https:\/\/mountlaser.com\/pl\/kategoria-produktu\/surveying-accessory\/\"><strong data-start=\"478\" data-end=\"504\">12-uncjowy mosi\u0119\u017cny pion<\/strong><\/a> Zapewnia niezawodne odniesienie pionowe nawet w trudnych warunkach na budowie. Ochronna pow\u0142oka lakiernicza zwi\u0119ksza trwa\u0142o\u015b\u0107, dzi\u0119ki czemu pion mosi\u0119\u017cny PB01-12 dzia\u0142a niezawodnie nawet podczas d\u0142ugotrwa\u0142ego u\u017cytkowania w terenie.<\/p>\n<p><img fetchpriority=\"high\" decoding=\"async\" class=\"aligncenter wp-image-5449\" src=\"https:\/\/mountlaser.com\/wp-content\/uploads\/2025\/12\/PB01.webp\" alt=\"PB01-12 Brass Plumb Bob\" width=\"500\" height=\"500\" srcset=\"https:\/\/mountlaser.com\/wp-content\/uploads\/2025\/12\/PB01.webp 1000w, https:\/\/mountlaser.com\/wp-content\/uploads\/2025\/12\/PB01-300x300.webp 300w, https:\/\/mountlaser.com\/wp-content\/uploads\/2025\/12\/PB01-150x150.webp 150w, https:\/\/mountlaser.com\/wp-content\/uploads\/2025\/12\/PB01-768x768.webp 768w, https:\/\/mountlaser.com\/wp-content\/uploads\/2025\/12\/PB01-12x12.webp 12w, https:\/\/mountlaser.com\/wp-content\/uploads\/2025\/12\/PB01-600x600.webp 600w, https:\/\/mountlaser.com\/wp-content\/uploads\/2025\/12\/PB01-800x800.webp 800w, https:\/\/mountlaser.com\/wp-content\/uploads\/2025\/12\/PB01-400x400.webp 400w\" sizes=\"(max-width: 500px) 100vw, 500px\" \/><\/p>\n<p>Z hartowanym stalowym ostrzem, zaprojektowanym do ostrego i niezawodnego oznaczania, mosi\u0119\u017cny pionownik o wadze 12 uncji (340 g) zapewnia precyzj\u0119, kt\u00f3rej mo\u017cesz zaufa\u0107. Standardowy gwint ASA gwarantuje kompatybilno\u015b\u0107 z popularnymi sznurami i akcesoriami pionownik\u00f3w. Stalowa nakr\u0119tka ASA zapewnia dodatkow\u0105 wytrzyma\u0142o\u015b\u0107 i posiada wbudowane miejsce na dodatkowy grot, co czyni go idealnym rozwi\u0105zaniem. <a href=\"https:\/\/mountlaser.com\/pl\/about-us\/\">PB01-12 Mosi\u0119\u017cny pion<\/a> zar\u00f3wno praktyczne, jak i gotowe do u\u017cycia w terenie.<\/p>","protected":false},"excerpt":{"rendered":"<ul>\n<li>Zapewnia precyzyjne i stabilne odniesienie pionowe do uk\u0142adu i wyr\u00f3wnania<\/li>\n<li>Precyzyjnie obrobiony korpus z mosi\u0105dzu zapewnia idealne roz\u0142o\u017cenie ci\u0119\u017caru<\/li>\n<li>Hartowana stalowa ko\u0144c\u00f3wka zapewnia wyra\u017ane i dok\u0142adne linie znakowania<\/li>\n<li>Konstrukcja gwintu ASA zapewnia kompatybilno\u015b\u0107 ze standardowymi przewodami i akcesoriami<\/li>\n<li>Stalowa nakr\u0119tka zapewnia trwa\u0142\u0105 ochron\u0119 i mo\u017cliwo\u015b\u0107 przechowywania dodatkowych punkt\u00f3w<\/li>\n<\/ul>","protected":false},"featured_media":5449,"comment_status":"open","ping_status":"closed","template":"","meta":[],"product_brand":[],"product_cat":[154,79],"product_tag":[],"class_list":{"0":"post-5836","1":"product","2":"type-product","3":"status-publish","4":"has-post-thumbnail","6":"product_cat-brass-plumb-bob","7":"product_cat-surveying-accessory","9":"first","10":"instock","11":"shipping-taxable","12":"product-type-simple"},"_links":{"self":[{"href":"https:\/\/mountlaser.com\/pl\/wp-json\/wp\/v2\/product\/5836","targetHints":{"allow":["GET"]}}],"collection":[{"href":"https:\/\/mountlaser.com\/pl\/wp-json\/wp\/v2\/product"}],"about":[{"href":"https:\/\/mountlaser.com\/pl\/wp-json\/wp\/v2\/types\/product"}],"replies":[{"embeddable":true,"href":"https:\/\/mountlaser.com\/pl\/wp-json\/wp\/v2\/comments?post=5836"}],"wp:featuredmedia":[{"embeddable":true,"href":"https:\/\/mountlaser.com\/pl\/wp-json\/wp\/v2\/media\/5449"}],"wp:attachment":[{"href":"https:\/\/mountlaser.com\/pl\/wp-json\/wp\/v2\/media?parent=5836"}],"wp:term":[{"taxonomy":"product_brand","embeddable":true,"href":"https:\/\/mountlaser.com\/pl\/wp-json\/wp\/v2\/product_brand?post=5836"},{"taxonomy":"product_cat","embeddable":true,"href":"https:\/\/mountlaser.com\/pl\/wp-json\/wp\/v2\/product_cat?post=5836"},{"taxonomy":"product_tag","embeddable":true,"href":"https:\/\/mountlaser.com\/pl\/wp-json\/wp\/v2\/product_tag?post=5836"}],"curies":[{"name":"wp","href":"https:\/\/api.w.org\/{rel}","templated":true}]}}