{"id":5835,"date":"2025-12-11T05:25:32","date_gmt":"2025-12-11T05:25:32","guid":{"rendered":"https:\/\/mountlaser.com\/?post_type=product&#038;p=5835"},"modified":"2025-12-11T05:25:32","modified_gmt":"2025-12-11T05:25:32","slug":"pb01-10-brass-plumb-bob","status":"publish","type":"product","link":"https:\/\/mountlaser.com\/pl\/produkt\/pb01-10-brass-plumb-bob\/","title":{"rendered":"PB01-10 Mosi\u0119\u017cny pion"},"content":{"rendered":"<p data-start=\"248\" data-end=\"749\">Ten <a href=\"https:\/\/mountlaser.com\/pl\/\"><strong data-start=\"252\" data-end=\"279\">PB01-10 Mosi\u0119\u017cny pion<\/strong><\/a> To wysokiej jako\u015bci, precyzyjnie obrobione narz\u0119dzie stworzone dla geodet\u00f3w, budowniczych i archiwist\u00f3w, kt\u00f3rzy wymagaj\u0105 wyj\u0105tkowej dok\u0142adno\u015bci. Wykonane z litego mosi\u0105dzu i wyko\u0144czone ochronn\u0105 pow\u0142ok\u0105 lakiernicz\u0105, <a href=\"https:\/\/mountlaser.com\/pl\/kategoria-produktu\/surveying-accessory\/\"><strong data-start=\"484\" data-end=\"510\">10-uncjowy mosi\u0119\u017cny pion<\/strong><\/a> Zapewnia d\u0142ugotrwa\u0142\u0105 stabilno\u015b\u0107 i odporno\u015b\u0107 na zu\u017cycie w trudnych warunkach terenowych. Zaprojektowany z my\u015bl\u0105 o idealnym roz\u0142o\u017ceniu ci\u0119\u017caru, mosi\u0119\u017cny pionownik PB01-10 zapewnia idealnie pionow\u0105 lini\u0119 odniesienia, co u\u0142atwia niezawodne ustawianie wsp\u00f3\u0142osiowo\u015bci.<\/p>\n<p data-start=\"248\" data-end=\"749\"><img fetchpriority=\"high\" decoding=\"async\" class=\"aligncenter wp-image-5449\" src=\"https:\/\/mountlaser.com\/wp-content\/uploads\/2025\/12\/PB01.webp\" alt=\"PB01-10 Brass Plumb Bob\" width=\"500\" height=\"500\" srcset=\"https:\/\/mountlaser.com\/wp-content\/uploads\/2025\/12\/PB01.webp 1000w, https:\/\/mountlaser.com\/wp-content\/uploads\/2025\/12\/PB01-300x300.webp 300w, https:\/\/mountlaser.com\/wp-content\/uploads\/2025\/12\/PB01-150x150.webp 150w, https:\/\/mountlaser.com\/wp-content\/uploads\/2025\/12\/PB01-768x768.webp 768w, https:\/\/mountlaser.com\/wp-content\/uploads\/2025\/12\/PB01-12x12.webp 12w, https:\/\/mountlaser.com\/wp-content\/uploads\/2025\/12\/PB01-600x600.webp 600w, https:\/\/mountlaser.com\/wp-content\/uploads\/2025\/12\/PB01-800x800.webp 800w, https:\/\/mountlaser.com\/wp-content\/uploads\/2025\/12\/PB01-400x400.webp 400w\" sizes=\"(max-width: 500px) 100vw, 500px\" \/><\/p>\n<p data-start=\"751\" data-end=\"1150\">Ta wytrzyma\u0142a, mosi\u0119\u017cna rurka pionowa o wadze 10 uncji (ok. 300 g) ma hartowany stalowy grot, kt\u00f3ry zapewnia ostre i niezawodne znakowanie, a standardowy gwint ASA gwarantuje kompatybilno\u015b\u0107 ze standardowymi sznurkami i akcesoriami do rurek pionowych. Stalowa nakr\u0119tka ASA zwi\u0119ksza trwa\u0142o\u015b\u0107 i zawiera wewn\u0119trzn\u0105 przegr\u00f3dk\u0119 na dodatkowy grot, co czyni j\u0105\u2026 <a href=\"https:\/\/mountlaser.com\/pl\/about-us\/\">PB01-10 Mosi\u0119\u017cny pion<\/a> wygodne i gotowe do u\u017cycia w terenie narz\u0119dzie dla profesjonalist\u00f3w zajmuj\u0105cych si\u0119 geodezj\u0105.<\/p>","protected":false},"excerpt":{"rendered":"<ul>\n<li>Zapewnia precyzyjne odniesienie pionowe do uk\u0142adu i wyr\u00f3wnania<\/li>\n<li>Zapewnia stabiln\u0105 i sta\u0142\u0105 dok\u0142adno\u015b\u0107 pionu dzi\u0119ki wywa\u017conej konstrukcji z mosi\u0105dzu<\/li>\n<li>Hartowana stalowa ko\u0144c\u00f3wka zapewnia czyste i dok\u0142adne znakowanie<\/li>\n<li>Kompatybilny z przewodami i akcesoriami z gwintem ASA<\/li>\n<li>Wewn\u0119trzny schowek zapewnia \u0142atwy dost\u0119p do zapasowych punkt\u00f3w<\/li>\n<\/ul>","protected":false},"featured_media":5449,"comment_status":"open","ping_status":"closed","template":"","meta":[],"product_brand":[],"product_cat":[154,79],"product_tag":[],"class_list":{"0":"post-5835","1":"product","2":"type-product","3":"status-publish","4":"has-post-thumbnail","6":"product_cat-brass-plumb-bob","7":"product_cat-surveying-accessory","9":"first","10":"instock","11":"shipping-taxable","12":"product-type-simple"},"_links":{"self":[{"href":"https:\/\/mountlaser.com\/pl\/wp-json\/wp\/v2\/product\/5835","targetHints":{"allow":["GET"]}}],"collection":[{"href":"https:\/\/mountlaser.com\/pl\/wp-json\/wp\/v2\/product"}],"about":[{"href":"https:\/\/mountlaser.com\/pl\/wp-json\/wp\/v2\/types\/product"}],"replies":[{"embeddable":true,"href":"https:\/\/mountlaser.com\/pl\/wp-json\/wp\/v2\/comments?post=5835"}],"wp:featuredmedia":[{"embeddable":true,"href":"https:\/\/mountlaser.com\/pl\/wp-json\/wp\/v2\/media\/5449"}],"wp:attachment":[{"href":"https:\/\/mountlaser.com\/pl\/wp-json\/wp\/v2\/media?parent=5835"}],"wp:term":[{"taxonomy":"product_brand","embeddable":true,"href":"https:\/\/mountlaser.com\/pl\/wp-json\/wp\/v2\/product_brand?post=5835"},{"taxonomy":"product_cat","embeddable":true,"href":"https:\/\/mountlaser.com\/pl\/wp-json\/wp\/v2\/product_cat?post=5835"},{"taxonomy":"product_tag","embeddable":true,"href":"https:\/\/mountlaser.com\/pl\/wp-json\/wp\/v2\/product_tag?post=5835"}],"curies":[{"name":"wp","href":"https:\/\/api.w.org\/{rel}","templated":true}]}}