{"id":5834,"date":"2025-12-11T02:42:42","date_gmt":"2025-12-11T02:42:42","guid":{"rendered":"https:\/\/mountlaser.com\/?post_type=product&#038;p=5834"},"modified":"2025-12-11T09:17:17","modified_gmt":"2025-12-11T09:17:17","slug":"hdtdo1-tripod-floor-guide","status":"publish","type":"product","link":"https:\/\/mountlaser.com\/pl\/produkt\/hdtdo1-tripod-floor-guide\/","title":{"rendered":"Prowadnica pod\u0142ogowa statywu HDTDO1"},"content":{"rendered":"<p data-start=\"177\" data-end=\"669\">Ten <a href=\"https:\/\/mountlaser.com\/pl\/\"><strong data-start=\"181\" data-end=\"204\">Prowadnica pod\u0142ogowa statywu HDTDO1 <\/strong><\/a>\u00a0to solidne i niezawodne rozwi\u0105zanie mobilne zaprojektowane specjalnie do profesjonalnych zastosowa\u0144 geodezyjnych. Zbudowane jako prawdziwy <a href=\"https:\/\/mountlaser.com\/pl\/kategoria-produktu\/surveying-accessory\/\"><strong data-start=\"323\" data-end=\"350\">wytrzyma\u0142y statyw pod\u0142ogowy<\/strong><\/a>, Posiada wzmocnione profile skrzynkowe ze stali nierdzewnej o wymiarach 25 \u00d7 25 mm, kt\u00f3re zapewniaj\u0105 d\u0142ugotrwa\u0142\u0105 wytrzyma\u0142o\u015b\u0107 i stabilne podparcie podczas pracy w pomieszczeniach. Niezale\u017cnie od tego, czy przenosisz tachimetr, skaner laserowy, czy inny precyzyjny instrument, prowadnica pod\u0142ogowa HDTDO1 Tripod zapewnia p\u0142ynny, kontrolowany ruch i wyj\u0105tkow\u0105 wytrzyma\u0142o\u015b\u0107.<\/p>\n<p data-start=\"177\" data-end=\"669\"><img fetchpriority=\"high\" decoding=\"async\" class=\"aligncenter wp-image-5581\" src=\"https:\/\/mountlaser.com\/wp-content\/uploads\/2025\/12\/TD011.webp\" alt=\"HDTDO1 Tripod Floor Guide\" width=\"500\" height=\"500\" srcset=\"https:\/\/mountlaser.com\/wp-content\/uploads\/2025\/12\/TD011.webp 1000w, https:\/\/mountlaser.com\/wp-content\/uploads\/2025\/12\/TD011-300x300.webp 300w, https:\/\/mountlaser.com\/wp-content\/uploads\/2025\/12\/TD011-150x150.webp 150w, https:\/\/mountlaser.com\/wp-content\/uploads\/2025\/12\/TD011-768x768.webp 768w, https:\/\/mountlaser.com\/wp-content\/uploads\/2025\/12\/TD011-12x12.webp 12w, https:\/\/mountlaser.com\/wp-content\/uploads\/2025\/12\/TD011-600x600.webp 600w, https:\/\/mountlaser.com\/wp-content\/uploads\/2025\/12\/TD011-800x800.webp 800w, https:\/\/mountlaser.com\/wp-content\/uploads\/2025\/12\/TD011-400x400.webp 400w\" sizes=\"(max-width: 500px) 100vw, 500px\" \/><\/p>\n<p data-start=\"671\" data-end=\"1260\">Ta wytrzyma\u0142a prowadnica pod\u0142ogowa do statywu jest wyposa\u017cona w 75-milimetrowe gumowe ko\u0142a, kt\u00f3re zapewniaj\u0105 p\u0142ynne toczenie i precyzyjne pozycjonowanie, a zintegrowane hamulce postojowe pomagaj\u0105 zachowa\u0107 stabilno\u015b\u0107 podczas pracy w delikatnych punktach pomiarowych. Paski blokuj\u0105ce na w\u00f3zku bezpiecznie mocuj\u0105 stopy statywu, gwarantuj\u0105c bezpieczn\u0105 platform\u0119 podczas transportu lub monta\u017cu. Zaprojektowany z my\u015bl\u0105 o wygodzie, <a href=\"https:\/\/mountlaser.com\/pl\/contact-us\/\">Prowadnica pod\u0142ogowa statywu HDTDO1<\/a>\u00a0mo\u017cna go w pe\u0142ni z\u0142o\u017cy\u0107, co u\u0142atwia przechowywanie. Wa\u017cy zaledwie 3,0 kg i ma wymiary po z\u0142o\u017ceniu 66 \u00d7 19 \u00d7 17 cm \u2014 idealne rozwi\u0105zanie dla geodet\u00f3w, kt\u00f3rzy musz\u0105 zachowa\u0107 mobilno\u015b\u0107, nie rezygnuj\u0105c z dok\u0142adno\u015bci.<\/p>","protected":false},"excerpt":{"rendered":"<ul>\n<li>Zapewnia p\u0142ynny i kontrolowany transport zamontowanych urz\u0105dze\u0144 pomiarowych<\/li>\n<li>Zabezpiecza nogi statywu za pomoc\u0105 pask\u00f3w blokuj\u0105cych, zapobiegaj\u0105c ich przesuwaniu si\u0119 podczas u\u017cytkowania.<\/li>\n<li>Umo\u017cliwia szybk\u0105 zmian\u0119 po\u0142o\u017cenia podczas prac geodezyjnych wewn\u0105trz pomieszcze\u0144<\/li>\n<li>Zapewnia stabilno\u015b\u0107 dzi\u0119ki gumowym ko\u0142om i hamulcom postojowym<\/li>\n<\/ul>","protected":false},"featured_media":5584,"comment_status":"open","ping_status":"closed","template":"","meta":[],"product_brand":[],"product_cat":[160,79],"product_tag":[],"class_list":{"0":"post-5834","1":"product","2":"type-product","3":"status-publish","4":"has-post-thumbnail","6":"product_cat-tripod-floor-guide","7":"product_cat-surveying-accessory","9":"first","10":"instock","11":"shipping-taxable","12":"product-type-simple"},"_links":{"self":[{"href":"https:\/\/mountlaser.com\/pl\/wp-json\/wp\/v2\/product\/5834","targetHints":{"allow":["GET"]}}],"collection":[{"href":"https:\/\/mountlaser.com\/pl\/wp-json\/wp\/v2\/product"}],"about":[{"href":"https:\/\/mountlaser.com\/pl\/wp-json\/wp\/v2\/types\/product"}],"replies":[{"embeddable":true,"href":"https:\/\/mountlaser.com\/pl\/wp-json\/wp\/v2\/comments?post=5834"}],"wp:featuredmedia":[{"embeddable":true,"href":"https:\/\/mountlaser.com\/pl\/wp-json\/wp\/v2\/media\/5584"}],"wp:attachment":[{"href":"https:\/\/mountlaser.com\/pl\/wp-json\/wp\/v2\/media?parent=5834"}],"wp:term":[{"taxonomy":"product_brand","embeddable":true,"href":"https:\/\/mountlaser.com\/pl\/wp-json\/wp\/v2\/product_brand?post=5834"},{"taxonomy":"product_cat","embeddable":true,"href":"https:\/\/mountlaser.com\/pl\/wp-json\/wp\/v2\/product_cat?post=5834"},{"taxonomy":"product_tag","embeddable":true,"href":"https:\/\/mountlaser.com\/pl\/wp-json\/wp\/v2\/product_tag?post=5834"}],"curies":[{"name":"wp","href":"https:\/\/api.w.org\/{rel}","templated":true}]}}