{"id":5821,"date":"2025-12-10T09:32:46","date_gmt":"2025-12-10T09:32:46","guid":{"rendered":"https:\/\/mountlaser.com\/?post_type=product&#038;p=5821"},"modified":"2025-12-11T09:24:48","modified_gmt":"2025-12-11T09:24:48","slug":"ldt-402-series-theodolite","status":"publish","type":"product","link":"https:\/\/mountlaser.com\/pl\/produkt\/ldt-402-series-theodolite\/","title":{"rendered":"Teodolit serii LDT-402"},"content":{"rendered":"<p>Seria LDT-402 to znacz\u0105cy post\u0119p w dziedzinie precyzyjnego pomiaru k\u0105ta, \u0142\u0105cz\u0105cy solidn\u0105 konstrukcj\u0119 z inteligentnymi funkcjami cyfrowymi.<br \/>\nTen <a href=\"https:\/\/mountlaser.com\/pl\/\"><strong>Inteligentny elektroniczny teodolit<\/strong><\/a> jest przeznaczony dla geodet\u00f3w i specjalist\u00f3w z bran\u017cy budowlanej, kt\u00f3rzy potrzebuj\u0105 niezawodnego, dok\u0142adnego i wydajnego gromadzenia danych w terenie.<\/p>\n<p>Ten inteligentny teodolit elektroniczny jest wyposa\u017cony we wbudowany modu\u0142 zbierania danych, dzi\u0119ki czemu nie ma potrzeby stosowania zewn\u0119trznych urz\u0105dze\u0144 rejestruj\u0105cych, a praca staje si\u0119 \u0142atwiejsza.<\/p>\n<p>Teodolit elektroniczny LDT-402A wyst\u0119puje w czterech nast\u0119puj\u0105cych typach:<\/p>\n<p>LDT-402AOL Teodolit elektroniczny<br \/>\nTeodolit, D\u00f3\u0142: Optyczny, G\u00f3ra: Laser (Czerwona Promie\u0144), Szary kolor obudowy<\/p>\n<p>Teodolit elektroniczny LDT-402ALO<br \/>\nTeodolit, D\u00f3\u0142: Laser (czerwona wi\u0105zka), G\u00f3ra: Optyczny, Kolor obudowy szary<\/p>\n<p>LDT-402ALL Teodolit elektroniczny<br \/>\nTeodolit, D\u00f3\u0142: Laser (czerwona wi\u0105zka), G\u00f3ra: Laser (czerwona wi\u0105zka), Kolor obudowy szary<\/p>\n<p>LDT-402AOO Teodolit elektroniczny<br \/>\nTeodolit, D\u00f3\u0142: Optyczny, G\u00f3ra: Optyczny, Kolor obudowy szary<\/p>\n<p>Teodolit elektroniczny LDT-402E wyst\u0119puje w czterech nast\u0119puj\u0105cych typach:<\/p>\n<p>Teodolit elektroniczny LDT-402EOL<br \/>\nTeodolit, D\u00f3\u0142: Optyczny, G\u00f3ra: Laser (czerwona wi\u0105zka), Zielony kolor obudowy<\/p>\n<p>Teodolit elektroniczny LDT-402ELO<br \/>\nTeodolit, D\u00f3\u0142: Laser (czerwona wi\u0105zka), G\u00f3ra: Optyczny, Zielony kolor obudowy<\/p>\n<p>LDT-402ELL Teodolit elektroniczny<br \/>\nTeodolit, D\u00f3\u0142: Laser (czerwona wi\u0105zka), G\u00f3ra: Laser (czerwona wi\u0105zka), Zielony kolor obudowy<\/p>\n<p>LDT-402EOO Teodolit elektroniczny<br \/>\nTeodolit, D\u00f3\u0142: Optyczny, G\u00f3ra: Optyczny, Zielony kolor obudowy<\/p>\n<p><img fetchpriority=\"high\" decoding=\"async\" class=\"aligncenter wp-image-5831\" src=\"https:\/\/mountlaser.com\/wp-content\/uploads\/2025\/12\/LDT-402AL2.webp\" alt=\"Smart Electronic Theodolite\" width=\"500\" height=\"500\" srcset=\"https:\/\/mountlaser.com\/wp-content\/uploads\/2025\/12\/LDT-402AL2.webp 1000w, https:\/\/mountlaser.com\/wp-content\/uploads\/2025\/12\/LDT-402AL2-300x300.webp 300w, https:\/\/mountlaser.com\/wp-content\/uploads\/2025\/12\/LDT-402AL2-150x150.webp 150w, https:\/\/mountlaser.com\/wp-content\/uploads\/2025\/12\/LDT-402AL2-768x768.webp 768w, https:\/\/mountlaser.com\/wp-content\/uploads\/2025\/12\/LDT-402AL2-12x12.webp 12w, https:\/\/mountlaser.com\/wp-content\/uploads\/2025\/12\/LDT-402AL2-600x600.webp 600w, https:\/\/mountlaser.com\/wp-content\/uploads\/2025\/12\/LDT-402AL2-800x800.webp 800w, https:\/\/mountlaser.com\/wp-content\/uploads\/2025\/12\/LDT-402AL2-400x400.webp 400w\" sizes=\"(max-width: 500px) 100vw, 500px\" \/><\/p>\n<p><strong><a href=\"https:\/\/mountlaser.com\/pl\/\">Teodolit serii LDT-402<\/a> Specyfikacje<\/strong><\/p>\n<table style=\"border-collapse: collapse; width: 854px; height: 980px;\" border=\"0\" width=\"619\" cellspacing=\"0\" cellpadding=\"0\">\n<tbody>\n<tr style=\"height: 13.50pt;\">\n<td class=\"et2\" style=\"height: 13.50pt; width: 230.25pt;\" colspan=\"2\" width=\"307\" height=\"18\">Numer modelu.<\/td>\n<td class=\"et3\" style=\"width: 117.00pt;\" width=\"156\">LDT-402E\/402A<\/td>\n<td class=\"et3\" style=\"width: 117.00pt;\" width=\"156\">LDT-402EL\/402AL<\/td>\n<\/tr>\n<tr style=\"height: 13.50pt;\">\n<td class=\"et3\" style=\"height: 13.50pt;\" height=\"18\">Trybrach<\/td>\n<td class=\"et3\">Model<\/td>\n<td class=\"et3\">Od\u0142\u0105czany<\/td>\n<td class=\"et3\">Od\u0142\u0105czany<\/td>\n<\/tr>\n<tr style=\"height: 13.50pt;\">\n<td class=\"et2\" style=\"height: 108.00pt;\" rowspan=\"8\" height=\"144\">Teleskop<\/td>\n<td class=\"et3\">Obrazowanie<\/td>\n<td class=\"et3\">Wyprostowany<\/td>\n<td class=\"et3\">Wyprostowany<\/td>\n<\/tr>\n<tr style=\"height: 13.50pt;\">\n<td class=\"et3\">Powi\u0119kszenie<\/td>\n<td class=\"et3\">30X<\/td>\n<td class=\"et3\">30X<\/td>\n<\/tr>\n<tr style=\"height: 13.50pt;\">\n<td class=\"et3\">Apertura obiektywu<\/td>\n<td class=\"et3\">45 mm<\/td>\n<td class=\"et3\">45 mm<\/td>\n<\/tr>\n<tr style=\"height: 13.50pt;\">\n<td class=\"et3\">Rezolucja<\/td>\n<td class=\"et3\">3\u2033<\/td>\n<td class=\"et3\">3\u2033<\/td>\n<\/tr>\n<tr style=\"height: 13.50pt;\">\n<td class=\"et3\">Pole widzenia<\/td>\n<td class=\"et3\">1\u00b030\u2032<\/td>\n<td class=\"et3\">1\u00b030\u2032<\/td>\n<\/tr>\n<tr style=\"height: 13.50pt;\">\n<td class=\"et3\">Minimalne skupienie<\/td>\n<td class=\"et3\">1,3 m<\/td>\n<td class=\"et3\">1,5 m<\/td>\n<\/tr>\n<tr style=\"height: 13.50pt;\">\n<td class=\"et3\">Sta\u0142a mno\u017cenia\/dodawania<\/td>\n<td class=\"et3\">100\/ 0<\/td>\n<td class=\"et3\">100\/ 0<\/td>\n<\/tr>\n<tr style=\"height: 13.50pt;\">\n<td class=\"et3\">D\u0142ugo\u015b\u0107<\/td>\n<td class=\"et3\">156 mm<\/td>\n<td class=\"et3\">156 mm<\/td>\n<\/tr>\n<tr style=\"height: 13.50pt;\">\n<td class=\"et2\" style=\"height: 67.50pt;\" rowspan=\"5\" height=\"90\">Pomiar k\u0105ta<\/td>\n<td class=\"et3\">Tryb pomiaru<\/td>\n<td class=\"et3\">Enkoder absolutny<\/td>\n<td class=\"et3\">Enkoder absolutny<\/td>\n<\/tr>\n<tr style=\"height: 13.50pt;\">\n<td class=\"et3\">Minimalna lektura<\/td>\n<td class=\"et3\">1\u2033\/ 5\u2033<\/td>\n<td class=\"et3\">1\u2033\/ 5\u2033<\/td>\n<\/tr>\n<tr style=\"height: 13.50pt;\">\n<td class=\"et3\">Dok\u0142adno\u015b\u0107 odczytu<\/td>\n<td class=\"et3\">2\u2033<\/td>\n<td class=\"et3\">2\u2033<\/td>\n<\/tr>\n<tr style=\"height: 13.50pt;\">\n<td class=\"et3\">\u015arednica okr\u0119gu<\/td>\n<td class=\"et3\">71 mm<\/td>\n<td class=\"et3\">71 mm<\/td>\n<\/tr>\n<tr style=\"height: 13.50pt;\">\n<td class=\"et3\">Jednostki k\u0105towe<\/td>\n<td class=\"et3\">360\u00b0\/ 400gon\/ 6400mil<\/td>\n<td class=\"et3\">360\u00b0\/ 400gon\/ 6400mil<\/td>\n<\/tr>\n<tr style=\"height: 13.50pt;\">\n<td class=\"et2\" style=\"height: 27.00pt;\" rowspan=\"2\" height=\"36\">Kompensator<\/td>\n<td class=\"et3\">Czujnik przechy\u0142u<\/td>\n<td class=\"et3\">Tak<\/td>\n<td class=\"et3\">Tak<\/td>\n<\/tr>\n<tr style=\"height: 13.50pt;\">\n<td class=\"et3\">Zakres<\/td>\n<td class=\"et3\">\u00b13\u2032<\/td>\n<td class=\"et3\">\u00b13\u2032<\/td>\n<\/tr>\n<tr style=\"height: 13.50pt;\">\n<td class=\"et2\" style=\"height: 54.00pt;\" rowspan=\"4\" height=\"72\">Pion laserowy<\/td>\n<td class=\"et3\">D\u0142ugo\u015b\u0107 fali<\/td>\n<td class=\"et3\">635nm Czerwona wi\u0105zka<\/td>\n<td class=\"et3\">635nm Czerwona wi\u0105zka<\/td>\n<\/tr>\n<tr style=\"height: 13.50pt;\">\n<td class=\"et3\">Moc<\/td>\n<td class=\"et3\">1mW<\/td>\n<td class=\"et3\">1mW<\/td>\n<\/tr>\n<tr style=\"height: 13.50pt;\">\n<td class=\"et3\">Dok\u0142adno\u015b\u0107 (1,5 m)<\/td>\n<td class=\"et3\">\u00b11 mm<\/td>\n<td class=\"et3\">\u00b11 mm<\/td>\n<\/tr>\n<tr style=\"height: 13.50pt;\">\n<td class=\"et3\">Stopie\u0144 laserowy<\/td>\n<td class=\"et3\"><span class=\"font1\">Klasa<\/span><span class=\"font5\">\u2161<\/span><\/td>\n<td class=\"et3\"><span class=\"font1\">Klasa<\/span><span class=\"font5\">\u2161<\/span><\/td>\n<\/tr>\n<tr style=\"height: 13.50pt;\">\n<td class=\"et2\" style=\"height: 40.50pt;\" rowspan=\"3\" height=\"54\">Pion optyczny (opcjonalnie)<\/td>\n<td class=\"et3\">Powi\u0119kszenie<\/td>\n<td class=\"et3\">3x<\/td>\n<td class=\"et3\">3x<\/td>\n<\/tr>\n<tr style=\"height: 13.50pt;\">\n<td class=\"et3\">Pole widzenia<\/td>\n<td class=\"et3\">5\u00b0<\/td>\n<td class=\"et3\">5\u00b0<\/td>\n<\/tr>\n<tr style=\"height: 13.50pt;\">\n<td class=\"et3\">Zakres ostro\u015bci<\/td>\n<td class=\"et3\"><span class=\"font1\">0,5 m\u2014<\/span><span class=\"font5\">\u221e<\/span><\/td>\n<td class=\"et3\"><span class=\"font1\">0,5 m\u2014<\/span><span class=\"font5\">\u221e<\/span><\/td>\n<\/tr>\n<tr style=\"height: 13.50pt;\">\n<td class=\"et2\" style=\"height: 67.50pt;\" rowspan=\"5\" height=\"90\">Wska\u017anik laserowy<\/td>\n<td class=\"et3\">D\u0142ugo\u015b\u0107 fali<\/td>\n<td class=\"et3\">\/<\/td>\n<td class=\"et3\">635nm Czerwony<\/td>\n<\/tr>\n<tr style=\"height: 13.50pt;\">\n<td class=\"et3\">Moc<\/td>\n<td class=\"et3\">\/<\/td>\n<td class=\"et3\">1mW<\/td>\n<\/tr>\n<tr style=\"height: 13.50pt;\">\n<td class=\"et3\">Zasi\u0119g lasera (w ci\u0105gu dnia)<\/td>\n<td class=\"et3\">\/<\/td>\n<td class=\"et3\">200m<\/td>\n<\/tr>\n<tr style=\"height: 13.50pt;\">\n<td class=\"et3\">Dok\u0142adno\u015b\u0107 wsp\u00f3\u0142osiowa lasera<\/td>\n<td class=\"et3\">\/<\/td>\n<td class=\"et4\"><span class=\"font2\">\u2264<\/span><span class=\"font1\">5 cali<\/span><\/td>\n<\/tr>\n<tr style=\"height: 13.50pt;\">\n<td class=\"et3\">\u015arednica plamki lasera<\/td>\n<td class=\"et3\">\/<\/td>\n<td class=\"et5\"><span class=\"font3\">\u2264<\/span><span class=\"font6\">2mm\/100m<\/span><\/td>\n<\/tr>\n<tr style=\"height: 13.50pt;\">\n<td class=\"et2\" style=\"height: 27.00pt;\" rowspan=\"2\" height=\"36\">Fiolka<\/td>\n<td class=\"et3\">Fiolka p\u0142ytkowa<\/td>\n<td class=\"et3\">30\u2033\/ 2mm<\/td>\n<td class=\"et3\">30\u2033\/ 2mm<\/td>\n<\/tr>\n<tr style=\"height: 13.50pt;\">\n<td class=\"et3\">Fiolka okr\u0105g\u0142a<\/td>\n<td class=\"et3\">8&#039;\/ 2mm<\/td>\n<td class=\"et3\">8&#039;\/ 2mm<\/td>\n<\/tr>\n<tr style=\"height: 13.50pt;\">\n<td class=\"et3\" style=\"height: 13.50pt;\" height=\"18\">Wy\u015bwietlacz<\/td>\n<td class=\"et3\">Podw\u00f3jna twarz<\/td>\n<td class=\"et3\">Pod\u015bwietlenie LED<\/td>\n<td class=\"et3\">Pod\u015bwietlenie LED<\/td>\n<\/tr>\n<tr style=\"height: 13.50pt;\">\n<td class=\"et2\" style=\"height: 27.00pt;\" rowspan=\"2\" height=\"36\">Moc<\/td>\n<td class=\"et3\">Zas\u00f3b mocy<\/td>\n<td class=\"et6\">Akumulator Ni-MH 4,8 V 1500 mAh<\/td>\n<td class=\"et6\">Akumulator Ni-MH 4,8 V 1500 mAh<\/td>\n<\/tr>\n<tr style=\"height: 13.50pt;\">\n<td class=\"et3\">Temperatura pracy<\/td>\n<td class=\"et3\"><span class=\"font1\">-20<\/span><span class=\"font2\">\u2103\uff5e<\/span><span class=\"font1\">+50<\/span><span class=\"font2\">\u2103<\/span><\/td>\n<td class=\"et3\"><span class=\"font1\">-20<\/span><span class=\"font2\">\u2103\uff5e<\/span><span class=\"font1\">+50<\/span><span class=\"font2\">\u2103<\/span><\/td>\n<\/tr>\n<tr style=\"height: 13.50pt;\">\n<td class=\"et2\" style=\"height: 27.00pt;\" rowspan=\"2\" height=\"36\">Wyj\u015bcie<\/td>\n<td class=\"et3\">Wyj\u015bcie danych<\/td>\n<td class=\"et3\">\/<\/td>\n<td class=\"et3\">RS232C<\/td>\n<\/tr>\n<tr style=\"height: 13.50pt;\">\n<td class=\"et3\">Pami\u0119\u0107 (punkty)<\/td>\n<td class=\"et3\">\/<\/td>\n<td class=\"et7\">1000<\/td>\n<\/tr>\n<\/tbody>\n<\/table>","protected":false},"excerpt":{"rendered":"<ul>\n<li>Solidny i niezawodny: Teodolit o stopniu ochrony IP54 jest zabezpieczony przed py\u0142em i zachlapaniem wod\u0105, co sprawia, \u017ce nadaje si\u0119 do stosowania na aktywnych placach budowy.<\/li>\n<li>Szybko\u015b\u0107 i wydajno\u015b\u0107: Pomiary trwaj\u0105 zaledwie 5 sekund, co znacznie zwi\u0119ksza wydajno\u015b\u0107 na miejscu.<\/li>\n<\/ul>","protected":false},"featured_media":5822,"comment_status":"open","ping_status":"closed","template":"","meta":[],"product_brand":[],"product_cat":[144,95],"product_tag":[],"class_list":{"0":"post-5821","1":"product","2":"type-product","3":"status-publish","4":"has-post-thumbnail","6":"product_cat-theodoliteagent-sales","7":"product_cat-agent-sales","9":"first","10":"instock","11":"shipping-taxable","12":"product-type-simple"},"_links":{"self":[{"href":"https:\/\/mountlaser.com\/pl\/wp-json\/wp\/v2\/product\/5821","targetHints":{"allow":["GET"]}}],"collection":[{"href":"https:\/\/mountlaser.com\/pl\/wp-json\/wp\/v2\/product"}],"about":[{"href":"https:\/\/mountlaser.com\/pl\/wp-json\/wp\/v2\/types\/product"}],"replies":[{"embeddable":true,"href":"https:\/\/mountlaser.com\/pl\/wp-json\/wp\/v2\/comments?post=5821"}],"wp:featuredmedia":[{"embeddable":true,"href":"https:\/\/mountlaser.com\/pl\/wp-json\/wp\/v2\/media\/5822"}],"wp:attachment":[{"href":"https:\/\/mountlaser.com\/pl\/wp-json\/wp\/v2\/media?parent=5821"}],"wp:term":[{"taxonomy":"product_brand","embeddable":true,"href":"https:\/\/mountlaser.com\/pl\/wp-json\/wp\/v2\/product_brand?post=5821"},{"taxonomy":"product_cat","embeddable":true,"href":"https:\/\/mountlaser.com\/pl\/wp-json\/wp\/v2\/product_cat?post=5821"},{"taxonomy":"product_tag","embeddable":true,"href":"https:\/\/mountlaser.com\/pl\/wp-json\/wp\/v2\/product_tag?post=5821"}],"curies":[{"name":"wp","href":"https:\/\/api.w.org\/{rel}","templated":true}]}}