{"id":5812,"date":"2025-12-10T09:11:42","date_gmt":"2025-12-10T09:11:42","guid":{"rendered":"https:\/\/mountlaser.com\/?post_type=product&#038;p=5812"},"modified":"2025-12-10T09:25:57","modified_gmt":"2025-12-10T09:25:57","slug":"sc-dc01-soft-case","status":"publish","type":"product","link":"https:\/\/mountlaser.com\/pl\/produkt\/sc-dc01-soft-case\/","title":{"rendered":"SC-DC01 Mi\u0119kki futera\u0142"},"content":{"rendered":"<p>Ten <a href=\"https:\/\/mountlaser.com\/pl\/\"><strong>SC-DC01 Mi\u0119kki futera\u0142<\/strong><\/a> To trwa\u0142e i ochronne rozwi\u0105zanie zaprojektowane specjalnie do przeno\u015bnych urz\u0105dze\u0144 do gromadzenia danych wykorzystywanych w profesjonalnych zastosowaniach geodezyjnych. Wykonana z jaskrawo\u017c\u00f3\u0142tej pow\u0142oki, zapewniaj\u0105cej dobr\u0105 widoczno\u015b\u0107 w terenie, mi\u0119kka walizka SC-DC01 zapewnia bezpieczne przechowywanie i \u0142atwy dost\u0119p do niezb\u0119dnych urz\u0105dze\u0144 podczas wymagaj\u0105cych prac terenowych. Jako dedykowane <a href=\"https:\/\/mountlaser.com\/pl\/kategoria-produktu\/surveying-accessory\/\"><strong>Mi\u0119kki futera\u0142 na kolektor danych TRI<\/strong><\/a>, Zapewnia niezawodn\u0105 ochron\u0119 przed kurzem, drobnymi uderzeniami i codziennym zu\u017cyciem, dzi\u0119ki czemu jest idealnym akcesorium dla geodet\u00f3w, kt\u00f3rzy potrzebuj\u0105 niezawodnego sprz\u0119tu w pracy.<\/p>\n<p><img fetchpriority=\"high\" decoding=\"async\" class=\"aligncenter wp-image-5819\" src=\"https:\/\/mountlaser.com\/wp-content\/uploads\/2025\/12\/SC-DC017.webp\" alt=\"SC-DC01 Soft case\" width=\"500\" height=\"500\" srcset=\"https:\/\/mountlaser.com\/wp-content\/uploads\/2025\/12\/SC-DC017.webp 1000w, https:\/\/mountlaser.com\/wp-content\/uploads\/2025\/12\/SC-DC017-300x300.webp 300w, https:\/\/mountlaser.com\/wp-content\/uploads\/2025\/12\/SC-DC017-150x150.webp 150w, https:\/\/mountlaser.com\/wp-content\/uploads\/2025\/12\/SC-DC017-768x768.webp 768w, https:\/\/mountlaser.com\/wp-content\/uploads\/2025\/12\/SC-DC017-12x12.webp 12w, https:\/\/mountlaser.com\/wp-content\/uploads\/2025\/12\/SC-DC017-600x600.webp 600w, https:\/\/mountlaser.com\/wp-content\/uploads\/2025\/12\/SC-DC017-800x800.webp 800w, https:\/\/mountlaser.com\/wp-content\/uploads\/2025\/12\/SC-DC017-400x400.webp 400w\" sizes=\"(max-width: 500px) 100vw, 500px\" \/><\/p>\n<p>Zaprojektowany z my\u015bl\u0105 o funkcjonalno\u015bci i wygodzie, mi\u0119kki futera\u0142 na kolektor danych TRI zapewnia bezpieczne dopasowanie do szerokiej gamy kolektor\u00f3w danych, zachowuj\u0105c jednocze\u015bnie lekk\u0105 konstrukcj\u0119, co przek\u0142ada si\u0119 na komfortow\u0105 obs\u0142ug\u0119. Wytrzyma\u0142a konstrukcja wyd\u0142u\u017ca \u017cywotno\u015b\u0107 urz\u0105dzenia, a op\u0142ywowy kszta\u0142t u\u0142atwia noszenie go w d\u0142oni lub przechowywanie w wi\u0119kszych torbach pomiarowych. Dzi\u0119ki wydajnemu uk\u0142adowi i mocnym szwom, futera\u0142 TRI Data Collector idealnie nadaje si\u0119 do przechowywania w d\u0142oni.<a href=\"https:\/\/mountlaser.com\/pl\/contact-us\/\"> SC-DC01 Mi\u0119kki futera\u0142<\/a> zapewnia d\u0142ugoterminow\u0105 trwa\u0142o\u015b\u0107 w r\u00f3\u017cnych warunkach terenowych.<\/p>","protected":false},"excerpt":{"rendered":"<ul>\n<li>Jaskrawo\u017c\u00f3\u0142ta pow\u0142oka zewn\u0119trzna poprawia widoczno\u015b\u0107 w miejscach pracy na zewn\u0105trz.<\/li>\n<li>Specjalnie zaprojektowany mi\u0119kki futera\u0142 na urz\u0105dzenie TRI Data Collector zapewniaj\u0105cy optymalne dopasowanie i ochron\u0119.<\/li>\n<li>Odporna na wstrz\u0105sy wy\u015bci\u00f3\u0142ka chroni urz\u0105dzenia przed uderzeniami i otarciami.<\/li>\n<li>Lekka i kompaktowa konstrukcja umo\u017cliwia \u0142atwe u\u017cytkowanie w trybie przeno\u015bnym i przenoszenie w terenie.<\/li>\n<li>Trwa\u0142e szwy i wzmocniona konstrukcja wyd\u0142u\u017caj\u0105 \u017cywotno\u015b\u0107 urz\u0105dzenia podczas ci\u0119\u017ckich prac terenowych.<\/li>\n<\/ul>","protected":false},"featured_media":5815,"comment_status":"open","ping_status":"closed","template":"","meta":[],"product_brand":[],"product_cat":[164,79],"product_tag":[],"class_list":{"0":"post-5812","1":"product","2":"type-product","3":"status-publish","4":"has-post-thumbnail","6":"product_cat-soft-case","7":"product_cat-surveying-accessory","9":"first","10":"instock","11":"shipping-taxable","12":"product-type-simple"},"_links":{"self":[{"href":"https:\/\/mountlaser.com\/pl\/wp-json\/wp\/v2\/product\/5812","targetHints":{"allow":["GET"]}}],"collection":[{"href":"https:\/\/mountlaser.com\/pl\/wp-json\/wp\/v2\/product"}],"about":[{"href":"https:\/\/mountlaser.com\/pl\/wp-json\/wp\/v2\/types\/product"}],"replies":[{"embeddable":true,"href":"https:\/\/mountlaser.com\/pl\/wp-json\/wp\/v2\/comments?post=5812"}],"wp:featuredmedia":[{"embeddable":true,"href":"https:\/\/mountlaser.com\/pl\/wp-json\/wp\/v2\/media\/5815"}],"wp:attachment":[{"href":"https:\/\/mountlaser.com\/pl\/wp-json\/wp\/v2\/media?parent=5812"}],"wp:term":[{"taxonomy":"product_brand","embeddable":true,"href":"https:\/\/mountlaser.com\/pl\/wp-json\/wp\/v2\/product_brand?post=5812"},{"taxonomy":"product_cat","embeddable":true,"href":"https:\/\/mountlaser.com\/pl\/wp-json\/wp\/v2\/product_cat?post=5812"},{"taxonomy":"product_tag","embeddable":true,"href":"https:\/\/mountlaser.com\/pl\/wp-json\/wp\/v2\/product_tag?post=5812"}],"curies":[{"name":"wp","href":"https:\/\/api.w.org\/{rel}","templated":true}]}}