{"id":5805,"date":"2025-12-10T08:39:38","date_gmt":"2025-12-10T08:39:38","guid":{"rendered":"https:\/\/mountlaser.com\/?post_type=product&#038;p=5805"},"modified":"2025-12-10T09:26:29","modified_gmt":"2025-12-10T09:26:29","slug":"sc-mr01-soft-case","status":"publish","type":"product","link":"https:\/\/mountlaser.com\/pl\/produkt\/sc-mr01-soft-case\/","title":{"rendered":"SC-MR01 Mi\u0119kki futera\u0142"},"content":{"rendered":"<p>Ten <a href=\"https:\/\/mountlaser.com\/pl\/\"><strong>SC-MR01 Mi\u0119kki futera\u0142<\/strong><\/a> To najwy\u017cszej jako\u015bci rozwi\u0105zanie ochronne zaprojektowane specjalnie do pracy w terenie z nowoczesnymi systemami GNSS, oferuj\u0105ce wyj\u0105tkow\u0105 trwa\u0142o\u015b\u0107 i wygod\u0119 w wymagaj\u0105cych warunkach geodezyjnych. Zbudowany ze sztywn\u0105 ram\u0105 wewn\u0119trzn\u0105, mi\u0119kki futera\u0142 SC-MR01 zapewnia doskona\u0142\u0105 ochron\u0119 odbiornik\u00f3w modu\u0142owych TRI, gwarantuj\u0105c bezpieczny transport i niezawodn\u0105 prac\u0119 w terenie. Jako profesjonalista <a href=\"https:\/\/mountlaser.com\/pl\/kategoria-produktu\/surveying-accessory\/\"><strong>Torba plecakowa GNSS na odbiornik Trimble<\/strong><\/a>, \u0142\u0105czy w sobie wytrzyma\u0142e materia\u0142y z praktyczn\u0105 konstrukcj\u0105 przypominaj\u0105c\u0105 plecak, umo\u017cliwiaj\u0105c\u0105 swobod\u0119 ruch\u00f3w i \u0142atwy dost\u0119p do sprz\u0119tu.<\/p>\n<p>Plecak GNSS Bag Backpack na odbiornik Trimble, z dominuj\u0105c\u0105 \u017c\u00f3\u0142t\u0105 pow\u0142ok\u0105 zewn\u0119trzn\u0105, czarnymi paskami na rami\u0119 i wzmocnionym czarnym dnem, zapewnia doskona\u0142\u0105 widoczno\u015b\u0107 i d\u0142ugotrwa\u0142\u0105 odporno\u015b\u0107 na codzienne zu\u017cycie. Ergonomiczna konstrukcja r\u00f3wnomiernie rozk\u0142ada ci\u0119\u017car, zapewniaj\u0105c wygod\u0119 noszenia podczas d\u0142ugich operacji w terenie. Mi\u0119kki pokrowiec SC-MR01 oferuje r\u00f3wnie\u017c dobrze zorganizowane miejsce do przechowywania, gwarantuj\u0105c bezpiecze\u0144stwo i dobr\u0105 pozycj\u0119 odbiornika modu\u0142owego TRI podczas transportu.<\/p>\n<p><img fetchpriority=\"high\" decoding=\"async\" class=\"aligncenter wp-image-5811\" src=\"https:\/\/mountlaser.com\/wp-content\/uploads\/2025\/12\/SC-MR016.webp\" alt=\"SC-MR01 Soft case\" width=\"500\" height=\"500\" srcset=\"https:\/\/mountlaser.com\/wp-content\/uploads\/2025\/12\/SC-MR016.webp 1000w, https:\/\/mountlaser.com\/wp-content\/uploads\/2025\/12\/SC-MR016-300x300.webp 300w, https:\/\/mountlaser.com\/wp-content\/uploads\/2025\/12\/SC-MR016-150x150.webp 150w, https:\/\/mountlaser.com\/wp-content\/uploads\/2025\/12\/SC-MR016-768x768.webp 768w, https:\/\/mountlaser.com\/wp-content\/uploads\/2025\/12\/SC-MR016-12x12.webp 12w, https:\/\/mountlaser.com\/wp-content\/uploads\/2025\/12\/SC-MR016-600x600.webp 600w, https:\/\/mountlaser.com\/wp-content\/uploads\/2025\/12\/SC-MR016-800x800.webp 800w, https:\/\/mountlaser.com\/wp-content\/uploads\/2025\/12\/SC-MR016-400x400.webp 400w\" sizes=\"(max-width: 500px) 100vw, 500px\" \/><\/p>\n<p>Ta niezawodna torba-plecak GNSS na odbiornik Trimble jest idealna dla geodet\u00f3w, kt\u00f3rzy wymagaj\u0105 niezawodnej ochrony w po\u0142\u0105czeniu z mobilno\u015bci\u0105, konstrukcj\u0105 i wydajno\u015bci\u0105 na poziomie profesjonalnym. <a href=\"https:\/\/mountlaser.com\/pl\/contact-us\/\">SC-MR01 Mi\u0119kki futera\u0142<\/a> gwarantuje, \u017ce Tw\u00f3j sprz\u0119t b\u0119dzie bezpieczny, uporz\u0105dkowany i gotowy do u\u017cycia zawsze, gdy b\u0119dzie to potrzebne.<\/p>","protected":false},"excerpt":{"rendered":"<ul>\n<li>Wzmocniona ochrona: Sztywna rama wewn\u0119trzna zapewnia maksymaln\u0105 ochron\u0119 odbiornik\u00f3w modu\u0142owych TRI.<\/li>\n<li>Konstrukcja zapewniaj\u0105ca dobr\u0105 widoczno\u015b\u0107: \u017b\u00f3\u0142ty korpus z czarnymi paskami poprawia bezpiecze\u0144stwo na boisku i u\u0142atwia identyfikacj\u0119.<\/li>\n<li>Wygodna przeno\u015bno\u015b\u0107: System noszenia w stylu plecaka umo\u017cliwia wygodne przenoszenie bez u\u017cycia r\u0105k.<\/li>\n<li>Bezpieczne przechowywanie: Zoptymalizowany uk\u0142ad wewn\u0119trzny zapewnia stabilno\u015b\u0107 i ochron\u0119 odbiornika.<\/li>\n<li>Wytrzyma\u0142o\u015b\u0107 w warunkach polowych: Wzmocnione dno i wytrzyma\u0142e materia\u0142y wytrzymuj\u0105 trudne warunki zewn\u0119trzne.<\/li>\n<\/ul>","protected":false},"featured_media":5806,"comment_status":"open","ping_status":"closed","template":"","meta":[],"product_brand":[],"product_cat":[164,79],"product_tag":[],"class_list":{"0":"post-5805","1":"product","2":"type-product","3":"status-publish","4":"has-post-thumbnail","6":"product_cat-soft-case","7":"product_cat-surveying-accessory","9":"first","10":"instock","11":"shipping-taxable","12":"product-type-simple"},"_links":{"self":[{"href":"https:\/\/mountlaser.com\/pl\/wp-json\/wp\/v2\/product\/5805","targetHints":{"allow":["GET"]}}],"collection":[{"href":"https:\/\/mountlaser.com\/pl\/wp-json\/wp\/v2\/product"}],"about":[{"href":"https:\/\/mountlaser.com\/pl\/wp-json\/wp\/v2\/types\/product"}],"replies":[{"embeddable":true,"href":"https:\/\/mountlaser.com\/pl\/wp-json\/wp\/v2\/comments?post=5805"}],"wp:featuredmedia":[{"embeddable":true,"href":"https:\/\/mountlaser.com\/pl\/wp-json\/wp\/v2\/media\/5806"}],"wp:attachment":[{"href":"https:\/\/mountlaser.com\/pl\/wp-json\/wp\/v2\/media?parent=5805"}],"wp:term":[{"taxonomy":"product_brand","embeddable":true,"href":"https:\/\/mountlaser.com\/pl\/wp-json\/wp\/v2\/product_brand?post=5805"},{"taxonomy":"product_cat","embeddable":true,"href":"https:\/\/mountlaser.com\/pl\/wp-json\/wp\/v2\/product_cat?post=5805"},{"taxonomy":"product_tag","embeddable":true,"href":"https:\/\/mountlaser.com\/pl\/wp-json\/wp\/v2\/product_tag?post=5805"}],"curies":[{"name":"wp","href":"https:\/\/api.w.org\/{rel}","templated":true}]}}