{"id":5792,"date":"2025-12-10T07:18:56","date_gmt":"2025-12-10T07:18:56","guid":{"rendered":"https:\/\/mountlaser.com\/?post_type=product&#038;p=5792"},"modified":"2025-12-10T09:26:55","modified_gmt":"2025-12-10T09:26:55","slug":"sc-gn-series-soft-case","status":"publish","type":"product","link":"https:\/\/mountlaser.com\/pl\/produkt\/sc-gn-series-soft-case\/","title":{"rendered":"Mi\u0119kki futera\u0142 serii SC-GN"},"content":{"rendered":"<p>Ten <a href=\"https:\/\/mountlaser.com\/pl\/\"><strong>Mi\u0119kki futera\u0142 serii SC-GN<\/strong><\/a> To trwa\u0142e i niezawodne rozwi\u0105zanie do przenoszenia sprz\u0119tu GPS. Zaprojektowana z my\u015bl\u0105 o profesjonalistach terenowych, ta torba ochronna zapewnia bezpieczny transport i sprawn\u0105 organizacj\u0119 delikatnych urz\u0105dze\u0144. Oba modele z serii SC-GN Soft Case \u0142\u0105cz\u0105 solidn\u0105 konstrukcj\u0119 z praktycznymi funkcjami przechowywania, dzi\u0119ki czemu idealnie nadaj\u0105 si\u0119 do wymagaj\u0105cych \u015brodowisk pracy. Niezale\u017cnie od tego, czy jest u\u017cywana jako\u2026 <a href=\"https:\/\/mountlaser.com\/pl\/kategoria-produktu\/surveying-accessory\/\"><strong>Torba pomiarowa GPS<\/strong><\/a> lub og\u00f3lnej ochronnej obudowy terenowej, seria ta zapewnia sta\u0142\u0105 wydajno\u015b\u0107 i d\u0142ugotrwa\u0142\u0105 wytrzyma\u0142o\u015b\u0107.<\/p>\n<figure id=\"attachment_5799\" aria-describedby=\"caption-attachment-5799\" style=\"width: 500px\" class=\"wp-caption aligncenter\"><img fetchpriority=\"high\" decoding=\"async\" class=\"wp-image-5799\" src=\"https:\/\/mountlaser.com\/wp-content\/uploads\/2025\/12\/SC-GN027.webp\" alt=\"SC-GN Series Soft case\" width=\"500\" height=\"500\" srcset=\"https:\/\/mountlaser.com\/wp-content\/uploads\/2025\/12\/SC-GN027.webp 1000w, https:\/\/mountlaser.com\/wp-content\/uploads\/2025\/12\/SC-GN027-300x300.webp 300w, https:\/\/mountlaser.com\/wp-content\/uploads\/2025\/12\/SC-GN027-150x150.webp 150w, https:\/\/mountlaser.com\/wp-content\/uploads\/2025\/12\/SC-GN027-768x768.webp 768w, https:\/\/mountlaser.com\/wp-content\/uploads\/2025\/12\/SC-GN027-12x12.webp 12w, https:\/\/mountlaser.com\/wp-content\/uploads\/2025\/12\/SC-GN027-600x600.webp 600w, https:\/\/mountlaser.com\/wp-content\/uploads\/2025\/12\/SC-GN027-800x800.webp 800w, https:\/\/mountlaser.com\/wp-content\/uploads\/2025\/12\/SC-GN027-400x400.webp 400w\" sizes=\"(max-width: 500px) 100vw, 500px\" \/><figcaption id=\"caption-attachment-5799\" class=\"wp-caption-text\">Mi\u0119kki futera\u0142 serii SC-GN02<\/figcaption><\/figure>\n<figure id=\"attachment_5803\" aria-describedby=\"caption-attachment-5803\" style=\"width: 500px\" class=\"wp-caption aligncenter\"><img decoding=\"async\" class=\"wp-image-5803\" src=\"https:\/\/mountlaser.com\/wp-content\/uploads\/2025\/12\/SC-GN044.webp\" alt=\"SC-GN Series Soft case\" width=\"500\" height=\"500\" srcset=\"https:\/\/mountlaser.com\/wp-content\/uploads\/2025\/12\/SC-GN044.webp 1000w, https:\/\/mountlaser.com\/wp-content\/uploads\/2025\/12\/SC-GN044-300x300.webp 300w, https:\/\/mountlaser.com\/wp-content\/uploads\/2025\/12\/SC-GN044-150x150.webp 150w, https:\/\/mountlaser.com\/wp-content\/uploads\/2025\/12\/SC-GN044-768x768.webp 768w, https:\/\/mountlaser.com\/wp-content\/uploads\/2025\/12\/SC-GN044-12x12.webp 12w, https:\/\/mountlaser.com\/wp-content\/uploads\/2025\/12\/SC-GN044-600x600.webp 600w, https:\/\/mountlaser.com\/wp-content\/uploads\/2025\/12\/SC-GN044-800x800.webp 800w, https:\/\/mountlaser.com\/wp-content\/uploads\/2025\/12\/SC-GN044-400x400.webp 400w\" sizes=\"(max-width: 500px) 100vw, 500px\" \/><figcaption id=\"caption-attachment-5803\" class=\"wp-caption-text\">Mi\u0119kka obudowa serii SC-GN04<\/figcaption><\/figure>\n<p>Ten <a href=\"https:\/\/mountlaser.com\/pl\/contact-us\/\">Mi\u0119kki futera\u0142 serii SC-GN<\/a> Dost\u0119pna jest w dw\u00f3ch charakterystycznych stylach. Torba geodezyjna GPS SC-GN02 w stylu japo\u0144skim ma czerwon\u0105 pow\u0142ok\u0119 zewn\u0119trzn\u0105 i czarn\u0105 podszewk\u0119, zapewniaj\u0105c schludny i kompaktowy uk\u0142ad niezb\u0119dnych element\u00f3w GPS. Torba geodezyjna GPS SC-GN04 w stylu ameryka\u0144skim TRI Brand ma \u017c\u00f3\u0142to-czarn\u0105 pow\u0142ok\u0119 zewn\u0119trzn\u0105 i szare wn\u0119trze oraz przedni\u0105 i boczn\u0105 kiesze\u0144 zapinan\u0105 na zamek, zapewniaj\u0105c dodatkow\u0105 przestrze\u0144 na narz\u0119dzia, baterie, kable i akcesoria terenowe. Oba modele posiadaj\u0105 otwieran\u0105 klapk\u0119 g\u00f3rn\u0105, umo\u017cliwiaj\u0105c\u0105 szybki dost\u0119p podczas prac terenowych.<\/p>","protected":false},"excerpt":{"rendered":"<ul>\n<li>Specjalnie zaprojektowana ochrona umo\u017cliwiaj\u0105ca bezpieczne przechowywanie i transportowanie urz\u0105dze\u0144 pomiarowych GPS.<\/li>\n<li>Dwie opcje stylu: SC-GN02 Styl japo\u0144ski \u2013 czerwona pow\u0142oka zewn\u0119trzna, czarne wn\u0119trze, SC-GN04 Styl ameryka\u0144ski TRI Brand \u2013 \u017c\u00f3\u0142ta i czarna pow\u0142oka zewn\u0119trzna, szare wn\u0119trze z dodatkowymi kieszeniami zapinanymi na zamek z przodu i z boku<\/li>\n<li>Trwa\u0142a konstrukcja, przystosowana do cz\u0119stego u\u017cytkowania w terenie.<\/li>\n<li>Otwierana na uchylno pokrywa zapewnia wygodny dost\u0119p do sprz\u0119tu.<\/li>\n<li>Zaprojektowane z my\u015bl\u0105 o lepszej organizacji, z dodatkowymi kieszeniami (SC-GN04) na akcesoria i narz\u0119dzia terenowe.<\/li>\n<\/ul>","protected":false},"featured_media":5803,"comment_status":"open","ping_status":"closed","template":"","meta":[],"product_brand":[],"product_cat":[164,79],"product_tag":[],"class_list":{"0":"post-5792","1":"product","2":"type-product","3":"status-publish","4":"has-post-thumbnail","6":"product_cat-soft-case","7":"product_cat-surveying-accessory","9":"first","10":"instock","11":"shipping-taxable","12":"product-type-simple"},"_links":{"self":[{"href":"https:\/\/mountlaser.com\/pl\/wp-json\/wp\/v2\/product\/5792","targetHints":{"allow":["GET"]}}],"collection":[{"href":"https:\/\/mountlaser.com\/pl\/wp-json\/wp\/v2\/product"}],"about":[{"href":"https:\/\/mountlaser.com\/pl\/wp-json\/wp\/v2\/types\/product"}],"replies":[{"embeddable":true,"href":"https:\/\/mountlaser.com\/pl\/wp-json\/wp\/v2\/comments?post=5792"}],"wp:featuredmedia":[{"embeddable":true,"href":"https:\/\/mountlaser.com\/pl\/wp-json\/wp\/v2\/media\/5803"}],"wp:attachment":[{"href":"https:\/\/mountlaser.com\/pl\/wp-json\/wp\/v2\/media?parent=5792"}],"wp:term":[{"taxonomy":"product_brand","embeddable":true,"href":"https:\/\/mountlaser.com\/pl\/wp-json\/wp\/v2\/product_brand?post=5792"},{"taxonomy":"product_cat","embeddable":true,"href":"https:\/\/mountlaser.com\/pl\/wp-json\/wp\/v2\/product_cat?post=5792"},{"taxonomy":"product_tag","embeddable":true,"href":"https:\/\/mountlaser.com\/pl\/wp-json\/wp\/v2\/product_tag?post=5792"}],"curies":[{"name":"wp","href":"https:\/\/api.w.org\/{rel}","templated":true}]}}