{"id":5768,"date":"2025-12-10T06:40:23","date_gmt":"2025-12-10T06:40:23","guid":{"rendered":"https:\/\/mountlaser.com\/?post_type=product&#038;p=5768"},"modified":"2025-12-10T09:27:21","modified_gmt":"2025-12-10T09:27:21","slug":"sc-pa-ps-series-soft-case","status":"publish","type":"product","link":"https:\/\/mountlaser.com\/pl\/produkt\/sc-pa-ps-series-soft-case\/","title":{"rendered":"Mi\u0119kki futera\u0142 serii SC-PA\/PS"},"content":{"rendered":"<p>Ten <a href=\"https:\/\/mountlaser.com\/pl\/\"><strong>Mi\u0119kki futera\u0142 serii SC-PA\/PS<\/strong><\/a> Zosta\u0142 zaprojektowany specjalnie z my\u015bl\u0105 o zapewnieniu niezawodnej ochrony i uporz\u0105dkowanego przechowywania r\u00f3\u017cnych zestaw\u00f3w pryzmat\u00f3w u\u017cywanych w geodezji. Wykonany z trwa\u0142ych materia\u0142\u00f3w i wyposa\u017cony w wewn\u0119trzn\u0105 wy\u015bci\u00f3\u0142k\u0119 g\u0105bkow\u0105, ka\u017cdy model z serii SC-PA\/PS zapewnia bezpieczn\u0105 amortyzacj\u0119 podczas transportu i u\u017cytkowania w terenie. Niezale\u017cnie od tego, czy chroni ca\u0142y zestaw pryzmat\u00f3w, czy p\u0142yt\u0119 pryzmatyczn\u0105, te mi\u0119kkie futera\u0142y na pryzmaty zapewniaj\u0105 niezawodn\u0105 wydajno\u015b\u0107 i d\u0142ugotrwa\u0142\u0105 trwa\u0142o\u015b\u0107.<\/p>\n<p>Seria obejmuje wiele opcji oznaczonych kolorami, kt\u00f3re u\u0142atwiaj\u0105 identyfikacj\u0119 w terenie. Mi\u0119kki futera\u0142 SC-PA05 na pryzmat ma czerwon\u0105 pow\u0142ok\u0119 zewn\u0119trzn\u0105, a SC-PA06 <a href=\"https:\/\/mountlaser.com\/pl\/kategoria-produktu\/surveying-accessory\/\"><strong>Mi\u0119kki futera\u0142 na pryzmat<\/strong><\/a> Dost\u0119pny w kolorze \u017c\u00f3\u0142tym i dostosowany do du\u017cych p\u0142yt pryzmatycznych. W celu ochrony zestawu pryzmat\u00f3w, \u017c\u00f3\u0142te modele SC-PS01 (jako\u015b\u0107 og\u00f3lna) i SC-PS02 (jako\u015b\u0107 podwy\u017cszona) oferuj\u0105 klapk\u0119 otwieran\u0105 od g\u00f3ry, co zapewnia szybki i \u0142atwy dost\u0119p. Wszystkie <a href=\"https:\/\/mountlaser.com\/pl\/contact-us\/\">Mi\u0119kki futera\u0142 serii SC-PA\/PS<\/a> modele te posiadaj\u0105 wn\u0119trze wykonane z grubej g\u0105bki, kt\u00f3ra poch\u0142ania wstrz\u0105sy i zapobiega otarciom, dzi\u0119ki czemu idealnie nadaj\u0105 si\u0119 dla geodet\u00f3w, kt\u00f3rzy potrzebuj\u0105 niezawodnych, lekkich i praktycznych rozwi\u0105za\u0144 do przechowywania.<\/p>\n<div>\n<table style=\"border-collapse: collapse; width: 537.02pt;\" border=\"0\" width=\"716\" cellspacing=\"0\" cellpadding=\"0\">\n<tbody>\n<tr style=\"height: 14.25pt;\">\n<td class=\"et2\" style=\"height: 14.25pt; width: 127.50pt;\" width=\"170\" height=\"19\">Numer modelu.<\/td>\n<td class=\"et2\" style=\"width: 196.50pt;\" width=\"262\">NOTATKA<\/td>\n<td class=\"et2\" style=\"width: 213.00pt;\" width=\"284\">ZDJ\u0118CIE<\/td>\n<\/tr>\n<tr style=\"height: 14.25pt;\">\n<td class=\"et3\" style=\"height: 14.25pt;\" height=\"19\">SC-PA05<\/td>\n<td class=\"et4\">Mi\u0119kki futera\u0142 do monta\u017cu pryzmatu z g\u0105bk\u0105<\/td>\n<td class=\"et5\"><img fetchpriority=\"high\" decoding=\"async\" class=\"alignnone wp-image-5774 size-medium\" src=\"https:\/\/mountlaser.com\/wp-content\/uploads\/2025\/12\/SC-PA056-300x300.webp\" alt=\"SC-PA\/PS Series soft case\" width=\"300\" height=\"300\" srcset=\"https:\/\/mountlaser.com\/wp-content\/uploads\/2025\/12\/SC-PA056-300x300.webp 300w, https:\/\/mountlaser.com\/wp-content\/uploads\/2025\/12\/SC-PA056-150x150.webp 150w, https:\/\/mountlaser.com\/wp-content\/uploads\/2025\/12\/SC-PA056-768x768.webp 768w, https:\/\/mountlaser.com\/wp-content\/uploads\/2025\/12\/SC-PA056-12x12.webp 12w, https:\/\/mountlaser.com\/wp-content\/uploads\/2025\/12\/SC-PA056-600x600.webp 600w, https:\/\/mountlaser.com\/wp-content\/uploads\/2025\/12\/SC-PA056-800x800.webp 800w, https:\/\/mountlaser.com\/wp-content\/uploads\/2025\/12\/SC-PA056-400x400.webp 400w, https:\/\/mountlaser.com\/wp-content\/uploads\/2025\/12\/SC-PA056.webp 1000w\" sizes=\"(max-width: 300px) 100vw, 300px\" \/><\/td>\n<\/tr>\n<tr style=\"height: 14.25pt;\">\n<td class=\"et3\" style=\"height: 14.25pt;\" height=\"19\">SC-PA06<\/td>\n<td class=\"et4\">Mi\u0119kki pokrowiec na du\u017c\u0105 p\u0142ytk\u0119 pryzmatyczn\u0105 z g\u0105bk\u0105<\/td>\n<td class=\"et5\"><img decoding=\"async\" class=\"alignnone wp-image-5780 size-medium\" src=\"https:\/\/mountlaser.com\/wp-content\/uploads\/2025\/12\/SC-PA066-300x300.webp\" alt=\"SC-PA\/PS Series soft case\" width=\"300\" height=\"300\" srcset=\"https:\/\/mountlaser.com\/wp-content\/uploads\/2025\/12\/SC-PA066-300x300.webp 300w, https:\/\/mountlaser.com\/wp-content\/uploads\/2025\/12\/SC-PA066-150x150.webp 150w, https:\/\/mountlaser.com\/wp-content\/uploads\/2025\/12\/SC-PA066-768x768.webp 768w, https:\/\/mountlaser.com\/wp-content\/uploads\/2025\/12\/SC-PA066-12x12.webp 12w, https:\/\/mountlaser.com\/wp-content\/uploads\/2025\/12\/SC-PA066-600x600.webp 600w, https:\/\/mountlaser.com\/wp-content\/uploads\/2025\/12\/SC-PA066-800x800.webp 800w, https:\/\/mountlaser.com\/wp-content\/uploads\/2025\/12\/SC-PA066-400x400.webp 400w, https:\/\/mountlaser.com\/wp-content\/uploads\/2025\/12\/SC-PA066.webp 1000w\" sizes=\"(max-width: 300px) 100vw, 300px\" \/><\/td>\n<\/tr>\n<tr style=\"height: 14.25pt;\">\n<td class=\"et3\" style=\"height: 14.25pt;\" height=\"19\">SC-PS01<\/td>\n<td class=\"et4\">Mi\u0119kki futera\u0142 na zestaw pryzmat\u00f3w, jako\u015b\u0107 og\u00f3lna<\/td>\n<td class=\"et5\"><img decoding=\"async\" class=\"alignnone wp-image-5785 size-medium\" src=\"https:\/\/mountlaser.com\/wp-content\/uploads\/2025\/12\/SC-PS015-300x300.webp\" alt=\"SC-PA\/PS Series soft case\" width=\"300\" height=\"300\" srcset=\"https:\/\/mountlaser.com\/wp-content\/uploads\/2025\/12\/SC-PS015-300x300.webp 300w, https:\/\/mountlaser.com\/wp-content\/uploads\/2025\/12\/SC-PS015-150x150.webp 150w, https:\/\/mountlaser.com\/wp-content\/uploads\/2025\/12\/SC-PS015-768x768.webp 768w, https:\/\/mountlaser.com\/wp-content\/uploads\/2025\/12\/SC-PS015-12x12.webp 12w, https:\/\/mountlaser.com\/wp-content\/uploads\/2025\/12\/SC-PS015-600x600.webp 600w, https:\/\/mountlaser.com\/wp-content\/uploads\/2025\/12\/SC-PS015-800x800.webp 800w, https:\/\/mountlaser.com\/wp-content\/uploads\/2025\/12\/SC-PS015-400x400.webp 400w, https:\/\/mountlaser.com\/wp-content\/uploads\/2025\/12\/SC-PS015.webp 1000w\" sizes=\"(max-width: 300px) 100vw, 300px\" \/><\/td>\n<\/tr>\n<tr style=\"height: 14.25pt;\">\n<td class=\"et3\" style=\"height: 14.25pt;\" height=\"19\">SC-PS02<\/td>\n<td class=\"et4\">Mi\u0119kki futera\u0142 na zestaw pryzmat\u00f3w lepszej jako\u015bci<\/td>\n<td class=\"et5\"><img loading=\"lazy\" decoding=\"async\" class=\"alignnone wp-image-5791 size-medium\" src=\"https:\/\/mountlaser.com\/wp-content\/uploads\/2025\/12\/SC-PS026-300x300.webp\" alt=\"SC-PA\/PS Series soft case\" width=\"300\" height=\"300\" srcset=\"https:\/\/mountlaser.com\/wp-content\/uploads\/2025\/12\/SC-PS026-300x300.webp 300w, https:\/\/mountlaser.com\/wp-content\/uploads\/2025\/12\/SC-PS026-150x150.webp 150w, https:\/\/mountlaser.com\/wp-content\/uploads\/2025\/12\/SC-PS026-768x768.webp 768w, https:\/\/mountlaser.com\/wp-content\/uploads\/2025\/12\/SC-PS026-12x12.webp 12w, https:\/\/mountlaser.com\/wp-content\/uploads\/2025\/12\/SC-PS026-600x600.webp 600w, https:\/\/mountlaser.com\/wp-content\/uploads\/2025\/12\/SC-PS026-800x800.webp 800w, https:\/\/mountlaser.com\/wp-content\/uploads\/2025\/12\/SC-PS026-400x400.webp 400w, https:\/\/mountlaser.com\/wp-content\/uploads\/2025\/12\/SC-PS026.webp 1000w\" sizes=\"(max-width: 300px) 100vw, 300px\" \/><\/td>\n<\/tr>\n<\/tbody>\n<\/table>\n<\/div>","protected":false},"excerpt":{"rendered":"<ul>\n<li>Wn\u0119trze z g\u0105bki amortyzuj\u0105cej zapewniaj\u0105cej bezpieczn\u0105 ochron\u0119 zespo\u0142\u00f3w pryzmat\u00f3w.<\/li>\n<li>Trwa\u0142a pow\u0142oka zewn\u0119trzna oznaczona kolorami: czerwony dla SC-PA05, \u017c\u00f3\u0142ty dla SC-PA06 \/ SC-PS01 \/ SC-PS02.<\/li>\n<li>Konstrukcja z otwieran\u0105 klap\u0105 g\u00f3rn\u0105 zapewnia wygodny dost\u0119p i szybk\u0105 obs\u0142ug\u0119.<\/li>\n<li>Wiele opcji projektowych odpowiednich do pojedynczych zespo\u0142\u00f3w pryzmatycznych, du\u017cych p\u0142yt pryzmatycznych lub zestaw\u00f3w pryzmat\u00f3w.<\/li>\n<li>Lekkie i gotowe do u\u017cycia w terenie, \u0142atwe w transporcie i zapewniaj\u0105ce profesjonaln\u0105 ochron\u0119.<\/li>\n<\/ul>","protected":false},"featured_media":5774,"comment_status":"open","ping_status":"closed","template":"","meta":[],"product_brand":[],"product_cat":[164,79],"product_tag":[],"class_list":{"0":"post-5768","1":"product","2":"type-product","3":"status-publish","4":"has-post-thumbnail","6":"product_cat-soft-case","7":"product_cat-surveying-accessory","9":"first","10":"instock","11":"shipping-taxable","12":"product-type-simple"},"_links":{"self":[{"href":"https:\/\/mountlaser.com\/pl\/wp-json\/wp\/v2\/product\/5768","targetHints":{"allow":["GET"]}}],"collection":[{"href":"https:\/\/mountlaser.com\/pl\/wp-json\/wp\/v2\/product"}],"about":[{"href":"https:\/\/mountlaser.com\/pl\/wp-json\/wp\/v2\/types\/product"}],"replies":[{"embeddable":true,"href":"https:\/\/mountlaser.com\/pl\/wp-json\/wp\/v2\/comments?post=5768"}],"wp:featuredmedia":[{"embeddable":true,"href":"https:\/\/mountlaser.com\/pl\/wp-json\/wp\/v2\/media\/5774"}],"wp:attachment":[{"href":"https:\/\/mountlaser.com\/pl\/wp-json\/wp\/v2\/media?parent=5768"}],"wp:term":[{"taxonomy":"product_brand","embeddable":true,"href":"https:\/\/mountlaser.com\/pl\/wp-json\/wp\/v2\/product_brand?post=5768"},{"taxonomy":"product_cat","embeddable":true,"href":"https:\/\/mountlaser.com\/pl\/wp-json\/wp\/v2\/product_cat?post=5768"},{"taxonomy":"product_tag","embeddable":true,"href":"https:\/\/mountlaser.com\/pl\/wp-json\/wp\/v2\/product_tag?post=5768"}],"curies":[{"name":"wp","href":"https:\/\/api.w.org\/{rel}","templated":true}]}}