{"id":5754,"date":"2025-12-10T05:33:23","date_gmt":"2025-12-10T05:33:23","guid":{"rendered":"https:\/\/mountlaser.com\/?post_type=product&#038;p=5754"},"modified":"2025-12-15T07:46:10","modified_gmt":"2025-12-15T07:46:10","slug":"sc-ta01-soft-case","status":"publish","type":"product","link":"https:\/\/mountlaser.com\/pl\/produkt\/sc-ta01-soft-case\/","title":{"rendered":"SC-TA01 Mi\u0119kki futera\u0142"},"content":{"rendered":"<p>Ten <a href=\"https:\/\/mountlaser.com\/pl\/\"><strong data-start=\"163\" data-end=\"187\">Mi\u0119kki futera\u0142 SC-TA01<\/strong><\/a> Zosta\u0142 zaprojektowany specjalnie z my\u015bl\u0105 o zapewnieniu niezawodnej ochrony i \u0142atwego transportu precyzyjnych akcesori\u00f3w geodezyjnych. Stworzony dla profesjonalist\u00f3w, <a href=\"https:\/\/mountlaser.com\/pl\/products\/\"><strong data-start=\"331\" data-end=\"369\">mi\u0119kki pokrowiec na spodark\u0119 i adapter<\/strong><\/a> Rozwi\u0105zania te oferuj\u0105 doskona\u0142\u0105 amortyzacj\u0119 i trwa\u0142\u0105 konstrukcj\u0119, chroni\u0105c Tw\u00f3j sprz\u0119t w terenie. Oba modele mi\u0119kkiego futera\u0142u SC-TA01 maj\u0105 jaskrawo\u017c\u00f3\u0142t\u0105 pow\u0142ok\u0119 zewn\u0119trzn\u0105, zapewniaj\u0105c\u0105 dobr\u0105 widoczno\u015b\u0107, i wyposa\u017cone s\u0105 w wygodne otwieranie za pomoc\u0105 g\u00f3rnej klapy, co zapewnia szybki dost\u0119p.<\/p>\n<p><img fetchpriority=\"high\" decoding=\"async\" class=\"aligncenter wp-image-5761\" src=\"https:\/\/mountlaser.com\/wp-content\/uploads\/2025\/12\/SC-TA017.webp\" alt=\"SC-TA01 soft case\" width=\"500\" height=\"500\" srcset=\"https:\/\/mountlaser.com\/wp-content\/uploads\/2025\/12\/SC-TA017.webp 1000w, https:\/\/mountlaser.com\/wp-content\/uploads\/2025\/12\/SC-TA017-300x300.webp 300w, https:\/\/mountlaser.com\/wp-content\/uploads\/2025\/12\/SC-TA017-150x150.webp 150w, https:\/\/mountlaser.com\/wp-content\/uploads\/2025\/12\/SC-TA017-768x768.webp 768w, https:\/\/mountlaser.com\/wp-content\/uploads\/2025\/12\/SC-TA017-12x12.webp 12w, https:\/\/mountlaser.com\/wp-content\/uploads\/2025\/12\/SC-TA017-600x600.webp 600w, https:\/\/mountlaser.com\/wp-content\/uploads\/2025\/12\/SC-TA017-800x800.webp 800w, https:\/\/mountlaser.com\/wp-content\/uploads\/2025\/12\/SC-TA017-400x400.webp 400w\" sizes=\"(max-width: 500px) 100vw, 500px\" \/><\/p>\n<p>Niezale\u017cnie od tego, czy s\u0105 u\u017cywane codziennie w trudnych warunkach, czy te\u017c s\u0105 bezpiecznie przechowywane w biurze, <a href=\"https:\/\/mountlaser.com\/pl\/contact-us\/\">mi\u0119kki pokrowiec na spodark\u0119 i adapter<\/a> opcje zapewniaj\u0105 bezpiecze\u0144stwo, porz\u0105dek i gotowo\u015b\u0107 narz\u0119dzi do pracy.<\/p>","protected":false},"excerpt":{"rendered":"<ul>\n<li>Dedykowana ochrona: Specjalnie zaprojektowany mi\u0119kki pokrowiec na spodark\u0119 i adapter, zapewniaj\u0105cy dok\u0142adne i bezpieczne dopasowanie.<\/li>\n<li>SC-TA01: Okr\u0105g\u0142y design<\/li>\n<li>Trwa\u0142a \u017c\u00f3\u0142ta pow\u0142oka zewn\u0119trzna: Dobrze widoczny materia\u0142 zewn\u0119trzny, \u0142atwy do zauwa\u017cenia na ruchliwych placach budowy.<\/li>\n<li>Otwieranie za pomoc\u0105 g\u00f3rnej klapy: Szybki dost\u0119p do pokrywy umo\u017cliwiaj\u0105cy szybkie wyj\u0119cie narz\u0119dzi w terenie.<\/li>\n<li>Przeno\u015bny i lekki: \u0141atwy do przenoszenia, idealny do codziennych prac geodezyjnych.<\/li>\n<li>Amortyzacja wstrz\u0105s\u00f3w: Mi\u0119kka wy\u015bci\u00f3\u0142ka wewn\u0119trzna chroni delikatny sprz\u0119t przed uderzeniami i zarysowaniami.<\/li>\n<\/ul>","protected":false},"featured_media":5758,"comment_status":"open","ping_status":"closed","template":"","meta":[],"product_brand":[],"product_cat":[164,79],"product_tag":[],"class_list":{"0":"post-5754","1":"product","2":"type-product","3":"status-publish","4":"has-post-thumbnail","6":"product_cat-soft-case","7":"product_cat-surveying-accessory","9":"first","10":"instock","11":"shipping-taxable","12":"product-type-simple"},"_links":{"self":[{"href":"https:\/\/mountlaser.com\/pl\/wp-json\/wp\/v2\/product\/5754","targetHints":{"allow":["GET"]}}],"collection":[{"href":"https:\/\/mountlaser.com\/pl\/wp-json\/wp\/v2\/product"}],"about":[{"href":"https:\/\/mountlaser.com\/pl\/wp-json\/wp\/v2\/types\/product"}],"replies":[{"embeddable":true,"href":"https:\/\/mountlaser.com\/pl\/wp-json\/wp\/v2\/comments?post=5754"}],"wp:featuredmedia":[{"embeddable":true,"href":"https:\/\/mountlaser.com\/pl\/wp-json\/wp\/v2\/media\/5758"}],"wp:attachment":[{"href":"https:\/\/mountlaser.com\/pl\/wp-json\/wp\/v2\/media?parent=5754"}],"wp:term":[{"taxonomy":"product_brand","embeddable":true,"href":"https:\/\/mountlaser.com\/pl\/wp-json\/wp\/v2\/product_brand?post=5754"},{"taxonomy":"product_cat","embeddable":true,"href":"https:\/\/mountlaser.com\/pl\/wp-json\/wp\/v2\/product_cat?post=5754"},{"taxonomy":"product_tag","embeddable":true,"href":"https:\/\/mountlaser.com\/pl\/wp-json\/wp\/v2\/product_tag?post=5754"}],"curies":[{"name":"wp","href":"https:\/\/api.w.org\/{rel}","templated":true}]}}