{"id":5710,"date":"2025-12-10T05:10:33","date_gmt":"2025-12-10T05:10:33","guid":{"rendered":"https:\/\/mountlaser.com\/?post_type=product&#038;p=5710"},"modified":"2025-12-10T05:10:33","modified_gmt":"2025-12-10T05:10:33","slug":"hc-ts-series-hard-case","status":"publish","type":"product","link":"https:\/\/mountlaser.com\/pl\/produkt\/hc-ts-series-hard-case\/","title":{"rendered":"Twarda obudowa serii HC-TS"},"content":{"rendered":"<p>Ten <a href=\"https:\/\/mountlaser.com\/pl\/\"><strong>Twarda obudowa serii HC-TS<\/strong><\/a> zosta\u0142 zaprojektowany tak, aby zapewni\u0107 maksymaln\u0105 ochron\u0119 szerokiej gamy tachimetr\u00f3w, co czyni go jednym z najbardziej niezawodnych <a href=\"https:\/\/mountlaser.com\/pl\/kategoria-produktu\/surveying-accessory\/\"><strong>twarda walizka na tachimetr<\/strong><\/a> rozwi\u0105zania na rynku. Zaprojektowana z solidn\u0105 konstrukcj\u0105 i dopasowanymi przegr\u00f3dkami, twarda walizka serii HC-TS zapewnia bezpiecze\u0144stwo delikatnych instrument\u00f3w geodezyjnych podczas transportu i przechowywania. Niezale\u017cnie od tego, czy jest u\u017cywana z urz\u0105dzeniami japo\u0144skimi, szwajcarskimi, czy po\u0142udniowoameryka\u0144skimi, ta wszechstronna twarda walizka tachimetryczna zapewnia niezawodn\u0105 prac\u0119 w trudnych warunkach terenowych.<\/p>\n<table width=\"716\">\n<tbody>\n<tr>\n<td width=\"170\">Numer modelu.<\/td>\n<td width=\"262\">NOTATKA<\/td>\n<td width=\"284\">ZDJ\u0118CIE<\/td>\n<\/tr>\n<tr>\n<td>HC-TS01RD<\/td>\n<td>Do stacji tachimetrycznej, kolor czerwony<\/td>\n<td><img fetchpriority=\"high\" decoding=\"async\" class=\"alignnone wp-image-5714\" src=\"https:\/\/mountlaser.com\/wp-content\/uploads\/2025\/12\/HC-TS014.webp\" alt=\"HC-TS series hard case\" width=\"500\" height=\"500\" srcset=\"https:\/\/mountlaser.com\/wp-content\/uploads\/2025\/12\/HC-TS014.webp 1000w, https:\/\/mountlaser.com\/wp-content\/uploads\/2025\/12\/HC-TS014-300x300.webp 300w, https:\/\/mountlaser.com\/wp-content\/uploads\/2025\/12\/HC-TS014-150x150.webp 150w, https:\/\/mountlaser.com\/wp-content\/uploads\/2025\/12\/HC-TS014-768x768.webp 768w, https:\/\/mountlaser.com\/wp-content\/uploads\/2025\/12\/HC-TS014-12x12.webp 12w, https:\/\/mountlaser.com\/wp-content\/uploads\/2025\/12\/HC-TS014-600x600.webp 600w, https:\/\/mountlaser.com\/wp-content\/uploads\/2025\/12\/HC-TS014-800x800.webp 800w, https:\/\/mountlaser.com\/wp-content\/uploads\/2025\/12\/HC-TS014-400x400.webp 400w\" sizes=\"(max-width: 500px) 100vw, 500px\" \/><\/td>\n<\/tr>\n<tr>\n<td>HC-TS02<\/td>\n<td>Do japo\u0144skiej tachimetru marki NIK<\/td>\n<td><img decoding=\"async\" class=\"alignnone wp-image-5679 size-medium\" src=\"https:\/\/mountlaser.com\/wp-content\/uploads\/2025\/12\/HC-PS01RD6-300x300.webp\" alt=\"HC-TS series hard case\" width=\"300\" height=\"300\" srcset=\"https:\/\/mountlaser.com\/wp-content\/uploads\/2025\/12\/HC-PS01RD6-300x300.webp 300w, https:\/\/mountlaser.com\/wp-content\/uploads\/2025\/12\/HC-PS01RD6-150x150.webp 150w, https:\/\/mountlaser.com\/wp-content\/uploads\/2025\/12\/HC-PS01RD6-768x768.webp 768w, https:\/\/mountlaser.com\/wp-content\/uploads\/2025\/12\/HC-PS01RD6-12x12.webp 12w, https:\/\/mountlaser.com\/wp-content\/uploads\/2025\/12\/HC-PS01RD6-600x600.webp 600w, https:\/\/mountlaser.com\/wp-content\/uploads\/2025\/12\/HC-PS01RD6-800x800.webp 800w, https:\/\/mountlaser.com\/wp-content\/uploads\/2025\/12\/HC-PS01RD6-400x400.webp 400w, https:\/\/mountlaser.com\/wp-content\/uploads\/2025\/12\/HC-PS01RD6.webp 1000w\" sizes=\"(max-width: 300px) 100vw, 300px\" \/><\/td>\n<\/tr>\n<tr>\n<td>HC-TS05<\/td>\n<td>Dla stacji tachimetrycznej po\u0142udniowej<\/td>\n<td><img decoding=\"async\" class=\"alignnone wp-image-5733 size-medium\" src=\"https:\/\/mountlaser.com\/wp-content\/uploads\/2025\/12\/HC-TS055-300x300.webp\" alt=\"HC-TS series hard case\" width=\"300\" height=\"300\" srcset=\"https:\/\/mountlaser.com\/wp-content\/uploads\/2025\/12\/HC-TS055-300x300.webp 300w, https:\/\/mountlaser.com\/wp-content\/uploads\/2025\/12\/HC-TS055-150x150.webp 150w, https:\/\/mountlaser.com\/wp-content\/uploads\/2025\/12\/HC-TS055-768x768.webp 768w, https:\/\/mountlaser.com\/wp-content\/uploads\/2025\/12\/HC-TS055-12x12.webp 12w, https:\/\/mountlaser.com\/wp-content\/uploads\/2025\/12\/HC-TS055-600x600.webp 600w, https:\/\/mountlaser.com\/wp-content\/uploads\/2025\/12\/HC-TS055-800x800.webp 800w, https:\/\/mountlaser.com\/wp-content\/uploads\/2025\/12\/HC-TS055-400x400.webp 400w, https:\/\/mountlaser.com\/wp-content\/uploads\/2025\/12\/HC-TS055.webp 1000w\" sizes=\"(max-width: 300px) 100vw, 300px\" \/><\/td>\n<\/tr>\n<tr>\n<td>HC-TS03<\/td>\n<td>Dla japo\u0144skiej marki TOP GTS102\/332<\/td>\n<td><img loading=\"lazy\" decoding=\"async\" class=\"alignnone wp-image-5721 size-medium\" src=\"https:\/\/mountlaser.com\/wp-content\/uploads\/2025\/12\/HC-TS035-300x300.webp\" alt=\"HC-TS series hard case\" width=\"300\" height=\"300\" srcset=\"https:\/\/mountlaser.com\/wp-content\/uploads\/2025\/12\/HC-TS035-300x300.webp 300w, https:\/\/mountlaser.com\/wp-content\/uploads\/2025\/12\/HC-TS035-150x150.webp 150w, https:\/\/mountlaser.com\/wp-content\/uploads\/2025\/12\/HC-TS035-768x768.webp 768w, https:\/\/mountlaser.com\/wp-content\/uploads\/2025\/12\/HC-TS035-12x12.webp 12w, https:\/\/mountlaser.com\/wp-content\/uploads\/2025\/12\/HC-TS035-600x600.webp 600w, https:\/\/mountlaser.com\/wp-content\/uploads\/2025\/12\/HC-TS035-800x800.webp 800w, https:\/\/mountlaser.com\/wp-content\/uploads\/2025\/12\/HC-TS035-400x400.webp 400w, https:\/\/mountlaser.com\/wp-content\/uploads\/2025\/12\/HC-TS035.webp 1000w\" sizes=\"(max-width: 300px) 100vw, 300px\" \/><\/td>\n<\/tr>\n<tr>\n<td>HC-TS04<\/td>\n<td>Dla japo\u0144skiej marki TOP GM\/ES\/GTS200<\/td>\n<td><img loading=\"lazy\" decoding=\"async\" class=\"alignnone wp-image-5726 size-medium\" src=\"https:\/\/mountlaser.com\/wp-content\/uploads\/2025\/12\/HC-TS044-300x300.webp\" alt=\"HC-TS series hard case\" width=\"300\" height=\"300\" srcset=\"https:\/\/mountlaser.com\/wp-content\/uploads\/2025\/12\/HC-TS044-300x300.webp 300w, https:\/\/mountlaser.com\/wp-content\/uploads\/2025\/12\/HC-TS044-150x150.webp 150w, https:\/\/mountlaser.com\/wp-content\/uploads\/2025\/12\/HC-TS044-768x768.webp 768w, https:\/\/mountlaser.com\/wp-content\/uploads\/2025\/12\/HC-TS044-12x12.webp 12w, https:\/\/mountlaser.com\/wp-content\/uploads\/2025\/12\/HC-TS044-600x600.webp 600w, https:\/\/mountlaser.com\/wp-content\/uploads\/2025\/12\/HC-TS044-800x800.webp 800w, https:\/\/mountlaser.com\/wp-content\/uploads\/2025\/12\/HC-TS044-400x400.webp 400w, https:\/\/mountlaser.com\/wp-content\/uploads\/2025\/12\/HC-TS044.webp 1000w\" sizes=\"(max-width: 300px) 100vw, 300px\" \/><\/td>\n<\/tr>\n<tr>\n<td>HC-TS07<\/td>\n<td>Do szwajcarskich tachimetr\u00f3w TS03\/07 TZ05\/07\/08\/12<\/td>\n<td><img loading=\"lazy\" decoding=\"async\" class=\"alignnone wp-image-5747 size-medium\" src=\"https:\/\/mountlaser.com\/wp-content\/uploads\/2025\/12\/HC-TS076-300x300.webp\" alt=\"HC-TS series hard case\" width=\"300\" height=\"300\" srcset=\"https:\/\/mountlaser.com\/wp-content\/uploads\/2025\/12\/HC-TS076-300x300.webp 300w, https:\/\/mountlaser.com\/wp-content\/uploads\/2025\/12\/HC-TS076-150x150.webp 150w, https:\/\/mountlaser.com\/wp-content\/uploads\/2025\/12\/HC-TS076-768x768.webp 768w, https:\/\/mountlaser.com\/wp-content\/uploads\/2025\/12\/HC-TS076-12x12.webp 12w, https:\/\/mountlaser.com\/wp-content\/uploads\/2025\/12\/HC-TS076-600x600.webp 600w, https:\/\/mountlaser.com\/wp-content\/uploads\/2025\/12\/HC-TS076-800x800.webp 800w, https:\/\/mountlaser.com\/wp-content\/uploads\/2025\/12\/HC-TS076-400x400.webp 400w, https:\/\/mountlaser.com\/wp-content\/uploads\/2025\/12\/HC-TS076.webp 1000w\" sizes=\"(max-width: 300px) 100vw, 300px\" \/><\/td>\n<\/tr>\n<tr>\n<td>HC-TS15<\/td>\n<td width=\"262\">Do szwajcarskiej stacji tachimetrycznej TS15\/16<\/td>\n<td><img loading=\"lazy\" decoding=\"async\" class=\"alignnone wp-image-5752 size-medium\" src=\"https:\/\/mountlaser.com\/wp-content\/uploads\/2025\/12\/HC-TS155-300x300.webp\" alt=\"HC-TS series hard case\" width=\"300\" height=\"300\" srcset=\"https:\/\/mountlaser.com\/wp-content\/uploads\/2025\/12\/HC-TS155-300x300.webp 300w, https:\/\/mountlaser.com\/wp-content\/uploads\/2025\/12\/HC-TS155-150x150.webp 150w, https:\/\/mountlaser.com\/wp-content\/uploads\/2025\/12\/HC-TS155-768x768.webp 768w, https:\/\/mountlaser.com\/wp-content\/uploads\/2025\/12\/HC-TS155-12x12.webp 12w, https:\/\/mountlaser.com\/wp-content\/uploads\/2025\/12\/HC-TS155-600x600.webp 600w, https:\/\/mountlaser.com\/wp-content\/uploads\/2025\/12\/HC-TS155-800x800.webp 800w, https:\/\/mountlaser.com\/wp-content\/uploads\/2025\/12\/HC-TS155-400x400.webp 400w, https:\/\/mountlaser.com\/wp-content\/uploads\/2025\/12\/HC-TS155.webp 1000w\" sizes=\"(max-width: 300px) 100vw, 300px\" \/><\/td>\n<\/tr>\n<tr>\n<td>HC-TS06<\/td>\n<td>Do szwajcarskiej stacji tachimetrycznej TS02\/06\/09<\/td>\n<td><img loading=\"lazy\" decoding=\"async\" class=\"alignnone wp-image-5739 size-medium\" src=\"https:\/\/mountlaser.com\/wp-content\/uploads\/2025\/12\/HC-TS065-300x300.webp\" alt=\"HC-TS series hard case\" width=\"300\" height=\"300\" srcset=\"https:\/\/mountlaser.com\/wp-content\/uploads\/2025\/12\/HC-TS065-300x300.webp 300w, https:\/\/mountlaser.com\/wp-content\/uploads\/2025\/12\/HC-TS065-150x150.webp 150w, https:\/\/mountlaser.com\/wp-content\/uploads\/2025\/12\/HC-TS065-768x768.webp 768w, https:\/\/mountlaser.com\/wp-content\/uploads\/2025\/12\/HC-TS065-12x12.webp 12w, https:\/\/mountlaser.com\/wp-content\/uploads\/2025\/12\/HC-TS065-600x600.webp 600w, https:\/\/mountlaser.com\/wp-content\/uploads\/2025\/12\/HC-TS065-800x800.webp 800w, https:\/\/mountlaser.com\/wp-content\/uploads\/2025\/12\/HC-TS065-400x400.webp 400w, https:\/\/mountlaser.com\/wp-content\/uploads\/2025\/12\/HC-TS065.webp 1000w\" sizes=\"(max-width: 300px) 100vw, 300px\" \/><\/td>\n<\/tr>\n<\/tbody>\n<\/table>","protected":false},"excerpt":{"rendered":"<ul>\n<li>Trwa\u0142a ochrona: twarda pow\u0142oka zewn\u0119trzna zapewnia doskona\u0142\u0105 odporno\u015b\u0107 na wstrz\u0105sy i uderzenia.<\/li>\n<li>Wn\u0119trze dopasowane do instrument\u00f3w: Specjalnie zaprojektowane formy gwarantuj\u0105 bezpieczne dopasowanie ka\u017cdego modelu tachimetru.<\/li>\n<li>Niezawodny transport: Mocne uchwyty i bezpieczne mechanizmy blokuj\u0105ce gwarantuj\u0105 bezpieczne przemieszczanie w terenie.<\/li>\n<li>Opcje specyficzne dla modelu: Wiele wzor\u00f3w obud\u00f3w dostosowanych do \u015bwiatowych marek urz\u0105dze\u0144 pomiarowych.<\/li>\n<\/ul>","protected":false},"featured_media":5733,"comment_status":"open","ping_status":"closed","template":"","meta":[],"product_brand":[],"product_cat":[163,79],"product_tag":[],"class_list":{"0":"post-5710","1":"product","2":"type-product","3":"status-publish","4":"has-post-thumbnail","6":"product_cat-hard-case","7":"product_cat-surveying-accessory","9":"first","10":"instock","11":"shipping-taxable","12":"product-type-simple"},"_links":{"self":[{"href":"https:\/\/mountlaser.com\/pl\/wp-json\/wp\/v2\/product\/5710","targetHints":{"allow":["GET"]}}],"collection":[{"href":"https:\/\/mountlaser.com\/pl\/wp-json\/wp\/v2\/product"}],"about":[{"href":"https:\/\/mountlaser.com\/pl\/wp-json\/wp\/v2\/types\/product"}],"replies":[{"embeddable":true,"href":"https:\/\/mountlaser.com\/pl\/wp-json\/wp\/v2\/comments?post=5710"}],"wp:featuredmedia":[{"embeddable":true,"href":"https:\/\/mountlaser.com\/pl\/wp-json\/wp\/v2\/media\/5733"}],"wp:attachment":[{"href":"https:\/\/mountlaser.com\/pl\/wp-json\/wp\/v2\/media?parent=5710"}],"wp:term":[{"taxonomy":"product_brand","embeddable":true,"href":"https:\/\/mountlaser.com\/pl\/wp-json\/wp\/v2\/product_brand?post=5710"},{"taxonomy":"product_cat","embeddable":true,"href":"https:\/\/mountlaser.com\/pl\/wp-json\/wp\/v2\/product_cat?post=5710"},{"taxonomy":"product_tag","embeddable":true,"href":"https:\/\/mountlaser.com\/pl\/wp-json\/wp\/v2\/product_tag?post=5710"}],"curies":[{"name":"wp","href":"https:\/\/api.w.org\/{rel}","templated":true}]}}