{"id":5702,"date":"2025-12-10T02:49:02","date_gmt":"2025-12-10T02:49:02","guid":{"rendered":"https:\/\/mountlaser.com\/?post_type=product&#038;p=5702"},"modified":"2025-12-10T02:49:02","modified_gmt":"2025-12-10T02:49:02","slug":"hc-th01-hard-case","status":"publish","type":"product","link":"https:\/\/mountlaser.com\/pl\/produkt\/hc-th01-hard-case\/","title":{"rendered":"HC-TH01 Twardy futera\u0142"},"content":{"rendered":"<p>Ten <a href=\"https:\/\/mountlaser.com\/pl\/\"><strong>HC-TH01 Twardy futera\u0142<\/strong><\/a> To trwa\u0142e i bezpieczne rozwi\u0105zanie do przechowywania, zaprojektowane specjalnie z my\u015bl\u0105 o ochronie precyzyjnych instrument\u00f3w geodezyjnych. Zaprojektowany z my\u015bl\u0105 o niezawodno\u015bci w terenie, ten wytrzyma\u0142y futera\u0142 na teodolit zapewnia solidn\u0105 odporno\u015b\u0107 na wstrz\u0105sy i bezpieczne wy\u015bcie\u0142anie, chroni\u0105c teodolit podczas transportu i codziennego u\u017cytkowania.<\/p>\n<p><img fetchpriority=\"high\" decoding=\"async\" class=\"aligncenter wp-image-5708\" src=\"https:\/\/mountlaser.com\/wp-content\/uploads\/2025\/12\/HC-TH016.webp\" alt=\"HC-TH01 Hard case\" width=\"500\" height=\"500\" srcset=\"https:\/\/mountlaser.com\/wp-content\/uploads\/2025\/12\/HC-TH016.webp 1000w, https:\/\/mountlaser.com\/wp-content\/uploads\/2025\/12\/HC-TH016-300x300.webp 300w, https:\/\/mountlaser.com\/wp-content\/uploads\/2025\/12\/HC-TH016-150x150.webp 150w, https:\/\/mountlaser.com\/wp-content\/uploads\/2025\/12\/HC-TH016-768x768.webp 768w, https:\/\/mountlaser.com\/wp-content\/uploads\/2025\/12\/HC-TH016-12x12.webp 12w, https:\/\/mountlaser.com\/wp-content\/uploads\/2025\/12\/HC-TH016-600x600.webp 600w, https:\/\/mountlaser.com\/wp-content\/uploads\/2025\/12\/HC-TH016-800x800.webp 800w, https:\/\/mountlaser.com\/wp-content\/uploads\/2025\/12\/HC-TH016-400x400.webp 400w\" sizes=\"(max-width: 500px) 100vw, 500px\" \/><\/p>\n<p>Wykonana w dobrze widocznym czerwonym kolorze, twarda obudowa HC-TH01 jest \u0142atwa do zauwa\u017cenia na ruchliwych placach budowy i oferuje d\u0142ugotrwa\u0142\u0105 trwa\u0142o\u015b\u0107 w wymagaj\u0105cych warunkach. Niezale\u017cnie od tego, czy jest u\u017cywana w budownictwie, geodezji, czy in\u017cynierii, <a href=\"https:\/\/mountlaser.com\/pl\/products\/\"><strong>Twardy futera\u0142 na teodolit<\/strong><\/a> zapewnia pe\u0142n\u0105 ochron\u0119 delikatnego sprz\u0119tu optycznego przed kurzem, wilgoci\u0105 i uderzeniami.<\/p>","protected":false},"excerpt":{"rendered":"<ul>\n<li>HC-TH01 Twarda obudowa zaprojektowana specjalnie do teodolitu, zapewniaj\u0105ca \u015bcis\u0142e i bezpieczne dopasowanie<\/li>\n<li>Wytrzyma\u0142a pow\u0142oka zewn\u0119trzna zapewniaj\u0105ca maksymaln\u0105 ochron\u0119 przed warunkami terenowymi<\/li>\n<li>Odporna na wstrz\u0105sy wy\u015bci\u00f3\u0142ka wn\u0119trza pomaga zapobiega\u0107 uszkodzeniom spowodowanym wibracjami<\/li>\n<li>Jaskrawoczerwony kolor zapewniaj\u0105cy lepsz\u0105 widoczno\u015b\u0107 i \u0142atw\u0105 identyfikacj\u0119 na miejscu<\/li>\n<li>Solidny mechanizm blokuj\u0105cy zapewniaj\u0105cy bezpieczny i niezawodny transport<\/li>\n<\/ul>","protected":false},"featured_media":5706,"comment_status":"open","ping_status":"closed","template":"","meta":[],"product_brand":[],"product_cat":[163,79],"product_tag":[],"class_list":{"0":"post-5702","1":"product","2":"type-product","3":"status-publish","4":"has-post-thumbnail","6":"product_cat-hard-case","7":"product_cat-surveying-accessory","9":"first","10":"instock","11":"shipping-taxable","12":"product-type-simple"},"_links":{"self":[{"href":"https:\/\/mountlaser.com\/pl\/wp-json\/wp\/v2\/product\/5702","targetHints":{"allow":["GET"]}}],"collection":[{"href":"https:\/\/mountlaser.com\/pl\/wp-json\/wp\/v2\/product"}],"about":[{"href":"https:\/\/mountlaser.com\/pl\/wp-json\/wp\/v2\/types\/product"}],"replies":[{"embeddable":true,"href":"https:\/\/mountlaser.com\/pl\/wp-json\/wp\/v2\/comments?post=5702"}],"wp:featuredmedia":[{"embeddable":true,"href":"https:\/\/mountlaser.com\/pl\/wp-json\/wp\/v2\/media\/5706"}],"wp:attachment":[{"href":"https:\/\/mountlaser.com\/pl\/wp-json\/wp\/v2\/media?parent=5702"}],"wp:term":[{"taxonomy":"product_brand","embeddable":true,"href":"https:\/\/mountlaser.com\/pl\/wp-json\/wp\/v2\/product_brand?post=5702"},{"taxonomy":"product_cat","embeddable":true,"href":"https:\/\/mountlaser.com\/pl\/wp-json\/wp\/v2\/product_cat?post=5702"},{"taxonomy":"product_tag","embeddable":true,"href":"https:\/\/mountlaser.com\/pl\/wp-json\/wp\/v2\/product_tag?post=5702"}],"curies":[{"name":"wp","href":"https:\/\/api.w.org\/{rel}","templated":true}]}}