{"id":5673,"date":"2025-12-10T02:12:59","date_gmt":"2025-12-10T02:12:59","guid":{"rendered":"https:\/\/mountlaser.com\/?post_type=product&#038;p=5673"},"modified":"2025-12-10T09:25:22","modified_gmt":"2025-12-10T09:25:22","slug":"hc-ps-series-hard-case","status":"publish","type":"product","link":"https:\/\/mountlaser.com\/pl\/produkt\/hc-ps-series-hard-case\/","title":{"rendered":"Twarda obudowa serii HC-PS"},"content":{"rendered":"<p>Ten <a href=\"https:\/\/mountlaser.com\/pl\/\"><strong>Twarda obudowa serii HC-PS<\/strong><\/a> To trwa\u0142e i niezawodne rozwi\u0105zanie do przechowywania, zaprojektowane specjalnie do ochrony profesjonalnych zestaw\u00f3w pryzmat\u00f3w u\u017cywanych w geodezji. Zaprojektowane z my\u015bl\u0105 o maksymalnym bezpiecze\u0144stwie i organizacji, <a href=\"https:\/\/mountlaser.com\/pl\/kategoria-produktu\/surveying-accessory\/\"><strong>Twarde etui na zestaw pryzmat\u00f3w<\/strong><\/a> zapewniaj\u0105 solidn\u0105 ochron\u0119 zewn\u0119trzn\u0105, bezpieczne rozmieszczenie element\u00f3w wewn\u0119trznych i d\u0142ugotrwa\u0142\u0105 wydajno\u015b\u0107 w terenie.<\/p>\n<p>Twarda obudowa serii HC-PS jest dost\u0119pna w wielu konfiguracjach, dostosowanych do r\u00f3\u017cnych ustawie\u0144 pryzmat\u00f3w.<br \/>\nModel HC-PS01 ma konstrukcj\u0119 z pojedynczym pryzmatem i jest dost\u0119pny w kolorze czerwonym lub \u017c\u00f3\u0142tym, natomiast modele HC-PS02 i HC-PS03 oferuj\u0105 konstrukcj\u0119 z podw\u00f3jnym pryzmatem w kolorze czerwonym, dla u\u017cytkownik\u00f3w potrzebuj\u0105cych dodatkowej przestrzeni do przechowywania. Niezale\u017cnie od modelu, ka\u017cda obudowa zapewnia stabiln\u0105 ochron\u0119 cennych element\u00f3w optycznych.<\/p>\n<p>Wykonane z wytrzyma\u0142ych materia\u0142\u00f3w i ze wzmocnion\u0105 integralno\u015bci\u0105 strukturaln\u0105, te <a href=\"https:\/\/mountlaser.com\/pl\/about-us\/\">Twarde etui na zestaw pryzmat\u00f3w<\/a> chroni\u0105 sprz\u0119t przed uderzeniami, kurzem i wilgoci\u0105 podczas transportu lub u\u017cytkowania w terenie. Formowane wn\u0119trze pomaga utrzyma\u0107 wszystkie komponenty bezpiecznie w miejscu, zmniejszaj\u0105c ryzyko uszkodzenia i czyni\u0105c tward\u0105 walizk\u0119 serii HC-PS niezb\u0119dnym akcesorium dla geodet\u00f3w poszukuj\u0105cych niezawodnego transportu sprz\u0119tu.<\/p>\n<div>\n<table style=\"border-collapse: collapse; width: 371.27pt;\" border=\"0\" width=\"495\" cellspacing=\"0\" cellpadding=\"0\">\n<tbody>\n<tr style=\"height: 14.25pt;\">\n<td class=\"et2\" style=\"height: 14.25pt; width: 127.50pt;\" width=\"170\" height=\"19\">NUMER<\/td>\n<td class=\"et3\" style=\"width: 92.25pt;\" width=\"123\">KOLOR<\/td>\n<td class=\"et3\" style=\"width: 151.50pt;\" width=\"202\">ZDJ\u0118CIE<\/td>\n<\/tr>\n<tr style=\"height: 14.25pt;\">\n<td class=\"et4\" style=\"height: 14.25pt;\" height=\"19\">HC-PS01RD<\/td>\n<td class=\"et5\">Czerwony<\/td>\n<td class=\"et6\"><img fetchpriority=\"high\" decoding=\"async\" class=\"alignnone wp-image-5678\" src=\"https:\/\/mountlaser.com\/wp-content\/uploads\/2025\/12\/HC-PS01RD5.webp\" alt=\"HC-PS Series hard case\" width=\"500\" height=\"500\" srcset=\"https:\/\/mountlaser.com\/wp-content\/uploads\/2025\/12\/HC-PS01RD5.webp 1000w, https:\/\/mountlaser.com\/wp-content\/uploads\/2025\/12\/HC-PS01RD5-300x300.webp 300w, https:\/\/mountlaser.com\/wp-content\/uploads\/2025\/12\/HC-PS01RD5-150x150.webp 150w, https:\/\/mountlaser.com\/wp-content\/uploads\/2025\/12\/HC-PS01RD5-768x768.webp 768w, https:\/\/mountlaser.com\/wp-content\/uploads\/2025\/12\/HC-PS01RD5-12x12.webp 12w, https:\/\/mountlaser.com\/wp-content\/uploads\/2025\/12\/HC-PS01RD5-600x600.webp 600w, https:\/\/mountlaser.com\/wp-content\/uploads\/2025\/12\/HC-PS01RD5-800x800.webp 800w, https:\/\/mountlaser.com\/wp-content\/uploads\/2025\/12\/HC-PS01RD5-400x400.webp 400w\" sizes=\"(max-width: 500px) 100vw, 500px\" \/><\/td>\n<\/tr>\n<tr style=\"height: 14.25pt;\">\n<td class=\"et4\" style=\"height: 14.25pt;\" height=\"19\">HC-PS01YL<\/td>\n<td class=\"et7\">\u017b\u00f3\u0142ty<\/td>\n<td class=\"et6\"><img decoding=\"async\" class=\"alignnone wp-image-5686\" src=\"https:\/\/mountlaser.com\/wp-content\/uploads\/2025\/12\/HC-PS01YL6.webp\" alt=\"HC-PS Series hard case\" width=\"500\" height=\"500\" srcset=\"https:\/\/mountlaser.com\/wp-content\/uploads\/2025\/12\/HC-PS01YL6.webp 1000w, https:\/\/mountlaser.com\/wp-content\/uploads\/2025\/12\/HC-PS01YL6-300x300.webp 300w, https:\/\/mountlaser.com\/wp-content\/uploads\/2025\/12\/HC-PS01YL6-150x150.webp 150w, https:\/\/mountlaser.com\/wp-content\/uploads\/2025\/12\/HC-PS01YL6-768x768.webp 768w, https:\/\/mountlaser.com\/wp-content\/uploads\/2025\/12\/HC-PS01YL6-12x12.webp 12w, https:\/\/mountlaser.com\/wp-content\/uploads\/2025\/12\/HC-PS01YL6-600x600.webp 600w, https:\/\/mountlaser.com\/wp-content\/uploads\/2025\/12\/HC-PS01YL6-800x800.webp 800w, https:\/\/mountlaser.com\/wp-content\/uploads\/2025\/12\/HC-PS01YL6-400x400.webp 400w\" sizes=\"(max-width: 500px) 100vw, 500px\" \/><\/td>\n<\/tr>\n<tr style=\"height: 14.25pt;\">\n<td class=\"et4\" style=\"height: 14.25pt;\" height=\"19\">HC-PS02RD<\/td>\n<td class=\"et5\">Czerwony<\/td>\n<td class=\"et6\"><img decoding=\"async\" class=\"alignnone wp-image-5693\" src=\"https:\/\/mountlaser.com\/wp-content\/uploads\/2025\/12\/HC-PS026.webp\" alt=\"HC-PS Series hard case\" width=\"500\" height=\"500\" srcset=\"https:\/\/mountlaser.com\/wp-content\/uploads\/2025\/12\/HC-PS026.webp 1000w, https:\/\/mountlaser.com\/wp-content\/uploads\/2025\/12\/HC-PS026-300x300.webp 300w, https:\/\/mountlaser.com\/wp-content\/uploads\/2025\/12\/HC-PS026-150x150.webp 150w, https:\/\/mountlaser.com\/wp-content\/uploads\/2025\/12\/HC-PS026-768x768.webp 768w, https:\/\/mountlaser.com\/wp-content\/uploads\/2025\/12\/HC-PS026-12x12.webp 12w, https:\/\/mountlaser.com\/wp-content\/uploads\/2025\/12\/HC-PS026-600x600.webp 600w, https:\/\/mountlaser.com\/wp-content\/uploads\/2025\/12\/HC-PS026-800x800.webp 800w, https:\/\/mountlaser.com\/wp-content\/uploads\/2025\/12\/HC-PS026-400x400.webp 400w\" sizes=\"(max-width: 500px) 100vw, 500px\" \/><\/td>\n<\/tr>\n<tr style=\"height: 14.25pt;\">\n<td class=\"et4\" style=\"height: 14.25pt;\" height=\"19\">HC-PS03RD<\/td>\n<td class=\"et5\">Czerwony<\/td>\n<td class=\"et6\"><img loading=\"lazy\" decoding=\"async\" class=\"alignnone wp-image-5700\" src=\"https:\/\/mountlaser.com\/wp-content\/uploads\/2025\/12\/HC-PS036.webp\" alt=\"HC-PS Series hard case\" width=\"500\" height=\"500\" srcset=\"https:\/\/mountlaser.com\/wp-content\/uploads\/2025\/12\/HC-PS036.webp 1000w, https:\/\/mountlaser.com\/wp-content\/uploads\/2025\/12\/HC-PS036-300x300.webp 300w, https:\/\/mountlaser.com\/wp-content\/uploads\/2025\/12\/HC-PS036-150x150.webp 150w, https:\/\/mountlaser.com\/wp-content\/uploads\/2025\/12\/HC-PS036-768x768.webp 768w, https:\/\/mountlaser.com\/wp-content\/uploads\/2025\/12\/HC-PS036-12x12.webp 12w, https:\/\/mountlaser.com\/wp-content\/uploads\/2025\/12\/HC-PS036-600x600.webp 600w, https:\/\/mountlaser.com\/wp-content\/uploads\/2025\/12\/HC-PS036-800x800.webp 800w, https:\/\/mountlaser.com\/wp-content\/uploads\/2025\/12\/HC-PS036-400x400.webp 400w\" sizes=\"(max-width: 500px) 100vw, 500px\" \/><\/td>\n<\/tr>\n<\/tbody>\n<\/table>\n<\/div>","protected":false},"excerpt":{"rendered":"<ul>\n<li>Chroni zestawy pryzmat\u00f3w przed uderzeniami, kurzem i wilgoci\u0105<\/li>\n<li>Wewn\u0119trzne formowane przegr\u00f3dki umo\u017cliwiaj\u0105ce bezpieczne rozmieszczenie komponent\u00f3w<\/li>\n<li>Dost\u0119pne w konfiguracjach pojedynczych i podw\u00f3jnych, dostosowanych do r\u00f3\u017cnych potrzeb magazynowych<\/li>\n<li>Opcje kolorystyczne u\u0142atwiaj\u0105ce identyfikacj\u0119 w terenie<\/li>\n<\/ul>","protected":false},"featured_media":5674,"comment_status":"open","ping_status":"closed","template":"","meta":[],"product_brand":[],"product_cat":[163,79],"product_tag":[],"class_list":{"0":"post-5673","1":"product","2":"type-product","3":"status-publish","4":"has-post-thumbnail","6":"product_cat-hard-case","7":"product_cat-surveying-accessory","9":"first","10":"instock","11":"shipping-taxable","12":"product-type-simple"},"_links":{"self":[{"href":"https:\/\/mountlaser.com\/pl\/wp-json\/wp\/v2\/product\/5673","targetHints":{"allow":["GET"]}}],"collection":[{"href":"https:\/\/mountlaser.com\/pl\/wp-json\/wp\/v2\/product"}],"about":[{"href":"https:\/\/mountlaser.com\/pl\/wp-json\/wp\/v2\/types\/product"}],"replies":[{"embeddable":true,"href":"https:\/\/mountlaser.com\/pl\/wp-json\/wp\/v2\/comments?post=5673"}],"wp:featuredmedia":[{"embeddable":true,"href":"https:\/\/mountlaser.com\/pl\/wp-json\/wp\/v2\/media\/5674"}],"wp:attachment":[{"href":"https:\/\/mountlaser.com\/pl\/wp-json\/wp\/v2\/media?parent=5673"}],"wp:term":[{"taxonomy":"product_brand","embeddable":true,"href":"https:\/\/mountlaser.com\/pl\/wp-json\/wp\/v2\/product_brand?post=5673"},{"taxonomy":"product_cat","embeddable":true,"href":"https:\/\/mountlaser.com\/pl\/wp-json\/wp\/v2\/product_cat?post=5673"},{"taxonomy":"product_tag","embeddable":true,"href":"https:\/\/mountlaser.com\/pl\/wp-json\/wp\/v2\/product_tag?post=5673"}],"curies":[{"name":"wp","href":"https:\/\/api.w.org\/{rel}","templated":true}]}}